{"id":954,"date":"2013-12-10T19:54:27","date_gmt":"2013-12-10T22:54:27","guid":{"rendered":"https:\/\/www.facet.unt.edu.ar\/ingcomputacion\/?page_id=954"},"modified":"2014-04-08T23:53:20","modified_gmt":"2014-04-09T02:53:20","slug":"laboratorio-de-redes","status":"publish","type":"page","link":"https:\/\/www.facet.unt.edu.ar\/ingcomputacion\/laboratorios\/laboratorio-de-redes\/","title":{"rendered":"Lab. de Redes"},"content":{"rendered":"<h1><b>Laboratorio de Redes de Computadoras<\/b><\/h1>\n<div id=\"metaslider-id-1426\" style=\"width: 100%; margin: 0 auto;\" class=\"ml-slider-3-27-5 metaslider metaslider-flex metaslider-1426 ml-slider\">\n    <div id=\"metaslider_container_1426\">\n        <div id=\"metaslider_1426\" class=\"flexslider\">\n            <ul aria-live=\"polite\" class=\"slides\">\n                <li style=\"display: none; width: 100%;\" class=\"slide-2105 ms-image\"><img src=\"https:\/\/www.facet.unt.edu.ar\/ingcomputacion\/wp-content\/uploads\/sites\/10\/2022\/11\/WhatsApp-Image-2022-11-05-at-11.02.52-AM-1.jpeg\" height=\"200\" width=\"360\" alt=\"\" class=\"slider-1426 slide-2105\" title=\"WhatsApp Image 2022-11-05 at 11.02.52 AM\" \/><\/li>\n                <li style=\"display: none; width: 100%;\" class=\"slide-2042 ms-image\"><img src=\"https:\/\/www.facet.unt.edu.ar\/ingcomputacion\/wp-content\/uploads\/sites\/10\/2022\/11\/WhatsApp-Image-2022-11-03-at-11.42.42-AM-1.jpeg\" height=\"200\" width=\"360\" alt=\"\" class=\"slider-1426 slide-2042\" title=\"WhatsApp Image 2022-11-03 at 11.42.42 AM (1)\" \/><\/li>\n                <li style=\"display: none; width: 100%;\" class=\"slide-2043 ms-image\"><img src=\"https:\/\/www.facet.unt.edu.ar\/ingcomputacion\/wp-content\/uploads\/sites\/10\/2022\/11\/WhatsApp-Image-2022-11-03-at-11.42.42-AM-2.jpeg\" height=\"200\" width=\"360\" alt=\"\" class=\"slider-1426 slide-2043\" title=\"WhatsApp Image 2022-11-03 at 11.42.42 AM (2)\" \/><\/li>\n                <li style=\"display: none; width: 100%;\" class=\"slide-2048 ms-image\"><img src=\"https:\/\/www.facet.unt.edu.ar\/ingcomputacion\/wp-content\/uploads\/sites\/10\/2022\/11\/WhatsApp-Image-2022-11-03-at-11.42.43-AM.jpeg\" height=\"200\" width=\"360\" alt=\"\" class=\"slider-1426 slide-2048\" title=\"WhatsApp Image 2022-11-03 at 11.42.43 AM\" \/><\/li>\n                <li style=\"display: none; width: 100%;\" class=\"slide-2044 ms-image\"><img src=\"https:\/\/www.facet.unt.edu.ar\/ingcomputacion\/wp-content\/uploads\/sites\/10\/2022\/11\/WhatsApp-Image-2022-11-03-at-11.42.42-AM.jpeg\" height=\"200\" width=\"360\" alt=\"\" class=\"slider-1426 slide-2044\" title=\"WhatsApp Image 2022-11-03 at 11.42.42 AM\" \/><\/li>\n                <li style=\"display: none; width: 100%;\" class=\"slide-2045 ms-image\"><img src=\"https:\/\/www.facet.unt.edu.ar\/ingcomputacion\/wp-content\/uploads\/sites\/10\/2022\/11\/WhatsApp-Image-2022-11-03-at-11.42.43-AM-1.jpeg\" height=\"200\" width=\"360\" alt=\"\" class=\"slider-1426 slide-2045\" title=\"WhatsApp Image 2022-11-03 at 11.42.43 AM (1)\" \/><\/li>\n                <li style=\"display: none; width: 100%;\" class=\"slide-2046 ms-image\"><img src=\"https:\/\/www.facet.unt.edu.ar\/ingcomputacion\/wp-content\/uploads\/sites\/10\/2022\/11\/WhatsApp-Image-2022-11-03-at-11.42.43-AM-2.jpeg\" height=\"200\" width=\"360\" alt=\"\" class=\"slider-1426 slide-2046\" title=\"WhatsApp Image 2022-11-03 at 11.42.43 AM (2)\" \/><\/li>\n                <li style=\"display: none; width: 100%;\" class=\"slide-2047 ms-image\"><img src=\"https:\/\/www.facet.unt.edu.ar\/ingcomputacion\/wp-content\/uploads\/sites\/10\/2022\/11\/WhatsApp-Image-2022-11-03-at-11.42.43-AM-3.jpeg\" height=\"200\" width=\"360\" alt=\"\" class=\"slider-1426 slide-2047\" title=\"WhatsApp Image 2022-11-03 at 11.42.43 AM (3)\" \/><\/li>\n                <li style=\"display: none; width: 100%;\" class=\"slide-1468 ms-image\"><img src=\"https:\/\/www.facet.unt.edu.ar\/ingcomputacion\/wp-content\/uploads\/sites\/10\/2014\/04\/MVI_2285-360x200.jpg\" height=\"200\" width=\"360\" alt=\"\" class=\"slider-1426 slide-1468\" \/><\/li>\n                <li style=\"display: none; width: 100%;\" class=\"slide-1793 ms-image\"><img src=\"https:\/\/www.facet.unt.edu.ar\/ingcomputacion\/wp-content\/uploads\/sites\/10\/2018\/05\/Lab03.jpg\" height=\"200\" width=\"360\" alt=\"\" class=\"slider-1426 slide-1793\" title=\"Lab03\" \/><\/li>\n                <li style=\"display: none; width: 100%;\" class=\"slide-1790 ms-image\"><img src=\"https:\/\/www.facet.unt.edu.ar\/ingcomputacion\/wp-content\/uploads\/sites\/10\/2018\/05\/Lab05.jpg\" height=\"200\" width=\"360\" alt=\"\" class=\"slider-1426 slide-1790\" title=\"Lab05\" \/><\/li>\n                <li style=\"display: none; width: 100%;\" class=\"slide-1794 ms-image\"><img src=\"https:\/\/www.facet.unt.edu.ar\/ingcomputacion\/wp-content\/uploads\/sites\/10\/2018\/05\/Lab02.jpg\" height=\"200\" width=\"360\" alt=\"\" class=\"slider-1426 slide-1794\" title=\"Lab02\" \/><\/li>\n                <li style=\"display: none; width: 100%;\" class=\"slide-1483 ms-image\"><img src=\"https:\/\/www.facet.unt.edu.ar\/ingcomputacion\/wp-content\/uploads\/sites\/10\/2014\/04\/05-360x200.jpg\" height=\"200\" width=\"360\" alt=\"\" class=\"slider-1426 slide-1483\" \/><\/li>\n                <li style=\"display: none; width: 100%;\" class=\"slide-1791 ms-image\"><img src=\"https:\/\/www.facet.unt.edu.ar\/ingcomputacion\/wp-content\/uploads\/sites\/10\/2018\/05\/Lab04.jpg\" height=\"200\" width=\"360\" alt=\"\" class=\"slider-1426 slide-1791\" title=\"Lab04\" \/><\/li>\n            <\/ul>\n        <\/div>\n        \n    <\/div>\n<\/div>\n<h1><b style=\"font-size: 14px;line-height: 1.5em\">Responsable: <\/b><a style=\"font-size: 14px;line-height: 1.5em\" href=\"mailto:ssaade@herrera.unt.edu.ar\">Saade, Sergio Daniel<\/a><\/h1>\n<p><a href=\"https:\/\/www.facet.unt.edu.ar\/ingcomputacion\/equipamiento-principal-lab-de-redes\" target=\"_blank\">Equipamiento Principal<\/a><\/p>\n<p>Se imparten pr\u00e1cticas\u00a0 de laboratorio para asignaturas relacionadas con redes de computadoras, transmisi\u00f3n de datos y sistemas operativos de la carrera. Adem\u00e1s es utilizado por alumnos avanzados para la realizaci\u00f3n de trabajos de graduaci\u00f3n \u00a0en temas afines a las c\u00e1tedras de redes de computadoras.<\/p>\n<p>Parte del personal del laboratorio realiza trabajos de extensi\u00f3n universitaria como Auditor\u00eda de la Infraestructura de Comunicaciones y Red de datos, Seguridad Inform\u00e1tica, \u00a0An\u00e1lisis y Dise\u00f1os de Redes de Datos de Mediana y Alta Complejidad, Internet, etc.<\/p>\n<p>Entre los principales empresas e instituciones a las que se prestaron servicios se encuentran:<\/p>\n<ul>\n<li>Minera Alumbrera Ltd. (Catamarca &#8211; Argentina)<\/li>\n<li>Poder Judicial de la Provincia de Tucum\u00e1n<\/li>\n<li>Facultad de Ciencias Econ\u00f3micas (UNT)<\/li>\n<li>Gasnor SA<\/li>\n<\/ul>\n","protected":false},"excerpt":{"rendered":"<p>Laboratorio de Redes de Computadoras Responsable: Saade, Sergio Daniel Equipamiento Principal Se imparten pr\u00e1cticas\u00a0 de laboratorio para asignaturas relacionadas con redes de computadoras, transmisi\u00f3n de datos y sistemas operativos de la carrera. Adem\u00e1s es utilizado por alumnos avanzados para la realizaci\u00f3n de trabajos de graduaci\u00f3n \u00a0en temas afines a las c\u00e1tedras de redes de computadoras. [&hellip;]<\/p>\n","protected":false},"author":7,"featured_media":0,"parent":227,"menu_order":1,"comment_status":"closed","ping_status":"closed","template":"templates\/template-full-notitle.php","meta":[],"_links":{"self":[{"href":"https:\/\/www.facet.unt.edu.ar\/ingcomputacion\/wp-json\/wp\/v2\/pages\/954"}],"collection":[{"href":"https:\/\/www.facet.unt.edu.ar\/ingcomputacion\/wp-json\/wp\/v2\/pages"}],"about":[{"href":"https:\/\/www.facet.unt.edu.ar\/ingcomputacion\/wp-json\/wp\/v2\/types\/page"}],"author":[{"embeddable":true,"href":"https:\/\/www.facet.unt.edu.ar\/ingcomputacion\/wp-json\/wp\/v2\/users\/7"}],"replies":[{"embeddable":true,"href":"https:\/\/www.facet.unt.edu.ar\/ingcomputacion\/wp-json\/wp\/v2\/comments?post=954"}],"version-history":[{"count":14,"href":"https:\/\/www.facet.unt.edu.ar\/ingcomputacion\/wp-json\/wp\/v2\/pages\/954\/revisions"}],"predecessor-version":[{"id":1429,"href":"https:\/\/www.facet.unt.edu.ar\/ingcomputacion\/wp-json\/wp\/v2\/pages\/954\/revisions\/1429"}],"up":[{"embeddable":true,"href":"https:\/\/www.facet.unt.edu.ar\/ingcomputacion\/wp-json\/wp\/v2\/pages\/227"}],"wp:attachment":[{"href":"https:\/\/www.facet.unt.edu.ar\/ingcomputacion\/wp-json\/wp\/v2\/media?parent=954"}],"curies":[{"name":"wp","href":"https:\/\/api.w.org\/{rel}","templated":true}]}}