{"id":956,"date":"2013-12-10T19:55:02","date_gmt":"2013-12-10T22:55:02","guid":{"rendered":"https:\/\/www.facet.unt.edu.ar\/ingcomputacion\/?page_id=956"},"modified":"2018-05-16T11:42:51","modified_gmt":"2018-05-16T14:42:51","slug":"laboratorio-de-inteligencia-artificial","status":"publish","type":"page","link":"https:\/\/www.facet.unt.edu.ar\/ingcomputacion\/laboratorios\/laboratorio-de-inteligencia-artificial\/","title":{"rendered":"Lab. de Inteligencia Artificial"},"content":{"rendered":"<h1>Laboratorio de Inteligencia Artificial<\/h1>\n<div id=\"metaslider-id-1430\" style=\"width: 100%; margin: 0 auto;\" class=\"ml-slider-3-27-5 metaslider metaslider-flex metaslider-1430 ml-slider\">\n    <div id=\"metaslider_container_1430\">\n        <div id=\"metaslider_1430\" class=\"flexslider\">\n            <ul aria-live=\"polite\" class=\"slides\">\n                <li style=\"display: none; width: 100%;\" class=\"slide-2101 ms-image\"><img src=\"https:\/\/www.facet.unt.edu.ar\/ingcomputacion\/wp-content\/uploads\/sites\/10\/2022\/11\/WhatsApp-Image-2022-11-05-at-12.38.05-PM.jpeg\" height=\"200\" width=\"360\" alt=\"\" class=\"slider-1430 slide-2101\" title=\"WhatsApp Image 2022-11-05 at 12.38.05 PM\" \/><\/li>\n                <li style=\"display: none; width: 100%;\" class=\"slide-2100 ms-image\"><img src=\"https:\/\/www.facet.unt.edu.ar\/ingcomputacion\/wp-content\/uploads\/sites\/10\/2022\/11\/WhatsApp-Image-2022-11-05-at-12.38.05-PM-1.jpeg\" height=\"200\" width=\"360\" alt=\"\" class=\"slider-1430 slide-2100\" title=\"WhatsApp Image 2022-11-05 at 12.38.05 PM (1)\" \/><\/li>\n                <li style=\"display: none; width: 100%;\" class=\"slide-2103 ms-image\"><img src=\"https:\/\/www.facet.unt.edu.ar\/ingcomputacion\/wp-content\/uploads\/sites\/10\/2022\/11\/WhatsApp-Image-2022-11-10-at-7.47.48-PM.jpeg\" height=\"200\" width=\"360\" alt=\"\" class=\"slider-1430 slide-2103\" title=\"WhatsApp Image 2022-11-10 at 7.47.48 PM\" \/><\/li>\n                <li style=\"display: none; width: 100%;\" class=\"slide-2090 ms-image\"><img src=\"https:\/\/www.facet.unt.edu.ar\/ingcomputacion\/wp-content\/uploads\/sites\/10\/2022\/11\/WhatsApp-Image-2022-11-10-at-8.46.04-PM.jpeg\" height=\"200\" width=\"360\" alt=\"\" class=\"slider-1430 slide-2090\" title=\"WhatsApp Image 2022-11-10 at 8.46.04 PM\" \/><\/li>\n                <li style=\"display: none; width: 100%;\" class=\"slide-2092 ms-image\"><img src=\"https:\/\/www.facet.unt.edu.ar\/ingcomputacion\/wp-content\/uploads\/sites\/10\/2022\/11\/WhatsApp-Image-2022-11-10-at-8.46.08-PM.jpeg\" height=\"200\" width=\"360\" alt=\"\" class=\"slider-1430 slide-2092\" title=\"WhatsApp Image 2022-11-10 at 8.46.08 PM\" \/><\/li>\n                <li style=\"display: none; width: 100%;\" class=\"slide-1614 ms-image\"><img src=\"https:\/\/www.facet.unt.edu.ar\/ingcomputacion\/wp-content\/uploads\/sites\/10\/2014\/05\/073-360x200.jpg\" height=\"200\" width=\"360\" alt=\"\" class=\"slider-1430 slide-1614\" \/><\/li>\n                <li style=\"display: none; width: 100%;\" class=\"slide-2091 ms-image\"><img src=\"https:\/\/www.facet.unt.edu.ar\/ingcomputacion\/wp-content\/uploads\/sites\/10\/2022\/11\/WhatsApp-Image-2022-11-10-at-8.46.06-PM.jpeg\" height=\"200\" width=\"360\" alt=\"\" class=\"slider-1430 slide-2091\" title=\"WhatsApp Image 2022-11-10 at 8.46.06 PM\" \/><\/li>\n            <\/ul>\n        <\/div>\n        \n    <\/div>\n<\/div>\n<p><strong>Responsable<\/strong>: <a href=\"mailto:gjuarez@herrera.unt.edu.ar\">Juarez, Gustavo<\/a><\/p>\n<p><a href=\"https:\/\/www.facet.unt.edu.ar\/ingcomputacion\/equipamiento-principal-lab-inteligencia-artificial\" target=\"_blank\" rel=\"noopener\">Equipamiento Principal<\/a><\/p>\n<p>Se imparten pr\u00e1cticas de laboratorio para asignaturas de inteligencia Artificial y Modelos de Inteligencia Artificial de la carrera de Ing. en Computaci\u00f3n. Adem\u00e1s es utilizado por alumnos avanzados para la realizaci\u00f3n de trabajos de graduaci\u00f3n en temas afines a dicha \u00e1rea.<\/p>\n<p>Parte del personal del laboratorio realiza trabajos de investigaci\u00f3n en el \u00e1rea de Inteligencia Artificial.<\/p>\n<p>&nbsp;<\/p>\n","protected":false},"excerpt":{"rendered":"<p>Laboratorio de Inteligencia Artificial Responsable: Juarez, Gustavo Equipamiento Principal Se imparten pr\u00e1cticas de laboratorio para asignaturas de inteligencia Artificial y Modelos de Inteligencia Artificial de la carrera de Ing. en Computaci\u00f3n. Adem\u00e1s es utilizado por alumnos avanzados para la realizaci\u00f3n de trabajos de graduaci\u00f3n en temas afines a dicha \u00e1rea. Parte del personal del laboratorio [&hellip;]<\/p>\n","protected":false},"author":7,"featured_media":0,"parent":227,"menu_order":2,"comment_status":"closed","ping_status":"closed","template":"templates\/template-full-notitle.php","meta":[],"_links":{"self":[{"href":"https:\/\/www.facet.unt.edu.ar\/ingcomputacion\/wp-json\/wp\/v2\/pages\/956"}],"collection":[{"href":"https:\/\/www.facet.unt.edu.ar\/ingcomputacion\/wp-json\/wp\/v2\/pages"}],"about":[{"href":"https:\/\/www.facet.unt.edu.ar\/ingcomputacion\/wp-json\/wp\/v2\/types\/page"}],"author":[{"embeddable":true,"href":"https:\/\/www.facet.unt.edu.ar\/ingcomputacion\/wp-json\/wp\/v2\/users\/7"}],"replies":[{"embeddable":true,"href":"https:\/\/www.facet.unt.edu.ar\/ingcomputacion\/wp-json\/wp\/v2\/comments?post=956"}],"version-history":[{"count":11,"href":"https:\/\/www.facet.unt.edu.ar\/ingcomputacion\/wp-json\/wp\/v2\/pages\/956\/revisions"}],"predecessor-version":[{"id":1797,"href":"https:\/\/www.facet.unt.edu.ar\/ingcomputacion\/wp-json\/wp\/v2\/pages\/956\/revisions\/1797"}],"up":[{"embeddable":true,"href":"https:\/\/www.facet.unt.edu.ar\/ingcomputacion\/wp-json\/wp\/v2\/pages\/227"}],"wp:attachment":[{"href":"https:\/\/www.facet.unt.edu.ar\/ingcomputacion\/wp-json\/wp\/v2\/media?parent=956"}],"curies":[{"name":"wp","href":"https:\/\/api.w.org\/{rel}","templated":true}]}}