{"id":958,"date":"2013-12-10T19:56:26","date_gmt":"2013-12-10T22:56:26","guid":{"rendered":"https:\/\/www.facet.unt.edu.ar\/ingcomputacion\/?page_id=958"},"modified":"2014-04-08T23:57:42","modified_gmt":"2014-04-09T02:57:42","slug":"laboratorio-de-tecnicas-digitales","status":"publish","type":"page","link":"https:\/\/www.facet.unt.edu.ar\/ingcomputacion\/laboratorios\/laboratorio-de-tecnicas-digitales\/","title":{"rendered":"Lab. de T\u00e9cnicas Digitales"},"content":{"rendered":"<h1>Laboratorio de T\u00e9cnicas Digitales<\/h1>\n<div id=\"metaslider-id-1431\" style=\"width: 100%; margin: 0 auto;\" class=\"ml-slider-3-27-5 metaslider metaslider-flex metaslider-1431 ml-slider\">\n    <div id=\"metaslider_container_1431\">\n        <div id=\"metaslider_1431\" class=\"flexslider\">\n            <ul aria-live=\"polite\" class=\"slides\">\n                <li style=\"display: none; width: 100%;\" class=\"slide-1587 ms-image\"><img src=\"https:\/\/www.facet.unt.edu.ar\/ingcomputacion\/wp-content\/uploads\/sites\/10\/2014\/05\/022-360x200.jpg\" height=\"200\" width=\"360\" alt=\"\" class=\"slider-1431 slide-1587\" \/><\/li>\n                <li style=\"display: none; width: 100%;\" class=\"slide-1588 ms-image\"><img src=\"https:\/\/www.facet.unt.edu.ar\/ingcomputacion\/wp-content\/uploads\/sites\/10\/2014\/05\/032-360x200.jpg\" height=\"200\" width=\"360\" alt=\"\" class=\"slider-1431 slide-1588\" \/><\/li>\n                <li style=\"display: none; width: 100%;\" class=\"slide-1589 ms-image\"><img src=\"https:\/\/www.facet.unt.edu.ar\/ingcomputacion\/wp-content\/uploads\/sites\/10\/2014\/05\/043-360x200.jpg\" height=\"200\" width=\"360\" alt=\"\" class=\"slider-1431 slide-1589\" \/><\/li>\n                <li style=\"display: none; width: 100%;\" class=\"slide-1590 ms-image\"><img src=\"https:\/\/www.facet.unt.edu.ar\/ingcomputacion\/wp-content\/uploads\/sites\/10\/2014\/05\/053-360x200.jpg\" height=\"200\" width=\"360\" alt=\"\" class=\"slider-1431 slide-1590\" \/><\/li>\n                <li style=\"display: none; width: 100%;\" class=\"slide-1591 ms-image\"><img src=\"https:\/\/www.facet.unt.edu.ar\/ingcomputacion\/wp-content\/uploads\/sites\/10\/2014\/05\/063-360x200.jpg\" height=\"200\" width=\"360\" alt=\"\" class=\"slider-1431 slide-1591\" \/><\/li>\n                <li style=\"display: none; width: 100%;\" class=\"slide-1592 ms-image\"><img src=\"https:\/\/www.facet.unt.edu.ar\/ingcomputacion\/wp-content\/uploads\/sites\/10\/2014\/05\/072-360x200.jpg\" height=\"200\" width=\"360\" alt=\"\" class=\"slider-1431 slide-1592\" \/><\/li>\n            <\/ul>\n        <\/div>\n        \n    <\/div>\n<\/div>\n<p><strong>Responsable<\/strong>: <a href=\"mailto:gsavino@herrera.unt.edu.ar\">Savino, Guillermo Vicente<\/a><\/p>\n<p><a href=\"https:\/\/www.facet.unt.edu.ar\/ingcomputacion\/equipamiento-principal-lab-de-tec-dig\" target=\"_blank\">Equipamiento Principal<\/a><\/p>\n<p>Se imparten pr\u00e1cticas de laboratorio para asignaturas relacionadas con Sistemas Electr\u00f3nicos Digitales, Sistemas Din\u00e1micos No Lineales y Sistemas Embebidos para las carreras de Ing. Electr\u00f3nica, Computaci\u00f3n y Biom\u00e9dica. Adem\u00e1s es utilizado por alumnos avanzados para la realizaci\u00f3n de trabajos de graduaci\u00f3n en temas afines a las c\u00e1tedras de Electr\u00f3nica Digital y Dise\u00f1o L\u00f3gico.<\/p>\n<p>Parte del personal del laboratorio realiza trabajos de investigaci\u00f3n y desarrollo.<\/p>\n<p>&nbsp;<\/p>\n","protected":false},"excerpt":{"rendered":"<p>Laboratorio de T\u00e9cnicas Digitales Responsable: Savino, Guillermo Vicente Equipamiento Principal Se imparten pr\u00e1cticas de laboratorio para asignaturas relacionadas con Sistemas Electr\u00f3nicos Digitales, Sistemas Din\u00e1micos No Lineales y Sistemas Embebidos para las carreras de Ing. Electr\u00f3nica, Computaci\u00f3n y Biom\u00e9dica. Adem\u00e1s es utilizado por alumnos avanzados para la realizaci\u00f3n de trabajos de graduaci\u00f3n en temas afines a [&hellip;]<\/p>\n","protected":false},"author":7,"featured_media":0,"parent":227,"menu_order":3,"comment_status":"closed","ping_status":"closed","template":"templates\/template-full-notitle.php","meta":[],"_links":{"self":[{"href":"https:\/\/www.facet.unt.edu.ar\/ingcomputacion\/wp-json\/wp\/v2\/pages\/958"}],"collection":[{"href":"https:\/\/www.facet.unt.edu.ar\/ingcomputacion\/wp-json\/wp\/v2\/pages"}],"about":[{"href":"https:\/\/www.facet.unt.edu.ar\/ingcomputacion\/wp-json\/wp\/v2\/types\/page"}],"author":[{"embeddable":true,"href":"https:\/\/www.facet.unt.edu.ar\/ingcomputacion\/wp-json\/wp\/v2\/users\/7"}],"replies":[{"embeddable":true,"href":"https:\/\/www.facet.unt.edu.ar\/ingcomputacion\/wp-json\/wp\/v2\/comments?post=958"}],"version-history":[{"count":10,"href":"https:\/\/www.facet.unt.edu.ar\/ingcomputacion\/wp-json\/wp\/v2\/pages\/958\/revisions"}],"predecessor-version":[{"id":1436,"href":"https:\/\/www.facet.unt.edu.ar\/ingcomputacion\/wp-json\/wp\/v2\/pages\/958\/revisions\/1436"}],"up":[{"embeddable":true,"href":"https:\/\/www.facet.unt.edu.ar\/ingcomputacion\/wp-json\/wp\/v2\/pages\/227"}],"wp:attachment":[{"href":"https:\/\/www.facet.unt.edu.ar\/ingcomputacion\/wp-json\/wp\/v2\/media?parent=958"}],"curies":[{"name":"wp","href":"https:\/\/api.w.org\/{rel}","templated":true}]}}