{"id":960,"date":"2013-12-10T19:57:25","date_gmt":"2013-12-10T22:57:25","guid":{"rendered":"https:\/\/www.facet.unt.edu.ar\/ingcomputacion\/?page_id=960"},"modified":"2022-11-12T12:22:24","modified_gmt":"2022-11-12T15:22:24","slug":"laboratorio-de-procesamiento-digital-de-la-informacion","status":"publish","type":"page","link":"https:\/\/www.facet.unt.edu.ar\/ingcomputacion\/laboratorios\/laboratorio-de-procesamiento-digital-de-la-informacion\/","title":{"rendered":"Lab. de Procesamiento Digital de la Informaci\u00f3n"},"content":{"rendered":"<h1>Laboratorio de Procesamiento Digital de Informaci\u00f3n<\/h1>\n<div id=\"metaslider-id-1425\" style=\"width: 100%; margin: 0 auto;\" class=\"ml-slider-3-27-5 metaslider metaslider-flex metaslider-1425 ml-slider\">\n    <div id=\"metaslider_container_1425\">\n        <div id=\"metaslider_1425\" class=\"flexslider\">\n            <ul aria-live=\"polite\" class=\"slides\">\n                <li style=\"display: none; width: 100%;\" class=\"slide-1585 ms-image\"><img src=\"https:\/\/www.facet.unt.edu.ar\/ingcomputacion\/wp-content\/uploads\/sites\/10\/2014\/05\/012-360x200.jpg\" height=\"200\" width=\"360\" alt=\"\" class=\"slider-1425 slide-1585\" \/><\/li>\n                <li style=\"display: none; width: 100%;\" class=\"slide-1581 ms-image\"><img src=\"https:\/\/www.facet.unt.edu.ar\/ingcomputacion\/wp-content\/uploads\/sites\/10\/2014\/05\/031-360x200.jpg\" height=\"200\" width=\"360\" alt=\"\" class=\"slider-1425 slide-1581\" \/><\/li>\n                <li style=\"display: none; width: 100%;\" class=\"slide-1584 ms-image\"><img src=\"https:\/\/www.facet.unt.edu.ar\/ingcomputacion\/wp-content\/uploads\/sites\/10\/2014\/05\/062-360x200.jpg\" height=\"200\" width=\"360\" alt=\"\" class=\"slider-1425 slide-1584\" \/><\/li>\n                <li style=\"display: none; width: 100%;\" class=\"slide-1580 ms-image\"><img src=\"https:\/\/www.facet.unt.edu.ar\/ingcomputacion\/wp-content\/uploads\/sites\/10\/2014\/05\/021-360x200.jpg\" height=\"200\" width=\"360\" alt=\"\" class=\"slider-1425 slide-1580\" \/><\/li>\n                <li style=\"display: none; width: 100%;\" class=\"slide-1582 ms-image\"><img src=\"https:\/\/www.facet.unt.edu.ar\/ingcomputacion\/wp-content\/uploads\/sites\/10\/2014\/05\/042-360x200.jpg\" height=\"200\" width=\"360\" alt=\"\" class=\"slider-1425 slide-1582\" \/><\/li>\n                <li style=\"display: none; width: 100%;\" class=\"slide-1004 ms-image\"><img src=\"https:\/\/www.facet.unt.edu.ar\/ingcomputacion\/wp-content\/uploads\/sites\/10\/2013\/12\/20131205_112623-360x200.jpg\" height=\"200\" width=\"360\" alt=\"\" class=\"slider-1425 slide-1004\" \/><\/li>\n                <li style=\"display: none; width: 100%;\" class=\"slide-1020 ms-image\"><img src=\"https:\/\/www.facet.unt.edu.ar\/ingcomputacion\/wp-content\/uploads\/sites\/10\/2013\/12\/20131205_112753-360x200.jpg\" height=\"200\" width=\"360\" alt=\"\" class=\"slider-1425 slide-1020\" \/><\/li>\n                <li style=\"display: none; width: 100%;\" class=\"slide-1583 ms-image\"><img src=\"https:\/\/www.facet.unt.edu.ar\/ingcomputacion\/wp-content\/uploads\/sites\/10\/2014\/05\/052-360x200.jpg\" height=\"200\" width=\"360\" alt=\"\" class=\"slider-1425 slide-1583\" \/><\/li>\n            <\/ul>\n        <\/div>\n        \n    <\/div>\n<\/div>\n<p><strong>Responsable<\/strong>: <strong>Perez, Jorge<\/strong><\/p>\n<p><a href=\"https:\/\/www.facet.unt.edu.ar\/ingcomputacion\/equipamiento-principal-lab-proc-dig-de-la-inf\" target=\"_blank\" rel=\"noopener\">Equipamiento Principal<\/a><\/p>\n<p>Se imparten pr\u00e1cticas de laboratorio para asignaturas relacionadas el procesamiento digital de se\u00f1ales para las carreras de Ing. Electr\u00f3nica, Ing. en Computaci\u00f3n, Ing. Biom\u00e9dica e Ing. Electricista. Adem\u00e1s es utilizado por alumnos avanzados para la realizaci\u00f3n de trabajos de graduaci\u00f3n en temas afines a las c\u00e1tedras de redes de computadoras.<\/p>\n<p>Parte del personal del laboratorio realiza trabajos de investigaci\u00f3n en el \u00e1rea.<\/p>\n<p><span style=\"line-height: 1.5em;\">En el \u00e1rea Docencia se desarrollan: Pr\u00e1cticas de Laboratorio de Software y Hardware en Procesamiento Digital de Se\u00f1ales. Realizaci\u00f3n de Proyectos Integradores de las Asignaturas Profesionales Electivas: Procesamiento Digital de Se\u00f1ales, Electr\u00f3nica para Procesamiento, Bases de Procesamiento Digital de Se\u00f1ales y Introducci\u00f3n a Sistemas de Tiempo Discreto. Desarrollos de Software y Hardware aplicado a Trabajos de Graduaci\u00f3n de las Carreras de Grado.<\/span><\/p>\n<p>En el \u00e1rea investigaci\u00f3n y postgrado se desarrollan: Trabajos de investigaci\u00f3n y desarrollo, pr\u00e1cticas, ensayos y mediciones en el \u00e1rea Procesamiento Digital de Se\u00f1ales, en el marco del proyecto de investigaci\u00f3n, convenios y transferencias.<\/p>\n<p>En el Laboratorio se\u00a0dispone adem\u00e1s, de bancos de trabajo con protecci\u00f3n el\u00e9ctrica diferencial y 2 tableros con llaves termomagn\u00e9ticas y puesta a tierra independientes del tablero central del piso.<\/p>\n<p>&nbsp;<\/p>\n","protected":false},"excerpt":{"rendered":"<p>Laboratorio de Procesamiento Digital de Informaci\u00f3n Responsable: Perez, Jorge Equipamiento Principal Se imparten pr\u00e1cticas de laboratorio para asignaturas relacionadas el procesamiento digital de se\u00f1ales para las carreras de Ing. Electr\u00f3nica, Ing. en Computaci\u00f3n, Ing. Biom\u00e9dica e Ing. Electricista. Adem\u00e1s es utilizado por alumnos avanzados para la realizaci\u00f3n de trabajos de graduaci\u00f3n en temas afines a [&hellip;]<\/p>\n","protected":false},"author":7,"featured_media":0,"parent":227,"menu_order":4,"comment_status":"closed","ping_status":"closed","template":"templates\/template-full-notitle.php","meta":[],"_links":{"self":[{"href":"https:\/\/www.facet.unt.edu.ar\/ingcomputacion\/wp-json\/wp\/v2\/pages\/960"}],"collection":[{"href":"https:\/\/www.facet.unt.edu.ar\/ingcomputacion\/wp-json\/wp\/v2\/pages"}],"about":[{"href":"https:\/\/www.facet.unt.edu.ar\/ingcomputacion\/wp-json\/wp\/v2\/types\/page"}],"author":[{"embeddable":true,"href":"https:\/\/www.facet.unt.edu.ar\/ingcomputacion\/wp-json\/wp\/v2\/users\/7"}],"replies":[{"embeddable":true,"href":"https:\/\/www.facet.unt.edu.ar\/ingcomputacion\/wp-json\/wp\/v2\/comments?post=960"}],"version-history":[{"count":16,"href":"https:\/\/www.facet.unt.edu.ar\/ingcomputacion\/wp-json\/wp\/v2\/pages\/960\/revisions"}],"predecessor-version":[{"id":2111,"href":"https:\/\/www.facet.unt.edu.ar\/ingcomputacion\/wp-json\/wp\/v2\/pages\/960\/revisions\/2111"}],"up":[{"embeddable":true,"href":"https:\/\/www.facet.unt.edu.ar\/ingcomputacion\/wp-json\/wp\/v2\/pages\/227"}],"wp:attachment":[{"href":"https:\/\/www.facet.unt.edu.ar\/ingcomputacion\/wp-json\/wp\/v2\/media?parent=960"}],"curies":[{"name":"wp","href":"https:\/\/api.w.org\/{rel}","templated":true}]}}