{"id":962,"date":"2013-12-10T19:58:00","date_gmt":"2013-12-10T22:58:00","guid":{"rendered":"https:\/\/www.facet.unt.edu.ar\/ingcomputacion\/?page_id=962"},"modified":"2022-11-05T11:22:07","modified_gmt":"2022-11-05T14:22:07","slug":"laboratorio-de-microprocesadores","status":"publish","type":"page","link":"https:\/\/www.facet.unt.edu.ar\/ingcomputacion\/laboratorios\/laboratorio-de-microprocesadores\/","title":{"rendered":"Lab. de Microprocesadores"},"content":{"rendered":"<h1>Laboratorio de Microprocesadores<\/h1>\n<div id=\"metaslider-id-1420\" style=\"width: 100%; margin: 0 auto;\" class=\"ml-slider-3-27-5 metaslider metaslider-flex metaslider-1420 ml-slider\">\n    <div id=\"metaslider_container_1420\">\n        <div id=\"metaslider_1420\" class=\"flexslider\">\n            <ul aria-live=\"polite\" class=\"slides\">\n                <li style=\"display: none; width: 100%;\" class=\"slide-2050 ms-image\"><img src=\"https:\/\/www.facet.unt.edu.ar\/ingcomputacion\/wp-content\/uploads\/sites\/10\/2022\/11\/micro4.jpg\" height=\"200\" width=\"360\" alt=\"\" class=\"slider-1420 slide-2050\" title=\"micro4\" \/><\/li>\n                <li style=\"display: none; width: 100%;\" class=\"slide-2051 ms-image\"><img src=\"https:\/\/www.facet.unt.edu.ar\/ingcomputacion\/wp-content\/uploads\/sites\/10\/2022\/11\/abstract-texture-hd-4k-wallpaper-preview.jpg\" height=\"200\" width=\"360\" alt=\"\" class=\"slider-1420 slide-2051\" title=\"abstract-texture-hd-4k-wallpaper-preview\" \/><\/li>\n                <li style=\"display: none; width: 100%;\" class=\"slide-1573 ms-image\"><img src=\"https:\/\/www.facet.unt.edu.ar\/ingcomputacion\/wp-content\/uploads\/sites\/10\/2014\/05\/051-360x200.jpg\" height=\"200\" width=\"360\" alt=\"\" class=\"slider-1420 slide-1573\" \/><\/li>\n                <li style=\"display: none; width: 100%;\" class=\"slide-1379 ms-image\"><img src=\"https:\/\/www.facet.unt.edu.ar\/ingcomputacion\/wp-content\/uploads\/sites\/10\/2013\/12\/02-360x200.jpg\" height=\"200\" width=\"360\" alt=\"\" class=\"slider-1420 slide-1379\" \/><\/li>\n                <li style=\"display: none; width: 100%;\" class=\"slide-2052 ms-image\"><img src=\"https:\/\/www.facet.unt.edu.ar\/ingcomputacion\/wp-content\/uploads\/sites\/10\/2022\/11\/micro1.jpg\" height=\"200\" width=\"360\" alt=\"\" class=\"slider-1420 slide-2052\" title=\"micro1\" \/><\/li>\n                <li style=\"display: none; width: 100%;\" class=\"slide-1575 ms-image\"><img src=\"https:\/\/www.facet.unt.edu.ar\/ingcomputacion\/wp-content\/uploads\/sites\/10\/2014\/05\/071-360x200.jpg\" height=\"200\" width=\"360\" alt=\"\" class=\"slider-1420 slide-1575\" \/><\/li>\n                <li style=\"display: none; width: 100%;\" class=\"slide-1577 ms-image\"><img src=\"https:\/\/www.facet.unt.edu.ar\/ingcomputacion\/wp-content\/uploads\/sites\/10\/2014\/05\/091-360x200.jpg\" height=\"200\" width=\"360\" alt=\"\" class=\"slider-1420 slide-1577\" \/><\/li>\n            <\/ul>\n        <\/div>\n        \n    <\/div>\n<\/div>\n<p><strong>Responsable<\/strong>: <a href=\"mailto:evolentini@herrera.unt.eud.ar\">VOLENTINI, Esteban<\/a><\/p>\n<p><a href=\"https:\/\/www.facet.unt.edu.ar\/ingcomputacion\/equipamiento-principal-lab-de-microprocesadores\" target=\"_blank\" rel=\"noopener\">Equipamiento Principal<\/a><\/p>\n<p>Se imparten pr\u00e1cticas de laboratorio para asignaturas relacionadas con Sistemas Embebidos y Arquitectura de Computadoras. Es utilizado por alumnos avanzados para la realizaci\u00f3n de trabajos de graduaci\u00f3n en temas afines a los sistemas embebidos y microcontrolados.<\/p>\n<p>Parte del personal del laboratorio realiza trabajos de investigaci\u00f3n con convenios con otras facultades de la UNT y tambi\u00e9n con otras universidades del pa\u00eds.<\/p>\n<p>&nbsp;<\/p>\n","protected":false},"excerpt":{"rendered":"<p>Laboratorio de Microprocesadores Responsable: VOLENTINI, Esteban Equipamiento Principal Se imparten pr\u00e1cticas de laboratorio para asignaturas relacionadas con Sistemas Embebidos y Arquitectura de Computadoras. Es utilizado por alumnos avanzados para la realizaci\u00f3n de trabajos de graduaci\u00f3n en temas afines a los sistemas embebidos y microcontrolados. Parte del personal del laboratorio realiza trabajos de investigaci\u00f3n con convenios [&hellip;]<\/p>\n","protected":false},"author":7,"featured_media":0,"parent":227,"menu_order":5,"comment_status":"closed","ping_status":"closed","template":"templates\/template-full-notitle.php","meta":[],"_links":{"self":[{"href":"https:\/\/www.facet.unt.edu.ar\/ingcomputacion\/wp-json\/wp\/v2\/pages\/962"}],"collection":[{"href":"https:\/\/www.facet.unt.edu.ar\/ingcomputacion\/wp-json\/wp\/v2\/pages"}],"about":[{"href":"https:\/\/www.facet.unt.edu.ar\/ingcomputacion\/wp-json\/wp\/v2\/types\/page"}],"author":[{"embeddable":true,"href":"https:\/\/www.facet.unt.edu.ar\/ingcomputacion\/wp-json\/wp\/v2\/users\/7"}],"replies":[{"embeddable":true,"href":"https:\/\/www.facet.unt.edu.ar\/ingcomputacion\/wp-json\/wp\/v2\/comments?post=962"}],"version-history":[{"count":16,"href":"https:\/\/www.facet.unt.edu.ar\/ingcomputacion\/wp-json\/wp\/v2\/pages\/962\/revisions"}],"predecessor-version":[{"id":2026,"href":"https:\/\/www.facet.unt.edu.ar\/ingcomputacion\/wp-json\/wp\/v2\/pages\/962\/revisions\/2026"}],"up":[{"embeddable":true,"href":"https:\/\/www.facet.unt.edu.ar\/ingcomputacion\/wp-json\/wp\/v2\/pages\/227"}],"wp:attachment":[{"href":"https:\/\/www.facet.unt.edu.ar\/ingcomputacion\/wp-json\/wp\/v2\/media?parent=962"}],"curies":[{"name":"wp","href":"https:\/\/api.w.org\/{rel}","templated":true}]}}