{"id":964,"date":"2013-12-10T19:58:34","date_gmt":"2013-12-10T22:58:34","guid":{"rendered":"https:\/\/www.facet.unt.edu.ar\/ingcomputacion\/?page_id=964"},"modified":"2018-05-16T12:06:22","modified_gmt":"2018-05-16T15:06:22","slug":"gabinete-de-informatica-i","status":"publish","type":"page","link":"https:\/\/www.facet.unt.edu.ar\/ingcomputacion\/laboratorios\/gabinete-de-informatica-i\/","title":{"rendered":"Gab. de Computaci\u00f3n I"},"content":{"rendered":"<h1>Gabinete de Computaci\u00f3n I<\/h1>\n<div id=\"metaslider-id-1427\" style=\"width: 100%; margin: 0 auto;\" class=\"ml-slider-3-27-5 metaslider metaslider-flex metaslider-1427 ml-slider\">\n    <div id=\"metaslider_container_1427\">\n        <div id=\"metaslider_1427\" class=\"flexslider\">\n            <ul aria-live=\"polite\" class=\"slides\">\n                <li style=\"display: none; width: 100%;\" class=\"slide-2065 ms-image\"><img src=\"https:\/\/www.facet.unt.edu.ar\/ingcomputacion\/wp-content\/uploads\/sites\/10\/2022\/11\/Screenshot_20221105-114402_Facebook.jpg\" height=\"200\" width=\"360\" alt=\"\" class=\"slider-1427 slide-2065\" title=\"Screenshot_20221105-114402_Facebook\" \/><\/li>\n                <li style=\"display: none; width: 100%;\" class=\"slide-2064 ms-image\"><img src=\"https:\/\/www.facet.unt.edu.ar\/ingcomputacion\/wp-content\/uploads\/sites\/10\/2022\/11\/Screenshot_20221105-114319_Facebook.jpg\" height=\"200\" width=\"360\" alt=\"\" class=\"slider-1427 slide-2064\" title=\"Screenshot_20221105-114319_Facebook\" \/><\/li>\n                <li style=\"display: none; width: 100%;\" class=\"slide-2060 ms-image\"><img src=\"https:\/\/www.facet.unt.edu.ar\/ingcomputacion\/wp-content\/uploads\/sites\/10\/2022\/11\/Screenshot_20221105-114232_Facebook.jpg\" height=\"200\" width=\"360\" alt=\"\" class=\"slider-1427 slide-2060\" title=\"Screenshot_20221105-114232_Facebook\" \/><\/li>\n                <li style=\"display: none; width: 100%;\" class=\"slide-2061 ms-image\"><img src=\"https:\/\/www.facet.unt.edu.ar\/ingcomputacion\/wp-content\/uploads\/sites\/10\/2022\/11\/Screenshot_20221105-114250_Facebook.jpg\" height=\"200\" width=\"360\" alt=\"\" class=\"slider-1427 slide-2061\" title=\"Screenshot_20221105-114250_Facebook\" \/><\/li>\n                <li style=\"display: none; width: 100%;\" class=\"slide-2063 ms-image\"><img src=\"https:\/\/www.facet.unt.edu.ar\/ingcomputacion\/wp-content\/uploads\/sites\/10\/2022\/11\/Screenshot_20221105-114308_Facebook.jpg\" height=\"200\" width=\"360\" alt=\"\" class=\"slider-1427 slide-2063\" title=\"Screenshot_20221105-114308_Facebook\" \/><\/li>\n                <li style=\"display: none; width: 100%;\" class=\"slide-2066 ms-image\"><img src=\"https:\/\/www.facet.unt.edu.ar\/ingcomputacion\/wp-content\/uploads\/sites\/10\/2022\/11\/Screenshot_20221105-114407_Facebook.jpg\" height=\"200\" width=\"360\" alt=\"\" class=\"slider-1427 slide-2066\" title=\"Screenshot_20221105-114407_Facebook\" \/><\/li>\n                <li style=\"display: none; width: 100%;\" class=\"slide-2062 ms-image\"><img src=\"https:\/\/www.facet.unt.edu.ar\/ingcomputacion\/wp-content\/uploads\/sites\/10\/2022\/11\/Screenshot_20221105-114255_Facebook.jpg\" height=\"200\" width=\"360\" alt=\"\" class=\"slider-1427 slide-2062\" title=\"Screenshot_20221105-114255_Facebook\" \/><\/li>\n            <\/ul>\n        <\/div>\n        \n    <\/div>\n<\/div>\n<p><strong>Responsable<\/strong>: <a href=\"mailto:mferguzman@herrera.unt.edu.ar\">Guzm\u00e1n, Mar\u00eda Fernanda<\/a><\/p>\n<p><a href=\"https:\/\/www.facet.unt.edu.ar\/ingcomputacion\/equipamiento-principal-gab-de-informatica-i\" target=\"_blank\" rel=\"noopener\">Equipamiento Principal<\/a><\/p>\n<p>Se imparten pr\u00e1cticas de laboratorio para asignaturas relacionadas con Inform\u00e1tica y Programaci\u00f3n de las Carreras de Ing. en Computaci\u00f3n, Ing. Electr\u00f3nica, Ing. Electricista e Ing. Biom\u00e9dica.<\/p>\n<p>Tambi\u00e9n se imparten pr\u00e1cticas de cursos del ciclo superior de Ing. en Computaci\u00f3n tales como Bases de Datos, Ing. de Software, etc.<\/p>\n<p>En este laboratorio tambi\u00e9n se imparten Seminarios y Cursos de Extensi\u00f3n Universitaria.<\/p>\n<h2><\/h2>\n<p>&nbsp;<\/p>\n","protected":false},"excerpt":{"rendered":"<p>Gabinete de Computaci\u00f3n I Responsable: Guzm\u00e1n, Mar\u00eda Fernanda Equipamiento Principal Se imparten pr\u00e1cticas de laboratorio para asignaturas relacionadas con Inform\u00e1tica y Programaci\u00f3n de las Carreras de Ing. en Computaci\u00f3n, Ing. Electr\u00f3nica, Ing. Electricista e Ing. Biom\u00e9dica. Tambi\u00e9n se imparten pr\u00e1cticas de cursos del ciclo superior de Ing. en Computaci\u00f3n tales como Bases de Datos, Ing. [&hellip;]<\/p>\n","protected":false},"author":7,"featured_media":0,"parent":227,"menu_order":6,"comment_status":"closed","ping_status":"closed","template":"templates\/template-full-notitle.php","meta":[],"_links":{"self":[{"href":"https:\/\/www.facet.unt.edu.ar\/ingcomputacion\/wp-json\/wp\/v2\/pages\/964"}],"collection":[{"href":"https:\/\/www.facet.unt.edu.ar\/ingcomputacion\/wp-json\/wp\/v2\/pages"}],"about":[{"href":"https:\/\/www.facet.unt.edu.ar\/ingcomputacion\/wp-json\/wp\/v2\/types\/page"}],"author":[{"embeddable":true,"href":"https:\/\/www.facet.unt.edu.ar\/ingcomputacion\/wp-json\/wp\/v2\/users\/7"}],"replies":[{"embeddable":true,"href":"https:\/\/www.facet.unt.edu.ar\/ingcomputacion\/wp-json\/wp\/v2\/comments?post=964"}],"version-history":[{"count":11,"href":"https:\/\/www.facet.unt.edu.ar\/ingcomputacion\/wp-json\/wp\/v2\/pages\/964\/revisions"}],"predecessor-version":[{"id":1806,"href":"https:\/\/www.facet.unt.edu.ar\/ingcomputacion\/wp-json\/wp\/v2\/pages\/964\/revisions\/1806"}],"up":[{"embeddable":true,"href":"https:\/\/www.facet.unt.edu.ar\/ingcomputacion\/wp-json\/wp\/v2\/pages\/227"}],"wp:attachment":[{"href":"https:\/\/www.facet.unt.edu.ar\/ingcomputacion\/wp-json\/wp\/v2\/media?parent=964"}],"curies":[{"name":"wp","href":"https:\/\/api.w.org\/{rel}","templated":true}]}}