{"id":966,"date":"2013-12-10T19:59:08","date_gmt":"2013-12-10T22:59:08","guid":{"rendered":"https:\/\/www.facet.unt.edu.ar\/ingcomputacion\/?page_id=966"},"modified":"2018-05-16T12:11:59","modified_gmt":"2018-05-16T15:11:59","slug":"gabinete-de-informatica-ii","status":"publish","type":"page","link":"https:\/\/www.facet.unt.edu.ar\/ingcomputacion\/laboratorios\/gabinete-de-informatica-ii\/","title":{"rendered":"Laboratorio de Software"},"content":{"rendered":"<h1>Laboratorio de Software<\/h1>\n<div id=\"metaslider-id-1432\" style=\"width: 100%; margin: 0 auto;\" class=\"ml-slider-3-27-5 metaslider metaslider-flex metaslider-1432 ml-slider\">\n    <div id=\"metaslider_container_1432\">\n        <div id=\"metaslider_1432\" class=\"flexslider\">\n            <ul aria-live=\"polite\" class=\"slides\">\n                <li style=\"display: none; width: 100%;\" class=\"slide-1594 ms-image\"><img src=\"https:\/\/www.facet.unt.edu.ar\/ingcomputacion\/wp-content\/uploads\/sites\/10\/2014\/05\/014-360x200.jpg\" height=\"200\" width=\"360\" alt=\"\" class=\"slider-1432 slide-1594\" \/><\/li>\n                <li style=\"display: none; width: 100%;\" class=\"slide-1595 ms-image\"><img src=\"https:\/\/www.facet.unt.edu.ar\/ingcomputacion\/wp-content\/uploads\/sites\/10\/2014\/05\/023-360x200.jpg\" height=\"200\" width=\"360\" alt=\"\" class=\"slider-1432 slide-1595\" \/><\/li>\n                <li style=\"display: none; width: 100%;\" class=\"slide-1596 ms-image\"><img src=\"https:\/\/www.facet.unt.edu.ar\/ingcomputacion\/wp-content\/uploads\/sites\/10\/2014\/05\/033-360x200.jpg\" height=\"200\" width=\"360\" alt=\"\" class=\"slider-1432 slide-1596\" \/><\/li>\n                <li style=\"display: none; width: 100%;\" class=\"slide-1597 ms-image\"><img src=\"https:\/\/www.facet.unt.edu.ar\/ingcomputacion\/wp-content\/uploads\/sites\/10\/2014\/05\/044-360x200.jpg\" height=\"200\" width=\"360\" alt=\"\" class=\"slider-1432 slide-1597\" \/><\/li>\n                <li style=\"display: none; width: 100%;\" class=\"slide-1598 ms-image\"><img src=\"https:\/\/www.facet.unt.edu.ar\/ingcomputacion\/wp-content\/uploads\/sites\/10\/2014\/05\/054-360x200.jpg\" height=\"200\" width=\"360\" alt=\"\" class=\"slider-1432 slide-1598\" \/><\/li>\n                <li style=\"display: none; width: 100%;\" class=\"slide-1599 ms-image\"><img src=\"https:\/\/www.facet.unt.edu.ar\/ingcomputacion\/wp-content\/uploads\/sites\/10\/2014\/05\/064-360x200.jpg\" height=\"200\" width=\"360\" alt=\"\" class=\"slider-1432 slide-1599\" \/><\/li>\n            <\/ul>\n        <\/div>\n        \n    <\/div>\n<\/div>\n<p><strong>Responsable<\/strong>: <a href=\"mailto:modstrcil@herrera.unt.edu.ar\">Odstrcil, Maximiliano<\/a><\/p>\n<p><a href=\"https:\/\/www.facet.unt.edu.ar\/ingcomputacion\/equipamiento-principal-gab-de-informatica-ii\" target=\"_blank\" rel=\"noopener\">Equipamiento Principal<\/a><\/p>\n<p>Se imparten pr\u00e1cticas de laboratorio para asignaturas relacionadas con Inform\u00e1tica, Programaci\u00f3n y Estructuras de Datos de las Carreras de Ing. en Computaci\u00f3n, Ing. Electr\u00f3nica, Ing. Electricista e Ing. Biom\u00e9dica.<\/p>\n","protected":false},"excerpt":{"rendered":"<p>Laboratorio de Software Responsable: Odstrcil, Maximiliano Equipamiento Principal Se imparten pr\u00e1cticas de laboratorio para asignaturas relacionadas con Inform\u00e1tica, Programaci\u00f3n y Estructuras de Datos de las Carreras de Ing. en Computaci\u00f3n, Ing. Electr\u00f3nica, Ing. Electricista e Ing. Biom\u00e9dica.<\/p>\n","protected":false},"author":7,"featured_media":0,"parent":227,"menu_order":7,"comment_status":"closed","ping_status":"closed","template":"templates\/template-full-notitle.php","meta":[],"_links":{"self":[{"href":"https:\/\/www.facet.unt.edu.ar\/ingcomputacion\/wp-json\/wp\/v2\/pages\/966"}],"collection":[{"href":"https:\/\/www.facet.unt.edu.ar\/ingcomputacion\/wp-json\/wp\/v2\/pages"}],"about":[{"href":"https:\/\/www.facet.unt.edu.ar\/ingcomputacion\/wp-json\/wp\/v2\/types\/page"}],"author":[{"embeddable":true,"href":"https:\/\/www.facet.unt.edu.ar\/ingcomputacion\/wp-json\/wp\/v2\/users\/7"}],"replies":[{"embeddable":true,"href":"https:\/\/www.facet.unt.edu.ar\/ingcomputacion\/wp-json\/wp\/v2\/comments?post=966"}],"version-history":[{"count":10,"href":"https:\/\/www.facet.unt.edu.ar\/ingcomputacion\/wp-json\/wp\/v2\/pages\/966\/revisions"}],"predecessor-version":[{"id":1812,"href":"https:\/\/www.facet.unt.edu.ar\/ingcomputacion\/wp-json\/wp\/v2\/pages\/966\/revisions\/1812"}],"up":[{"embeddable":true,"href":"https:\/\/www.facet.unt.edu.ar\/ingcomputacion\/wp-json\/wp\/v2\/pages\/227"}],"wp:attachment":[{"href":"https:\/\/www.facet.unt.edu.ar\/ingcomputacion\/wp-json\/wp\/v2\/media?parent=966"}],"curies":[{"name":"wp","href":"https:\/\/api.w.org\/{rel}","templated":true}]}}