{"id":970,"date":"2013-12-10T20:00:47","date_gmt":"2013-12-10T23:00:47","guid":{"rendered":"https:\/\/www.facet.unt.edu.ar\/ingcomputacion\/?page_id=970"},"modified":"2014-04-09T00:00:43","modified_gmt":"2014-04-09T03:00:43","slug":"laboratorio-de-fisica","status":"publish","type":"page","link":"https:\/\/www.facet.unt.edu.ar\/ingcomputacion\/laboratorios\/laboratorio-de-fisica\/","title":{"rendered":"Lab. de Fisica"},"content":{"rendered":"<h1>Laboratorio de F\u00edsica<\/h1>\n<div id=\"metaslider-id-1424\" style=\"width: 100%; margin: 0 auto;\" class=\"ml-slider-3-27-5 metaslider metaslider-flex metaslider-1424 ml-slider\">\n    <div id=\"metaslider_container_1424\">\n        <div id=\"metaslider_1424\" class=\"flexslider\">\n            <ul aria-live=\"polite\" class=\"slides\">\n                <li style=\"display: none; width: 100%;\" class=\"slide-1024 ms-image\"><img src=\"https:\/\/www.facet.unt.edu.ar\/ingcomputacion\/wp-content\/uploads\/sites\/10\/2013\/12\/20131203_101454-360x200.jpg\" height=\"200\" width=\"360\" alt=\"\" class=\"slider-1424 slide-1024\" \/><\/li>\n                <li style=\"display: none; width: 100%;\" class=\"slide-1538 ms-image\"><img src=\"https:\/\/www.facet.unt.edu.ar\/ingcomputacion\/wp-content\/uploads\/sites\/10\/2014\/05\/20131203_101633-360x200.jpg\" height=\"200\" width=\"360\" alt=\"\" class=\"slider-1424 slide-1538\" \/><\/li>\n                <li style=\"display: none; width: 100%;\" class=\"slide-1025 ms-image\"><img src=\"https:\/\/www.facet.unt.edu.ar\/ingcomputacion\/wp-content\/uploads\/sites\/10\/2013\/12\/20131203_101817-360x200.jpg\" height=\"200\" width=\"360\" alt=\"\" class=\"slider-1424 slide-1025\" \/><\/li>\n                <li style=\"display: none; width: 100%;\" class=\"slide-1533 ms-image\"><img src=\"https:\/\/www.facet.unt.edu.ar\/ingcomputacion\/wp-content\/uploads\/sites\/10\/2014\/05\/011-360x200.jpg\" height=\"200\" width=\"360\" alt=\"\" class=\"slider-1424 slide-1533\" \/><\/li>\n                <li style=\"display: none; width: 100%;\" class=\"slide-1026 ms-image\"><img src=\"https:\/\/www.facet.unt.edu.ar\/ingcomputacion\/wp-content\/uploads\/sites\/10\/2013\/12\/20131203_102021-360x200.jpg\" height=\"200\" width=\"360\" alt=\"\" class=\"slider-1424 slide-1026\" \/><\/li>\n                <li style=\"display: none; width: 100%;\" class=\"slide-1534 ms-image\"><img src=\"https:\/\/www.facet.unt.edu.ar\/ingcomputacion\/wp-content\/uploads\/sites\/10\/2014\/05\/20131203_102126-360x200.jpg\" height=\"200\" width=\"360\" alt=\"\" class=\"slider-1424 slide-1534\" \/><\/li>\n                <li style=\"display: none; width: 100%;\" class=\"slide-1535 ms-image\"><img src=\"https:\/\/www.facet.unt.edu.ar\/ingcomputacion\/wp-content\/uploads\/sites\/10\/2014\/05\/20131203_102139-360x200.jpg\" height=\"200\" width=\"360\" alt=\"\" class=\"slider-1424 slide-1535\" \/><\/li>\n                <li style=\"display: none; width: 100%;\" class=\"slide-1536 ms-image\"><img src=\"https:\/\/www.facet.unt.edu.ar\/ingcomputacion\/wp-content\/uploads\/sites\/10\/2014\/05\/20131203_102227-360x200.jpg\" height=\"200\" width=\"360\" alt=\"\" class=\"slider-1424 slide-1536\" \/><\/li>\n                <li style=\"display: none; width: 100%;\" class=\"slide-1537 ms-image\"><img src=\"https:\/\/www.facet.unt.edu.ar\/ingcomputacion\/wp-content\/uploads\/sites\/10\/2014\/05\/20131203_102246-360x200.jpg\" height=\"200\" width=\"360\" alt=\"\" class=\"slider-1424 slide-1537\" \/><\/li>\n            <\/ul>\n        <\/div>\n        \n    <\/div>\n<\/div>\n<p><strong>Responsable<\/strong>: Pesa, Marta Azucena<\/p>\n<p><a href=\"https:\/\/www.facet.unt.edu.ar\/ingcomputacion\/equipamiento-principal-lab-de-fisica\" target=\"_blank\">Equipamiento Principal<\/a><\/p>\n<p>Organizados en grupos peque\u00f1os, los estudiantes realizan las pr\u00e1cticas siguiendo una metodolog\u00eda<br \/>\ncient\u00edfica (problema; hip\u00f3tesis; dise\u00f1o del sistema; toma, an\u00e1lisis y procesamiento de datos; c\u00e1lculo de<br \/>\nvalores acotados; comparaci\u00f3n con teor\u00eda; conclusiones).<\/p>\n","protected":false},"excerpt":{"rendered":"<p>Laboratorio de F\u00edsica Responsable: Pesa, Marta Azucena Equipamiento Principal Organizados en grupos peque\u00f1os, los estudiantes realizan las pr\u00e1cticas siguiendo una metodolog\u00eda cient\u00edfica (problema; hip\u00f3tesis; dise\u00f1o del sistema; toma, an\u00e1lisis y procesamiento de datos; c\u00e1lculo de valores acotados; comparaci\u00f3n con teor\u00eda; conclusiones).<\/p>\n","protected":false},"author":7,"featured_media":0,"parent":227,"menu_order":9,"comment_status":"closed","ping_status":"closed","template":"templates\/template-full-notitle.php","meta":[],"_links":{"self":[{"href":"https:\/\/www.facet.unt.edu.ar\/ingcomputacion\/wp-json\/wp\/v2\/pages\/970"}],"collection":[{"href":"https:\/\/www.facet.unt.edu.ar\/ingcomputacion\/wp-json\/wp\/v2\/pages"}],"about":[{"href":"https:\/\/www.facet.unt.edu.ar\/ingcomputacion\/wp-json\/wp\/v2\/types\/page"}],"author":[{"embeddable":true,"href":"https:\/\/www.facet.unt.edu.ar\/ingcomputacion\/wp-json\/wp\/v2\/users\/7"}],"replies":[{"embeddable":true,"href":"https:\/\/www.facet.unt.edu.ar\/ingcomputacion\/wp-json\/wp\/v2\/comments?post=970"}],"version-history":[{"count":11,"href":"https:\/\/www.facet.unt.edu.ar\/ingcomputacion\/wp-json\/wp\/v2\/pages\/970\/revisions"}],"predecessor-version":[{"id":1441,"href":"https:\/\/www.facet.unt.edu.ar\/ingcomputacion\/wp-json\/wp\/v2\/pages\/970\/revisions\/1441"}],"up":[{"embeddable":true,"href":"https:\/\/www.facet.unt.edu.ar\/ingcomputacion\/wp-json\/wp\/v2\/pages\/227"}],"wp:attachment":[{"href":"https:\/\/www.facet.unt.edu.ar\/ingcomputacion\/wp-json\/wp\/v2\/media?parent=970"}],"curies":[{"name":"wp","href":"https:\/\/api.w.org\/{rel}","templated":true}]}}