{"id":198,"date":"2022-09-28T10:57:48","date_gmt":"2022-09-28T13:57:48","guid":{"rendered":"https:\/\/www.facet.unt.edu.ar\/ingelectrica\/?page_id=198"},"modified":"2022-09-28T11:01:29","modified_gmt":"2022-09-28T14:01:29","slug":"autoridades","status":"publish","type":"page","link":"https:\/\/www.facet.unt.edu.ar\/ingelectrica\/autoridades\/","title":{"rendered":"Autoridades"},"content":{"rendered":"<p>Director: <strong>Dr. Ricardo Diaz<\/strong><\/p>\n<p>Vice Director: <strong>Ing. Roque Espeche<\/strong><\/p>\n<p>&nbsp;<\/p>\n<p>Comisi\u00f3n Acad\u00e9mica:<\/p>\n<p>Profesores Titulares y Asociados:<\/p>\n<ul>\n<li><strong>Dr. Carlos Formigli<\/strong><\/li>\n<li><strong>Ing. Roque Espeche<\/strong><\/li>\n<\/ul>\n<p>Profesores Adjuntos:<\/p>\n<ul>\n<li><strong>Ing. Santiago Bueso<\/strong><\/li>\n<li><strong>Ing. Jos\u00e9 Silva<\/strong><\/li>\n<\/ul>\n<p>Jefe de Trabajos Pr\u00e1cticos y Auxiliares Docentes Graduados:<\/p>\n<ul>\n<li><strong>Ing. Adolfo Parellada<\/strong><\/li>\n<li><strong>Ing Miguel Valdez<\/strong><\/li>\n<\/ul>\n<p>Estudiantes:<\/p>\n<ul>\n<li><strong>Sr. Sergio G\u00f3mez Morales<\/strong><\/li>\n<\/ul>\n","protected":false},"excerpt":{"rendered":"<p>Director: Dr. Ricardo Diaz Vice Director: Ing. Roque Espeche &nbsp; Comisi\u00f3n Acad\u00e9mica: Profesores Titulares y Asociados: Dr. Carlos Formigli Ing. Roque Espeche Profesores Adjuntos: Ing. Santiago Bueso Ing. Jos\u00e9 Silva Jefe de Trabajos Pr\u00e1cticos y Auxiliares Docentes Graduados: Ing. Adolfo Parellada Ing Miguel Valdez Estudiantes: Sr. Sergio G\u00f3mez Morales<\/p>\n","protected":false},"author":123470,"featured_media":0,"parent":0,"menu_order":0,"comment_status":"closed","ping_status":"closed","template":"","meta":[],"_links":{"self":[{"href":"https:\/\/www.facet.unt.edu.ar\/ingelectrica\/wp-json\/wp\/v2\/pages\/198"}],"collection":[{"href":"https:\/\/www.facet.unt.edu.ar\/ingelectrica\/wp-json\/wp\/v2\/pages"}],"about":[{"href":"https:\/\/www.facet.unt.edu.ar\/ingelectrica\/wp-json\/wp\/v2\/types\/page"}],"author":[{"embeddable":true,"href":"https:\/\/www.facet.unt.edu.ar\/ingelectrica\/wp-json\/wp\/v2\/users\/123470"}],"replies":[{"embeddable":true,"href":"https:\/\/www.facet.unt.edu.ar\/ingelectrica\/wp-json\/wp\/v2\/comments?post=198"}],"version-history":[{"count":2,"href":"https:\/\/www.facet.unt.edu.ar\/ingelectrica\/wp-json\/wp\/v2\/pages\/198\/revisions"}],"predecessor-version":[{"id":202,"href":"https:\/\/www.facet.unt.edu.ar\/ingelectrica\/wp-json\/wp\/v2\/pages\/198\/revisions\/202"}],"wp:attachment":[{"href":"https:\/\/www.facet.unt.edu.ar\/ingelectrica\/wp-json\/wp\/v2\/media?parent=198"}],"curies":[{"name":"wp","href":"https:\/\/api.w.org\/{rel}","templated":true}]}}