{"id":65,"date":"2014-08-04T09:14:33","date_gmt":"2014-08-04T12:14:33","guid":{"rendered":"https:\/\/www.facet.unt.edu.ar\/ingelectrica\/home\/"},"modified":"2024-04-16T21:26:29","modified_gmt":"2024-04-17T00:26:29","slug":"home","status":"publish","type":"page","link":"https:\/\/www.facet.unt.edu.ar\/ingelectrica\/","title":{"rendered":"Home"},"content":{"rendered":"<div id=\"pl-65\"  class=\"panel-layout\" ><div id=\"pg-65-0\"  class=\"panel-grid panel-no-style\" ><div id=\"pgc-65-0-0\"  class=\"panel-grid-cell\" ><div id=\"panel-65-0-0-0\" class=\"so-panel widget widget_sow-editor panel-first-child panel-last-child\" data-index=\"0\" ><div\n\t\t\t\n\t\t\tclass=\"so-widget-sow-editor so-widget-sow-editor-base\"\n\t\t\t\n\t\t>\n<div class=\"siteorigin-widget-tinymce textwidget\">\n\t<h3 align=\"justify\"><strong>Bienvenidos<\/strong><\/h3>\n<p align=\"justify\">La carrera de Ingenier\u00eda El\u00e9ctrica forma profesionales capacitados para el desarrollo y utilizaci\u00f3n de las tecnolog\u00edas basadas en la electricidad y los fen\u00f3menos electromagn\u00e9ticos.\u00a0La electricidad es la forma m\u00e1s flexible y evolucionada de energ\u00eda, motor de la transici\u00f3n energ\u00e9tica de este siglo.<\/p>\n<p align=\"justify\">La Ingenier\u00eda El\u00e9ctrica es el conjunto de ciencias y t\u00e9cnicas que permiten la aplicaci\u00f3n del conocimiento cient\u00edfico y experimental en la generaci\u00f3n, transformaci\u00f3n, transmisi\u00f3n, distribuci\u00f3n, control, automatizaci\u00f3n y utilizaci\u00f3n de la energ\u00eda el\u00e9ctrica.<\/p>\n<p align=\"justify\">La Ingenier\u00eda El\u00e9ctrica es una carrera de grado que, estrechamente vinculada a otras especialidades por un tronco com\u00fan, est\u00e1 enfocada en el dise\u00f1o de sistemas de energ\u00eda el\u00e9ctrica. Otorga capacitaci\u00f3n para resolver problemas tecnol\u00f3gicos multidisciplinarios y para la creaci\u00f3n de bienes y servicios \u00fatiles a la sociedad.<\/p>\n<p align=\"justify\">La carrera permite que los alumnos puedan realizar una parte de su plan de estudio en el exterior con programas de colaboraci\u00f3n internacional, para lo que se cuenta con acuerdos bilaterales con universidades extranjeras que permiten ofrecer una preparaci\u00f3n de excelencia. La carrera es suficientemente flexible para que cada alumno pueda configurar su trayecto curricular, con la posibilidad de elegir tres cursos electivos en su plan de estudios.<\/p>\n<p align=\"justify\"><strong>T\u00edtulo: Ingeniero Electricista<\/strong><br \/>\n<strong>Duraci\u00f3n: 5 a\u00f1os<\/strong><\/p>\n<p align=\"justify\">Horarios de clases 2024: <a href=\"https:\/\/www.facet.unt.edu.ar\/deec\/horarios\/electrica\/\">https:\/\/www.facet.unt.edu.ar\/deec\/horarios\/electrica\/<\/a><\/p>\n<p align=\"justify\"><strong>Ver documentaci\u00f3n de reconocimiento oficial y validez nacional del t\u00edtulo de Ingeniero Electricista de la UNT\u00a0 en<\/strong>: <a href=\"http:\/\/sipes.siu.edu.ar\/buscar_titulos_form.php\" target=\"_blank\" rel=\"noopener noreferrer\">http:\/\/sipes.siu.edu.ar\/buscar_titulos_form.php<\/a><\/p>\n<p align=\"justify\">Resoluci\u00f3n ministerial de reconocimiento de la validez nacional del t\u00edtulo:<a href=\"https:\/\/www.facet.unt.edu.ar\/ingelectrica\/wp-content\/uploads\/sites\/63\/2024\/03\/RES-1875-INGENIERO-ELECTRICISTA-3.pdf\">https:\/\/www.facet.unt.edu.ar\/ingelectrica\/wp-content\/uploads\/sites\/63\/2024\/03\/RES-1875-INGENIERO-ELECTRICISTA-3.pdf<\/a><\/p>\n<\/div>\n<\/div><\/div><\/div><\/div><div id=\"pg-65-1\"  class=\"panel-grid panel-has-style\" ><div style=\"background-color: #d8d8d8; \" class=\"panel-row-style panel-row-style-for-65-1\" ><div id=\"pgc-65-1-0\"  class=\"panel-grid-cell\" ><div id=\"panel-65-1-0-0\" class=\"so-panel widget widget_circleicon-widget panel-first-child panel-last-child\" data-index=\"1\" >\t\t<div class=\"circle-icon-box circle-icon-position-top circle-icon-hide-box circle-icon-size-large\">\n\t\t\t<div class=\"circle-icon-wrapper\">\n\t\t\t\t<a href=\"https:\/\/www.facet.unt.edu.ar\/ingreso-facet\/\" class=\"link-icon\" target=\"_blank\">\t\t\t\t<div class=\"circle-icon icon-style-set\" style=\"background-color: #001fad\">\n\t\t\t\t\t<div class=\"fa fa-university icon-color-set\" ><\/div>\t\t\t\t<\/div>\n\t\t\t\t<\/a>\t\t\t<\/div>\n\n\t\t\t<a href=\"https:\/\/www.facet.unt.edu.ar\/ingreso-facet\/\" class=\"link-title\" target=\"_blank\">\t\t\t<h4 >Ingreso FACET<\/h4>\t\t\t<\/a>\n\t\t\t<p class=\"text\" >Aqu\u00ed encontrar\u00e1s toda la informaci\u00f3n sobre las instancias del Ingreso<\/p>\t\t\t\t\t\t\t<a href=\"https:\/\/www.facet.unt.edu.ar\/ingreso-facet\/\" class=\"more-button\" target=\"_blank\">M\u00e1s informaci\u00f3n <i><\/i><\/a>\n\t\t\t\t\t<\/div>\n\t\t<\/div><\/div><div id=\"pgc-65-1-1\"  class=\"panel-grid-cell\" ><div id=\"panel-65-1-1-0\" class=\"so-panel widget widget_circleicon-widget panel-first-child panel-last-child\" data-index=\"2\" >\t\t<div class=\"circle-icon-box circle-icon-position-top circle-icon-hide-box circle-icon-size-large\">\n\t\t\t<div class=\"circle-icon-wrapper\">\n\t\t\t\t<a href=\"https:\/\/www.facet.unt.edu.ar\/ingelectrica\/wp-content\/uploads\/sites\/63\/2021\/07\/PLAN-DE-ESTUDIOS-INGENIERIA-ELECTRICA.pdf\" class=\"link-icon\" target=\"_blank\">\t\t\t\t<div class=\"circle-icon icon-style-set\" style=\"background-color: #0097ef\">\n\t\t\t\t\t<div class=\"fa fa-newspaper-o icon-color-set\" ><\/div>\t\t\t\t<\/div>\n\t\t\t\t<\/a>\t\t\t<\/div>\n\n\t\t\t<a href=\"https:\/\/www.facet.unt.edu.ar\/ingelectrica\/wp-content\/uploads\/sites\/63\/2021\/07\/PLAN-DE-ESTUDIOS-INGENIERIA-ELECTRICA.pdf\" class=\"link-title\" target=\"_blank\">\t\t\t<h4 >Plan de Estudio<\/h4>\t\t\t<\/a>\n\t\t\t<p class=\"text\" >En esta secci\u00f3n se encuentra el listado de asignaturas y programas de cada una<\/p>\t\t\t\t\t\t\t<a href=\"https:\/\/www.facet.unt.edu.ar\/ingelectrica\/wp-content\/uploads\/sites\/63\/2021\/07\/PLAN-DE-ESTUDIOS-INGENIERIA-ELECTRICA.pdf\" class=\"more-button\" target=\"_blank\">M\u00e1s informaci\u00f3n <i><\/i><\/a>\n\t\t\t\t\t<\/div>\n\t\t<\/div><\/div><div id=\"pgc-65-1-2\"  class=\"panel-grid-cell\" ><div id=\"panel-65-1-2-0\" class=\"so-panel widget widget_circleicon-widget panel-first-child panel-last-child\" data-index=\"3\" >\t\t<div class=\"circle-icon-box circle-icon-position-top circle-icon-hide-box circle-icon-size-large\">\n\t\t\t<div class=\"circle-icon-wrapper\">\n\t\t\t\t<a href=\"https:\/\/www.facet.unt.edu.ar\/calendario-academico-facet\/\" class=\"link-icon\" target=\"_blank\">\t\t\t\t<div class=\"circle-icon icon-style-set\" style=\"background-color: #005dea\">\n\t\t\t\t\t<div class=\"fa fa-calendar icon-color-set\" ><\/div>\t\t\t\t<\/div>\n\t\t\t\t<\/a>\t\t\t<\/div>\n\n\t\t\t<a href=\"https:\/\/www.facet.unt.edu.ar\/calendario-academico-facet\/\" class=\"link-title\" target=\"_blank\">\t\t\t<h4 >Calendario Acad\u00e9mico FACET<\/h4>\t\t\t<\/a>\n\t\t\t\t\t\t\t\t\t\t<a href=\"https:\/\/www.facet.unt.edu.ar\/calendario-academico-facet\/\" class=\"more-button\" target=\"_blank\">M\u00e1s informaci\u00f3n <i><\/i><\/a>\n\t\t\t\t\t<\/div>\n\t\t<\/div><\/div><div id=\"pgc-65-1-3\"  class=\"panel-grid-cell\" ><div id=\"panel-65-1-3-0\" class=\"so-panel widget widget_circleicon-widget panel-first-child panel-last-child\" data-index=\"4\" >\t\t<div class=\"circle-icon-box circle-icon-position-top circle-icon-hide-box circle-icon-size-large\">\n\t\t\t<div class=\"circle-icon-wrapper\">\n\t\t\t\t<a href=\"https:\/\/www.facet.unt.edu.ar\/direccionalumnos\/\" class=\"link-icon\" target=\"_blank\">\t\t\t\t<div class=\"circle-icon icon-style-set\" style=\"background-color: #001fad\">\n\t\t\t\t\t<div class=\"fa fa-keyboard-o icon-color-set\" ><\/div>\t\t\t\t<\/div>\n\t\t\t\t<\/a>\t\t\t<\/div>\n\n\t\t\t<a href=\"https:\/\/www.facet.unt.edu.ar\/direccionalumnos\/\" class=\"link-title\" target=\"_blank\">\t\t\t<h4 >Direcci\u00f3n Alumnos<\/h4>\t\t\t<\/a>\n\t\t\t\t\t\t\t\t\t\t<a href=\"https:\/\/www.facet.unt.edu.ar\/direccionalumnos\/\" class=\"more-button\" target=\"_blank\">M\u00e1s informaci\u00f3n <i><\/i><\/a>\n\t\t\t\t\t<\/div>\n\t\t<\/div><\/div><div id=\"pgc-65-1-4\"  class=\"panel-grid-cell\" ><div id=\"panel-65-1-4-0\" class=\"so-panel widget widget_circleicon-widget panel-first-child panel-last-child\" data-index=\"5\" >\t\t<div class=\"circle-icon-box circle-icon-position-top circle-icon-hide-box circle-icon-size-large\">\n\t\t\t<div class=\"circle-icon-wrapper\">\n\t\t\t\t<a href=\"https:\/\/bibliotecafacet.com.ar\/\" class=\"link-icon\" target=\"_blank\">\t\t\t\t<div class=\"circle-icon icon-style-set\" style=\"background-color: #0097ef\">\n\t\t\t\t\t<div class=\"fa fa-book icon-color-set\" ><\/div>\t\t\t\t<\/div>\n\t\t\t\t<\/a>\t\t\t<\/div>\n\n\t\t\t<a href=\"https:\/\/bibliotecafacet.com.ar\/\" class=\"link-title\" target=\"_blank\">\t\t\t<h4 >Biblioteca FACET<\/h4>\t\t\t<\/a>\n\t\t\t\t\t\t\t\t\t\t<a href=\"https:\/\/bibliotecafacet.com.ar\/\" class=\"more-button\" target=\"_blank\">M\u00e1s informaci\u00f3n <i><\/i><\/a>\n\t\t\t\t\t<\/div>\n\t\t<\/div><\/div><\/div><\/div><\/div>","protected":false},"excerpt":{"rendered":"<p>Bienvenidos La carrera de Ingenier\u00eda El\u00e9ctrica forma profesionales capacitados para el desarrollo y utilizaci\u00f3n de las tecnolog\u00edas basadas en la electricidad y los fen\u00f3menos electromagn\u00e9ticos.\u00a0La electricidad es la forma m\u00e1s flexible y evolucionada de energ\u00eda, motor de la transici\u00f3n energ\u00e9tica de este siglo. La Ingenier\u00eda El\u00e9ctrica es el conjunto de ciencias y t\u00e9cnicas que permiten [&hellip;]<\/p>\n","protected":false},"author":1,"featured_media":0,"parent":0,"menu_order":0,"comment_status":"closed","ping_status":"closed","template":"home-panels.php","meta":[],"_links":{"self":[{"href":"https:\/\/www.facet.unt.edu.ar\/ingelectrica\/wp-json\/wp\/v2\/pages\/65"}],"collection":[{"href":"https:\/\/www.facet.unt.edu.ar\/ingelectrica\/wp-json\/wp\/v2\/pages"}],"about":[{"href":"https:\/\/www.facet.unt.edu.ar\/ingelectrica\/wp-json\/wp\/v2\/types\/page"}],"author":[{"embeddable":true,"href":"https:\/\/www.facet.unt.edu.ar\/ingelectrica\/wp-json\/wp\/v2\/users\/1"}],"replies":[{"embeddable":true,"href":"https:\/\/www.facet.unt.edu.ar\/ingelectrica\/wp-json\/wp\/v2\/comments?post=65"}],"version-history":[{"count":33,"href":"https:\/\/www.facet.unt.edu.ar\/ingelectrica\/wp-json\/wp\/v2\/pages\/65\/revisions"}],"predecessor-version":[{"id":257,"href":"https:\/\/www.facet.unt.edu.ar\/ingelectrica\/wp-json\/wp\/v2\/pages\/65\/revisions\/257"}],"wp:attachment":[{"href":"https:\/\/www.facet.unt.edu.ar\/ingelectrica\/wp-json\/wp\/v2\/media?parent=65"}],"curies":[{"name":"wp","href":"https:\/\/api.w.org\/{rel}","templated":true}]}}