{"id":98,"date":"2021-07-28T16:16:32","date_gmt":"2021-07-28T19:16:32","guid":{"rendered":"https:\/\/www.facet.unt.edu.ar\/ingelectrica\/?page_id=98"},"modified":"2022-09-20T16:55:04","modified_gmt":"2022-09-20T19:55:04","slug":"perfil-del-egresado","status":"publish","type":"page","link":"https:\/\/www.facet.unt.edu.ar\/ingelectrica\/perfil-del-egresado\/","title":{"rendered":"Perfil del Egresado"},"content":{"rendered":"<p align=\"justify\">El Ingeniero Electricista es un profesional con una s\u00f3lida formaci\u00f3n en Ciencias y Tecnolog\u00edas B\u00e1sicas que le permiten acceder a todas las Tecnolog\u00edas Aplicadas relacionadas con la Electricidad y especialmente con la Energ\u00eda El\u00e9ctrica. El egresado puede adquirir un perfil especializado eligiendo tres asignaturas electivas en el \u00faltimo a\u00f1os de estudios.<\/p>\n<p align=\"justify\">El graduado adquiere capacidades para:<\/p>\n<ul>\n<li>\n<p align=\"justify\">la abstracci\u00f3n y el razonamiento simb\u00f3lico, imprescindibles para abordar y resolver problemas tecnol\u00f3gicos complejos;<\/p>\n<\/li>\n<li>\n<p align=\"justify\">la formaci\u00f3n continua aut\u00f3noma, que le permite actualizar sus conocimientos en funci\u00f3n del ejercicio profesional y las nuevas tecnolog\u00edas relacionadas con la Transici\u00f3n Energ\u00e9tica;<\/p>\n<\/li>\n<li>\n<p align=\"justify\">crear conocimientos t\u00e9cnicos y cient\u00edficos, que contribuyan a impulsar el desarrollo tecnol\u00f3gico relacionado con la Electricidad, perfeccionando los sistemas productivos, haci\u00e9ndolos m\u00e1s eficientes y competitivos;<\/p>\n<\/li>\n<li>\n<p align=\"justify\">actuar con sentido \u00e9tico ante los efectos sociales, pol\u00edticos y ambientales de las tecnolog\u00edas.<\/p>\n<\/li>\n<\/ul>\n<h4 style=\"text-align: left;\" align=\"justify\"><strong>Actividades Profesionales Reservadas al T\u00edtulo de Ingeniero Electricista<\/strong> (Resoluci\u00f3n Ministerio de Educaci\u00f3n N\u00b0 1254\/2018):<\/h4>\n<ol>\n<li>\n<p align=\"justify\">Dise\u00f1ar, calcular y proyectar sistemas de generaci\u00f3n, transmisi\u00f3n, conversi\u00f3n, distribuci\u00f3n y utilizaci\u00f3n de energ\u00eda el\u00e9ctrica; sistemas de control y automatizaci\u00f3n y sistemas de protecci\u00f3n el\u00e9ctrica.<\/p>\n<\/li>\n<li>\n<p align=\"justify\">Proyectar, dirigir y controlar la construcci\u00f3n, operaci\u00f3n y mantenimiento de lo anteriormente mencionado.<\/p>\n<\/li>\n<li>\n<p align=\"justify\">Certificar el funcionamiento, condici\u00f3n de uso o estado de lo mencionado anteriormente.<\/p>\n<\/li>\n<li>\n<p align=\"justify\">Proyectar y dirigir lo referido a la higiene y seguridad en su actividad profesional.<\/p>\n<\/li>\n<\/ol>\n","protected":false},"excerpt":{"rendered":"<p>El Ingeniero Electricista es un profesional con una s\u00f3lida formaci\u00f3n en Ciencias y Tecnolog\u00edas B\u00e1sicas que le permiten acceder a todas las Tecnolog\u00edas Aplicadas relacionadas con la Electricidad y especialmente con la Energ\u00eda El\u00e9ctrica. El egresado puede adquirir un perfil especializado eligiendo tres asignaturas electivas en el \u00faltimo a\u00f1os de estudios. El graduado adquiere capacidades [&hellip;]<\/p>\n","protected":false},"author":6,"featured_media":0,"parent":0,"menu_order":0,"comment_status":"closed","ping_status":"closed","template":"","meta":[],"_links":{"self":[{"href":"https:\/\/www.facet.unt.edu.ar\/ingelectrica\/wp-json\/wp\/v2\/pages\/98"}],"collection":[{"href":"https:\/\/www.facet.unt.edu.ar\/ingelectrica\/wp-json\/wp\/v2\/pages"}],"about":[{"href":"https:\/\/www.facet.unt.edu.ar\/ingelectrica\/wp-json\/wp\/v2\/types\/page"}],"author":[{"embeddable":true,"href":"https:\/\/www.facet.unt.edu.ar\/ingelectrica\/wp-json\/wp\/v2\/users\/6"}],"replies":[{"embeddable":true,"href":"https:\/\/www.facet.unt.edu.ar\/ingelectrica\/wp-json\/wp\/v2\/comments?post=98"}],"version-history":[{"count":12,"href":"https:\/\/www.facet.unt.edu.ar\/ingelectrica\/wp-json\/wp\/v2\/pages\/98\/revisions"}],"predecessor-version":[{"id":191,"href":"https:\/\/www.facet.unt.edu.ar\/ingelectrica\/wp-json\/wp\/v2\/pages\/98\/revisions\/191"}],"wp:attachment":[{"href":"https:\/\/www.facet.unt.edu.ar\/ingelectrica\/wp-json\/wp\/v2\/media?parent=98"}],"curies":[{"name":"wp","href":"https:\/\/api.w.org\/{rel}","templated":true}]}}