{"id":105,"date":"2017-04-05T16:40:49","date_gmt":"2017-04-05T19:40:49","guid":{"rendered":"https:\/\/www.facet.unt.edu.ar\/ingelectronica\/?page_id=105"},"modified":"2017-08-01T12:20:30","modified_gmt":"2017-08-01T15:20:30","slug":"menciones","status":"publish","type":"page","link":"https:\/\/www.facet.unt.edu.ar\/ingelectronica\/menciones\/","title":{"rendered":"Menciones"},"content":{"rendered":"<p>Para conocer m\u00e1s sobre las menciones de Ingenier\u00eda Electr\u00f3nica descarga el archivo:\u00a0<a href=\"https:\/\/www.facet.unt.edu.ar\/ingelectronica\/wp-content\/uploads\/sites\/45\/2017\/04\/Menciones-de-IE.pdf\">Menciones de IE<\/a><\/p>\n<p>Listado actualizado de las asignaturas electivas:\u00a0<a href=\"https:\/\/www.facet.unt.edu.ar\/ingelectronica\/wp-content\/uploads\/sites\/45\/2017\/04\/LISTADO-DE-ASIGNATURAS.pdf\">Listado de Asignaturas<\/a><\/p>\n","protected":false},"excerpt":{"rendered":"<p>Para conocer m\u00e1s sobre las menciones de Ingenier\u00eda Electr\u00f3nica descarga el archivo:\u00a0Menciones de IE Listado actualizado de las asignaturas electivas:\u00a0Listado de Asignaturas<\/p>\n","protected":false},"author":101025,"featured_media":0,"parent":0,"menu_order":0,"comment_status":"closed","ping_status":"closed","template":"","meta":[],"_links":{"self":[{"href":"https:\/\/www.facet.unt.edu.ar\/ingelectronica\/wp-json\/wp\/v2\/pages\/105"}],"collection":[{"href":"https:\/\/www.facet.unt.edu.ar\/ingelectronica\/wp-json\/wp\/v2\/pages"}],"about":[{"href":"https:\/\/www.facet.unt.edu.ar\/ingelectronica\/wp-json\/wp\/v2\/types\/page"}],"author":[{"embeddable":true,"href":"https:\/\/www.facet.unt.edu.ar\/ingelectronica\/wp-json\/wp\/v2\/users\/101025"}],"replies":[{"embeddable":true,"href":"https:\/\/www.facet.unt.edu.ar\/ingelectronica\/wp-json\/wp\/v2\/comments?post=105"}],"version-history":[{"count":5,"href":"https:\/\/www.facet.unt.edu.ar\/ingelectronica\/wp-json\/wp\/v2\/pages\/105\/revisions"}],"predecessor-version":[{"id":162,"href":"https:\/\/www.facet.unt.edu.ar\/ingelectronica\/wp-json\/wp\/v2\/pages\/105\/revisions\/162"}],"wp:attachment":[{"href":"https:\/\/www.facet.unt.edu.ar\/ingelectronica\/wp-json\/wp\/v2\/media?parent=105"}],"curies":[{"name":"wp","href":"https:\/\/api.w.org\/{rel}","templated":true}]}}