{"id":107,"date":"2017-04-05T16:41:09","date_gmt":"2017-04-05T19:41:09","guid":{"rendered":"https:\/\/www.facet.unt.edu.ar\/ingelectronica\/?page_id=107"},"modified":"2019-08-29T16:29:27","modified_gmt":"2019-08-29T19:29:27","slug":"docentes","status":"publish","type":"page","link":"https:\/\/www.facet.unt.edu.ar\/ingelectronica\/docentes\/","title":{"rendered":"Docentes"},"content":{"rendered":"<p><strong>FADEL, Rub\u00e9n del V.<\/strong><br \/>\n\u00c1rea Electr\u00f3nica<br \/>\nAsignatura\/s Sistemas de Control I y Sistemas de Control II<\/p>\n<p><strong>AGLIANO, Humberto Sebasti\u00e1n<\/strong><br \/>\n\u00c1rea Electr\u00f3nica<br \/>\nAsignatura\/s Materiales y Dispositivos Electr\u00f3nicos, Materiales El\u00e9ctricos, Dispositivos Electr\u00f3nicos y Optoelectr\u00f3nica I.<br \/>\nArea M\u00e1quinas y Accionamientos El\u00e9ctricos<br \/>\nAsignatura\/s Electr\u00f3nica de Potencia y Electr\u00f3nica Industrial.<\/p>\n<p><strong>DIAZ, Ricardo Rub\u00e9n<\/strong><br \/>\n\u00c1rea Potencia<br \/>\nAsignatura\/s\u00a0T\u00e9cnicas de Alta Tensi\u00f3n, Tratamiento De Energ\u00eda, y Electromagnetismo Computacional.<\/p>\n<p><strong>SAADE, Sergio Daniel<\/strong><br \/>\n\u00c1rea Computaci\u00f3n<br \/>\nAsignatura\/s\u00a0Fundamentos de Redes de Computadora.<\/p>\n<p><strong>FERRAO, Hilda Noem\u00ed<\/strong><br \/>\n\u00c1rea Electr\u00f3nica<br \/>\nAsignatura\/s Procesamiento Digital de Se\u00f1ales, Introducci\u00f3n a Sistemas de Tiempo Discreto.<\/p>\n<p><strong>ESTEVEZ, Miguel \u00c1ngel<\/strong><br \/>\n\u00c1rea Circuitos El\u00e9ctricos y Mediciones El\u00e9ctricas<br \/>\nAsignatura\/s Circuitos El\u00e9ctricos I y Circuitos El\u00e9ctricos III<\/p>\n<p><strong>PEREZ, Jorge Omar<\/strong><br \/>\n\u00c1rea Electr\u00f3nica<br \/>\nAsignatura\/s Procesamiento Digital de Se\u00f1ales, Introducci\u00f3n a Sistemas de Tiempo Discreto y Electr\u00f3nica para Procesamiento.<\/p>\n<p><strong>CARLOROSSI, Venancio Mauro<\/strong><br \/>\nArea Instalaciones El\u00e9ctricas y Luminotecnia<br \/>\nAsignatura\/s Maquinas El\u00e9ctricas, Instalaciones El\u00e9ctricas y Maquinas e Instalaciones El\u00e9ctricas.<\/p>\n<p><strong>GONZALEZ, Ricardo Emilio<\/strong><br \/>\n\u00c1rea Electr\u00f3nica<br \/>\nAsignatura\/s Materiales y Dispositivos Electr\u00f3nicos, Materiales El\u00e9ctricos, Dispositivos Electr\u00f3nicos y Optoelectr\u00f3nica I.<\/p>\n<p><strong>WEYERSTALL, Walter Mario<\/strong><br \/>\n\u00c1rea Electr\u00f3nica<br \/>\nAsignatura\/s Administraci\u00f3n de Proyectos, Modulo de Competencia Sociales, Gesti\u00f3n de Emprendimientos y Emprendimiento de Base Tecnol\u00f3gica.<\/p>\n<p><strong>OLMOS. Aida Alicia<\/strong><br \/>\n\u00c1rea Electr\u00f3nica<br \/>\nAsignatura\/s Electr\u00f3nica I y Electr\u00f3nica III.<\/p>\n<p><strong>CABRERA, Miguel \u00c1ngel<\/strong><br \/>\n\u00c1rea Comunicaciones<br \/>\nAsignatura\/s Eletromagnetismo I, Eletromagnetismo II y Laboratorio de Telecomunicaciones<\/p>\n<p><strong>SAVINO, Guillermo Vicente<\/strong><br \/>\n\u00c1rea Electr\u00f3nica<br \/>\nAsignatura\/s Sistemas Din\u00e1micos no Lineales y Se\u00f1ales El\u00e9ctricas.<\/p>\n<p><strong>G\u00d3MEZ BLESSING, Sergio G.<\/strong><br \/>\n\u00c1rea Circuitos El\u00e9ctricos y Mediciones El\u00e9ctricas<br \/>\nAsignatura\/s Mediciones El\u00e9ctricas I, Mediciones El\u00e9ctricas II y Laboratorio de Mediciones.<\/p>\n<p><strong>SILVA, Jos\u00e9 Normando<\/strong><br \/>\n\u00c1rea Alta Tensi\u00f3n y Transmisi\u00f3n de Energ\u00eda El\u00e9ctrica<br \/>\nAsignatura\/s T\u00e9cnicas de\u00a0Alta Tensi\u00f3n y Transmisi\u00f3n de Energ\u00eda El\u00e9ctrica.<\/p>\n<p><strong>IVAN, Carlos Andr\u00e9s<\/strong><br \/>\n\u00c1rea Electr\u00f3nica<br \/>\nAsignatura\/s Electr\u00f3nica I y Electr\u00f3nica Industrial.<\/p>\n<p><strong>TEODOVICH SOSA, Lorgio Jos\u00e9<\/strong><br \/>\n\u00c1rea Electr\u00f3nica<br \/>\nAsignatura\/s Electr\u00f3nica IV, Sistemas de Control III y Sistemas Inform\u00e1ticos Industriales.<\/p>\n<p><strong>CASAL, Juan Carlos<\/strong><br \/>\n\u00c1rea Circuitos El\u00e9ctricos y Mediciones El\u00e9ctricas<br \/>\nAsignatura\/s Circuitos El\u00e9ctricos II y Propagaci\u00f3n Electromagn\u00e9tica.<\/p>\n<p><strong>HERRERA, Silvia Susana<\/strong><br \/>\n\u00c1rea Circuitos El\u00e9ctricos y Mediciones El\u00e9ctricas<br \/>\nAsignatura\/s Electrotecnia General y Laboratorio.<\/p>\n<p><strong>GOMEZ LOPEZ, Mar\u00eda de los A<\/strong><br \/>\n\u00c1rea Electr\u00f3nica<br \/>\nAsignatura\/s Electr\u00f3nica II, Dise\u00f1o L\u00f3gico I, Automatismo y control de procesos.<\/p>\n<p><strong>GUZM\u00c1N, Mar\u00eda Fernanda.<\/strong><br \/>\n\u00c1rea Computaci\u00f3n<br \/>\nAsignatura\/s Inform\u00e1tica y Programaci\u00f3n I.<\/p>\n<p><strong>YOUNES, Jos\u00e9.<\/strong><br \/>\n\u00c1rea Computaci\u00f3n<br \/>\nAsignatura\/s Inform\u00e1tica y Programaci\u00f3n I<\/p>\n<p><strong>CHICO ZOSSI, Francisco Baltazar<\/strong><br \/>\nArea Instal. y Distr.<br \/>\nAsignatura\/s \u201cInst. Electricas I\u201d &#8211; \u201cInst.El\u00e9ct.II\u201d y \u201cDise\u00f1o de Inst.en Media Tensi\u00f3n\u201d<\/p>\n<p><strong>PACHECO, Fabian Eduardo<\/strong><br \/>\n\u00c1rea Electr\u00f3nica<br \/>\nAsignatura\/s Proc.D.de S&#8221;, &#8220;Intr.a Sis.T.Disc&#8221; y &#8220;Electr. para Proc&#8221;.<\/p>\n<p><strong>ISE, Juan Eduardo<\/strong><br \/>\n\u00c1rea Electr\u00f3nica<br \/>\nAsignatura\/s Electromagnetismo I y Electromagnetismo II<\/p>\n<p><strong>RIZZOTTI, Bruno Federico<\/strong><br \/>\n\u00c1rea Potencia<br \/>\nAsignatura\/s\u00a0T\u00e9cnicas de Alta Tensi\u00f3n, Transmisi\u00f3n de Energ\u00eda, y Transmisi\u00f3n de Energ\u00eda en muy alta tensi\u00f3n.<\/p>\n<p><strong>VOLENTINI, Esteban Daniel<\/strong><br \/>\n\u00c1rea Computaci\u00f3n<br \/>\nAsignatura\/s\u00a0Sistemas con Microprocesadores y Microcontroladores y Arquitectura de Computadoras.<\/p>\n<p><strong>BEDOIAN, Pablo\u00a0<\/strong><br \/>\n\u00c1rea Comunicaciones<br \/>\nAsignatura\/s\u00a0Electromagnetismo I y Electr\u00f3nica de Comunicaciones.<\/p>\n<p><strong>GIORI, Mat\u00edas<\/strong><br \/>\n\u00c1rea Computaci\u00f3n<br \/>\nAsignatura\/s\u00a0Sistemas con Microprocesadores y Microcontroladores y Laboratorio de Microprocesadores.<\/p>\n<p><strong>O\u00d1ATIVIA, Ger\u00f3nimo<\/strong><br \/>\n\u00c1rea Computaci\u00f3n<br \/>\nAsignatura\/s\u00a0Sistemas con Microprocesadores y Microcontroladores y Arquitectura de Computadoras.<\/p>\n<p><strong>TEK, Luis Abraham<\/strong><br \/>\n\u00c1rea Computaci\u00f3n<br \/>\nAsignatura\/s\u00a0Sistemas con Microprocesadores y Microcontroladores.<\/p>\n<p><strong>MAJOREL PADILLA, Nicol\u00e1s.\u00a0<\/strong><br \/>\n\u00c1rea Computaci\u00f3n<br \/>\nAsignatura\/s\u00a0Sistemas con Microprocesadores y Microcontroladores y Arquitectura de Computadoras.<\/p>\n<p><strong>ABDALA, Luis Marcelo<\/strong><br \/>\n\u00c1rea Circuitos El\u00e9ctricos y Mediciones El\u00e9ctricas<br \/>\nAsignatura\/s Circuitos Electricos I.<\/p>\n<p><strong>SAADE, Raul Osvaldo<\/strong><br \/>\n\u00c1rea Electr\u00f3nica<br \/>\nAsignaturas Administraci\u00f3n de Proyectos, Rentabilidad de Proyectos y Gesti\u00f3n de empresas de emprendimientos de base tecnol\u00f3gicas.<\/p>\n<p><strong>FORMIGLI RODRIGUEZ, Carlos M.<\/strong><br \/>\n\u00c1rea Electr\u00f3nica<br \/>\nAsignatura\/s Sistemas de Control I, Sistemas de Control II, Sistemas Anal\u00f3gicos I, Se\u00f1ales El\u00e9ctricas y Sistemas Din\u00e1micos no Lineales.<\/p>\n<p><strong>VILTE, Ren\u00e9 Alfredo<\/strong><br \/>\n\u00c1rea Electr\u00f3nica<br \/>\nAsignatura\/s Instrumentaci\u00f3n Industrial y Electr\u00f3nica IV.<\/p>\n<p><strong>SCANDALIARIS, Jorge<\/strong><br \/>\n\u00c1rea Electr\u00f3nica<br \/>\nAsignatura\/s Electr\u00f3nica II y Electr\u00f3nica IV.<\/p>\n<p><strong>NANNI, Eugenio<\/strong><br \/>\n\u00c1rea Electr\u00f3nica<br \/>\nAsignatura\/s Electr\u00f3nica I.<\/p>\n<p><strong>BECKER, Ra\u00fal Alberto<\/strong><br \/>\n\u00c1rea Circuitos El\u00e9ctricos y Mediciones El\u00e9ctricas<br \/>\nAsignatura\/s Circuitos El\u00e9ctricos I.<\/p>\n<p><strong>VILTE GRANDE, Jos\u00e9 Ram\u00f3n<\/strong><br \/>\nArea Instal. El\u00e9ctricas y Distrib.<br \/>\nAsignatura\/s Instalaciones El\u00e9ctricas I e \u201cInst. Compl. para Edif.\u201d<\/p>\n<p><strong>FIGUEROA, Cristian Ariel<\/strong><br \/>\n\u00c1rea Electr\u00f3nica<br \/>\nAsignatura\/s Materiales El\u00e9ctricos, Dispositivos Electr\u00f3nicos, Materiales y Dispositivos Electr\u00f3nicos y Optoelectr\u00f3nica I.<\/p>\n<p><strong>MITRE MU\u00d1OZ, Marcelo Eduardo<\/strong><br \/>\n\u00c1rea Electr\u00f3nica<br \/>\nAsignatura\/s Electr\u00f3nica III.<\/p>\n<p><strong>JUAREZ, Martin Gustavo<\/strong><br \/>\n\u00c1rea Electr\u00f3nica<br \/>\nAsignatura\/s Electr\u00f3nica I.<\/p>\n<p><strong>VALDEZ, Miguel An\u00edbal<\/strong><br \/>\n\u00c1rea Circuitos El\u00e9ctricos y Mediciones El\u00e9ctricas<br \/>\nAsignatura\/s Circuitos Electricos I.<\/p>\n<p><strong>LABASTIDA HUERTA, Roberto Jorge<\/strong><br \/>\n\u00c1rea Procesamiento<br \/>\nAsignatura\/s Procesamiento Digital de Se\u00f1ales, Introducci\u00f3n a Sistemas de Tiempo Discreto y Electr\u00f3nica para Procesamiento.<\/p>\n<p><strong>PEREZ, Elio Ulises<\/strong><br \/>\n\u00c1rea Electr\u00f3nica<br \/>\nAsignatura\/s Electr\u00f3nica Industrial y Circuitos Electricos III.<\/p>\n<p><strong>CAMPOS, Aldo Leopoldo<\/strong><br \/>\nArea M\u00e1quinas El\u00e9ctricas<br \/>\nAsignatura\/s M\u00e1quinas El\u00e9ctricas I y M\u00e1quinas El\u00e9ctricas II.<\/p>\n<p><strong>BUESO, Santiago Fabi\u00e1n<\/strong><br \/>\n\u00c1rea Circuitos El\u00e9ctricos y Mediciones El\u00e9ctricas<br \/>\nAsignatura\/s Circuitos El\u00e9ctricos II y Propagaciones Electromagn\u00e9ticas.<\/p>\n<p><strong>SANCHEZ, Mariana<\/strong><br \/>\n\u00c1rea Computaci\u00f3n<br \/>\nAsignatura\/s Programaci\u00f3n I y Programaci\u00f3n II<\/p>\n<p><strong>SUELDO, Carlos<\/strong><br \/>\n\u00c1rea Electr\u00f3nica<br \/>\nAsignatura\/s Electr\u00f3nica II, Dise\u00f1o L\u00f3gico I y Automatismo y Control de Procesos.\u201d<\/p>\n<p><strong>GOY, Carla Bel\u00e9n<\/strong><br \/>\n\u00c1rea Electr\u00f3nica<br \/>\nAsignatura\/s Gesti\u00f3n Ambiental, Salud Ocupacional y Seguridad.<\/p>\n<p><strong>ORMACHEA, Antonio Miguel<\/strong><br \/>\n\u00c1rea Electr\u00f3nica<br \/>\nAsignatura\/s Electr\u00f3nica II y Electr\u00f3nica IV<\/p>\n<p><strong>DI PINTO, Luis Roque<\/strong><br \/>\n\u00c1rea Electr\u00f3nica<br \/>\nAsignatura\/s Electr\u00f3nica III.<\/p>\n<p><strong>PONCE, C\u00e9sar Augusto<\/strong><br \/>\n\u00c1rea Electr\u00f3nica<br \/>\nAsignatura\/s Sistemas de Control I y Sistemas de Control II.<\/p>\n<p><strong>ALARCON, Miguel Gerardo<\/strong><br \/>\n\u00c1rea Electr\u00f3nica<br \/>\nAsignatura\/s Sistemas de Control I, Sistemas Anal\u00f3gicos I y Dise\u00f1o con Amplificadores operacionales.<\/p>\n<p><strong>GRUPALLI, Silvina A.<\/strong><br \/>\n\u00c1rea Electr\u00f3nica<br \/>\nAsignatura\/s Gesti\u00f3n Ambiental, Salud Ocupacional y Seguridad.<\/p>\n<p><strong>TOLABA, C\u00e9sar Ra\u00fal<\/strong><br \/>\n\u00c1rea M\u00e1quinas e Instalaciones El\u00e9ctricas<br \/>\nAsignatura\/s Instalaciones El\u00e9ctricas y M\u00e1quinas El\u00e9ctricas<\/p>\n<p><strong>FAGRE, Mariano<\/strong><br \/>\n\u00c1rea Electr\u00f3nica<br \/>\nAsignatura\/s Electr\u00f3nica I.<\/p>\n<p><strong>CANGEMI, Jos\u00e9 Ignacio<\/strong><br \/>\n\u00c1rea Electromagnetismo<br \/>\nAsignatura\/s Electromagnetismo I, Electromagnetismo II y Electr\u00f3nica de comunicaciones I.<\/p>\n<p><strong>MIRANDA BONOMI Fernando A.<\/strong><br \/>\n\u00c1rea Comunicaciones<br \/>\nAsignatura\/s Eletromagnetismo I y Electromagnetismo II.<\/p>\n","protected":false},"excerpt":{"rendered":"<p>FADEL, Rub\u00e9n del V. \u00c1rea Electr\u00f3nica Asignatura\/s Sistemas de Control I y Sistemas de Control II AGLIANO, Humberto Sebasti\u00e1n \u00c1rea Electr\u00f3nica Asignatura\/s Materiales y Dispositivos Electr\u00f3nicos, Materiales El\u00e9ctricos, Dispositivos Electr\u00f3nicos y Optoelectr\u00f3nica I. Area M\u00e1quinas y Accionamientos El\u00e9ctricos Asignatura\/s Electr\u00f3nica de Potencia y Electr\u00f3nica Industrial. DIAZ, Ricardo Rub\u00e9n \u00c1rea Potencia Asignatura\/s\u00a0T\u00e9cnicas de Alta Tensi\u00f3n, Tratamiento [&hellip;]<\/p>\n","protected":false},"author":101025,"featured_media":0,"parent":0,"menu_order":0,"comment_status":"closed","ping_status":"closed","template":"","meta":[],"_links":{"self":[{"href":"https:\/\/www.facet.unt.edu.ar\/ingelectronica\/wp-json\/wp\/v2\/pages\/107"}],"collection":[{"href":"https:\/\/www.facet.unt.edu.ar\/ingelectronica\/wp-json\/wp\/v2\/pages"}],"about":[{"href":"https:\/\/www.facet.unt.edu.ar\/ingelectronica\/wp-json\/wp\/v2\/types\/page"}],"author":[{"embeddable":true,"href":"https:\/\/www.facet.unt.edu.ar\/ingelectronica\/wp-json\/wp\/v2\/users\/101025"}],"replies":[{"embeddable":true,"href":"https:\/\/www.facet.unt.edu.ar\/ingelectronica\/wp-json\/wp\/v2\/comments?post=107"}],"version-history":[{"count":11,"href":"https:\/\/www.facet.unt.edu.ar\/ingelectronica\/wp-json\/wp\/v2\/pages\/107\/revisions"}],"predecessor-version":[{"id":301,"href":"https:\/\/www.facet.unt.edu.ar\/ingelectronica\/wp-json\/wp\/v2\/pages\/107\/revisions\/301"}],"wp:attachment":[{"href":"https:\/\/www.facet.unt.edu.ar\/ingelectronica\/wp-json\/wp\/v2\/media?parent=107"}],"curies":[{"name":"wp","href":"https:\/\/api.w.org\/{rel}","templated":true}]}}