{"id":186,"date":"2017-08-14T09:37:49","date_gmt":"2017-08-14T12:37:49","guid":{"rendered":"https:\/\/www.facet.unt.edu.ar\/ingelectronica\/?page_id=186"},"modified":"2017-08-14T10:32:18","modified_gmt":"2017-08-14T13:32:18","slug":"laboratorio-de-fisica","status":"publish","type":"page","link":"https:\/\/www.facet.unt.edu.ar\/ingelectronica\/laboratorio-de-fisica\/","title":{"rendered":"Lab. de F\u00edsica"},"content":{"rendered":"\n\t\t<style type=\"text\/css\">\n\t\t\t#gallery-1 {\n\t\t\t\tmargin: auto;\n\t\t\t}\n\t\t\t#gallery-1 .gallery-item {\n\t\t\t\tfloat: left;\n\t\t\t\tmargin-top: 10px;\n\t\t\t\ttext-align: center;\n\t\t\t\twidth: 25%;\n\t\t\t}\n\t\t\t#gallery-1 img {\n\t\t\t\tborder: 2px solid #cfcfcf;\n\t\t\t}\n\t\t\t#gallery-1 .gallery-caption {\n\t\t\t\tmargin-left: 0;\n\t\t\t}\n\t\t\t\/* see gallery_shortcode() in wp-includes\/media.php *\/\n\t\t<\/style>\n\t\t<div id='gallery-1' class='gallery galleryid-186 gallery-columns-4 gallery-size-large'><dl class='gallery-item'>\n\t\t\t<dt class='gallery-icon landscape'>\n\t\t\t\t<img width=\"360\" height=\"200\" src=\"https:\/\/www.facet.unt.edu.ar\/ingelectronica\/wp-content\/uploads\/sites\/45\/2017\/08\/labfis1.jpg\" class=\"attachment-large size-large\" alt=\"\" decoding=\"async\" loading=\"lazy\" srcset=\"https:\/\/www.facet.unt.edu.ar\/ingelectronica\/wp-content\/uploads\/sites\/45\/2017\/08\/labfis1.jpg 360w, https:\/\/www.facet.unt.edu.ar\/ingelectronica\/wp-content\/uploads\/sites\/45\/2017\/08\/labfis1-300x167.jpg 300w\" sizes=\"(max-width: 360px) 100vw, 360px\" \/>\n\t\t\t<\/dt><\/dl><dl class='gallery-item'>\n\t\t\t<dt class='gallery-icon landscape'>\n\t\t\t\t<img width=\"360\" height=\"200\" src=\"https:\/\/www.facet.unt.edu.ar\/ingelectronica\/wp-content\/uploads\/sites\/45\/2017\/08\/labfis2.jpg\" class=\"attachment-large size-large\" alt=\"\" decoding=\"async\" loading=\"lazy\" srcset=\"https:\/\/www.facet.unt.edu.ar\/ingelectronica\/wp-content\/uploads\/sites\/45\/2017\/08\/labfis2.jpg 360w, https:\/\/www.facet.unt.edu.ar\/ingelectronica\/wp-content\/uploads\/sites\/45\/2017\/08\/labfis2-300x167.jpg 300w\" sizes=\"(max-width: 360px) 100vw, 360px\" \/>\n\t\t\t<\/dt><\/dl><dl class='gallery-item'>\n\t\t\t<dt class='gallery-icon landscape'>\n\t\t\t\t<img width=\"360\" height=\"200\" src=\"https:\/\/www.facet.unt.edu.ar\/ingelectronica\/wp-content\/uploads\/sites\/45\/2017\/08\/labfis3.jpg\" class=\"attachment-large size-large\" alt=\"\" decoding=\"async\" loading=\"lazy\" srcset=\"https:\/\/www.facet.unt.edu.ar\/ingelectronica\/wp-content\/uploads\/sites\/45\/2017\/08\/labfis3.jpg 360w, https:\/\/www.facet.unt.edu.ar\/ingelectronica\/wp-content\/uploads\/sites\/45\/2017\/08\/labfis3-300x167.jpg 300w\" sizes=\"(max-width: 360px) 100vw, 360px\" \/>\n\t\t\t<\/dt><\/dl><dl class='gallery-item'>\n\t\t\t<dt class='gallery-icon landscape'>\n\t\t\t\t<img width=\"360\" height=\"200\" src=\"https:\/\/www.facet.unt.edu.ar\/ingelectronica\/wp-content\/uploads\/sites\/45\/2017\/08\/labfis4.jpg\" class=\"attachment-large size-large\" alt=\"\" decoding=\"async\" loading=\"lazy\" srcset=\"https:\/\/www.facet.unt.edu.ar\/ingelectronica\/wp-content\/uploads\/sites\/45\/2017\/08\/labfis4.jpg 360w, https:\/\/www.facet.unt.edu.ar\/ingelectronica\/wp-content\/uploads\/sites\/45\/2017\/08\/labfis4-300x167.jpg 300w\" sizes=\"(max-width: 360px) 100vw, 360px\" \/>\n\t\t\t<\/dt><\/dl><br style=\"clear: both\" \/>\n\t\t<\/div>\n\n<p><strong>Responsable<\/strong>: Pesa, Marta Azucena<\/p>\n<p><a href=\"https:\/\/www.facet.unt.edu.ar\/ingcomputacion\/equipamiento-principal-lab-de-fisica\" target=\"_blank\" rel=\"noopener\">Equipamiento Principal<\/a><\/p>\n<p>Organizados en grupos peque\u00f1os, los estudiantes realizan las pr\u00e1cticas siguiendo una metodolog\u00eda<br \/>\ncient\u00edfica (problema; hip\u00f3tesis; dise\u00f1o del sistema; toma, an\u00e1lisis y procesamiento de datos; c\u00e1lculo de<br \/>\nvalores acotados; comparaci\u00f3n con teor\u00eda; conclusiones).<\/p>\n","protected":false},"excerpt":{"rendered":"<p>Responsable: Pesa, Marta Azucena Equipamiento Principal Organizados en grupos peque\u00f1os, los estudiantes realizan las pr\u00e1cticas siguiendo una metodolog\u00eda cient\u00edfica (problema; hip\u00f3tesis; dise\u00f1o del sistema; toma, an\u00e1lisis y procesamiento de datos; c\u00e1lculo de valores acotados; comparaci\u00f3n con teor\u00eda; conclusiones).<\/p>\n","protected":false},"author":101025,"featured_media":0,"parent":0,"menu_order":0,"comment_status":"closed","ping_status":"closed","template":"","meta":[],"_links":{"self":[{"href":"https:\/\/www.facet.unt.edu.ar\/ingelectronica\/wp-json\/wp\/v2\/pages\/186"}],"collection":[{"href":"https:\/\/www.facet.unt.edu.ar\/ingelectronica\/wp-json\/wp\/v2\/pages"}],"about":[{"href":"https:\/\/www.facet.unt.edu.ar\/ingelectronica\/wp-json\/wp\/v2\/types\/page"}],"author":[{"embeddable":true,"href":"https:\/\/www.facet.unt.edu.ar\/ingelectronica\/wp-json\/wp\/v2\/users\/101025"}],"replies":[{"embeddable":true,"href":"https:\/\/www.facet.unt.edu.ar\/ingelectronica\/wp-json\/wp\/v2\/comments?post=186"}],"version-history":[{"count":8,"href":"https:\/\/www.facet.unt.edu.ar\/ingelectronica\/wp-json\/wp\/v2\/pages\/186\/revisions"}],"predecessor-version":[{"id":259,"href":"https:\/\/www.facet.unt.edu.ar\/ingelectronica\/wp-json\/wp\/v2\/pages\/186\/revisions\/259"}],"wp:attachment":[{"href":"https:\/\/www.facet.unt.edu.ar\/ingelectronica\/wp-json\/wp\/v2\/media?parent=186"}],"curies":[{"name":"wp","href":"https:\/\/api.w.org\/{rel}","templated":true}]}}