{"id":217,"date":"2017-08-14T10:12:13","date_gmt":"2017-08-14T13:12:13","guid":{"rendered":"https:\/\/www.facet.unt.edu.ar\/ingelectronica\/?page_id=217"},"modified":"2017-08-14T10:32:40","modified_gmt":"2017-08-14T13:32:40","slug":"laboratorio-de-redes","status":"publish","type":"page","link":"https:\/\/www.facet.unt.edu.ar\/ingelectronica\/laboratorio-de-redes\/","title":{"rendered":"Lab. de redes"},"content":{"rendered":"\n\t\t<style type=\"text\/css\">\n\t\t\t#gallery-1 {\n\t\t\t\tmargin: auto;\n\t\t\t}\n\t\t\t#gallery-1 .gallery-item {\n\t\t\t\tfloat: left;\n\t\t\t\tmargin-top: 10px;\n\t\t\t\ttext-align: center;\n\t\t\t\twidth: 25%;\n\t\t\t}\n\t\t\t#gallery-1 img {\n\t\t\t\tborder: 2px solid #cfcfcf;\n\t\t\t}\n\t\t\t#gallery-1 .gallery-caption {\n\t\t\t\tmargin-left: 0;\n\t\t\t}\n\t\t\t\/* see gallery_shortcode() in wp-includes\/media.php *\/\n\t\t<\/style>\n\t\t<div id='gallery-1' class='gallery galleryid-217 gallery-columns-4 gallery-size-large'><dl class='gallery-item'>\n\t\t\t<dt class='gallery-icon landscape'>\n\t\t\t\t<a href='https:\/\/www.facet.unt.edu.ar\/ingelectronica\/laboratorio-de-redes\/labred1\/#main'><img width=\"360\" height=\"200\" src=\"https:\/\/www.facet.unt.edu.ar\/ingelectronica\/wp-content\/uploads\/sites\/45\/2017\/08\/labred1.jpg\" class=\"attachment-large size-large\" alt=\"\" decoding=\"async\" loading=\"lazy\" srcset=\"https:\/\/www.facet.unt.edu.ar\/ingelectronica\/wp-content\/uploads\/sites\/45\/2017\/08\/labred1.jpg 360w, https:\/\/www.facet.unt.edu.ar\/ingelectronica\/wp-content\/uploads\/sites\/45\/2017\/08\/labred1-300x167.jpg 300w\" sizes=\"(max-width: 360px) 100vw, 360px\" \/><\/a>\n\t\t\t<\/dt><\/dl><dl class='gallery-item'>\n\t\t\t<dt class='gallery-icon landscape'>\n\t\t\t\t<a href='https:\/\/www.facet.unt.edu.ar\/ingelectronica\/laboratorio-de-redes\/labred2\/#main'><img width=\"360\" height=\"200\" src=\"https:\/\/www.facet.unt.edu.ar\/ingelectronica\/wp-content\/uploads\/sites\/45\/2017\/08\/labred2.jpg\" class=\"attachment-large size-large\" alt=\"\" decoding=\"async\" loading=\"lazy\" srcset=\"https:\/\/www.facet.unt.edu.ar\/ingelectronica\/wp-content\/uploads\/sites\/45\/2017\/08\/labred2.jpg 360w, https:\/\/www.facet.unt.edu.ar\/ingelectronica\/wp-content\/uploads\/sites\/45\/2017\/08\/labred2-300x167.jpg 300w\" sizes=\"(max-width: 360px) 100vw, 360px\" \/><\/a>\n\t\t\t<\/dt><\/dl><dl class='gallery-item'>\n\t\t\t<dt class='gallery-icon landscape'>\n\t\t\t\t<a href='https:\/\/www.facet.unt.edu.ar\/ingelectronica\/laboratorio-de-redes\/labred3\/#main'><img width=\"360\" height=\"200\" src=\"https:\/\/www.facet.unt.edu.ar\/ingelectronica\/wp-content\/uploads\/sites\/45\/2017\/08\/labred3.jpg\" class=\"attachment-large size-large\" alt=\"\" decoding=\"async\" loading=\"lazy\" srcset=\"https:\/\/www.facet.unt.edu.ar\/ingelectronica\/wp-content\/uploads\/sites\/45\/2017\/08\/labred3.jpg 360w, https:\/\/www.facet.unt.edu.ar\/ingelectronica\/wp-content\/uploads\/sites\/45\/2017\/08\/labred3-300x167.jpg 300w\" sizes=\"(max-width: 360px) 100vw, 360px\" \/><\/a>\n\t\t\t<\/dt><\/dl><dl class='gallery-item'>\n\t\t\t<dt class='gallery-icon landscape'>\n\t\t\t\t<a href='https:\/\/www.facet.unt.edu.ar\/ingelectronica\/laboratorio-de-redes\/labred4\/#main'><img width=\"360\" height=\"200\" src=\"https:\/\/www.facet.unt.edu.ar\/ingelectronica\/wp-content\/uploads\/sites\/45\/2017\/08\/labred4.jpg\" class=\"attachment-large size-large\" alt=\"\" decoding=\"async\" loading=\"lazy\" srcset=\"https:\/\/www.facet.unt.edu.ar\/ingelectronica\/wp-content\/uploads\/sites\/45\/2017\/08\/labred4.jpg 360w, https:\/\/www.facet.unt.edu.ar\/ingelectronica\/wp-content\/uploads\/sites\/45\/2017\/08\/labred4-300x167.jpg 300w\" sizes=\"(max-width: 360px) 100vw, 360px\" \/><\/a>\n\t\t\t<\/dt><\/dl><br style=\"clear: both\" \/>\n\t\t<\/div>\n\n<p><b>Responsable:\u00a0<\/b><a href=\"mailto:ssaade@herrera.unt.edu.ar\">Saade, Sergio Daniel<\/a><\/p>\n<p><a href=\"https:\/\/www.facet.unt.edu.ar\/ingcomputacion\/equipamiento-principal-lab-de-redes\" target=\"_blank\" rel=\"noopener\">Equipamiento Principal<\/a><\/p>\n<p>Se imparten pr\u00e1cticas\u00a0 de laboratorio para asignaturas relacionadas con redes de computadoras, transmisi\u00f3n de datos y sistemas operativos de la carrera. Adem\u00e1s es utilizado por alumnos avanzados para la realizaci\u00f3n de trabajos de graduaci\u00f3n \u00a0en temas afines a las c\u00e1tedras de redes de computadoras.<\/p>\n<p>Parte del personal del laboratorio realiza trabajos de extensi\u00f3n universitaria como Auditor\u00eda de la Infraestructura de Comunicaciones y Red de datos, Seguridad Inform\u00e1tica, \u00a0An\u00e1lisis y Dise\u00f1os de Redes de Datos de Mediana y Alta Complejidad, Internet, etc.<\/p>\n<p>Entre los principales empresas e instituciones a las que se prestaron servicios se encuentran:<\/p>\n<ul>\n<li>Minera Alumbrera Ltd. (Catamarca \u2013 Argentina)<\/li>\n<li>Poder Judicial de la Provincia de Tucum\u00e1n<\/li>\n<li>Facultad de Ciencias Econ\u00f3micas (UNT)<\/li>\n<li>Gasnor SA<\/li>\n<\/ul>\n","protected":false},"excerpt":{"rendered":"<p>Responsable:\u00a0Saade, Sergio Daniel Equipamiento Principal Se imparten pr\u00e1cticas\u00a0 de laboratorio para asignaturas relacionadas con redes de computadoras, transmisi\u00f3n de datos y sistemas operativos de la carrera. Adem\u00e1s es utilizado por alumnos avanzados para la realizaci\u00f3n de trabajos de graduaci\u00f3n \u00a0en temas afines a las c\u00e1tedras de redes de computadoras. Parte del personal del laboratorio realiza [&hellip;]<\/p>\n","protected":false},"author":101025,"featured_media":0,"parent":0,"menu_order":0,"comment_status":"closed","ping_status":"closed","template":"","meta":[],"_links":{"self":[{"href":"https:\/\/www.facet.unt.edu.ar\/ingelectronica\/wp-json\/wp\/v2\/pages\/217"}],"collection":[{"href":"https:\/\/www.facet.unt.edu.ar\/ingelectronica\/wp-json\/wp\/v2\/pages"}],"about":[{"href":"https:\/\/www.facet.unt.edu.ar\/ingelectronica\/wp-json\/wp\/v2\/types\/page"}],"author":[{"embeddable":true,"href":"https:\/\/www.facet.unt.edu.ar\/ingelectronica\/wp-json\/wp\/v2\/users\/101025"}],"replies":[{"embeddable":true,"href":"https:\/\/www.facet.unt.edu.ar\/ingelectronica\/wp-json\/wp\/v2\/comments?post=217"}],"version-history":[{"count":2,"href":"https:\/\/www.facet.unt.edu.ar\/ingelectronica\/wp-json\/wp\/v2\/pages\/217\/revisions"}],"predecessor-version":[{"id":262,"href":"https:\/\/www.facet.unt.edu.ar\/ingelectronica\/wp-json\/wp\/v2\/pages\/217\/revisions\/262"}],"wp:attachment":[{"href":"https:\/\/www.facet.unt.edu.ar\/ingelectronica\/wp-json\/wp\/v2\/media?parent=217"}],"curies":[{"name":"wp","href":"https:\/\/api.w.org\/{rel}","templated":true}]}}