{"id":223,"date":"2017-08-14T10:15:16","date_gmt":"2017-08-14T13:15:16","guid":{"rendered":"https:\/\/www.facet.unt.edu.ar\/ingelectronica\/?page_id=223"},"modified":"2017-08-14T10:32:45","modified_gmt":"2017-08-14T13:32:45","slug":"laboratorio-de-tecnicas-digitales","status":"publish","type":"page","link":"https:\/\/www.facet.unt.edu.ar\/ingelectronica\/laboratorio-de-tecnicas-digitales\/","title":{"rendered":"Lab. de T\u00e9cnicas Digitales"},"content":{"rendered":"\n\t\t<style type=\"text\/css\">\n\t\t\t#gallery-1 {\n\t\t\t\tmargin: auto;\n\t\t\t}\n\t\t\t#gallery-1 .gallery-item {\n\t\t\t\tfloat: left;\n\t\t\t\tmargin-top: 10px;\n\t\t\t\ttext-align: center;\n\t\t\t\twidth: 25%;\n\t\t\t}\n\t\t\t#gallery-1 img {\n\t\t\t\tborder: 2px solid #cfcfcf;\n\t\t\t}\n\t\t\t#gallery-1 .gallery-caption {\n\t\t\t\tmargin-left: 0;\n\t\t\t}\n\t\t\t\/* see gallery_shortcode() in wp-includes\/media.php *\/\n\t\t<\/style>\n\t\t<div id='gallery-1' class='gallery galleryid-223 gallery-columns-4 gallery-size-large'><dl class='gallery-item'>\n\t\t\t<dt class='gallery-icon landscape'>\n\t\t\t\t<a href='https:\/\/www.facet.unt.edu.ar\/ingelectronica\/laboratorio-de-tecnicas-digitales\/tecdig1\/#main'><img width=\"360\" height=\"200\" src=\"https:\/\/www.facet.unt.edu.ar\/ingelectronica\/wp-content\/uploads\/sites\/45\/2017\/08\/tecdig1.jpg\" class=\"attachment-large size-large\" alt=\"\" decoding=\"async\" loading=\"lazy\" srcset=\"https:\/\/www.facet.unt.edu.ar\/ingelectronica\/wp-content\/uploads\/sites\/45\/2017\/08\/tecdig1.jpg 360w, https:\/\/www.facet.unt.edu.ar\/ingelectronica\/wp-content\/uploads\/sites\/45\/2017\/08\/tecdig1-300x167.jpg 300w\" sizes=\"(max-width: 360px) 100vw, 360px\" \/><\/a>\n\t\t\t<\/dt><\/dl><dl class='gallery-item'>\n\t\t\t<dt class='gallery-icon landscape'>\n\t\t\t\t<a href='https:\/\/www.facet.unt.edu.ar\/ingelectronica\/laboratorio-de-tecnicas-digitales\/tecdic2\/#main'><img width=\"360\" height=\"200\" src=\"https:\/\/www.facet.unt.edu.ar\/ingelectronica\/wp-content\/uploads\/sites\/45\/2017\/08\/tecdic2.jpg\" class=\"attachment-large size-large\" alt=\"\" decoding=\"async\" loading=\"lazy\" srcset=\"https:\/\/www.facet.unt.edu.ar\/ingelectronica\/wp-content\/uploads\/sites\/45\/2017\/08\/tecdic2.jpg 360w, https:\/\/www.facet.unt.edu.ar\/ingelectronica\/wp-content\/uploads\/sites\/45\/2017\/08\/tecdic2-300x167.jpg 300w\" sizes=\"(max-width: 360px) 100vw, 360px\" \/><\/a>\n\t\t\t<\/dt><\/dl><dl class='gallery-item'>\n\t\t\t<dt class='gallery-icon landscape'>\n\t\t\t\t<a href='https:\/\/www.facet.unt.edu.ar\/ingelectronica\/laboratorio-de-tecnicas-digitales\/tecdic3\/#main'><img width=\"360\" height=\"200\" src=\"https:\/\/www.facet.unt.edu.ar\/ingelectronica\/wp-content\/uploads\/sites\/45\/2017\/08\/tecdic3.jpg\" class=\"attachment-large size-large\" alt=\"\" decoding=\"async\" loading=\"lazy\" srcset=\"https:\/\/www.facet.unt.edu.ar\/ingelectronica\/wp-content\/uploads\/sites\/45\/2017\/08\/tecdic3.jpg 360w, https:\/\/www.facet.unt.edu.ar\/ingelectronica\/wp-content\/uploads\/sites\/45\/2017\/08\/tecdic3-300x167.jpg 300w\" sizes=\"(max-width: 360px) 100vw, 360px\" \/><\/a>\n\t\t\t<\/dt><\/dl><dl class='gallery-item'>\n\t\t\t<dt class='gallery-icon landscape'>\n\t\t\t\t<a href='https:\/\/www.facet.unt.edu.ar\/ingelectronica\/laboratorio-de-tecnicas-digitales\/tecdic4\/#main'><img width=\"360\" height=\"200\" src=\"https:\/\/www.facet.unt.edu.ar\/ingelectronica\/wp-content\/uploads\/sites\/45\/2017\/08\/tecdic4.jpg\" class=\"attachment-large size-large\" alt=\"\" decoding=\"async\" loading=\"lazy\" srcset=\"https:\/\/www.facet.unt.edu.ar\/ingelectronica\/wp-content\/uploads\/sites\/45\/2017\/08\/tecdic4.jpg 360w, https:\/\/www.facet.unt.edu.ar\/ingelectronica\/wp-content\/uploads\/sites\/45\/2017\/08\/tecdic4-300x167.jpg 300w\" sizes=\"(max-width: 360px) 100vw, 360px\" \/><\/a>\n\t\t\t<\/dt><\/dl><br style=\"clear: both\" \/>\n\t\t<\/div>\n\n<p><strong>Responsable<\/strong>:\u00a0<a href=\"mailto:gsavino@herrera.unt.edu.ar\">Savino, Guillermo Vicente<\/a><\/p>\n<p><a href=\"https:\/\/www.facet.unt.edu.ar\/ingcomputacion\/equipamiento-principal-lab-de-tec-dig\" target=\"_blank\" rel=\"noopener\">Equipamiento Principal<\/a><\/p>\n<p>Se imparten pr\u00e1cticas de laboratorio para asignaturas relacionadas con Sistemas Electr\u00f3nicos Digitales, Sistemas Din\u00e1micos No Lineales y Sistemas Embebidos para las carreras de Ing. Electr\u00f3nica, Computaci\u00f3n y Biom\u00e9dica. Adem\u00e1s es utilizado por alumnos avanzados para la realizaci\u00f3n de trabajos de graduaci\u00f3n en temas afines a las c\u00e1tedras de Electr\u00f3nica Digital y Dise\u00f1o L\u00f3gico.<\/p>\n<p>Parte del personal del laboratorio realiza trabajos de investigaci\u00f3n y desarrollo.<\/p>\n","protected":false},"excerpt":{"rendered":"<p>Responsable:\u00a0Savino, Guillermo Vicente Equipamiento Principal Se imparten pr\u00e1cticas de laboratorio para asignaturas relacionadas con Sistemas Electr\u00f3nicos Digitales, Sistemas Din\u00e1micos No Lineales y Sistemas Embebidos para las carreras de Ing. Electr\u00f3nica, Computaci\u00f3n y Biom\u00e9dica. Adem\u00e1s es utilizado por alumnos avanzados para la realizaci\u00f3n de trabajos de graduaci\u00f3n en temas afines a las c\u00e1tedras de Electr\u00f3nica Digital [&hellip;]<\/p>\n","protected":false},"author":101025,"featured_media":0,"parent":0,"menu_order":0,"comment_status":"closed","ping_status":"closed","template":"","meta":[],"_links":{"self":[{"href":"https:\/\/www.facet.unt.edu.ar\/ingelectronica\/wp-json\/wp\/v2\/pages\/223"}],"collection":[{"href":"https:\/\/www.facet.unt.edu.ar\/ingelectronica\/wp-json\/wp\/v2\/pages"}],"about":[{"href":"https:\/\/www.facet.unt.edu.ar\/ingelectronica\/wp-json\/wp\/v2\/types\/page"}],"author":[{"embeddable":true,"href":"https:\/\/www.facet.unt.edu.ar\/ingelectronica\/wp-json\/wp\/v2\/users\/101025"}],"replies":[{"embeddable":true,"href":"https:\/\/www.facet.unt.edu.ar\/ingelectronica\/wp-json\/wp\/v2\/comments?post=223"}],"version-history":[{"count":2,"href":"https:\/\/www.facet.unt.edu.ar\/ingelectronica\/wp-json\/wp\/v2\/pages\/223\/revisions"}],"predecessor-version":[{"id":263,"href":"https:\/\/www.facet.unt.edu.ar\/ingelectronica\/wp-json\/wp\/v2\/pages\/223\/revisions\/263"}],"wp:attachment":[{"href":"https:\/\/www.facet.unt.edu.ar\/ingelectronica\/wp-json\/wp\/v2\/media?parent=223"}],"curies":[{"name":"wp","href":"https:\/\/api.w.org\/{rel}","templated":true}]}}