{"id":231,"date":"2017-08-14T10:19:33","date_gmt":"2017-08-14T13:19:33","guid":{"rendered":"https:\/\/www.facet.unt.edu.ar\/ingelectronica\/?page_id=231"},"modified":"2017-08-14T10:32:24","modified_gmt":"2017-08-14T13:32:24","slug":"laboratorio-de-procesamiento-digital-de-la-informacion","status":"publish","type":"page","link":"https:\/\/www.facet.unt.edu.ar\/ingelectronica\/laboratorio-de-procesamiento-digital-de-la-informacion\/","title":{"rendered":"Lab. de Procesamiento Digital de la Informaci\u00f3n"},"content":{"rendered":"\n\t\t<style type=\"text\/css\">\n\t\t\t#gallery-1 {\n\t\t\t\tmargin: auto;\n\t\t\t}\n\t\t\t#gallery-1 .gallery-item {\n\t\t\t\tfloat: left;\n\t\t\t\tmargin-top: 10px;\n\t\t\t\ttext-align: center;\n\t\t\t\twidth: 25%;\n\t\t\t}\n\t\t\t#gallery-1 img {\n\t\t\t\tborder: 2px solid #cfcfcf;\n\t\t\t}\n\t\t\t#gallery-1 .gallery-caption {\n\t\t\t\tmargin-left: 0;\n\t\t\t}\n\t\t\t\/* see gallery_shortcode() in wp-includes\/media.php *\/\n\t\t<\/style>\n\t\t<div id='gallery-1' class='gallery galleryid-231 gallery-columns-4 gallery-size-large'><dl class='gallery-item'>\n\t\t\t<dt class='gallery-icon landscape'>\n\t\t\t\t<a href='https:\/\/www.facet.unt.edu.ar\/ingelectronica\/laboratorio-de-procesamiento-digital-de-la-informacion\/labproc1\/#main'><img width=\"360\" height=\"200\" src=\"https:\/\/www.facet.unt.edu.ar\/ingelectronica\/wp-content\/uploads\/sites\/45\/2017\/08\/labproc1.jpg\" class=\"attachment-large size-large\" alt=\"\" decoding=\"async\" loading=\"lazy\" srcset=\"https:\/\/www.facet.unt.edu.ar\/ingelectronica\/wp-content\/uploads\/sites\/45\/2017\/08\/labproc1.jpg 360w, https:\/\/www.facet.unt.edu.ar\/ingelectronica\/wp-content\/uploads\/sites\/45\/2017\/08\/labproc1-300x167.jpg 300w\" sizes=\"(max-width: 360px) 100vw, 360px\" \/><\/a>\n\t\t\t<\/dt><\/dl><dl class='gallery-item'>\n\t\t\t<dt class='gallery-icon landscape'>\n\t\t\t\t<a href='https:\/\/www.facet.unt.edu.ar\/ingelectronica\/laboratorio-de-procesamiento-digital-de-la-informacion\/labproc2\/#main'><img width=\"360\" height=\"200\" src=\"https:\/\/www.facet.unt.edu.ar\/ingelectronica\/wp-content\/uploads\/sites\/45\/2017\/08\/labproc2.jpg\" class=\"attachment-large size-large\" alt=\"\" decoding=\"async\" loading=\"lazy\" srcset=\"https:\/\/www.facet.unt.edu.ar\/ingelectronica\/wp-content\/uploads\/sites\/45\/2017\/08\/labproc2.jpg 360w, https:\/\/www.facet.unt.edu.ar\/ingelectronica\/wp-content\/uploads\/sites\/45\/2017\/08\/labproc2-300x167.jpg 300w\" sizes=\"(max-width: 360px) 100vw, 360px\" \/><\/a>\n\t\t\t<\/dt><\/dl><dl class='gallery-item'>\n\t\t\t<dt class='gallery-icon landscape'>\n\t\t\t\t<a href='https:\/\/www.facet.unt.edu.ar\/ingelectronica\/laboratorio-de-procesamiento-digital-de-la-informacion\/labproc3\/#main'><img width=\"360\" height=\"200\" src=\"https:\/\/www.facet.unt.edu.ar\/ingelectronica\/wp-content\/uploads\/sites\/45\/2017\/08\/labproc3.jpg\" class=\"attachment-large size-large\" alt=\"\" decoding=\"async\" loading=\"lazy\" srcset=\"https:\/\/www.facet.unt.edu.ar\/ingelectronica\/wp-content\/uploads\/sites\/45\/2017\/08\/labproc3.jpg 360w, https:\/\/www.facet.unt.edu.ar\/ingelectronica\/wp-content\/uploads\/sites\/45\/2017\/08\/labproc3-300x167.jpg 300w\" sizes=\"(max-width: 360px) 100vw, 360px\" \/><\/a>\n\t\t\t<\/dt><\/dl><dl class='gallery-item'>\n\t\t\t<dt class='gallery-icon landscape'>\n\t\t\t\t<a href='https:\/\/www.facet.unt.edu.ar\/ingelectronica\/laboratorio-de-procesamiento-digital-de-la-informacion\/labproc4\/#main'><img width=\"360\" height=\"200\" src=\"https:\/\/www.facet.unt.edu.ar\/ingelectronica\/wp-content\/uploads\/sites\/45\/2017\/08\/labproc4.jpg\" class=\"attachment-large size-large\" alt=\"\" decoding=\"async\" loading=\"lazy\" srcset=\"https:\/\/www.facet.unt.edu.ar\/ingelectronica\/wp-content\/uploads\/sites\/45\/2017\/08\/labproc4.jpg 360w, https:\/\/www.facet.unt.edu.ar\/ingelectronica\/wp-content\/uploads\/sites\/45\/2017\/08\/labproc4-300x167.jpg 300w\" sizes=\"(max-width: 360px) 100vw, 360px\" \/><\/a>\n\t\t\t<\/dt><\/dl><br style=\"clear: both\" \/>\n\t\t<\/div>\n\n<p><strong>Responsable<\/strong>:\u00a0<a href=\"mailto:lpdi@herrera.unt.edu.ar\">Ferrao, Hilda Noem\u00ed<\/a><\/p>\n<p><a href=\"https:\/\/www.facet.unt.edu.ar\/ingcomputacion\/equipamiento-principal-lab-proc-dig-de-la-inf\" target=\"_blank\" rel=\"noopener\">Equipamiento Principal<\/a><\/p>\n<p>Se imparten pr\u00e1cticas de laboratorio para asignaturas relacionadas el procesamiento digital de se\u00f1ales para las carreras de Ing. Electr\u00f3nica, Ing. en Computaci\u00f3n, Ing. Biom\u00e9dica e Ing. Electricista. Adem\u00e1s es utilizado por alumnos avanzados para la realizaci\u00f3n de trabajos de graduaci\u00f3n en temas afines a las c\u00e1tedras de redes de computadoras.<\/p>\n<p>Parte del personal del laboratorio realiza trabajos de investigaci\u00f3n en el \u00e1rea.<\/p>\n<p>En el \u00e1rea Docencia se desarrollan: Pr\u00e1cticas de Laboratorio de Software y Hardware en Procesamiento Digital de Se\u00f1ales. Realizaci\u00f3n de Proyectos Integradores de las Asignaturas Profesionales Electivas: Procesamiento Digital de Se\u00f1ales, Electr\u00f3nica para Procesamiento, Bases de Procesamiento Digital de Se\u00f1ales y Introducci\u00f3n a Sistemas de Tiempo Discreto. Desarrollos de Software y Hardware aplicado a Trabajos de Graduaci\u00f3n de las Carreras de Grado.<\/p>\n<p>En el \u00e1rea investigaci\u00f3n y postgrado se desarrollan: Trabajos de investigaci\u00f3n y desarrollo, pr\u00e1cticas, ensayos y mediciones en el \u00e1rea Procesamiento Digital de Se\u00f1ales, en el marco del proyecto de investigaci\u00f3n, convenios y transferencias.<\/p>\n<p>En el Laboratorio se\u00a0dispone adem\u00e1s, de bancos de trabajo con protecci\u00f3n el\u00e9ctrica diferencial y 2 tableros con llaves termomagn\u00e9ticas y puesta a tierra independientes del tablero central del piso.<\/p>\n","protected":false},"excerpt":{"rendered":"<p>Responsable:\u00a0Ferrao, Hilda Noem\u00ed Equipamiento Principal Se imparten pr\u00e1cticas de laboratorio para asignaturas relacionadas el procesamiento digital de se\u00f1ales para las carreras de Ing. Electr\u00f3nica, Ing. en Computaci\u00f3n, Ing. Biom\u00e9dica e Ing. Electricista. Adem\u00e1s es utilizado por alumnos avanzados para la realizaci\u00f3n de trabajos de graduaci\u00f3n en temas afines a las c\u00e1tedras de redes de computadoras. [&hellip;]<\/p>\n","protected":false},"author":101025,"featured_media":0,"parent":0,"menu_order":0,"comment_status":"closed","ping_status":"closed","template":"","meta":[],"_links":{"self":[{"href":"https:\/\/www.facet.unt.edu.ar\/ingelectronica\/wp-json\/wp\/v2\/pages\/231"}],"collection":[{"href":"https:\/\/www.facet.unt.edu.ar\/ingelectronica\/wp-json\/wp\/v2\/pages"}],"about":[{"href":"https:\/\/www.facet.unt.edu.ar\/ingelectronica\/wp-json\/wp\/v2\/types\/page"}],"author":[{"embeddable":true,"href":"https:\/\/www.facet.unt.edu.ar\/ingelectronica\/wp-json\/wp\/v2\/users\/101025"}],"replies":[{"embeddable":true,"href":"https:\/\/www.facet.unt.edu.ar\/ingelectronica\/wp-json\/wp\/v2\/comments?post=231"}],"version-history":[{"count":2,"href":"https:\/\/www.facet.unt.edu.ar\/ingelectronica\/wp-json\/wp\/v2\/pages\/231\/revisions"}],"predecessor-version":[{"id":260,"href":"https:\/\/www.facet.unt.edu.ar\/ingelectronica\/wp-json\/wp\/v2\/pages\/231\/revisions\/260"}],"wp:attachment":[{"href":"https:\/\/www.facet.unt.edu.ar\/ingelectronica\/wp-json\/wp\/v2\/media?parent=231"}],"curies":[{"name":"wp","href":"https:\/\/api.w.org\/{rel}","templated":true}]}}