{"id":237,"date":"2017-08-14T10:22:28","date_gmt":"2017-08-14T13:22:28","guid":{"rendered":"https:\/\/www.facet.unt.edu.ar\/ingelectronica\/?page_id=237"},"modified":"2017-08-14T10:32:00","modified_gmt":"2017-08-14T13:32:00","slug":"gabinete-de-informatica-i","status":"publish","type":"page","link":"https:\/\/www.facet.unt.edu.ar\/ingelectronica\/gabinete-de-informatica-i\/","title":{"rendered":"Gab. de Inform\u00e1tica I"},"content":{"rendered":"\n\t\t<style type=\"text\/css\">\n\t\t\t#gallery-1 {\n\t\t\t\tmargin: auto;\n\t\t\t}\n\t\t\t#gallery-1 .gallery-item {\n\t\t\t\tfloat: left;\n\t\t\t\tmargin-top: 10px;\n\t\t\t\ttext-align: center;\n\t\t\t\twidth: 33%;\n\t\t\t}\n\t\t\t#gallery-1 img {\n\t\t\t\tborder: 2px solid #cfcfcf;\n\t\t\t}\n\t\t\t#gallery-1 .gallery-caption {\n\t\t\t\tmargin-left: 0;\n\t\t\t}\n\t\t\t\/* see gallery_shortcode() in wp-includes\/media.php *\/\n\t\t<\/style>\n\t\t<div id='gallery-1' class='gallery galleryid-237 gallery-columns-3 gallery-size-large'><dl class='gallery-item'>\n\t\t\t<dt class='gallery-icon landscape'>\n\t\t\t\t<a href='https:\/\/www.facet.unt.edu.ar\/ingelectronica\/gabinete-de-informatica-i\/gab11\/#main'><img width=\"360\" height=\"200\" src=\"https:\/\/www.facet.unt.edu.ar\/ingelectronica\/wp-content\/uploads\/sites\/45\/2017\/08\/gab11.jpg\" class=\"attachment-large size-large\" alt=\"\" decoding=\"async\" loading=\"lazy\" srcset=\"https:\/\/www.facet.unt.edu.ar\/ingelectronica\/wp-content\/uploads\/sites\/45\/2017\/08\/gab11.jpg 360w, https:\/\/www.facet.unt.edu.ar\/ingelectronica\/wp-content\/uploads\/sites\/45\/2017\/08\/gab11-300x167.jpg 300w\" sizes=\"(max-width: 360px) 100vw, 360px\" \/><\/a>\n\t\t\t<\/dt><\/dl><dl class='gallery-item'>\n\t\t\t<dt class='gallery-icon landscape'>\n\t\t\t\t<a href='https:\/\/www.facet.unt.edu.ar\/ingelectronica\/gabinete-de-informatica-i\/gab12\/#main'><img width=\"360\" height=\"200\" src=\"https:\/\/www.facet.unt.edu.ar\/ingelectronica\/wp-content\/uploads\/sites\/45\/2017\/08\/gab12.jpg\" class=\"attachment-large size-large\" alt=\"\" decoding=\"async\" loading=\"lazy\" srcset=\"https:\/\/www.facet.unt.edu.ar\/ingelectronica\/wp-content\/uploads\/sites\/45\/2017\/08\/gab12.jpg 360w, https:\/\/www.facet.unt.edu.ar\/ingelectronica\/wp-content\/uploads\/sites\/45\/2017\/08\/gab12-300x167.jpg 300w\" sizes=\"(max-width: 360px) 100vw, 360px\" \/><\/a>\n\t\t\t<\/dt><\/dl><dl class='gallery-item'>\n\t\t\t<dt class='gallery-icon landscape'>\n\t\t\t\t<a href='https:\/\/www.facet.unt.edu.ar\/ingelectronica\/gabinete-de-informatica-i\/ga13\/#main'><img width=\"360\" height=\"200\" src=\"https:\/\/www.facet.unt.edu.ar\/ingelectronica\/wp-content\/uploads\/sites\/45\/2017\/08\/ga13.jpg\" class=\"attachment-large size-large\" alt=\"\" decoding=\"async\" loading=\"lazy\" srcset=\"https:\/\/www.facet.unt.edu.ar\/ingelectronica\/wp-content\/uploads\/sites\/45\/2017\/08\/ga13.jpg 360w, https:\/\/www.facet.unt.edu.ar\/ingelectronica\/wp-content\/uploads\/sites\/45\/2017\/08\/ga13-300x167.jpg 300w\" sizes=\"(max-width: 360px) 100vw, 360px\" \/><\/a>\n\t\t\t<\/dt><\/dl><br style=\"clear: both\" \/>\n\t\t<\/div>\n\n<p><strong>Responsable<\/strong>:\u00a0<a href=\"mailto:jsteifensand@herrera.unt.edu.ar\">Steifensand, Jorge<\/a><\/p>\n<p><a href=\"https:\/\/www.facet.unt.edu.ar\/ingcomputacion\/equipamiento-principal-gab-de-informatica-i\" target=\"_blank\" rel=\"noopener\">Equipamiento Principal<\/a><\/p>\n<p>Se imparten pr\u00e1cticas de laboratorio para asignaturas relacionadas con Inform\u00e1tica y Programaci\u00f3n de las Carreras de Ing. en Computaci\u00f3n, Ing. Electr\u00f3nica, Ing. Electricista e Ing. Biom\u00e9dica.<\/p>\n<p>Tambi\u00e9n se imparten pr\u00e1cticas de cursos del ciclo superior de Ing. en Computaci\u00f3n tales como Bases de Datos, Ing. de Software, etc.<\/p>\n<p>En este laboratorio tambi\u00e9n se imparten Seminarios y Cursos de Extensi\u00f3n Universitaria.<\/p>\n","protected":false},"excerpt":{"rendered":"<p>Responsable:\u00a0Steifensand, Jorge Equipamiento Principal Se imparten pr\u00e1cticas de laboratorio para asignaturas relacionadas con Inform\u00e1tica y Programaci\u00f3n de las Carreras de Ing. en Computaci\u00f3n, Ing. Electr\u00f3nica, Ing. Electricista e Ing. Biom\u00e9dica. Tambi\u00e9n se imparten pr\u00e1cticas de cursos del ciclo superior de Ing. en Computaci\u00f3n tales como Bases de Datos, Ing. de Software, etc. En este laboratorio [&hellip;]<\/p>\n","protected":false},"author":101025,"featured_media":0,"parent":0,"menu_order":0,"comment_status":"closed","ping_status":"closed","template":"","meta":[],"_links":{"self":[{"href":"https:\/\/www.facet.unt.edu.ar\/ingelectronica\/wp-json\/wp\/v2\/pages\/237"}],"collection":[{"href":"https:\/\/www.facet.unt.edu.ar\/ingelectronica\/wp-json\/wp\/v2\/pages"}],"about":[{"href":"https:\/\/www.facet.unt.edu.ar\/ingelectronica\/wp-json\/wp\/v2\/types\/page"}],"author":[{"embeddable":true,"href":"https:\/\/www.facet.unt.edu.ar\/ingelectronica\/wp-json\/wp\/v2\/users\/101025"}],"replies":[{"embeddable":true,"href":"https:\/\/www.facet.unt.edu.ar\/ingelectronica\/wp-json\/wp\/v2\/comments?post=237"}],"version-history":[{"count":2,"href":"https:\/\/www.facet.unt.edu.ar\/ingelectronica\/wp-json\/wp\/v2\/pages\/237\/revisions"}],"predecessor-version":[{"id":257,"href":"https:\/\/www.facet.unt.edu.ar\/ingelectronica\/wp-json\/wp\/v2\/pages\/237\/revisions\/257"}],"wp:attachment":[{"href":"https:\/\/www.facet.unt.edu.ar\/ingelectronica\/wp-json\/wp\/v2\/media?parent=237"}],"curies":[{"name":"wp","href":"https:\/\/api.w.org\/{rel}","templated":true}]}}