{"id":65,"date":"2014-08-04T09:14:33","date_gmt":"2014-08-04T12:14:33","guid":{"rendered":"https:\/\/www.facet.unt.edu.ar\/ingelectronica\/home\/"},"modified":"2017-08-03T10:33:17","modified_gmt":"2017-08-03T13:33:17","slug":"home","status":"publish","type":"page","link":"https:\/\/www.facet.unt.edu.ar\/ingelectronica\/","title":{"rendered":"Home"},"content":{"rendered":"<div id=\"pl-65\"  class=\"panel-layout\" ><div id=\"pg-65-0\"  class=\"panel-grid panel-has-style\" ><div class=\"wide-grey panel-row-style panel-row-style-for-65-0\" ><div id=\"pgc-65-0-0\"  class=\"panel-grid-cell\" ><div id=\"panel-65-0-0-0\" class=\"so-panel widget widget_headline-widget panel-first-child\" data-index=\"0\" >\t\t<h1>\u00bfQUE ES LA INGENIER\u00cdA ELECTR\u00d3NICA? <\/h1>\n\t\t<div class=\"decoration\"><div class=\"decoration-inside\"><\/div><\/div>\n\t\t<h3>Es la rama de la ingenier\u00eda que se encarga de dise\u00f1ar e implementar cualquier equipo electr\u00f3nico, desde celulares que caben en el bolsillo hasta aviones que surcan los aires. El avance tecnol\u00f3gico de las \u00faltimas d\u00e9cadas est\u00e1 basado en la electr\u00f3nica, no se concibe actividad en la que no intervenga. Nuestra realidad se ve cada vez m\u00e1s influida y modelada por la tecnolog\u00eda. La electr\u00f3nica y sus aplicaciones rigen gran parte de nuestras vidas bajo una din\u00e1mica distinta. <\/h3>\n\t\t<\/div><div id=\"panel-65-0-0-1\" class=\"so-panel widget widget_headline-widget panel-last-child\" data-index=\"1\" >\t\t<h1>PERFIL DEL INGENIERO ELECTR\u00d3NICO<\/h1>\n\t\t<div class=\"decoration\"><div class=\"decoration-inside\"><\/div><\/div>\n\t\t<h3>Su actividad es creativa e innovadora y consiste en encontrar la forma de hacer cierta tarea o crear objetos que antes de su intervenci\u00f3n no exist\u00edan. Los ingenieros electr\u00f3nicos dise\u00f1an y desarrollan equipos y sistemas de: comunicaciones, control, automatismo,  inform\u00e1tica, audio y video, entre otros.<\/h3>\n\t\t<\/div><\/div><\/div><\/div><div id=\"pg-65-1\"  class=\"panel-grid panel-no-style\" ><div id=\"pgc-65-1-0\"  class=\"panel-grid-cell panel-grid-cell-empty\" ><\/div><div id=\"pgc-65-1-1\"  class=\"panel-grid-cell panel-grid-cell-mobile-last\" ><div id=\"panel-65-1-1-0\" class=\"so-panel widget widget_circleicon-widget panel-first-child panel-last-child\" data-index=\"2\" >\t\t<div class=\"circle-icon-box circle-icon-position-top circle-icon-hide-box circle-icon-size-large\">\n\t\t\t<div class=\"circle-icon-wrapper\">\n\t\t\t\t<a href=\"https:\/\/youtu.be\/tEYVibvyy4k\" class=\"link-icon\" >\t\t\t\t<div class=\"circle-icon icon-style-set\" style=\"background-color: #1e73be\">\n\t\t\t\t\t<div class=\"fa fa-video-camera icon-color-set\" style=\"color: #ffffff\"><\/div>\t\t\t\t<\/div>\n\t\t\t\t<\/a>\t\t\t<\/div>\n\n\t\t\t<a href=\"https:\/\/youtu.be\/tEYVibvyy4k\" class=\"link-title\" >\t\t\t<h4 >Nuestro video institucional<\/h4>\t\t\t<\/a>\n\t\t\t\t\t\t\t\t\t\t<a href=\"https:\/\/youtu.be\/tEYVibvyy4k\" class=\"more-button\" >Ver <i><\/i><\/a>\n\t\t\t\t\t<\/div>\n\t\t<\/div><\/div><div id=\"pgc-65-1-2\"  class=\"panel-grid-cell panel-grid-cell-empty\" ><\/div><\/div><div id=\"pg-65-2\"  class=\"panel-grid panel-no-style\" ><div id=\"pgc-65-2-0\"  class=\"panel-grid-cell panel-grid-cell-empty panel-grid-cell-mobile-last\" ><\/div><div id=\"pgc-65-2-1\"  class=\"panel-grid-cell panel-grid-cell-empty\" ><\/div><\/div><\/div>","protected":false},"excerpt":{"rendered":"<p>\u00bfQUE ES LA INGENIER\u00cdA ELECTR\u00d3NICA? Es la rama de la ingenier\u00eda que se encarga de dise\u00f1ar e implementar cualquier equipo electr\u00f3nico, desde celulares que caben en el bolsillo hasta aviones que surcan los aires. El avance tecnol\u00f3gico de las \u00faltimas d\u00e9cadas est\u00e1 basado en la electr\u00f3nica, no se concibe actividad en la que no intervenga. [&hellip;]<\/p>\n","protected":false},"author":1,"featured_media":0,"parent":0,"menu_order":0,"comment_status":"closed","ping_status":"open","template":"home-panels.php","meta":[],"_links":{"self":[{"href":"https:\/\/www.facet.unt.edu.ar\/ingelectronica\/wp-json\/wp\/v2\/pages\/65"}],"collection":[{"href":"https:\/\/www.facet.unt.edu.ar\/ingelectronica\/wp-json\/wp\/v2\/pages"}],"about":[{"href":"https:\/\/www.facet.unt.edu.ar\/ingelectronica\/wp-json\/wp\/v2\/types\/page"}],"author":[{"embeddable":true,"href":"https:\/\/www.facet.unt.edu.ar\/ingelectronica\/wp-json\/wp\/v2\/users\/1"}],"replies":[{"embeddable":true,"href":"https:\/\/www.facet.unt.edu.ar\/ingelectronica\/wp-json\/wp\/v2\/comments?post=65"}],"version-history":[{"count":1,"href":"https:\/\/www.facet.unt.edu.ar\/ingelectronica\/wp-json\/wp\/v2\/pages\/65\/revisions"}],"predecessor-version":[{"id":143,"href":"https:\/\/www.facet.unt.edu.ar\/ingelectronica\/wp-json\/wp\/v2\/pages\/65\/revisions\/143"}],"wp:attachment":[{"href":"https:\/\/www.facet.unt.edu.ar\/ingelectronica\/wp-json\/wp\/v2\/media?parent=65"}],"curies":[{"name":"wp","href":"https:\/\/api.w.org\/{rel}","templated":true}]}}