{"id":95,"date":"2017-04-05T16:37:21","date_gmt":"2017-04-05T19:37:21","guid":{"rendered":"https:\/\/www.facet.unt.edu.ar\/ingelectronica\/?page_id=95"},"modified":"2017-08-01T12:16:33","modified_gmt":"2017-08-01T15:16:33","slug":"campo-laboral","status":"publish","type":"page","link":"https:\/\/www.facet.unt.edu.ar\/ingelectronica\/campo-laboral\/","title":{"rendered":"Campo Laboral"},"content":{"rendered":"<p><strong><span style=\"color: #3366ff\">El campo laboral de los Ingenieros Electr\u00f3nicos incluye:<\/span><\/strong><\/p>\n<ul>\n<li>Creaci\u00f3n de su propia Empresa.<\/li>\n<li>Organizaciones o empresas p\u00fablicas.<\/li>\n<li>Industrias Citr\u00edcolas, Azucareras, Mineras, Petroleras.<\/li>\n<li>Bancos, Empresas de Telefon\u00eda Fija y m\u00f3vil, Hospitales etc.<\/li>\n<li>Ejercicio\u00a0 profesional\u00a0 independiente<\/li>\n<\/ul>\n<p><strong><span style=\"color: #3366ff\">Empresas donde trabajan actualmente nuestros egresados:<\/span><\/strong><\/p>\n<p>Telecom, Telef\u00f3nica, Claro, Personal, Mina Alumbrera,\u00a0 Oficina de Patentes de USA, Universidad de Stanford, NOKIA Finlandia, Cisco, SUN, Techint, Apple, Schlumberger, YPF,\u00a0 Azucarera Ledesma.<\/p>\n","protected":false},"excerpt":{"rendered":"<p>El campo laboral de los Ingenieros Electr\u00f3nicos incluye: Creaci\u00f3n de su propia Empresa. Organizaciones o empresas p\u00fablicas. Industrias Citr\u00edcolas, Azucareras, Mineras, Petroleras. Bancos, Empresas de Telefon\u00eda Fija y m\u00f3vil, Hospitales etc. Ejercicio\u00a0 profesional\u00a0 independiente Empresas donde trabajan actualmente nuestros egresados: Telecom, Telef\u00f3nica, Claro, Personal, Mina Alumbrera,\u00a0 Oficina de Patentes de USA, Universidad de Stanford, NOKIA [&hellip;]<\/p>\n","protected":false},"author":101025,"featured_media":0,"parent":0,"menu_order":0,"comment_status":"closed","ping_status":"closed","template":"","meta":[],"_links":{"self":[{"href":"https:\/\/www.facet.unt.edu.ar\/ingelectronica\/wp-json\/wp\/v2\/pages\/95"}],"collection":[{"href":"https:\/\/www.facet.unt.edu.ar\/ingelectronica\/wp-json\/wp\/v2\/pages"}],"about":[{"href":"https:\/\/www.facet.unt.edu.ar\/ingelectronica\/wp-json\/wp\/v2\/types\/page"}],"author":[{"embeddable":true,"href":"https:\/\/www.facet.unt.edu.ar\/ingelectronica\/wp-json\/wp\/v2\/users\/101025"}],"replies":[{"embeddable":true,"href":"https:\/\/www.facet.unt.edu.ar\/ingelectronica\/wp-json\/wp\/v2\/comments?post=95"}],"version-history":[{"count":3,"href":"https:\/\/www.facet.unt.edu.ar\/ingelectronica\/wp-json\/wp\/v2\/pages\/95\/revisions"}],"predecessor-version":[{"id":160,"href":"https:\/\/www.facet.unt.edu.ar\/ingelectronica\/wp-json\/wp\/v2\/pages\/95\/revisions\/160"}],"wp:attachment":[{"href":"https:\/\/www.facet.unt.edu.ar\/ingelectronica\/wp-json\/wp\/v2\/media?parent=95"}],"curies":[{"name":"wp","href":"https:\/\/api.w.org\/{rel}","templated":true}]}}