{"id":99,"date":"2017-04-05T16:38:19","date_gmt":"2017-04-05T19:38:19","guid":{"rendered":"https:\/\/www.facet.unt.edu.ar\/ingelectronica\/?page_id=99"},"modified":"2019-08-29T09:11:16","modified_gmt":"2019-08-29T12:11:16","slug":"sitios-de-catedras","status":"publish","type":"page","link":"https:\/\/www.facet.unt.edu.ar\/ingelectronica\/sitios-de-catedras\/","title":{"rendered":"Sitios de C\u00e1tedras"},"content":{"rendered":"<table width=\"425\">\n<tbody>\n<tr>\n<td width=\"425\"><a href=\"http:\/\/facetvirtual.facet.unt.edu.ar\/enrol\/index.php?id=131\">Circuitos El\u00e9ctricos I<\/a><\/td>\n<\/tr>\n<tr>\n<td>Circuitos El\u00e9ctricos II<\/td>\n<\/tr>\n<tr>\n<td><a href=\"http:\/\/facetvirtual.facet.unt.edu.ar\/enrol\/index.php?id=43\">Circuitos El\u00e9ctricos III<\/a><\/td>\n<\/tr>\n<tr>\n<td><a href=\"http:\/\/facetvirtual.facet.unt.edu.ar\/enrol\/index.php?id=88\">Mediciones El\u00e9ctricas<\/a><\/td>\n<\/tr>\n<tr>\n<td><a href=\"http:\/\/facetvirtual.facet.unt.edu.ar\/course\/view.php?id=87\">Materiales El\u00e9ctricos<\/a><\/td>\n<\/tr>\n<tr>\n<td><a href=\"https:\/\/catedras.facet.unt.edu.ar\/e1\/\">Electr\u00f3nica I<\/a><\/td>\n<\/tr>\n<tr>\n<td><a href=\"http:\/\/facetvirtual.facet.unt.edu.ar\/enrol\/index.php?id=164\">Electr\u00f3nica II<\/a><\/td>\n<\/tr>\n<tr>\n<td>Electr\u00f3nica III<\/td>\n<\/tr>\n<tr>\n<td><a href=\"http:\/\/facetvirtual.facet.unt.edu.ar\/course\/view.php?id=165\">Electr\u00f3nica IV<\/a><\/td>\n<\/tr>\n<tr>\n<td><a href=\"http:\/\/facetvirtual.facet.unt.edu.ar\/enrol\/index.php?id=181\">Instalaciones El\u00e9ctricas<\/a><\/td>\n<\/tr>\n<tr>\n<td><a href=\"http:\/\/facetvirtual.facet.unt.edu.ar\/course\/view.php?id=74\">Dispositivos Electr\u00f3nicos<\/a><\/td>\n<\/tr>\n<tr>\n<td><a href=\"https:\/\/catedras.facet.unt.edu.ar\/senialeselectricas\">Se\u00f1ales el\u00e9ctricas<\/a><\/td>\n<\/tr>\n<tr>\n<td><a href=\"https:\/\/catedras.facet.unt.edu.ar\/labtel\/catedra\/electromagnetismo-i\/\">Electromagnetismo I<\/a><\/td>\n<\/tr>\n<tr>\n<td><a href=\"http:\/\/facetvirtual.facet.unt.edu.ar\/enrol\/index.php?id=194\">M\u00e1quinas El\u00e9ctricas<\/a><\/td>\n<\/tr>\n<tr>\n<td><a href=\"https:\/\/catedras.facet.unt.edu.ar\/sist-control1\/\">Sistemas de Control I<\/a><\/td>\n<\/tr>\n<tr>\n<td><a href=\"http:\/\/facetvirtual.facet.unt.edu.ar\/enrol\/index.php?id=16\">Procesamiento Digital de Se\u00f1ales<\/a><\/td>\n<\/tr>\n<tr>\n<td><a href=\"http:\/\/www.facetvirtual.unt.edu.ar\/enrol\/index.php?id=109\">Administraci\u00f3n de Proyectos<\/a><\/td>\n<\/tr>\n<tr>\n<td><a href=\"https:\/\/catedras.facet.unt.edu.ar\/gasoys\/\">Gesti\u00f3n Ambiental, Salud Ocupacional y Seguridad<\/a><\/td>\n<\/tr>\n<tr>\n<td><a href=\"http:\/\/www.facetvirtual.unt.edu.ar\/course\/view.php?id=164\">Dise\u00f1o l\u00f3gico I<\/a><\/td>\n<\/tr>\n<tr>\n<td><a href=\"http:\/\/microprocesadores.unt.edu.ar\/procesadores\/\">Laboratorio de Microprocesadores<\/a><\/td>\n<\/tr>\n<tr>\n<td><a href=\"http:\/\/catedras.facet.unt.edu.ar\/labtel\/es\/electro-comuni-descripcion-general\/\">Electr\u00f3nica de comunicaciones I\u00a0<\/a><\/td>\n<\/tr>\n<tr>\n<td><a href=\"http:\/\/catedras.facet.unt.edu.ar\/epot\/\">Electr\u00f3nica de potencia<\/a><\/td>\n<\/tr>\n<tr>\n<td><a href=\"http:\/\/www1.herrera.unt.edu.ar\/faceyt\/sistemas-control-ii\/\">Sistemas de control II<\/a><\/td>\n<\/tr>\n<tr>\n<td>T\u00e9cnicas de alta tensi\u00f3n<\/td>\n<\/tr>\n<tr>\n<td>Sistemas anal\u00f3gicos I<\/td>\n<\/tr>\n<tr>\n<td><a href=\"http:\/\/catedras.facet.unt.edu.ar\/itd\/\">Introducci\u00f3n a la transmisi\u00f3n de datos<\/a><\/td>\n<\/tr>\n<tr>\n<td><a href=\"http:\/\/www.microprocesadores.unt.edu.ar\/procesadores\">Sistemas con microprocesadores y microcontroladores<\/a><\/td>\n<\/tr>\n<tr>\n<td><a href=\"http:\/\/catedras.facet.unt.edu.ar\/labtel\/es\/electroii-descripcion-general\/\">Electromagnetismo II<\/a><\/td>\n<\/tr>\n<tr>\n<td><a href=\"http:\/\/catedras.facet.unt.edu.ar\/eindee\/\">Electr\u00f3nica industrial\u00a0<\/a><\/td>\n<\/tr>\n<tr>\n<td>Electr\u00f3nica para procesamiento<\/td>\n<\/tr>\n<tr>\n<td><a href=\"http:\/\/www.unt.metrologiaindust.com.ar\/index.htm\">Instrumentaci\u00f3n industrial<\/a><\/td>\n<\/tr>\n<tr>\n<td>Introducci\u00f3n a sistemas de tiempo discreto<\/td>\n<\/tr>\n<tr>\n<td><a href=\"http:\/\/catedras.facet.unt.edu.ar\/opto\/\">Optoelectr\u00f3nica I<\/a><\/td>\n<\/tr>\n<tr>\n<td><a href=\"http:\/\/catedras.facet.unt.edu.ar\/labtel\/es\/\">Sistemas de comunicaciones<\/a><\/td>\n<\/tr>\n<tr>\n<td><a href=\"http:\/\/catedras.facet.unt.edu.ar\/fundamentosredes\/\">Fundamentos de redes de computadoras\u00a0<\/a><\/td>\n<\/tr>\n<tr>\n<td><a href=\"http:\/\/catedras.facet.unt.edu.ar\/labtel\/es\/comuni-digital-descripcion-general\/\">Sistemas de comunicaciones digitales I\u00a0<\/a><\/td>\n<\/tr>\n<tr>\n<td>Accionamientos el\u00e9ctricos<\/td>\n<\/tr>\n<tr>\n<td>Sistemas din\u00e1micos no lineales<\/td>\n<\/tr>\n<tr>\n<td>An\u00e1lisis y dise\u00f1o de circuitos integrados digitales<\/td>\n<\/tr>\n<tr>\n<td><a href=\"http:\/\/facetvirtual.facet.unt.edu.ar\/enrol\/index.php?id=179\">Prueba de Suficiencia de Ingl\u00e9s<\/a><\/td>\n<\/tr>\n<\/tbody>\n<\/table>\n","protected":false},"excerpt":{"rendered":"<p>Circuitos El\u00e9ctricos I Circuitos El\u00e9ctricos II Circuitos El\u00e9ctricos III Mediciones El\u00e9ctricas Materiales El\u00e9ctricos Electr\u00f3nica I Electr\u00f3nica II Electr\u00f3nica III Electr\u00f3nica IV Instalaciones El\u00e9ctricas Dispositivos Electr\u00f3nicos Se\u00f1ales el\u00e9ctricas Electromagnetismo I M\u00e1quinas El\u00e9ctricas Sistemas de Control I Procesamiento Digital de Se\u00f1ales Administraci\u00f3n de Proyectos Gesti\u00f3n Ambiental, Salud Ocupacional y Seguridad Dise\u00f1o l\u00f3gico I Laboratorio de Microprocesadores Electr\u00f3nica [&hellip;]<\/p>\n","protected":false},"author":101025,"featured_media":0,"parent":0,"menu_order":0,"comment_status":"closed","ping_status":"closed","template":"","meta":[],"_links":{"self":[{"href":"https:\/\/www.facet.unt.edu.ar\/ingelectronica\/wp-json\/wp\/v2\/pages\/99"}],"collection":[{"href":"https:\/\/www.facet.unt.edu.ar\/ingelectronica\/wp-json\/wp\/v2\/pages"}],"about":[{"href":"https:\/\/www.facet.unt.edu.ar\/ingelectronica\/wp-json\/wp\/v2\/types\/page"}],"author":[{"embeddable":true,"href":"https:\/\/www.facet.unt.edu.ar\/ingelectronica\/wp-json\/wp\/v2\/users\/101025"}],"replies":[{"embeddable":true,"href":"https:\/\/www.facet.unt.edu.ar\/ingelectronica\/wp-json\/wp\/v2\/comments?post=99"}],"version-history":[{"count":7,"href":"https:\/\/www.facet.unt.edu.ar\/ingelectronica\/wp-json\/wp\/v2\/pages\/99\/revisions"}],"predecessor-version":[{"id":299,"href":"https:\/\/www.facet.unt.edu.ar\/ingelectronica\/wp-json\/wp\/v2\/pages\/99\/revisions\/299"}],"wp:attachment":[{"href":"https:\/\/www.facet.unt.edu.ar\/ingelectronica\/wp-json\/wp\/v2\/media?parent=99"}],"curies":[{"name":"wp","href":"https:\/\/api.w.org\/{rel}","templated":true}]}}