{"id":10,"date":"2021-11-25T21:27:17","date_gmt":"2021-11-25T21:27:17","guid":{"rendered":"https:\/\/www.facet.unt.edu.ar\/ingenieria-azucarera\/?page_id=10"},"modified":"2024-03-27T03:57:29","modified_gmt":"2024-03-27T03:57:29","slug":"pagina-de-inicio","status":"publish","type":"page","link":"https:\/\/www.facet.unt.edu.ar\/ingenieria-azucarera\/","title":{"rendered":"P\u00e1gina de inicio"},"content":{"rendered":"<div id=\"pl-10\"  class=\"panel-layout\" ><div id=\"pg-10-0\"  class=\"panel-grid panel-no-style\" ><div id=\"pgc-10-0-0\"  class=\"panel-grid-cell panel-grid-cell-empty\" ><\/div><div id=\"pgc-10-0-1\"  class=\"panel-grid-cell panel-grid-cell-mobile-last\" ><div id=\"panel-10-0-1-0\" class=\"so-panel widget widget_sow-editor panel-first-child panel-last-child\" data-index=\"0\" ><div\n\t\t\t\n\t\t\tclass=\"so-widget-sow-editor so-widget-sow-editor-base\"\n\t\t\t\n\t\t><h3 class=\"widget-title\">Bienvenidos<\/h3>\n<div class=\"siteorigin-widget-tinymce textwidget\">\n\t<ul>\n<li><strong>T\u00edtulo<\/strong>: Ingeniero Azucarero<\/li>\n<li><strong>Duraci\u00f3n<\/strong>: 5 a\u00f1os<\/li>\n<li><strong>Plan de Estudios<\/strong>:\u00a0<a href=\"https:\/\/www.facet.unt.edu.ar\/ingenieria-azucarera\/wp-content\/uploads\/sites\/79\/2021\/11\/Plan-de-Estudios-INGENIERIA-AZUCARERA.pdf\" target=\"_blank\" rel=\"noopener noreferrer\">Descargar Plan<\/a><\/li>\n<li><strong>Correlativas<\/strong>:\u00a0<a href=\"https:\/\/www.facet.unt.edu.ar\/ingenieria-azucarera\/wp-content\/uploads\/sites\/79\/2024\/03\/Correlativas-Ing.-Azucarera-FACET.pdf\" target=\"_blank\" rel=\"noopener noreferrer\">Descargar Correlativas<\/a><\/li>\n<\/ul>\n<p><img decoding=\"async\" loading=\"lazy\" class=\"wp-image-34 alignleft\" src=\"https:\/\/www.facet.unt.edu.ar\/ingenieria-azucarera\/wp-content\/uploads\/sites\/79\/2021\/11\/Ing-Azucarera.jpg\" alt=\"\" width=\"637\" height=\"359\" \/><\/p>\n<\/div>\n<\/div><\/div><\/div><div id=\"pgc-10-0-2\"  class=\"panel-grid-cell panel-grid-cell-empty\" ><\/div><\/div><div id=\"pg-10-1\"  class=\"panel-grid panel-no-style\" ><div id=\"pgc-10-1-0\"  class=\"panel-grid-cell\" ><div id=\"panel-10-1-0-0\" class=\"so-panel widget widget_circleicon-widget panel-first-child panel-last-child\" data-index=\"1\" >\t\t<div class=\"circle-icon-box circle-icon-position-top circle-icon-hide-box circle-icon-size-large\">\n\t\t\t<div class=\"circle-icon-wrapper\">\n\t\t\t\t<a href=\"https:\/\/www.facet.unt.edu.ar\/\" class=\"link-icon\" >\t\t\t\t<div class=\"circle-icon icon-style-set\" style=\"background-image: url(https:\/\/www.facet.unt.edu.ar\/);background-color: #81d742\">\n\t\t\t\t\t<div class=\"fa fa-university icon-color-set\" style=\"color: #ffffff\"><\/div>\t\t\t\t<\/div>\n\t\t\t\t<\/a>\t\t\t<\/div>\n\n\t\t\t<a href=\"https:\/\/www.facet.unt.edu.ar\/\" class=\"link-title\" >\t\t\t<h4 style=\"color: #ffffff\">Sitio Oficial FACET<\/h4>\t\t\t<\/a>\n\t\t\t\t\t\t\t\t\t\t<a href=\"https:\/\/www.facet.unt.edu.ar\/\" class=\"more-button\" >M\u00e1s informaci\u00f3n <i><\/i><\/a>\n\t\t\t\t\t<\/div>\n\t\t<\/div><\/div><div id=\"pgc-10-1-1\"  class=\"panel-grid-cell\" ><div id=\"panel-10-1-1-0\" class=\"so-panel widget widget_circleicon-widget panel-first-child panel-last-child\" data-index=\"2\" >\t\t<div class=\"circle-icon-box circle-icon-position-top circle-icon-hide-box circle-icon-size-large\">\n\t\t\t<div class=\"circle-icon-wrapper\">\n\t\t\t\t<a href=\"https:\/\/www.facet.unt.edu.ar\/ingreso-facet\/\" class=\"link-icon\" >\t\t\t\t<div class=\"circle-icon icon-style-set\" style=\"background-image: url(https:\/\/www.facet.unt.edu.ar\/ingreso-facet\/);background-color: #81d742\">\n\t\t\t\t\t<div class=\"fa fa-home icon-color-set\" style=\"color: #ffffff\"><\/div>\t\t\t\t<\/div>\n\t\t\t\t<\/a>\t\t\t<\/div>\n\n\t\t\t<a href=\"https:\/\/www.facet.unt.edu.ar\/ingreso-facet\/\" class=\"link-title\" >\t\t\t<h4 style=\"color: #ffffff\">Ingreso FACET<\/h4>\t\t\t<\/a>\n\t\t\t\t\t\t\t\t\t\t<a href=\"https:\/\/www.facet.unt.edu.ar\/ingreso-facet\/\" class=\"more-button\" >M\u00e1s informaci\u00f3n <i><\/i><\/a>\n\t\t\t\t\t<\/div>\n\t\t<\/div><\/div><div id=\"pgc-10-1-2\"  class=\"panel-grid-cell\" ><div id=\"panel-10-1-2-0\" class=\"so-panel widget widget_circleicon-widget panel-first-child panel-last-child\" data-index=\"3\" >\t\t<div class=\"circle-icon-box circle-icon-position-top circle-icon-hide-box circle-icon-size-large\">\n\t\t\t<div class=\"circle-icon-wrapper\">\n\t\t\t\t<a href=\"https:\/\/guarani.unt.edu.ar\/autogestion\/\" class=\"link-icon\" >\t\t\t\t<div class=\"circle-icon icon-style-set\" style=\"background-image: url(https:\/\/guarani.unt.edu.ar\/autogestion\/);background-color: #81d742\">\n\t\t\t\t\t<div class=\"fa fa-hashtag icon-color-set\" style=\"color: #ffffff\"><\/div>\t\t\t\t<\/div>\n\t\t\t\t<\/a>\t\t\t<\/div>\n\n\t\t\t<a href=\"https:\/\/guarani.unt.edu.ar\/autogestion\/\" class=\"link-title\" >\t\t\t<h4 style=\"color: #ffffff\">SIU Guaran\u00ed<\/h4>\t\t\t<\/a>\n\t\t\t\t\t\t\t\t\t\t<a href=\"https:\/\/guarani.unt.edu.ar\/autogestion\/\" class=\"more-button\" >M\u00e1s informaci\u00f3n <i><\/i><\/a>\n\t\t\t\t\t<\/div>\n\t\t<\/div><\/div><div id=\"pgc-10-1-3\"  class=\"panel-grid-cell\" ><div id=\"panel-10-1-3-0\" class=\"so-panel widget widget_circleicon-widget panel-first-child panel-last-child\" data-index=\"4\" >\t\t<div class=\"circle-icon-box circle-icon-position-top circle-icon-hide-box circle-icon-size-large\">\n\t\t\t<div class=\"circle-icon-wrapper\">\n\t\t\t\t<a href=\"https:\/\/www.facet.unt.edu.ar\/calendario-academico-facet\/\" class=\"link-icon\" >\t\t\t\t<div class=\"circle-icon icon-style-set\" style=\"background-image: url(https:\/\/www.facet.unt.edu.ar\/calendario-academico-facet\/);background-color: #81d742\">\n\t\t\t\t\t<div class=\"fa fa-calendar icon-color-set\" style=\"color: #ffffff\"><\/div>\t\t\t\t<\/div>\n\t\t\t\t<\/a>\t\t\t<\/div>\n\n\t\t\t<a href=\"https:\/\/www.facet.unt.edu.ar\/calendario-academico-facet\/\" class=\"link-title\" >\t\t\t<h4 style=\"color: #ffffff\">Calendario Acad\u00e9mico<\/h4>\t\t\t<\/a>\n\t\t\t\t\t\t\t\t\t\t<a href=\"https:\/\/www.facet.unt.edu.ar\/calendario-academico-facet\/\" class=\"more-button\" >M\u00e1s informaci\u00f3n <i><\/i><\/a>\n\t\t\t\t\t<\/div>\n\t\t<\/div><\/div><\/div><\/div>","protected":false},"excerpt":{"rendered":"<p>T\u00edtulo: Ingeniero Azucarero Duraci\u00f3n: 5 a\u00f1os Plan de Estudios:\u00a0Descargar Plan Correlativas:\u00a0Descargar Correlativas<\/p>\n","protected":false},"author":123470,"featured_media":0,"parent":0,"menu_order":0,"comment_status":"closed","ping_status":"closed","template":"home-panels.php","meta":[],"_links":{"self":[{"href":"https:\/\/www.facet.unt.edu.ar\/ingenieria-azucarera\/wp-json\/wp\/v2\/pages\/10"}],"collection":[{"href":"https:\/\/www.facet.unt.edu.ar\/ingenieria-azucarera\/wp-json\/wp\/v2\/pages"}],"about":[{"href":"https:\/\/www.facet.unt.edu.ar\/ingenieria-azucarera\/wp-json\/wp\/v2\/types\/page"}],"author":[{"embeddable":true,"href":"https:\/\/www.facet.unt.edu.ar\/ingenieria-azucarera\/wp-json\/wp\/v2\/users\/123470"}],"replies":[{"embeddable":true,"href":"https:\/\/www.facet.unt.edu.ar\/ingenieria-azucarera\/wp-json\/wp\/v2\/comments?post=10"}],"version-history":[{"count":1,"href":"https:\/\/www.facet.unt.edu.ar\/ingenieria-azucarera\/wp-json\/wp\/v2\/pages\/10\/revisions"}],"predecessor-version":[{"id":13,"href":"https:\/\/www.facet.unt.edu.ar\/ingenieria-azucarera\/wp-json\/wp\/v2\/pages\/10\/revisions\/13"}],"wp:attachment":[{"href":"https:\/\/www.facet.unt.edu.ar\/ingenieria-azucarera\/wp-json\/wp\/v2\/media?parent=10"}],"curies":[{"name":"wp","href":"https:\/\/api.w.org\/{rel}","templated":true}]}}