{"id":14,"date":"2021-11-25T21:30:07","date_gmt":"2021-11-25T21:30:07","guid":{"rendered":"https:\/\/www.facet.unt.edu.ar\/ingenieria-azucarera\/?page_id=14"},"modified":"2021-11-25T21:30:07","modified_gmt":"2021-11-25T21:30:07","slug":"incumbencias-profesionales","status":"publish","type":"page","link":"https:\/\/www.facet.unt.edu.ar\/ingenieria-azucarera\/incumbencias-profesionales\/","title":{"rendered":"Incumbencias profesionales"},"content":{"rendered":"<ol>\n<li>Dise\u00f1ar, proyectar y dirigir los procesos industriales en f\u00e1bricas de az\u00facar y sus derivados (alcohol, papel de bagazo, etc.).<\/li>\n<li>Dise\u00f1ar, proyectar e instalar\u00a0equipos y maquinarias para las industrias mencionadas.<\/li>\n<li>Planificar, proyectar y poner en marcha f\u00e1bricas de las industrias mencionadas.<\/li>\n<li>Definir condiciones de higiene, seguridad y contaminaci\u00f3n ambiental relacionadas con las citadas empresas. Proyectar instalaciones y equipos para lograr tales\u00a0objetivos.<\/li>\n<li>Coordinar la actividad agron\u00f3mica vinculada con la materia prima utilizada en las f\u00e1bricas citadas.<\/li>\n<li>Asesorar en asuntos de ingenier\u00eda legal, econ\u00f3mica y financiera, relacionadas con esta actividad.<\/li>\n<li>Realizar arbitrajes, pericias y tasaciones relacionadas con el quehacer profesional.<\/li>\n<li>Desempe\u00f1ar dentro de la actividad azucarera y sus derivados, en asesoramientos, auditor\u00edas, consultor\u00edas, controles, administraci\u00f3n, direcci\u00f3n de procesos, mantenimiento de equipos e instalaciones.<\/li>\n<li>Realizar tareas de docencia,\u00a0investigaciones cient\u00edficas y\/o t\u00e9cnicas.<\/li>\n<li>Asesorar y\/o\u00a0integrar instituciones estatales o privadas, relacionadas directa e indirectamente con la industria azucarera y derivados.<\/li>\n<li>Supervisar todas las operaciones correspondientes al control de calidad de las materias primas o procesar los productos en elaboraci\u00f3n y los productos elaborados en las industrias mencionadas anteriormente.<\/li>\n<li>Asesoramientos sobre la incidencia en los procesos fabriles de las diversas variedades de materia prima.<\/li>\n<li>Desempe\u00f1arse como perito en cuestiones legales.<\/li>\n<\/ol>\n","protected":false},"excerpt":{"rendered":"<p>Dise\u00f1ar, proyectar y dirigir los procesos industriales en f\u00e1bricas de az\u00facar y sus derivados (alcohol, papel de bagazo, etc.). Dise\u00f1ar, proyectar e instalar\u00a0equipos y maquinarias para las industrias mencionadas. Planificar, proyectar y poner en marcha f\u00e1bricas de las industrias mencionadas. Definir condiciones de higiene, seguridad y contaminaci\u00f3n ambiental relacionadas con las citadas empresas. Proyectar instalaciones [&hellip;]<\/p>\n","protected":false},"author":123470,"featured_media":0,"parent":0,"menu_order":0,"comment_status":"closed","ping_status":"closed","template":"","meta":[],"_links":{"self":[{"href":"https:\/\/www.facet.unt.edu.ar\/ingenieria-azucarera\/wp-json\/wp\/v2\/pages\/14"}],"collection":[{"href":"https:\/\/www.facet.unt.edu.ar\/ingenieria-azucarera\/wp-json\/wp\/v2\/pages"}],"about":[{"href":"https:\/\/www.facet.unt.edu.ar\/ingenieria-azucarera\/wp-json\/wp\/v2\/types\/page"}],"author":[{"embeddable":true,"href":"https:\/\/www.facet.unt.edu.ar\/ingenieria-azucarera\/wp-json\/wp\/v2\/users\/123470"}],"replies":[{"embeddable":true,"href":"https:\/\/www.facet.unt.edu.ar\/ingenieria-azucarera\/wp-json\/wp\/v2\/comments?post=14"}],"version-history":[{"count":1,"href":"https:\/\/www.facet.unt.edu.ar\/ingenieria-azucarera\/wp-json\/wp\/v2\/pages\/14\/revisions"}],"predecessor-version":[{"id":15,"href":"https:\/\/www.facet.unt.edu.ar\/ingenieria-azucarera\/wp-json\/wp\/v2\/pages\/14\/revisions\/15"}],"wp:attachment":[{"href":"https:\/\/www.facet.unt.edu.ar\/ingenieria-azucarera\/wp-json\/wp\/v2\/media?parent=14"}],"curies":[{"name":"wp","href":"https:\/\/api.w.org\/{rel}","templated":true}]}}