{"id":16,"date":"2021-11-25T21:30:53","date_gmt":"2021-11-25T21:30:53","guid":{"rendered":"https:\/\/www.facet.unt.edu.ar\/ingenieria-azucarera\/?page_id=16"},"modified":"2021-11-25T21:30:53","modified_gmt":"2021-11-25T21:30:53","slug":"perfil-profesional","status":"publish","type":"page","link":"https:\/\/www.facet.unt.edu.ar\/ingenieria-azucarera\/perfil-profesional\/","title":{"rendered":"Perfil profesional"},"content":{"rendered":"<ol>\n<li>Ser\u00e1 un ingeniero que poseer\u00e1 profundos conocimientos te\u00f3ricos, con una fuerte formaci\u00f3n en\u00a0ciencias b\u00e1sicas, ciencias aplicadas y tecnolog\u00eda con formaci\u00f3n ingenieril.<\/li>\n<li>Poseer\u00e1 una s\u00f3lida formaci\u00f3n pr\u00e1ctica mediante su actividad en laboratorio y sus lazos con la industria.<\/li>\n<li>Estar\u00e1 capacitado para el dise\u00f1o, c\u00e1lculo, operaci\u00f3n, fabricaci\u00f3n, producci\u00f3n, experimentaci\u00f3n e\u00a0innovaci\u00f3n; as\u00ed como para el planeamiento de los sistemas que competen a su especialidad.<\/li>\n<li>Tendr\u00e1 un adecuado conocimiento de los recursos regionales, nacionales y de sus capacidades\u00a0potenciales, tanto en el orden econ\u00f3mico, como en el de los naturales y humanos.<\/li>\n<li>Poseer\u00e1 una s\u00f3lida formaci\u00f3n \u00e9tica, profesional, democr\u00e1tica y human\u00edstica.<\/li>\n<li>Poseer\u00e1 un fuerte conocimiento de la estructura econ\u00f3mica social de nuestro medio, como as\u00ed tambi\u00e9n de\u00a0los criterios t\u00e9cnicos econ\u00f3micos a aplicar en su actividad.<\/li>\n<\/ol>\n","protected":false},"excerpt":{"rendered":"<p>Ser\u00e1 un ingeniero que poseer\u00e1 profundos conocimientos te\u00f3ricos, con una fuerte formaci\u00f3n en\u00a0ciencias b\u00e1sicas, ciencias aplicadas y tecnolog\u00eda con formaci\u00f3n ingenieril. Poseer\u00e1 una s\u00f3lida formaci\u00f3n pr\u00e1ctica mediante su actividad en laboratorio y sus lazos con la industria. Estar\u00e1 capacitado para el dise\u00f1o, c\u00e1lculo, operaci\u00f3n, fabricaci\u00f3n, producci\u00f3n, experimentaci\u00f3n e\u00a0innovaci\u00f3n; as\u00ed como para el planeamiento de los [&hellip;]<\/p>\n","protected":false},"author":123470,"featured_media":0,"parent":0,"menu_order":0,"comment_status":"closed","ping_status":"closed","template":"","meta":[],"_links":{"self":[{"href":"https:\/\/www.facet.unt.edu.ar\/ingenieria-azucarera\/wp-json\/wp\/v2\/pages\/16"}],"collection":[{"href":"https:\/\/www.facet.unt.edu.ar\/ingenieria-azucarera\/wp-json\/wp\/v2\/pages"}],"about":[{"href":"https:\/\/www.facet.unt.edu.ar\/ingenieria-azucarera\/wp-json\/wp\/v2\/types\/page"}],"author":[{"embeddable":true,"href":"https:\/\/www.facet.unt.edu.ar\/ingenieria-azucarera\/wp-json\/wp\/v2\/users\/123470"}],"replies":[{"embeddable":true,"href":"https:\/\/www.facet.unt.edu.ar\/ingenieria-azucarera\/wp-json\/wp\/v2\/comments?post=16"}],"version-history":[{"count":2,"href":"https:\/\/www.facet.unt.edu.ar\/ingenieria-azucarera\/wp-json\/wp\/v2\/pages\/16\/revisions"}],"predecessor-version":[{"id":56,"href":"https:\/\/www.facet.unt.edu.ar\/ingenieria-azucarera\/wp-json\/wp\/v2\/pages\/16\/revisions\/56"}],"wp:attachment":[{"href":"https:\/\/www.facet.unt.edu.ar\/ingenieria-azucarera\/wp-json\/wp\/v2\/media?parent=16"}],"curies":[{"name":"wp","href":"https:\/\/api.w.org\/{rel}","templated":true}]}}