{"id":2,"date":"2021-11-19T18:46:34","date_gmt":"2021-11-19T18:46:34","guid":{"rendered":"https:\/\/www.facet.unt.edu.ar\/ingenieria-azucarera\/?page_id=2"},"modified":"2023-04-20T17:56:06","modified_gmt":"2023-04-20T17:56:06","slug":"autoridades","status":"publish","type":"page","link":"https:\/\/www.facet.unt.edu.ar\/ingenieria-azucarera\/autoridades\/","title":{"rendered":"Autoridades"},"content":{"rendered":"\r\n<h2><strong>Director de la Carrera de Ingenier\u00eda Azucarera<\/strong><\/h2>\r\n<p><strong>Ing. Carlos Miguel Xamena<\/strong><\/p>\r\n<h2><strong>Comisi\u00f3n Acad\u00e9mica de la Carrera de Ingenier\u00eda Azucarera<\/strong><\/h2>\r\n<p><strong>PROFESORES TITULARES Y ASOCIADOS<\/strong><br \/><strong>Titulares: &#8211; Ing. Hugo Fabio Montilla<\/strong><strong>\u00a0 \u00a0 \u00a0 \u00a0 \u00a0<\/strong><br \/><strong>\u00a0 \u00a0 \u00a0 \u00a0 \u00a0 \u00a0 \u00a0 \u00a0 \u00a0 \u00a0 \u00a0 \u00a0Ing. Roberto Marcelo Ruiz<\/strong><\/p>\r\n<p><strong>PROFESORES ADJUNTOS:<\/strong><br \/><strong>Titulares: &#8211; Dra. Ing. Adriana Paola Manfredi<\/strong><br \/><strong>\u00a0 \u00a0 \u00a0 \u00a0 \u00a0 \u00a0 \u00a0 \u00a0 \u00a0 \u00a0 \u00a0&#8211; Ing. Mauricio Alberto Latina<\/strong><\/p>\r\n<p><strong>JEFES DE TRABAJOS PR\u00c1CTICOS Y AUX. DOCENTES GRADUADOS:<\/strong><br \/><strong>Titulares: &#8211; Ing. Bruno De Faveri<\/strong><br \/><strong>\u00a0 \u00a0 \u00a0 \u00a0 \u00a0 \u00a0 \u00a0 \u00a0 \u00a0 \u00a0 \u00a0&#8211; Lic. Maria Virginia Alvarez<\/strong><\/p>\r\n","protected":false},"excerpt":{"rendered":"<p>Director de la Carrera de Ingenier\u00eda Azucarera Ing. Carlos Miguel Xamena Comisi\u00f3n Acad\u00e9mica de la Carrera de Ingenier\u00eda Azucarera PROFESORES TITULARES Y ASOCIADOSTitulares: &#8211; Ing. Hugo Fabio Montilla\u00a0 \u00a0 \u00a0 \u00a0 \u00a0\u00a0 \u00a0 \u00a0 \u00a0 \u00a0 \u00a0 \u00a0 \u00a0 \u00a0 \u00a0 \u00a0 \u00a0Ing. Roberto Marcelo Ruiz PROFESORES ADJUNTOS:Titulares: &#8211; Dra. Ing. Adriana Paola Manfredi\u00a0 \u00a0 [&hellip;]<\/p>\n","protected":false},"author":101053,"featured_media":0,"parent":0,"menu_order":0,"comment_status":"closed","ping_status":"closed","template":"","meta":[],"_links":{"self":[{"href":"https:\/\/www.facet.unt.edu.ar\/ingenieria-azucarera\/wp-json\/wp\/v2\/pages\/2"}],"collection":[{"href":"https:\/\/www.facet.unt.edu.ar\/ingenieria-azucarera\/wp-json\/wp\/v2\/pages"}],"about":[{"href":"https:\/\/www.facet.unt.edu.ar\/ingenieria-azucarera\/wp-json\/wp\/v2\/types\/page"}],"author":[{"embeddable":true,"href":"https:\/\/www.facet.unt.edu.ar\/ingenieria-azucarera\/wp-json\/wp\/v2\/users\/101053"}],"replies":[{"embeddable":true,"href":"https:\/\/www.facet.unt.edu.ar\/ingenieria-azucarera\/wp-json\/wp\/v2\/comments?post=2"}],"version-history":[{"count":6,"href":"https:\/\/www.facet.unt.edu.ar\/ingenieria-azucarera\/wp-json\/wp\/v2\/pages\/2\/revisions"}],"predecessor-version":[{"id":63,"href":"https:\/\/www.facet.unt.edu.ar\/ingenieria-azucarera\/wp-json\/wp\/v2\/pages\/2\/revisions\/63"}],"wp:attachment":[{"href":"https:\/\/www.facet.unt.edu.ar\/ingenieria-azucarera\/wp-json\/wp\/v2\/media?parent=2"}],"curies":[{"name":"wp","href":"https:\/\/api.w.org\/{rel}","templated":true}]}}