{"id":26,"date":"2021-11-26T01:35:22","date_gmt":"2021-11-26T01:35:22","guid":{"rendered":"https:\/\/www.facet.unt.edu.ar\/ingenieria-azucarera\/?page_id=26"},"modified":"2021-11-26T01:52:29","modified_gmt":"2021-11-26T01:52:29","slug":"contacto","status":"publish","type":"page","link":"https:\/\/www.facet.unt.edu.ar\/ingenieria-azucarera\/contacto\/","title":{"rendered":"Contacto"},"content":{"rendered":"<div id=\"pl-26\"  class=\"panel-layout\" ><div id=\"pg-26-0\"  class=\"panel-grid panel-no-style\" ><div id=\"pgc-26-0-0\"  class=\"panel-grid-cell\" ><div id=\"panel-26-0-0-0\" class=\"so-panel widget widget_black-studio-tinymce widget_black_studio_tinymce panel-first-child panel-last-child\" data-index=\"0\" ><div class=\"textwidget\"><p><img class=\"alignnone size-full wp-image-31 alignleft\" src=\"https:\/\/www.facet.unt.edu.ar\/ingenieria-azucarera\/wp-content\/uploads\/sites\/79\/2021\/11\/Imagen-de-Contacto.jpg\" alt=\"\" width=\"377\" height=\"311\" \/><\/p>\n<\/div><\/div><\/div><div id=\"pgc-26-0-1\"  class=\"panel-grid-cell\" ><div id=\"panel-26-0-1-0\" class=\"so-panel widget widget_sow-editor panel-first-child panel-last-child\" data-index=\"1\" ><div\n\t\t\t\n\t\t\tclass=\"so-widget-sow-editor so-widget-sow-editor-base\"\n\t\t\t\n\t\t><h3 class=\"widget-title\">Informaci\u00f3n de Contacto<\/h3>\n<div class=\"siteorigin-widget-tinymce textwidget\">\n\t<p>Por consultas sobre la carrera, por favor, env\u00ede un correo electr\u00f3nico a:<\/p>\n<p><strong><a href=\"mailto:jclopez@herrera.unt.edu.ar\" target=\"_blank\" rel=\"noopener noreferrer\">jclopez@herrera.unt.edu.ar<\/a><\/strong><\/p>\n<p>Ubicaci\u00f3n: Block 3, 1er Piso (frente Sala Audiovisuales), Av. Independencia 1800 - C.P. 4000 - Tucum\u00e1n (Rep. Argentina)<\/p>\n<p>D\u00edas y horarios de atenci\u00f3n: Lunes a Viernes, de 8 a 13 hs.<\/p>\n<\/div>\n<\/div><\/div><\/div><\/div><\/div>","protected":false},"excerpt":{"rendered":"<p>Por consultas sobre la carrera, por favor, env\u00ede un correo electr\u00f3nico a: jclopez@herrera.unt.edu.ar Ubicaci\u00f3n: Block 3, 1er Piso (frente Sala Audiovisuales), Av. Independencia 1800 &#8211; C.P. 4000 &#8211; Tucum\u00e1n (Rep. Argentina) D\u00edas y horarios de atenci\u00f3n: Lunes a Viernes, de 8 a 13 hs.<\/p>\n","protected":false},"author":123470,"featured_media":0,"parent":0,"menu_order":0,"comment_status":"closed","ping_status":"closed","template":"","meta":[],"_links":{"self":[{"href":"https:\/\/www.facet.unt.edu.ar\/ingenieria-azucarera\/wp-json\/wp\/v2\/pages\/26"}],"collection":[{"href":"https:\/\/www.facet.unt.edu.ar\/ingenieria-azucarera\/wp-json\/wp\/v2\/pages"}],"about":[{"href":"https:\/\/www.facet.unt.edu.ar\/ingenieria-azucarera\/wp-json\/wp\/v2\/types\/page"}],"author":[{"embeddable":true,"href":"https:\/\/www.facet.unt.edu.ar\/ingenieria-azucarera\/wp-json\/wp\/v2\/users\/123470"}],"replies":[{"embeddable":true,"href":"https:\/\/www.facet.unt.edu.ar\/ingenieria-azucarera\/wp-json\/wp\/v2\/comments?post=26"}],"version-history":[{"count":5,"href":"https:\/\/www.facet.unt.edu.ar\/ingenieria-azucarera\/wp-json\/wp\/v2\/pages\/26\/revisions"}],"predecessor-version":[{"id":30,"href":"https:\/\/www.facet.unt.edu.ar\/ingenieria-azucarera\/wp-json\/wp\/v2\/pages\/26\/revisions\/30"}],"wp:attachment":[{"href":"https:\/\/www.facet.unt.edu.ar\/ingenieria-azucarera\/wp-json\/wp\/v2\/media?parent=26"}],"curies":[{"name":"wp","href":"https:\/\/api.w.org\/{rel}","templated":true}]}}