{"id":110,"date":"2020-08-01T01:05:27","date_gmt":"2020-08-01T04:05:27","guid":{"rendered":"https:\/\/www.facet.unt.edu.ar\/ingenieriainformatica\/?page_id=110"},"modified":"2020-08-01T01:05:27","modified_gmt":"2020-08-01T04:05:27","slug":"actividades-reservadas","status":"publish","type":"page","link":"https:\/\/www.facet.unt.edu.ar\/ingenieriainformatica\/actividades-reservadas\/","title":{"rendered":"Actividades Profesionales Reservadas al T\u00edtulo de Ingeniero en Inform\u00e1tica"},"content":{"rendered":"<p><span class=\"fontstyle0\">Las Actividades Profesionales Reservadas al T\u00edtulo son un subconjunto dentro del total de alcances de un t\u00edtulo, que refieren a aquellas habilitaciones que involucran tareas que tienen un riesgo directo sobre la salud, la seguridad, los derechos, los bienes o la formaci\u00f3n de los habitantes.<\/span><\/p>\n<p>Seg\u00fan resoluci\u00f3n del Ministerio de Educaci\u00f3n de la Naci\u00f3n N\u00ba 1254\/2018 (Anexo XXXII) estas Actividades Reservadas para el Ingeniero en Inform\u00e1tica son:<\/p>\n<ol>\n<li>Especificar, proyectar y desarrollar sistemas de informaci\u00f3n, sistemas de\u00a0comunicaci\u00f3n de datos y software cuya utilizaci\u00f3n pueda afectar la seguridad,\u00a0salud, bienes o derechos.<\/li>\n<li>Proyectar y dirigir lo referido a seguridad inform\u00e1tica.<\/li>\n<li>Establecer m\u00e9tricas y normas de calidad de software.<\/li>\n<li>Certificar el funcionamiento, condici\u00f3n de uso o estado de lo mencionado\u00a0anteriormente.<\/li>\n<li>Dirigir y controlar la implementaci\u00f3n, operaci\u00f3n y mantenimiento de lo\u00a0anteriormente mencionado.<\/li>\n<\/ol>\n","protected":false},"excerpt":{"rendered":"<p>Las Actividades Profesionales Reservadas al T\u00edtulo son un subconjunto dentro del total de alcances de un t\u00edtulo, que refieren a aquellas habilitaciones que involucran tareas que tienen un riesgo directo sobre la salud, la seguridad, los derechos, los bienes o la formaci\u00f3n de los habitantes. Seg\u00fan resoluci\u00f3n del Ministerio de Educaci\u00f3n de la Naci\u00f3n N\u00ba [&hellip;]<\/p>\n","protected":false},"author":123457,"featured_media":0,"parent":0,"menu_order":0,"comment_status":"closed","ping_status":"closed","template":"","meta":[],"_links":{"self":[{"href":"https:\/\/www.facet.unt.edu.ar\/ingenieriainformatica\/wp-json\/wp\/v2\/pages\/110"}],"collection":[{"href":"https:\/\/www.facet.unt.edu.ar\/ingenieriainformatica\/wp-json\/wp\/v2\/pages"}],"about":[{"href":"https:\/\/www.facet.unt.edu.ar\/ingenieriainformatica\/wp-json\/wp\/v2\/types\/page"}],"author":[{"embeddable":true,"href":"https:\/\/www.facet.unt.edu.ar\/ingenieriainformatica\/wp-json\/wp\/v2\/users\/123457"}],"replies":[{"embeddable":true,"href":"https:\/\/www.facet.unt.edu.ar\/ingenieriainformatica\/wp-json\/wp\/v2\/comments?post=110"}],"version-history":[{"count":1,"href":"https:\/\/www.facet.unt.edu.ar\/ingenieriainformatica\/wp-json\/wp\/v2\/pages\/110\/revisions"}],"predecessor-version":[{"id":111,"href":"https:\/\/www.facet.unt.edu.ar\/ingenieriainformatica\/wp-json\/wp\/v2\/pages\/110\/revisions\/111"}],"wp:attachment":[{"href":"https:\/\/www.facet.unt.edu.ar\/ingenieriainformatica\/wp-json\/wp\/v2\/media?parent=110"}],"curies":[{"name":"wp","href":"https:\/\/api.w.org\/{rel}","templated":true}]}}