{"id":116,"date":"2020-08-01T01:16:20","date_gmt":"2020-08-01T04:16:20","guid":{"rendered":"https:\/\/www.facet.unt.edu.ar\/ingenieriainformatica\/?page_id=116"},"modified":"2024-12-13T11:09:14","modified_gmt":"2024-12-13T14:09:14","slug":"autoridades","status":"publish","type":"page","link":"https:\/\/www.facet.unt.edu.ar\/ingenieriainformatica\/autoridades\/","title":{"rendered":"Autoridades 2024 &#8211; 2026"},"content":{"rendered":"<h3>Director de la Carrera<\/h3>\n<ul>\n<li><strong>Ing. Esteban SABORIDO MOLE<\/strong><\/li>\n<\/ul>\n<h4>Directora alterna<\/h4>\n<ul>\n<li><strong>Dra. Mar\u00eda Graciela MOLINA<\/strong><\/li>\n<\/ul>\n<h3>Comisi\u00f3n Acad\u00e9mica<\/h3>\n<p><strong>PROFESORES TITULARES Y ASOCIADOS<\/strong><\/p>\n<p>Titulares:<\/p>\n<ul>\n<li>Mg. Patricia M\u00f3nica FERN\u00c1NDEZ<\/li>\n<\/ul>\n<p>Suplentes:<\/p>\n<ul>\n<li>&#8212;<\/li>\n<\/ul>\n<p><strong>PROFESORES ADJUNTOS<\/strong><\/p>\n<p>Titulares:<\/p>\n<ul>\n<li>Lic. Javier GRA\u00d1A<\/li>\n<li>Ing. Marcos Esteban Gerardo SORIA<\/li>\n<\/ul>\n<p>Suplentes:<\/p>\n<ul>\n<li>Lic. Myriam Noem\u00ed del Valle RUIZ<\/li>\n<li>&#8212;<\/li>\n<\/ul>\n<p><strong>JEFES DE TRABAJOS PR\u00c1CTICOS Y AUXILIARES DOCENTES GRADUADOS<\/strong><\/p>\n<p>Titulares:<\/p>\n<ul>\n<li>Lic. Daniel Horacio MELUCCI<\/li>\n<li>Ing. Pablo Gabriel TOLEDO<\/li>\n<\/ul>\n<p>Suplentes:<\/p>\n<ul>\n<li>Lic. Daniel Fernando SINGH<\/li>\n<li>&#8212;<\/li>\n<\/ul>\n<p><strong>ESTUDIANTES<\/strong><\/p>\n<ul>\n<li>Srta. Roc\u00edo HIDALGO BINI<\/li>\n<li>Sr. Alejandro Miguel AMENABAR<\/li>\n<\/ul>\n","protected":false},"excerpt":{"rendered":"<p>Director de la Carrera Ing. Esteban SABORIDO MOLE Directora alterna Dra. Mar\u00eda Graciela MOLINA Comisi\u00f3n Acad\u00e9mica PROFESORES TITULARES Y ASOCIADOS Titulares: Mg. Patricia M\u00f3nica FERN\u00c1NDEZ Suplentes: &#8212; PROFESORES ADJUNTOS Titulares: Lic. Javier GRA\u00d1A Ing. Marcos Esteban Gerardo SORIA Suplentes: Lic. Myriam Noem\u00ed del Valle RUIZ &#8212; JEFES DE TRABAJOS PR\u00c1CTICOS Y AUXILIARES DOCENTES GRADUADOS Titulares: [&hellip;]<\/p>\n","protected":false},"author":123457,"featured_media":0,"parent":0,"menu_order":0,"comment_status":"closed","ping_status":"closed","template":"","meta":[],"_links":{"self":[{"href":"https:\/\/www.facet.unt.edu.ar\/ingenieriainformatica\/wp-json\/wp\/v2\/pages\/116"}],"collection":[{"href":"https:\/\/www.facet.unt.edu.ar\/ingenieriainformatica\/wp-json\/wp\/v2\/pages"}],"about":[{"href":"https:\/\/www.facet.unt.edu.ar\/ingenieriainformatica\/wp-json\/wp\/v2\/types\/page"}],"author":[{"embeddable":true,"href":"https:\/\/www.facet.unt.edu.ar\/ingenieriainformatica\/wp-json\/wp\/v2\/users\/123457"}],"replies":[{"embeddable":true,"href":"https:\/\/www.facet.unt.edu.ar\/ingenieriainformatica\/wp-json\/wp\/v2\/comments?post=116"}],"version-history":[{"count":12,"href":"https:\/\/www.facet.unt.edu.ar\/ingenieriainformatica\/wp-json\/wp\/v2\/pages\/116\/revisions"}],"predecessor-version":[{"id":512,"href":"https:\/\/www.facet.unt.edu.ar\/ingenieriainformatica\/wp-json\/wp\/v2\/pages\/116\/revisions\/512"}],"wp:attachment":[{"href":"https:\/\/www.facet.unt.edu.ar\/ingenieriainformatica\/wp-json\/wp\/v2\/media?parent=116"}],"curies":[{"name":"wp","href":"https:\/\/api.w.org\/{rel}","templated":true}]}}