{"id":183,"date":"2020-08-18T23:53:34","date_gmt":"2020-08-19T02:53:34","guid":{"rendered":"https:\/\/www.facet.unt.edu.ar\/ingenieriainformatica\/?page_id=183"},"modified":"2020-08-18T23:55:32","modified_gmt":"2020-08-19T02:55:32","slug":"ingreso","status":"publish","type":"page","link":"https:\/\/www.facet.unt.edu.ar\/ingenieriainformatica\/ingreso\/","title":{"rendered":"Ingreso"},"content":{"rendered":"<header class=\"entry-header\">\n<h2 class=\"entry-title\"><span style=\"font-size: 16px;\">Para cur\u00adsar las asig\u00adna\u00adtu\u00adras de 1\u00b0a\u00f1o de la Fa\u00adcul\u00adtad de Cien\u00adcias Exac\u00adtas y Tec\u00adno\u00adlo\u00adg\u00eda, el as\u00adpi\u00adran\u00adte debe APRO\u00adBAR LA NI\u00adVE\u00adLA\u00adCI\u00d3N EN MA\u00adTE\u00adM\u00c1\u00adTI\u00adCAS y tener com\u00adple\u00adto hasta el 31\/03\/2021 el Nivel Medio o Po\u00adli\u00admo\u00addal.<\/span><\/h2>\n<\/header>\n<div class=\"entry-content\">\n<p>Para apro\u00adbar la ni\u00adve\u00adla\u00adci\u00f3n en Ma\u00adte\u00adm\u00e1\u00adti\u00adcas, la Fa\u00adcul\u00adtad ofre\u00adce diferentes ins\u00adtan\u00adcias:<\/p>\n<p><strong>AGOSTO \u2013 OCTUBRE 2020: Modalidad Virtual<\/strong><\/p>\n<p><strong>Inscripciones<\/strong>\u00a0(obligatorias): desde el d\u00eda\u00a0<strong>1 de agosto de 2020<\/strong>, a las 12 hs, hasta el\u00a0<strong>18 de agosto de 2020<\/strong>, a las 12 hs.<\/p>\n<p><strong>Costo<\/strong>: $500<\/p>\n<p><strong>Inicio del curso<\/strong>: 19 de Agosto de 2020.<\/p>\n<p><strong>Finalizaci\u00f3n<\/strong>: 30 de Octubre de 2020.<\/p>\n<p><strong>Modalidad<\/strong>: Virtual. El cursado se realiza con Aula Virtual + Clases por videoconferencias.<\/p>\n<p><strong>Horarios<\/strong>: Turno ma\u00f1ana, turno siesta y turno tarde para participar de clases en vivo mediante videoconferencias. Se eligen al momento de la inscripci\u00f3n.<\/p>\n<p><strong>Condiciones de aprobaci\u00f3n<\/strong>: ver\u00a0<a href=\"https:\/\/www.facet.unt.edu.ar\/wp-content\/uploads\/2020\/07\/Contrato_Pedagogico_Agosto2020.pdf\" target=\"_blank\" rel=\"noopener noreferrer\">Contrato Pedag\u00f3gico<\/a>.<\/p>\n<p><b>Destinatarios<\/b>:<\/p>\n<ul>\n<li>Todo interesado que haya completado el nivel secundario (incluidos los que deban alguna materia para obtener el t\u00edtulo)<\/li>\n<li>Todo interesado que est\u00e9 cursando el \u00faltimo a\u00f1o del nivel secundario.<\/li>\n<li>Aspirantes que no aprobaron ninguna de las instancias previas del Ingreso 2021 de la FACET.<\/li>\n<\/ul>\n<p><b>Formas de pago:<\/b>\u00a0se puede abonar por transferencia bancaria o dep\u00f3sito bancario durante el periodo de inscripci\u00f3n (no se aceptar\u00e1n pagos despu\u00e9s del 18 de agosto a las 12 hs). El dep\u00f3sito o transferencia debe hacerse a la cuenta de la Asociaci\u00f3n Cooperadora de la FACET cuyos datos son:<\/p>\n<p><b>Datos de la Asociaci\u00f3n Cooperadora de la FACET<\/b><br \/>\n&#8211; Banco: GALICIA<br \/>\n&#8211; Tipo de Cuenta: Cta Cte<br \/>\n&#8211; N\u00b0 de cuenta: 3533-6-089-8<br \/>\n&#8211; Sucursal N\u00b0: 089<br \/>\n&#8211; C.B.U.: 007.008.942.000.000.3533.688<br \/>\n&#8211; Titular de la cuenta: Asociaci\u00f3n Civil Cooperadora de la\u00a0 Facultad de Ciencias Exactas y Tecnolog\u00eda \u2013 Universidad Nacional de Tucum\u00e1n<br \/>\n&#8211; CUIT: 33-67996445-9<\/p>\n<p>Una vez realizado el pago, completar el siguiente\u00a0<strong>Formulario de\u00a0 Inscripci\u00f3n<\/strong>:\u00a0<a href=\"https:\/\/forms.gle\/RLeps6puPNsfoa126\" target=\"_blank\" rel=\"noopener noreferrer\">https:\/\/forms.gle\/RLeps6puPNsfoa126<\/a>, el cual se cerrar\u00e1 a las\u00a0<strong>12 hs<\/strong>\u00a0del d\u00eda\u00a0<strong>18 de agosto.<\/strong><\/p>\n<p><strong>Muy\u00a0importante<\/strong>: completar con cuidado la informaci\u00f3n solicitada, verificando especialmente\u00a0<strong>escribir correctamente Apellido y Nombre, DNI, correo electr\u00f3nico y tel\u00e9fono<\/strong>.\u00a0<strong>La cuenta de correo electr\u00f3nico debe ser<\/strong><strong>\u00a0gmail<\/strong><strong>.\u00a0<\/strong><\/p>\n<p>Luego de completar el Formulario de Inscripci\u00f3n recibir\u00e1s un mail en tu cuenta de correo con las indicaciones necesarias para matricularte en nuestra Aula Virtual y participar de clases.<strong>Si tu cuenta est\u00e1 mal escrita no podremos contactarte.<\/strong><\/p>\n<p>Se ad\u00adjun\u00adta el\u00a0<strong>pro\u00adgra\u00adma<\/strong>\u00a0que refleja los temas de la nivelaci\u00f3n : \u2013\u00a0<a href=\"https:\/\/www.facet.unt.edu.ar\/wp-content\/uploads\/2019\/09\/Programa-Curso-de-Nivelaci%C3%B3n-en-Matem%C3%A1ticas_0e815e2074514fb081cf2b5c4326ac19.pdf\">Pro\u00adgra\u00adma Ma\u00adte\u00adm\u00e1\u00adti\u00adca<\/a><\/p>\n<h3><strong>Ingreso para Extranjeros<\/strong><\/h3>\n<p><a href=\"https:\/\/www.facet.unt.edu.ar\/dpto-cs-comp\/ingreso-extranjeros\/\">Informaci\u00f3n para el ingreso de extranjeros<\/a><\/p>\n<h3><strong>PRUEBA DE SUFICIENCIA<\/strong><\/h3>\n<p>El aspirante puede optar por el formato de pruebas de suficiencia que, reconocidas como instancias de aprendizaje de nivelaci\u00f3n, permiten al aspirante autoevaluar su nivel de preparaci\u00f3n.<\/p>\n<p>La\u00a0pr\u00f3xima instancia\u00a0se realizar\u00e1 en\u00a0<strong>Diciembre 2020:<\/strong><br \/>\nFecha a confirmar y sujeta a cambios, seg\u00fan restricciones que se establezcan para el \u00e1mbito educativo, debido a la cuarentena.<\/p>\n<h3><strong>M\u00c1S INFOR\u00adMES SOBRE IN\u00adGRE\u00adSO<\/strong>:<\/h3>\n<p>Si ten\u00e9s alguna duda sobre las instancias del ingreso escrib\u00ed a:\u00a0<a href=\"mailto:ingresofacet@herrera.unt.edu.ar\">ingresofacet@herrera.unt.edu.ar<\/a>\u00a0o pod\u00e9s llamar al Tel. 4364093 Interno: 8535.<\/p>\n<p>Si ten\u00e9s alguna duda o inconveniente con el Aula Virtual, deber\u00e1s contactarte al siguiente e-mail:\u00a0<a class=\"Yh1nIb asUmFb AL18ce\" href=\"mailto:cedite@herrera.unt.edu.ar\" target=\"_blank\" rel=\"noopener noreferrer\" data-tooltip=\"Del perfil de la organizaci\u00f3n del usuario\" data-tooltip-position=\"top\">cedite@herrera.unt.edu.ar<\/a><\/p>\n<p><u>Coordinadora \u00c1rea Ingreso<\/u>:<br \/>\nMgter. Mar\u00eda Isabel Giannini<br \/>\n<u>Direcci\u00f3n Alumnos<\/u>:\u00a0<a href=\"https:\/\/goo.gl\/maps\/Jd4rfS66tdU2\" target=\"_blank\" rel=\"noopener noreferrer\">Av. Independencia 1800, San Miguel de Tucum\u00e1n\u00a0<img decoding=\"async\" loading=\"lazy\" class=\"\" src=\"https:\/\/www.facet.unt.edu.ar\/wp-content\/uploads\/2019\/04\/ubicaci%C3%B3n.jpg\" width=\"23\" height=\"30\" \/><\/a>\u00a0\u2013 Block 3 \u2013 Planta Baja \u2013 Tel: (0381) 4107571 \u2013 4364093 Int. 7854 \u2013 E-mail:\u00a0<a href=\"mailto:alumnosfacet@herrera.unt.edu.ar\">alumnosfacet@herrera.unt.edu.ar<\/a><br \/>\n<u>Secretar\u00eda de Bienestar Estudiantil<\/u>: Av. Independencia 1800 \u2013 Block 3 \u2013 1er Piso \u2013 Tel: (0381) 4364093 Int. 7718 \u2013 E-mail:\u00a0<a href=\"mailto:sbe.facet@herrera.unt.edu.ar\">sbe.facet@herrera.unt.edu.ar<\/a><\/p>\n<\/div>\n","protected":false},"excerpt":{"rendered":"<p>Para cur\u00adsar las asig\u00adna\u00adtu\u00adras de 1\u00b0a\u00f1o de la Fa\u00adcul\u00adtad de Cien\u00adcias Exac\u00adtas y Tec\u00adno\u00adlo\u00adg\u00eda, el as\u00adpi\u00adran\u00adte debe APRO\u00adBAR LA NI\u00adVE\u00adLA\u00adCI\u00d3N EN MA\u00adTE\u00adM\u00c1\u00adTI\u00adCAS y tener com\u00adple\u00adto hasta el 31\/03\/2021 el Nivel Medio o Po\u00adli\u00admo\u00addal. Para apro\u00adbar la ni\u00adve\u00adla\u00adci\u00f3n en Ma\u00adte\u00adm\u00e1\u00adti\u00adcas, la Fa\u00adcul\u00adtad ofre\u00adce diferentes ins\u00adtan\u00adcias: AGOSTO \u2013 OCTUBRE 2020: Modalidad Virtual Inscripciones\u00a0(obligatorias): desde el d\u00eda\u00a01 de [&hellip;]<\/p>\n","protected":false},"author":123457,"featured_media":0,"parent":0,"menu_order":0,"comment_status":"closed","ping_status":"closed","template":"","meta":[],"_links":{"self":[{"href":"https:\/\/www.facet.unt.edu.ar\/ingenieriainformatica\/wp-json\/wp\/v2\/pages\/183"}],"collection":[{"href":"https:\/\/www.facet.unt.edu.ar\/ingenieriainformatica\/wp-json\/wp\/v2\/pages"}],"about":[{"href":"https:\/\/www.facet.unt.edu.ar\/ingenieriainformatica\/wp-json\/wp\/v2\/types\/page"}],"author":[{"embeddable":true,"href":"https:\/\/www.facet.unt.edu.ar\/ingenieriainformatica\/wp-json\/wp\/v2\/users\/123457"}],"replies":[{"embeddable":true,"href":"https:\/\/www.facet.unt.edu.ar\/ingenieriainformatica\/wp-json\/wp\/v2\/comments?post=183"}],"version-history":[{"count":1,"href":"https:\/\/www.facet.unt.edu.ar\/ingenieriainformatica\/wp-json\/wp\/v2\/pages\/183\/revisions"}],"predecessor-version":[{"id":184,"href":"https:\/\/www.facet.unt.edu.ar\/ingenieriainformatica\/wp-json\/wp\/v2\/pages\/183\/revisions\/184"}],"wp:attachment":[{"href":"https:\/\/www.facet.unt.edu.ar\/ingenieriainformatica\/wp-json\/wp\/v2\/media?parent=183"}],"curies":[{"name":"wp","href":"https:\/\/api.w.org\/{rel}","templated":true}]}}