{"id":65,"date":"2014-08-04T09:14:33","date_gmt":"2014-08-04T12:14:33","guid":{"rendered":"https:\/\/www.facet.unt.edu.ar\/ingenieriainformatica\/home\/"},"modified":"2023-02-14T12:10:05","modified_gmt":"2023-02-14T15:10:05","slug":"home","status":"publish","type":"page","link":"https:\/\/www.facet.unt.edu.ar\/ingenieriainformatica\/","title":{"rendered":"Home"},"content":{"rendered":"<div id=\"pl-65\"  class=\"panel-layout\" ><div id=\"pg-65-0\"  class=\"panel-grid panel-no-style\" ><div id=\"pgc-65-0-0\"  class=\"panel-grid-cell\" ><div id=\"panel-65-0-0-0\" class=\"so-panel widget widget_black-studio-tinymce widget_black_studio_tinymce panel-first-child\" data-index=\"0\" ><div class=\"textwidget\"><h2><strong>Ingenier\u00eda en Inform\u00e1tica<\/strong><\/h2>\n<p><strong>Duraci\u00f3n<\/strong>:\u00a0 5 a\u00f1os<\/p>\n<p><strong>Cantidad de Asignaturas<\/strong>: 42<\/p>\n<p><strong>Cantidad de Horas<\/strong>: 3920<\/p>\n<\/div><\/div><div id=\"panel-65-0-0-1\" class=\"so-panel widget widget_siteorigin-panels-postloop panel-last-child\" data-index=\"1\" ><h3 class=\"widget-title\">Latest Posts<\/h3>\n\t\t\n\t\t\n<article id=\"post-508\" class=\"post-508 post type-post status-publish format-standard hentry category-institucional\">\n\n\t\n\t<div class=\"entry-main\">\n\n\t\t\n\t\t<header class=\"entry-header\">\n\t\t\t\n\t\t\t<h1 class=\"entry-title\"><a href=\"https:\/\/www.facet.unt.edu.ar\/ingenieriainformatica\/2024\/12\/13\/futuros-egresados\/\" title=\"Enlace permanente a Futuros primeros egresados de Ingenier\u00eda en Inform\u00e1tica &#8211; FACET &#8211; UNT\" rel=\"bookmark\">Futuros primeros egresados de Ingenier\u00eda en Inform\u00e1tica &#8211; FACET &#8211; UNT<\/a><\/h1>\n\n\t\t\t\t\t\t\t<div class=\"entry-meta\">\n\t\t\t\t\tPublicado el <a href=\"https:\/\/www.facet.unt.edu.ar\/ingenieriainformatica\/2024\/12\/13\/futuros-egresados\/\" title=\"10:24\" rel=\"bookmark\"><time class=\"entry-date\" datetime=\"2024-12-13T10:24:23-03:00\">13 diciembre, 2024<\/time><\/a><time class=\"updated\" datetime=\"2024-12-13T10:24:50-03:00\">13 diciembre, 2024<\/time> <span class=\"byline\"> por <span class=\"author vcard\"><a class=\"url fn n\" href=\"https:\/\/www.facet.unt.edu.ar\/ingenieriainformatica\/author\/mruiz\/\" title=\"Ver todos los art\u00edculos de mruiz\" rel=\"author\">mruiz<\/a><\/span><\/span> \t\t\t\t<\/div><!-- .entry-meta -->\n\t\t\t\n\t\t<\/header><!-- .entry-header -->\n\n\t\t\t\t\t<div class=\"entry-content\">\n\t\t\t\t<h2>Reuni\u00f3n con los primeros futuros egresados de la carrera Ingenier\u00eda Inform\u00e1tica y equipo docente<\/h2>\n<p><a href=\"https:\/\/www.facet.unt.edu.ar\/dpto-cs-comp\/wp-content\/uploads\/sites\/29\/2024\/12\/IMG_2692.jpg\"><img decoding=\"async\" loading=\"lazy\" class=\"size-full wp-image-3895\" src=\"https:\/\/www.facet.unt.edu.ar\/dpto-cs-comp\/wp-content\/uploads\/sites\/29\/2024\/12\/IMG_2692.jpg\" alt=\"\" width=\"4284\" height=\"4284\" \/><\/a><\/p>\n<p dir=\"ltr\">El jueves 12 de diciembre\u00a0 de 2024, en la sala de Concejo de la FACET se reunieron, presidido por el <strong>Decano Dr. Miguel \u00c1ngel Cabrera<\/strong>, parte del plantel docente de la carrera de Ingenier\u00eda Inform\u00e1tica; la <strong>Jefa del Departamento de Ciencias de la Computaci\u00f3n<\/strong> <strong>Lic. Cristina Werenitzky<\/strong>, el Director de las Carrreras de <strong>Programador Universitario<\/strong> y <strong>Licenciatura en Inform\u00e1tica<\/strong> <strong>Mag. Ing. Hugo Ortega<\/strong>, el Director de la Carrera de<strong> Ingenier\u00eda en Inform\u00e1tica<\/strong> \u00a0<strong>Ing. Esteban Saborido<\/strong>, los profesores <strong>Ing. Ticiano Torres Peralta<\/strong> e <strong>Ing. Griselda Luccioni<\/strong>,\u00a0 junto a los <strong>primeros futuros egresados de la carrera de Ingenier\u00eda Inform\u00e1tica<\/strong>, los estudiantes <strong>Tom\u00e1s Heredia<\/strong> y <strong>Diana Park<\/strong>.<\/p>\n<p dir=\"ltr\">Fue un encuentro muy emotivo ya que \u201cel lanzamiento de la carrera, all\u00e1 por el 2020, implic\u00f3 mucho trabajo y ver a los dos primeros egresados en su recta final es gratificante&#8221;, acot\u00f3 la<strong> Ing. Luccioni.<\/strong><\/p>\n<p dir=\"ltr\">Por su parte el <strong>Dr. Miguel Cabrera<\/strong>, expres\u00f3 \u201c\u2026La Ingenier\u00eda en Inform\u00e1tica es la ciencia por excelencia del presente con un futuro muy promisorio. Todas las \u00e1reas del conocimiento necesariamente son reinterpretadas y modeladas por la Ing. Inform\u00e1tica, la que aporta su ciencia de algoritmos a dise\u00f1os y desarrollos, desde las tecnolog\u00edas hasta las ciencias sociales. Las ciencias inform\u00e1ticas dan la oportunidad de un desarrollo ilimitado del potencial humano\u2026\u201d.<\/p>\n<div id=\"panel-28489-0-1-0\" class=\"so-panel widget widget_sow-editor panel-first-child\" data-index=\"1\">\n<div class=\"so-widget-sow-editor so-widget-sow-editor-base\">\n<div class=\"siteorigin-widget-tinymce textwidget\">\n<p>La carrera de <strong>Ingenier\u00eda en Inform\u00e1tica<\/strong> permite que nos acerquemos a las tecnolog\u00edas actuales y a los temas m\u00e1s relevantes en el \u00e1rea de la Inform\u00e1tica como ser: t\u00e9cnicas \u00e1giles para el desarrollo de software, proyectos con clientes reales, seguridad inform\u00e1tica, \u00faltimas t\u00e9cnicas en desarrollo web, testing, miner\u00eda de datos, computaci\u00f3n de alto rendimiento, inteligencia artificial, ciencia de datos, entre otros, en un ambiente interconectado por redes de computadoras. Adem\u00e1s, se ofrecen actividades adicionales en el laboratorio de computaci\u00f3n cient\u00edfica, clubes de programaci\u00f3n competitiva y de rob\u00f3tica.<\/p>\n<p>Un\/a ingeniero\/a en Inform\u00e1tica posee una s\u00f3lida formaci\u00f3n en sistemas de informaci\u00f3n, algoritmos y programaci\u00f3n, software y lenguajes de \u00faltima generaci\u00f3n, y sistemas de organizaci\u00f3n de datos.<\/p>\n<p>Los estudiantes <strong>Heredia<\/strong> y <strong>Park,<\/strong> rendir\u00e1n su proyecto final el <strong>jueves 19 de diciembre de 2024<\/strong>, les deseamos el mejor de los \u00e9xitos!<\/p>\n<p><a href=\"https:\/\/www.facet.unt.edu.ar\/dpto-cs-comp\/wp-content\/uploads\/sites\/29\/2024\/12\/IMG_2699.jpg\"><img decoding=\"async\" loading=\"lazy\" class=\"size-full wp-image-3901\" src=\"https:\/\/www.facet.unt.edu.ar\/dpto-cs-comp\/wp-content\/uploads\/sites\/29\/2024\/12\/IMG_2699.jpg\" alt=\"\" width=\"4284\" height=\"4284\" \/><\/a><\/p>\n<\/div>\n<\/div>\n<\/div>\n<div id=\"panel-28489-0-1-1\" class=\"so-panel widget widget_sow-slider panel-last-child\" data-index=\"2\">\n<div class=\"so-widget-sow-slider so-widget-sow-slider-default-53fd0f98de19-28489\">\n<div class=\"sow-slider-base\">\n<p>&nbsp;<\/p>\n<\/div>\n<\/div>\n<\/div>\n\t\t\t\t\t\t\t\t\t\t\t\t\t\t\t<\/div><!-- .entry-content -->\n\t\t\n\t\t\n\t<\/div>\n\n<\/article><!-- #post-508 -->\n\n\t\n\t\t\n<article id=\"post-505\" class=\"post-505 post type-post status-publish format-standard hentry category-capacitacion\">\n\n\t\n\t<div class=\"entry-main\">\n\n\t\t\n\t\t<header class=\"entry-header\">\n\t\t\t\n\t\t\t<h1 class=\"entry-title\"><a href=\"https:\/\/www.facet.unt.edu.ar\/ingenieriainformatica\/2024\/07\/23\/webinar-introduccion-a-godot-el-motor-de-video-juegos-argentino\/\" title=\"Enlace permanente a Webinar \u201cIntroducci\u00f3n a Godot, el motor de video juegos\u00a0argentino\u201d\" rel=\"bookmark\">Webinar \u201cIntroducci\u00f3n a Godot, el motor de video juegos\u00a0argentino\u201d<\/a><\/h1>\n\n\t\t\t\t\t\t\t<div class=\"entry-meta\">\n\t\t\t\t\tPublicado el <a href=\"https:\/\/www.facet.unt.edu.ar\/ingenieriainformatica\/2024\/07\/23\/webinar-introduccion-a-godot-el-motor-de-video-juegos-argentino\/\" title=\"11:48\" rel=\"bookmark\"><time class=\"entry-date\" datetime=\"2024-07-23T11:48:11-03:00\">23 julio, 2024<\/time><\/a><time class=\"updated\" datetime=\"2024-07-23T11:48:11-03:00\">23 julio, 2024<\/time> <span class=\"byline\"> por <span class=\"author vcard\"><a class=\"url fn n\" href=\"https:\/\/www.facet.unt.edu.ar\/ingenieriainformatica\/author\/mruiz\/\" title=\"Ver todos los art\u00edculos de mruiz\" rel=\"author\">mruiz<\/a><\/span><\/span> \t\t\t\t<\/div><!-- .entry-meta -->\n\t\t\t\n\t\t<\/header><!-- .entry-header -->\n\n\t\t\t\t\t<div class=\"entry-content\">\n\t\t\t\t<div class=\"m8h3af8h l7ghb35v kjdc1dyq kmwttqpk gh25dzvf n3t5jt4f\">\n<div dir=\"auto\">Continuando con los vivos 2024 del Ciclo de Webinars \u201cConviviendo con el cambio\u201d del <strong>Departamento de Ciencias de la Computaci\u00f3n de la FACET<\/strong>. <span class=\"fxk3tzhb b2rh1bv3 gh55jysx m8h3af8h ewco64xe kjdc1dyq ms56khn7 bq6c9xl4 eohcrkr5 akh3l2rg\"><img decoding=\"async\" loading=\"lazy\" src=\"https:\/\/static.xx.fbcdn.net\/images\/emoji.php\/v9\/t8c\/1\/16\/1f389.png\" alt=\"\ud83c\udf89\" width=\"16\" height=\"16\" \/><\/span><\/div>\n<div dir=\"auto\"><\/div>\n<\/div>\n<div class=\"l7ghb35v kjdc1dyq kmwttqpk gh25dzvf jikcssrz n3t5jt4f\">\n<div dir=\"auto\"><span class=\"fxk3tzhb b2rh1bv3 gh55jysx m8h3af8h ewco64xe kjdc1dyq ms56khn7 bq6c9xl4 eohcrkr5 akh3l2rg\"><img decoding=\"async\" loading=\"lazy\" src=\"https:\/\/static.xx.fbcdn.net\/images\/emoji.php\/v9\/tff\/1\/16\/1f4c6.png\" alt=\"\ud83d\udcc6\" width=\"16\" height=\"16\" \/> El d\u00eda Jueves 25 de Julio de 2024 a las 19 hs<\/span>, se llevar\u00e1 a cabo el Webinar\u00a0<strong>\u201cIntroducci\u00f3n a Godot, el motor de video juegos argentino\u201d<\/strong><\/div>\n<div dir=\"auto\"><\/div>\n<div dir=\"auto\">\n<div dir=\"auto\"><span class=\"html-span xexx8yu x4uap5 x18d9i69 xkhd6sd x1hl2dhg x16tdsg8 x1vvkbs x3nfvp2 x1j61x8r x1fcty0u xdj266r xat24cr xgzva0m xhhsvwb xxymvpz xlup9mm x1kky2od\"><img decoding=\"async\" loading=\"lazy\" class=\"xz74otr\" src=\"https:\/\/static.xx.fbcdn.net\/images\/emoji.php\/v9\/tb5\/1\/16\/1f468_200d_1f3eb.png\" alt=\"\ud83d\udc68\u200d\ud83c\udfeb\" width=\"16\" height=\"16\" \/><\/span> <strong>Presentadores:<\/strong> Tom\u00e1s Heredia y Juan Mariano Girbau Alfaro<\/div>\n<div dir=\"auto\"><\/div>\n<div dir=\"auto\"><span class=\"html-span xexx8yu x4uap5 x18d9i69 xkhd6sd x1hl2dhg x16tdsg8 x1vvkbs x3nfvp2 x1j61x8r x1fcty0u xdj266r xat24cr xgzva0m xhhsvwb xxymvpz xlup9mm x1kky2od\"><img decoding=\"async\" loading=\"lazy\" class=\"xz74otr\" src=\"https:\/\/static.xx.fbcdn.net\/images\/emoji.php\/v9\/tc1\/1\/16\/1f50d.png\" alt=\"\ud83d\udd0d\" width=\"16\" height=\"16\" \/><\/span> <strong>Supervisi\u00f3n:<\/strong> Mg. Ticiano Torres Peralta<\/div>\n<\/div>\n<div dir=\"auto\">\n<p>\u270d\ufe0f <strong>Temas a tratar<\/strong>:<\/p>\n<p>\u00a1Acomp\u00e1\u00f1anos en esta presentaci\u00f3n de Godot Engine y descubre sus incre\u00edbles capacidades para el desarrollo de videojuegos! Este webinar est\u00e1 dirigido al p\u00fablico en general, as\u00ed que no importa si eres un principiante o un experto, \u00a1todos son bienvenidos!<\/p>\n<div class=\"x11i5rnm xat24cr x1mh8g0r x1vvkbs xtlvy1s x126k92a\">\n<div dir=\"auto\"><strong>Destinatarios:<\/strong><\/div>\n<div dir=\"auto\">\n<div dir=\"auto\"><span class=\"html-span xexx8yu x4uap5 x18d9i69 xkhd6sd x1hl2dhg x16tdsg8 x1vvkbs x3nfvp2 x1j61x8r x1fcty0u xdj266r xat24cr xgzva0m xhhsvwb xxymvpz xlup9mm x1kky2od\"><img decoding=\"async\" loading=\"lazy\" class=\"xz74otr\" src=\"https:\/\/static.xx.fbcdn.net\/images\/emoji.php\/v9\/t33\/1\/16\/2705.png\" alt=\"\u2705\" width=\"16\" height=\"16\" \/><\/span> P\u00fablico en general<\/div>\n<\/div>\n<\/div>\n<\/div>\n<\/div>\n<div dir=\"auto\"><\/div>\n<div dir=\"auto\"><span class=\"fxk3tzhb b2rh1bv3 gh55jysx m8h3af8h ewco64xe kjdc1dyq ms56khn7 bq6c9xl4 eohcrkr5 akh3l2rg\"><img decoding=\"async\" loading=\"lazy\" src=\"https:\/\/static.xx.fbcdn.net\/images\/emoji.php\/v9\/tac\/1\/16\/1f4cc.png\" alt=\"\ud83d\udccc\" width=\"16\" height=\"16\" \/> <\/span>El mismo se transmitir\u00e1 en el canal de Youtube de la FACET: <a href=\"https:\/\/www.youtube.com\/watch?v=q6bdJi-QkEM\">https:\/\/www.youtube.com\/watch?v=q6bdJi-QkEM<\/a><\/div>\n<p><a href=\"https:\/\/www.youtube.com\/watch?v=q6bdJi-QkEM\"><img decoding=\"async\" loading=\"lazy\" class=\"aligncenter size-full wp-image-3871\" src=\"https:\/\/www.facet.unt.edu.ar\/dpto-cs-comp\/wp-content\/uploads\/sites\/29\/2024\/07\/Webinar-julio-instagram.png\" alt=\"\" width=\"1080\" height=\"1080\" \/><\/a><\/p>\n<div tabindex=\"0\"><\/div>\n<div class=\"l7ghb35v kjdc1dyq kmwttqpk gh25dzvf jikcssrz n3t5jt4f\">\n<div dir=\"auto\">\n<div>\n<div class=\"mcafee_ok\" tabindex=\"0\">Cabe destacar que, los Webinars de este ciclo, se desarrollar\u00e1n de manera GRATUITA\u00a0<span class=\"fxk3tzhb b2rh1bv3 gh55jysx m8h3af8h ewco64xe kjdc1dyq ms56khn7 bq6c9xl4 eohcrkr5 akh3l2rg\"><img decoding=\"async\" loading=\"lazy\" src=\"https:\/\/static.xx.fbcdn.net\/images\/emoji.php\/v9\/tfe\/1\/16\/1f44f.png\" alt=\"\ud83d\udc4f\" width=\"16\" height=\"16\" \/><\/span><\/div>\n<\/div>\n<\/div>\n<\/div>\n\t\t\t\t\t\t\t\t\t\t\t\t\t\t\t<\/div><!-- .entry-content -->\n\t\t\n\t\t\n\t<\/div>\n\n<\/article><!-- #post-505 -->\n\n\t\n\t\t<nav role=\"navigation\" id=\"nav-below\" class=\"site-navigation paging-navigation\">\n\t\t<h1 class=\"assistive-text\">Navegador de art\u00edculos<\/h1>\n\n\t\n\t\t<div class='pagination'><span aria-current=\"page\" class=\"page-numbers current\">1<\/span>\n<a class=\"page-numbers\" href=\"https:\/\/www.facet.unt.edu.ar\/ingenieriainformatica\/wp-json\/wp\/v2\/pages\/65\/page\/2\/\">2<\/a>\n<a class=\"page-numbers\" href=\"https:\/\/www.facet.unt.edu.ar\/ingenieriainformatica\/wp-json\/wp\/v2\/pages\/65\/page\/3\/\">3<\/a>\n<a class=\"page-numbers\" href=\"https:\/\/www.facet.unt.edu.ar\/ingenieriainformatica\/wp-json\/wp\/v2\/pages\/65\/page\/4\/\">4<\/a>\n<a class=\"page-numbers\" href=\"https:\/\/www.facet.unt.edu.ar\/ingenieriainformatica\/wp-json\/wp\/v2\/pages\/65\/page\/5\/\">5<\/a>\n<a class=\"page-numbers\" href=\"https:\/\/www.facet.unt.edu.ar\/ingenieriainformatica\/wp-json\/wp\/v2\/pages\/65\/page\/6\/\">6<\/a>\n<span class=\"page-numbers dots\">&hellip;<\/span>\n<a class=\"page-numbers\" href=\"https:\/\/www.facet.unt.edu.ar\/ingenieriainformatica\/wp-json\/wp\/v2\/pages\/65\/page\/13\/\">13<\/a>\n<a class=\"next page-numbers\" href=\"https:\/\/www.facet.unt.edu.ar\/ingenieriainformatica\/wp-json\/wp\/v2\/pages\/65\/page\/2\/\">Siguiente &raquo;<\/a><\/div>\n\n\t\n\t<\/nav><!-- #nav-below -->\n\t\n<\/div><\/div><div id=\"pgc-65-0-1\"  class=\"panel-grid-cell\" ><div id=\"panel-65-0-1-0\" class=\"widget_text so-panel widget widget_custom_html panel-first-child\" data-index=\"2\" ><h3 class=\"widget-title\">\u00a1Seguinos!<\/h3><div class=\"textwidget custom-html-widget\"><h1>\n\t\u00a1Seguinos!\n<\/h1><\/div><\/div><div id=\"panel-65-0-1-1\" class=\"so-panel widget widget_vantage-social-media\" data-index=\"3\" ><h3 class=\"widget-title\">\u00a1Seguinos!<\/h3><a class=\"social-media-icon social-media-icon-facebook social-media-icon-size-large\" href=\"https:\/\/www.facebook.com\/UNT.Informatica\" title=\"Ingenier\u00eda en Inform\u00e1tica Facebook\" target=\"_blank\"><span class=\"fa fa-facebook\"><\/span><\/a><a class=\"social-media-icon social-media-icon-twitter social-media-icon-size-large\" href=\"https:\/\/twitter.com\/UntInformatica\" title=\"Ingenier\u00eda en Inform\u00e1tica Twitter\" target=\"_blank\"><span class=\"fa fa-twitter\"><\/span><\/a><a class=\"social-media-icon social-media-icon-instagram social-media-icon-size-large\" href=\"https:\/\/www.instagram.com\/UNT.Informatica\/\" title=\"Ingenier\u00eda en Inform\u00e1tica Instagram\" target=\"_blank\"><span class=\"fa fa-instagram\"><\/span><\/a><\/div><div id=\"panel-65-0-1-2\" class=\"widget_text so-panel widget widget_custom_html\" data-index=\"4\" ><h3 class=\"widget-title\">\u00a1Seguinos!<\/h3><div class=\"textwidget custom-html-widget\"><h1>\n\tPresentaci\u00f3n Ingenier\u00eda en Inform\u00e1tica\n<\/h1><\/div><\/div><div id=\"panel-65-0-1-3\" class=\"widget_text so-panel widget widget_custom_html panel-last-child\" data-index=\"5\" ><div class=\"textwidget custom-html-widget\"><iframe style=\"border: none; overflow: hidden;\" src=\"https:\/\/www.facebook.com\/plugins\/video.php?href=https%3A%2F%2Fwww.facebook.com%2Ffacet.unt%2Fvideos%2F3335199906558364%2F&amp;show_text=0&amp;width=560\" frameborder=\"0\" scrolling=\"no\" allowfullscreen=\"allowfullscreen\"><\/iframe>\n<hr>\n<iframe src=\"https:\/\/www.youtube.com\/embed\/lSCWLWc9cgM\" width=\"560\" height=\"315\" frameborder=\"0\" allowfullscreen=\"allowfullscreen\"><\/iframe><\/div><\/div><\/div><\/div><\/div>","protected":false},"excerpt":{"rendered":"<p>Ingenier\u00eda en Inform\u00e1tica Duraci\u00f3n:\u00a0 5 a\u00f1os Cantidad de Asignaturas: 42 Cantidad de Horas: 3920<\/p>\n","protected":false},"author":1,"featured_media":0,"parent":0,"menu_order":0,"comment_status":"closed","ping_status":"closed","template":"home-panels.php","meta":[],"_links":{"self":[{"href":"https:\/\/www.facet.unt.edu.ar\/ingenieriainformatica\/wp-json\/wp\/v2\/pages\/65"}],"collection":[{"href":"https:\/\/www.facet.unt.edu.ar\/ingenieriainformatica\/wp-json\/wp\/v2\/pages"}],"about":[{"href":"https:\/\/www.facet.unt.edu.ar\/ingenieriainformatica\/wp-json\/wp\/v2\/types\/page"}],"author":[{"embeddable":true,"href":"https:\/\/www.facet.unt.edu.ar\/ingenieriainformatica\/wp-json\/wp\/v2\/users\/1"}],"replies":[{"embeddable":true,"href":"https:\/\/www.facet.unt.edu.ar\/ingenieriainformatica\/wp-json\/wp\/v2\/comments?post=65"}],"version-history":[{"count":41,"href":"https:\/\/www.facet.unt.edu.ar\/ingenieriainformatica\/wp-json\/wp\/v2\/pages\/65\/revisions"}],"predecessor-version":[{"id":362,"href":"https:\/\/www.facet.unt.edu.ar\/ingenieriainformatica\/wp-json\/wp\/v2\/pages\/65\/revisions\/362"}],"wp:attachment":[{"href":"https:\/\/www.facet.unt.edu.ar\/ingenieriainformatica\/wp-json\/wp\/v2\/media?parent=65"}],"curies":[{"name":"wp","href":"https:\/\/api.w.org\/{rel}","templated":true}]}}