{"id":92,"date":"2020-08-01T00:25:35","date_gmt":"2020-08-01T03:25:35","guid":{"rendered":"https:\/\/www.facet.unt.edu.ar\/ingenieriainformatica\/?page_id=92"},"modified":"2020-08-02T04:41:45","modified_gmt":"2020-08-02T07:41:45","slug":"plan-de-estudios","status":"publish","type":"page","link":"https:\/\/www.facet.unt.edu.ar\/ingenieriainformatica\/plan-de-estudios\/","title":{"rendered":"Plan de Estudios Ingenier\u00eda en Inform\u00e1tica"},"content":{"rendered":"<p style=\"text-align: right;\"><strong><a href=\"https:\/\/www.facet.unt.edu.ar\/ingenieriainformatica\/wp-content\/uploads\/sites\/75\/2020\/08\/Plan-de-Estudios-INGENIER\u00cdA-EN-INFORM\u00c1TICA.pdf\">Descargar Plan<\/a><\/strong><\/p>\n<p style=\"text-align: right;\"><strong><a href=\"https:\/\/www.facet.unt.edu.ar\/ingenieriainformatica\/wp-content\/uploads\/sites\/75\/2020\/08\/Correlativas-Ing-en-Inform\u00e1tica-Res_1548_19.pdf\">R\u00e9gimen de Correlativas<\/a><\/strong><\/p>\n<table width=\"643\">\n<tbody>\n<tr>\n<td width=\"329\"><strong>Primer a\u00f1o<\/strong><\/p>\n<p><strong>Primer Cuatrimestre<\/strong><\/td>\n<td width=\"64\"><strong>Horas Semanales<\/strong><\/td>\n<td width=\"49\"><strong>Horas Totales<\/strong><\/td>\n<td width=\"91\"><strong>R\u00e9gimen<\/strong><\/td>\n<td width=\"72\"><strong>Modalidad<\/strong><\/td>\n<td width=\"38\"><strong>\u00c1rea<\/strong><\/td>\n<\/tr>\n<tr>\n<td width=\"329\">\u00c1lgebra y Geometr\u00eda Anal\u00edtica<\/td>\n<td width=\"64\">6<\/td>\n<td width=\"49\">96<\/td>\n<td width=\"91\">Cuatrimestral<\/td>\n<td width=\"72\">Presencial<\/td>\n<td width=\"38\">CB<\/td>\n<\/tr>\n<tr>\n<td width=\"329\">C\u00e1lculo I<\/td>\n<td width=\"64\">6<\/td>\n<td width=\"49\">96<\/td>\n<td width=\"91\">Cuatrimestral<\/td>\n<td width=\"72\">Presencial<\/td>\n<td width=\"38\">CB<\/td>\n<\/tr>\n<tr>\n<td width=\"329\">F\u00edsica I<\/td>\n<td width=\"64\">6<\/td>\n<td width=\"49\">96<\/td>\n<td width=\"91\">Cuatrimestral<\/td>\n<td width=\"72\">Presencial<\/td>\n<td width=\"38\">CB<\/td>\n<\/tr>\n<tr>\n<td width=\"329\">Fundamentos de Qu\u00edmica General<\/td>\n<td width=\"64\">5<\/td>\n<td width=\"49\">80<\/td>\n<td width=\"91\">Cuatrimestral<\/td>\n<td width=\"72\">Presencial<\/td>\n<td width=\"38\">CB<\/td>\n<\/tr>\n<tr>\n<td width=\"329\">Total Cuatrimestre<\/td>\n<td width=\"64\">23<\/td>\n<td width=\"49\">368<\/td>\n<td width=\"91\"><\/td>\n<td width=\"72\"><\/td>\n<td width=\"38\"><\/td>\n<\/tr>\n<\/tbody>\n<\/table>\n<table width=\"643\">\n<tbody>\n<tr>\n<td width=\"329\"><strong>Primer a\u00f1o<\/strong><\/p>\n<p><strong>Segundo Cuatrimestre<\/strong><\/td>\n<td width=\"64\"><strong>Horas Semanales<\/strong><\/td>\n<td width=\"49\"><strong>Horas Totales<\/strong><\/td>\n<td width=\"91\"><strong>R\u00e9gimen<\/strong><\/td>\n<td width=\"72\"><strong>Modalidad<\/strong><\/td>\n<td width=\"38\"><strong>\u00c1rea<\/strong><\/td>\n<\/tr>\n<tr>\n<td width=\"329\">C\u00e1lculo II<\/td>\n<td width=\"64\">5<\/td>\n<td width=\"49\">80<\/td>\n<td width=\"91\">Cuatrimestral<\/td>\n<td width=\"72\">Presencial<\/td>\n<td width=\"38\">CB<\/td>\n<\/tr>\n<tr>\n<td width=\"329\">Elementos de \u00c1lgebra Lineal<\/td>\n<td width=\"64\">5<\/td>\n<td width=\"49\">80<\/td>\n<td width=\"91\">Cuatrimestral<\/td>\n<td width=\"72\">Presencial<\/td>\n<td width=\"38\">CB<\/td>\n<\/tr>\n<tr>\n<td width=\"329\">F\u00edsica II<\/td>\n<td width=\"64\">6<\/td>\n<td width=\"49\">96<\/td>\n<td width=\"91\">Cuatrimestral<\/td>\n<td width=\"72\">Presencial<\/td>\n<td width=\"38\">CB<\/td>\n<\/tr>\n<tr>\n<td width=\"329\">Inform\u00e1tica<\/td>\n<td width=\"64\">4<\/td>\n<td width=\"49\">64<\/td>\n<td width=\"91\">Cuatrimestral<\/td>\n<td width=\"72\">Presencial<\/td>\n<td width=\"38\">CB<\/td>\n<\/tr>\n<tr>\n<td width=\"329\">Sistemas de Representaci\u00f3n<\/td>\n<td width=\"64\">5<\/td>\n<td width=\"49\">80<\/td>\n<td width=\"91\">Cuatrimestral<\/td>\n<td width=\"72\">Presencial<\/td>\n<td width=\"38\">CB<\/td>\n<\/tr>\n<tr>\n<td width=\"329\">Total Cuatrimestre<\/td>\n<td width=\"64\">25<\/td>\n<td width=\"49\">400<\/td>\n<td width=\"91\"><\/td>\n<td width=\"72\"><\/td>\n<td width=\"38\"><\/td>\n<\/tr>\n<\/tbody>\n<\/table>\n<table width=\"641\">\n<tbody>\n<tr>\n<td width=\"327\"><strong>Segundo a\u00f1o<\/strong><\/p>\n<p><strong>Primer Cuatrimestre<\/strong><\/td>\n<td width=\"64\"><strong>Horas Semanales<\/strong><\/td>\n<td width=\"49\"><strong>Horas Totales<\/strong><\/td>\n<td width=\"91\"><strong>R\u00e9gimen<\/strong><\/td>\n<td width=\"72\"><strong>Modalidad<\/strong><\/td>\n<td width=\"38\"><strong>\u00c1rea<\/strong><\/td>\n<\/tr>\n<tr>\n<td width=\"327\">C\u00e1lculo III<\/td>\n<td width=\"64\">6<\/td>\n<td width=\"49\">96<\/td>\n<td width=\"91\">Cuatrimestral<\/td>\n<td width=\"72\">Presencial<\/td>\n<td width=\"38\">CB<\/td>\n<\/tr>\n<tr>\n<td width=\"327\">Elementos de Computaci\u00f3n y L\u00f3gica<\/td>\n<td width=\"64\">5<\/td>\n<td width=\"49\">80<\/td>\n<td width=\"91\">Cuatrimestral<\/td>\n<td width=\"72\">Presencial<\/td>\n<td width=\"38\">TB<\/td>\n<\/tr>\n<tr>\n<td width=\"327\">F\u00edsica III<\/td>\n<td width=\"64\">8<\/td>\n<td width=\"49\">128<\/td>\n<td width=\"91\">Cuatrimestral<\/td>\n<td width=\"72\">Presencial<\/td>\n<td width=\"38\">CB<\/td>\n<\/tr>\n<tr>\n<td width=\"327\">Laboratorio de Software I<\/td>\n<td width=\"64\">5<\/td>\n<td width=\"49\">80<\/td>\n<td width=\"91\">Cuatrimestral<\/td>\n<td width=\"72\">Presencial<\/td>\n<td width=\"38\">TB<\/td>\n<\/tr>\n<tr>\n<td width=\"327\">Total Cuatrimestre<\/td>\n<td width=\"64\">24<\/td>\n<td width=\"49\">384<\/td>\n<td width=\"91\"><\/td>\n<td width=\"72\"><\/td>\n<td width=\"38\"><\/td>\n<\/tr>\n<\/tbody>\n<\/table>\n<table width=\"643\">\n<tbody>\n<tr>\n<td width=\"329\"><strong>Segundo a\u00f1o<\/strong><\/p>\n<p><strong>Segundo Cuatrimestre<\/strong><\/td>\n<td width=\"64\"><strong>Horas Semanales<\/strong><\/td>\n<td width=\"49\"><strong>Horas Totales<\/strong><\/td>\n<td width=\"91\"><strong>R\u00e9gimen<\/strong><\/td>\n<td width=\"72\"><strong>Modalidad<\/strong><\/td>\n<td width=\"38\"><strong>\u00c1rea<\/strong><\/td>\n<\/tr>\n<tr>\n<td width=\"329\">C\u00e1lculo IV<\/td>\n<td width=\"64\">6<\/td>\n<td width=\"49\">96<\/td>\n<td width=\"91\">Cuatrimestral<\/td>\n<td width=\"72\">Presencial<\/td>\n<td width=\"38\">CB<\/td>\n<\/tr>\n<tr>\n<td width=\"329\">Probabilidad y Estad\u00edstica<\/td>\n<td width=\"64\">5<\/td>\n<td width=\"49\">80<\/td>\n<td width=\"91\">Cuatrimestral<\/td>\n<td width=\"72\">Presencial<\/td>\n<td width=\"38\">CB<\/td>\n<\/tr>\n<tr>\n<td width=\"329\">Laboratorio de Software II<\/td>\n<td width=\"64\">5<\/td>\n<td width=\"49\">80<\/td>\n<td width=\"91\">Cuatrimestral<\/td>\n<td width=\"72\">Presencial<\/td>\n<td width=\"38\">TB<\/td>\n<\/tr>\n<tr>\n<td width=\"329\">Programaci\u00f3n<\/td>\n<td width=\"64\">7<\/td>\n<td width=\"49\">112<\/td>\n<td width=\"91\">Cuatrimestral<\/td>\n<td width=\"72\">Presencial<\/td>\n<td width=\"38\">TB<\/td>\n<\/tr>\n<tr>\n<td width=\"329\">Total Cuatrimestre<\/td>\n<td width=\"64\">23<\/td>\n<td width=\"49\">368<\/td>\n<td width=\"91\"><\/td>\n<td width=\"72\"><\/td>\n<td width=\"38\"><\/td>\n<\/tr>\n<\/tbody>\n<\/table>\n<table width=\"643\">\n<tbody>\n<tr>\n<td width=\"312\"><strong>Tercer a\u00f1o<\/strong><\/p>\n<p><strong>Primer Cuatrimestre<\/strong><\/td>\n<td width=\"70\"><strong>Horas Semanales<\/strong><\/td>\n<td width=\"52\"><strong>Horas Totales<\/strong><\/td>\n<td width=\"94\"><strong>R\u00e9gimen<\/strong><\/td>\n<td width=\"77\"><strong>Modalidad<\/strong><\/td>\n<td width=\"38\"><strong>\u00c1rea<\/strong><\/td>\n<\/tr>\n<tr>\n<td width=\"312\">Algoritmos y Estructuras de Datos I<\/td>\n<td width=\"70\">6<\/td>\n<td width=\"52\">96<\/td>\n<td width=\"94\">Cuatrimestral<\/td>\n<td width=\"77\">Presencial<\/td>\n<td width=\"38\">TB<\/td>\n<\/tr>\n<tr>\n<td width=\"312\">Arquitectura y Organizaci\u00f3n de Computadoras I<\/td>\n<td width=\"70\">6<\/td>\n<td width=\"52\">96<\/td>\n<td width=\"94\">Cuatrimestral<\/td>\n<td width=\"77\">Presencial<\/td>\n<td width=\"38\">TB<\/td>\n<\/tr>\n<tr>\n<td width=\"312\">Taller de Lenguajes I<\/td>\n<td width=\"70\">5<\/td>\n<td width=\"52\">80<\/td>\n<td width=\"94\">Cuatrimestral<\/td>\n<td width=\"77\">Presencial<\/td>\n<td width=\"38\">TB<\/td>\n<\/tr>\n<tr>\n<td width=\"312\">Matem\u00e1tica Discreta<\/td>\n<td width=\"70\">4<\/td>\n<td width=\"52\">64<\/td>\n<td width=\"94\">Cuatrimestral<\/td>\n<td width=\"77\">Presencial<\/td>\n<td width=\"38\">TB<\/td>\n<\/tr>\n<tr>\n<td width=\"312\">M\u00e9todos Num\u00e9ricos<\/td>\n<td width=\"70\">4<\/td>\n<td width=\"52\">64<\/td>\n<td width=\"94\">Cuatrimestral<\/td>\n<td width=\"77\">Presencial<\/td>\n<td width=\"38\">CB<\/td>\n<\/tr>\n<tr>\n<td width=\"312\">Total Cuatrimestre<\/td>\n<td width=\"70\">25<\/td>\n<td width=\"52\">400<\/td>\n<td width=\"94\"><\/td>\n<td width=\"77\"><\/td>\n<td width=\"38\"><\/td>\n<\/tr>\n<\/tbody>\n<\/table>\n<table width=\"643\">\n<tbody>\n<tr>\n<td width=\"329\"><strong>Tercer a\u00f1o<\/strong><\/p>\n<p><strong>Segundo Cuatrimestre<\/strong><\/td>\n<td width=\"64\"><strong>Horas Semanales<\/strong><\/td>\n<td width=\"49\"><strong>Horas Totales<\/strong><\/td>\n<td width=\"91\"><strong>R\u00e9gimen<\/strong><\/td>\n<td width=\"72\"><strong>Modalidad<\/strong><\/td>\n<td width=\"38\"><strong>\u00c1rea<\/strong><\/td>\n<\/tr>\n<tr>\n<td width=\"329\">Algoritmos y Estructuras de Datos II<\/td>\n<td width=\"64\">6<\/td>\n<td width=\"49\">96<\/td>\n<td width=\"91\">Cuatrimestral<\/td>\n<td width=\"72\">Presencial<\/td>\n<td width=\"38\">TB<\/td>\n<\/tr>\n<tr>\n<td width=\"329\">Bases de Datos I<\/td>\n<td width=\"64\">6<\/td>\n<td width=\"49\">96<\/td>\n<td width=\"91\">Cuatrimestral<\/td>\n<td width=\"72\">Presencial<\/td>\n<td width=\"38\">TA<\/td>\n<\/tr>\n<tr>\n<td width=\"329\">Paradigmas de Programaci\u00f3n<\/td>\n<td width=\"64\">6<\/td>\n<td width=\"49\">96<\/td>\n<td width=\"91\">Cuatrimestral<\/td>\n<td width=\"72\">Presencial<\/td>\n<td width=\"38\">TB<\/td>\n<\/tr>\n<tr>\n<td width=\"329\">Taller de Lenguajes II<\/td>\n<td width=\"64\">5<\/td>\n<td width=\"49\">80<\/td>\n<td width=\"91\">Cuatrimestral<\/td>\n<td width=\"72\">Presencial<\/td>\n<td width=\"38\">TB<\/td>\n<\/tr>\n<tr>\n<td width=\"329\">Total Cuatrimestre<\/td>\n<td width=\"64\">23<\/td>\n<td width=\"49\">368<\/td>\n<td width=\"91\"><\/td>\n<td width=\"72\"><\/td>\n<td width=\"38\"><\/td>\n<\/tr>\n<\/tbody>\n<\/table>\n<table width=\"643\">\n<tbody>\n<tr>\n<td width=\"329\"><strong>Cuarto a\u00f1o<\/strong><\/p>\n<p><strong>Primer Cuatrimestre<\/strong><\/td>\n<td width=\"64\"><strong>Horas Semanales<\/strong><\/td>\n<td width=\"49\"><strong>Horas Totales<\/strong><\/td>\n<td width=\"91\"><strong>R\u00e9gimen<\/strong><\/td>\n<td width=\"72\"><strong>Modalidad<\/strong><\/td>\n<td width=\"38\"><strong>\u00c1rea<\/strong><\/td>\n<\/tr>\n<tr>\n<td width=\"329\">Comunicaciones I<\/td>\n<td width=\"64\">6<\/td>\n<td width=\"49\">96<\/td>\n<td width=\"91\">Cuatrimestral<\/td>\n<td width=\"72\">Presencial<\/td>\n<td width=\"38\">TA<\/td>\n<\/tr>\n<tr>\n<td width=\"329\">Bases de Datos II<\/td>\n<td width=\"64\">6<\/td>\n<td width=\"49\">96<\/td>\n<td width=\"91\">Cuatrimestral<\/td>\n<td width=\"72\">Presencial<\/td>\n<td width=\"38\">TA<\/td>\n<\/tr>\n<tr>\n<td width=\"329\">Ingenier\u00eda de Software I<\/td>\n<td width=\"64\">5<\/td>\n<td width=\"49\">80<\/td>\n<td width=\"91\">Cuatrimestral<\/td>\n<td width=\"72\">Presencial<\/td>\n<td width=\"38\">TA<\/td>\n<\/tr>\n<tr>\n<td width=\"329\">Sistemas Operativos I<\/td>\n<td width=\"64\">6<\/td>\n<td width=\"49\">96<\/td>\n<td width=\"91\">Cuatrimestral<\/td>\n<td width=\"72\">Presencial<\/td>\n<td width=\"38\">TA<\/td>\n<\/tr>\n<tr>\n<td width=\"329\">Total Cuatrimestre<\/td>\n<td width=\"64\">23<\/td>\n<td width=\"49\">368<\/td>\n<td width=\"91\"><\/td>\n<td width=\"72\"><\/td>\n<td width=\"38\"><\/td>\n<\/tr>\n<\/tbody>\n<\/table>\n<table width=\"642\">\n<tbody>\n<tr>\n<td width=\"329\"><strong>Cuarto a\u00f1o<\/strong><\/p>\n<p><strong>Segundo Cuatrimestre<\/strong><\/td>\n<td width=\"64\"><strong>Horas Semanales<\/strong><\/td>\n<td width=\"49\"><strong>Horas Totales<\/strong><\/td>\n<td width=\"91\"><strong>R\u00e9gimen<\/strong><\/td>\n<td width=\"72\"><strong>Modalidad<\/strong><\/td>\n<td width=\"38\"><strong>\u00c1rea<\/strong><\/td>\n<\/tr>\n<tr>\n<td width=\"329\">Arquitectura y Organizaci\u00f3n de Computadoras II<\/td>\n<td width=\"64\">5<\/td>\n<td width=\"49\">80<\/td>\n<td width=\"91\">Cuatrimestral<\/td>\n<td width=\"72\">Presencial<\/td>\n<td width=\"38\">TB<\/td>\n<\/tr>\n<tr>\n<td width=\"329\">Comunicaciones II<\/td>\n<td width=\"64\">6<\/td>\n<td width=\"49\">96<\/td>\n<td width=\"91\">Cuatrimestral<\/td>\n<td width=\"72\">Presencial<\/td>\n<td width=\"38\">TA<\/td>\n<\/tr>\n<tr>\n<td width=\"329\">Ingenier\u00eda de Software II<\/td>\n<td width=\"64\">5<\/td>\n<td width=\"49\">80<\/td>\n<td width=\"91\">Cuatrimestral<\/td>\n<td width=\"72\">Presencia<\/td>\n<td width=\"38\">TA<\/td>\n<\/tr>\n<tr>\n<td width=\"329\">Administraci\u00f3n de Sistemas Operativos I<\/td>\n<td width=\"64\">4<\/td>\n<td width=\"49\">64<\/td>\n<td width=\"91\">Cuatrimestral<\/td>\n<td width=\"72\">Presencial<\/td>\n<td width=\"38\">TA<\/td>\n<\/tr>\n<tr>\n<td width=\"329\">Sistemas Operativos II<\/td>\n<td width=\"64\">5<\/td>\n<td width=\"49\">80<\/td>\n<td width=\"91\">Cuatrimestral<\/td>\n<td width=\"72\">Presencial<\/td>\n<td width=\"38\">TA<\/td>\n<\/tr>\n<tr>\n<td width=\"329\">Total Cuatrimestre<\/td>\n<td width=\"64\">25<\/td>\n<td width=\"49\">400<\/td>\n<td width=\"91\"><\/td>\n<td width=\"72\"><\/td>\n<td width=\"38\"><\/td>\n<\/tr>\n<\/tbody>\n<\/table>\n<table width=\"643\">\n<tbody>\n<tr>\n<td width=\"329\"><strong>Quinto a\u00f1o<\/strong><\/p>\n<p><strong>Primer Cuatrimestre<\/strong><\/td>\n<td width=\"64\"><strong>Horas Semanales<\/strong><\/td>\n<td width=\"49\"><strong>Horas Totales<\/strong><\/td>\n<td width=\"91\"><strong>R\u00e9gimen<\/strong><\/td>\n<td width=\"72\"><strong>Modalidad<\/strong><\/td>\n<td width=\"38\"><strong>\u00c1rea<\/strong><\/td>\n<\/tr>\n<tr>\n<td width=\"329\">Administraci\u00f3n de Proyectos<\/td>\n<td width=\"64\">6<\/td>\n<td width=\"49\">96<\/td>\n<td width=\"91\">Cuatrimestral<\/td>\n<td width=\"72\">Presencial<\/td>\n<td width=\"38\">CC<\/td>\n<\/tr>\n<tr>\n<td width=\"329\">Sistemas de Informaci\u00f3n<\/td>\n<td width=\"64\">4<\/td>\n<td width=\"49\">64<\/td>\n<td width=\"91\">Cuatrimestral<\/td>\n<td width=\"72\">Presencial<\/td>\n<td width=\"38\">TA<\/td>\n<\/tr>\n<tr>\n<td width=\"329\">Conceptos de Lenguajes<\/td>\n<td width=\"64\">5<\/td>\n<td width=\"49\">80<\/td>\n<td width=\"91\">Cuatrimestral<\/td>\n<td width=\"72\">Presencial<\/td>\n<td width=\"38\">TB<\/td>\n<\/tr>\n<tr>\n<td width=\"329\">Total Cuatrimestre<\/td>\n<td width=\"64\">15<\/td>\n<td width=\"49\">240<\/td>\n<td width=\"91\"><\/td>\n<td width=\"72\"><\/td>\n<td width=\"38\"><\/td>\n<\/tr>\n<\/tbody>\n<\/table>\n<table width=\"643\">\n<tbody>\n<tr>\n<td width=\"329\"><strong>Quinto a\u00f1o<\/strong><\/p>\n<p><strong>Segundo Cuatrimestre<\/strong><\/td>\n<td width=\"64\"><strong>Horas Semanales<\/strong><\/td>\n<td width=\"49\"><strong>Horas Totales<\/strong><\/td>\n<td width=\"91\"><strong>R\u00e9gimen<\/strong><\/td>\n<td width=\"72\"><strong>Modalidad<\/strong><\/td>\n<td width=\"38\"><strong>\u00c1rea<\/strong><\/td>\n<\/tr>\n<tr>\n<td width=\"329\">Computaci\u00f3n Cient\u00edfica<\/td>\n<td width=\"64\">4<\/td>\n<td width=\"49\">64<\/td>\n<td width=\"91\">Cuatrimestral<\/td>\n<td width=\"72\">Presencial<\/td>\n<td width=\"38\">TB<\/td>\n<\/tr>\n<tr>\n<td width=\"329\">Administraci\u00f3n de Sistemas Operativos II<\/td>\n<td width=\"64\">4<\/td>\n<td width=\"49\">64<\/td>\n<td width=\"91\">Cuatrimestral<\/td>\n<td width=\"72\">Presencial<\/td>\n<td width=\"38\">TA<\/td>\n<\/tr>\n<tr>\n<td width=\"329\">Legislaci\u00f3n y Organizaciones<\/td>\n<td width=\"64\">4<\/td>\n<td width=\"49\">64<\/td>\n<td width=\"91\">Cuatrimestral<\/td>\n<td width=\"72\">Presencial<\/td>\n<td width=\"38\">CC<\/td>\n<\/tr>\n<tr>\n<td width=\"329\">Gesti\u00f3n ambiental<\/td>\n<td width=\"64\">2<\/td>\n<td width=\"49\">32<\/td>\n<td width=\"91\">Cuatrimestral<\/td>\n<td width=\"72\">Presencial<\/td>\n<td width=\"38\">CC<\/td>\n<\/tr>\n<tr>\n<td width=\"329\">Total Cuatrimestre<\/td>\n<td width=\"64\">14<\/td>\n<td width=\"49\">224<\/td>\n<td width=\"91\"><\/td>\n<td width=\"72\"><\/td>\n<td width=\"38\"><\/td>\n<\/tr>\n<\/tbody>\n<\/table>\n<table width=\"643\">\n<tbody>\n<tr>\n<td width=\"329\"><strong>Exigencias adicionales<\/strong><\/td>\n<td width=\"49\"><strong>Horas Totales<\/strong><\/td>\n<td width=\"265\"><strong>R\u00e9gimen<\/strong><\/td>\n<\/tr>\n<tr>\n<td width=\"329\">Certificaci\u00f3n de idioma ingl\u00e9s<\/td>\n<td width=\"49\"><\/td>\n<td width=\"265\">R\u00e9gimen de Certificaci\u00f3n establecido por Reglamento<\/td>\n<\/tr>\n<tr>\n<td width=\"329\">Pr\u00e1ctica Profesional Supervisada<\/td>\n<td width=\"49\">200<\/td>\n<td width=\"265\">R\u00e9gimen establecido por Reglamento<\/td>\n<\/tr>\n<tr>\n<td width=\"329\">Proyecto Final<\/td>\n<td width=\"49\">200<\/td>\n<td width=\"265\">R\u00e9gimen de presentaci\u00f3n y aprobaci\u00f3n establecido por\u00a0\u00a0Reglamento<\/td>\n<\/tr>\n<tr>\n<td width=\"329\">Total Horas<\/td>\n<td width=\"49\">400<\/td>\n<td width=\"265\"><\/td>\n<\/tr>\n<\/tbody>\n<\/table>\n<p style=\"font-weight: 400;\"><strong>Total de horas<\/strong>: 3920<\/p>\n<p style=\"font-weight: 400;\"><strong>\u00c1reas<\/strong><\/p>\n<p style=\"font-weight: 400;\">CB: Ciencias B\u00e1sicas<\/p>\n<p style=\"font-weight: 400;\">TA: Tecnolog\u00edas\u00a0\u00a0Aplicadas<\/p>\n<p style=\"font-weight: 400;\">TB: Tecnolog\u00edas B\u00e1sicas<\/p>\n<p style=\"font-weight: 400;\">CC: Complementarias<\/p>\n","protected":false},"excerpt":{"rendered":"<p>Descargar Plan R\u00e9gimen de Correlativas Primer a\u00f1o Primer Cuatrimestre Horas Semanales Horas Totales R\u00e9gimen Modalidad \u00c1rea \u00c1lgebra y Geometr\u00eda Anal\u00edtica 6 96 Cuatrimestral Presencial CB C\u00e1lculo I 6 96 Cuatrimestral Presencial CB F\u00edsica I 6 96 Cuatrimestral Presencial CB Fundamentos de Qu\u00edmica General 5 80 Cuatrimestral Presencial CB Total Cuatrimestre 23 368 Primer a\u00f1o Segundo [&hellip;]<\/p>\n","protected":false},"author":123457,"featured_media":0,"parent":0,"menu_order":0,"comment_status":"closed","ping_status":"closed","template":"","meta":[],"_links":{"self":[{"href":"https:\/\/www.facet.unt.edu.ar\/ingenieriainformatica\/wp-json\/wp\/v2\/pages\/92"}],"collection":[{"href":"https:\/\/www.facet.unt.edu.ar\/ingenieriainformatica\/wp-json\/wp\/v2\/pages"}],"about":[{"href":"https:\/\/www.facet.unt.edu.ar\/ingenieriainformatica\/wp-json\/wp\/v2\/types\/page"}],"author":[{"embeddable":true,"href":"https:\/\/www.facet.unt.edu.ar\/ingenieriainformatica\/wp-json\/wp\/v2\/users\/123457"}],"replies":[{"embeddable":true,"href":"https:\/\/www.facet.unt.edu.ar\/ingenieriainformatica\/wp-json\/wp\/v2\/comments?post=92"}],"version-history":[{"count":11,"href":"https:\/\/www.facet.unt.edu.ar\/ingenieriainformatica\/wp-json\/wp\/v2\/pages\/92\/revisions"}],"predecessor-version":[{"id":146,"href":"https:\/\/www.facet.unt.edu.ar\/ingenieriainformatica\/wp-json\/wp\/v2\/pages\/92\/revisions\/146"}],"wp:attachment":[{"href":"https:\/\/www.facet.unt.edu.ar\/ingenieriainformatica\/wp-json\/wp\/v2\/media?parent=92"}],"curies":[{"name":"wp","href":"https:\/\/api.w.org\/{rel}","templated":true}]}}