{"id":1022,"date":"2017-12-28T12:07:47","date_gmt":"2017-12-28T15:07:47","guid":{"rendered":"https:\/\/www.facet.unt.edu.ar\/ingenieriaquimica\/?page_id=1022"},"modified":"2023-08-01T17:03:07","modified_gmt":"2023-08-01T20:03:07","slug":"intercambio","status":"publish","type":"page","link":"https:\/\/www.facet.unt.edu.ar\/ingenieriaquimica\/organizacion\/intercambio\/","title":{"rendered":"Becas e Intercambio"},"content":{"rendered":"<h2><\/h2>\n<h2 style=\"text-align: center;\"><span style=\"color: #800000;\"><strong>BECAS E INTERCAMBIO<\/strong><\/span><\/h2>\n<p>Los alumnos de Ingenier\u00eda Qu\u00edmica tienen diversas posibilidades de realizar<strong> intercambio acad\u00e9mico<\/strong> en el exterior. Algunas de las alternativas son las siguientes:<\/p>\n<p>&nbsp;<\/p>\n<h3 style=\"padding-left: 30px;\"><strong><span style=\"color: #800000;\">Programa de becas ALEARG <\/span><\/strong><\/h3>\n<p style=\"padding-left: 30px;\">Las becas <strong>AleArg <\/strong>son fruto del convenio entre el Ministerio de Educaci\u00f3n y Deportes de la Rep\u00fablica Argentina y el Servicio Alem\u00e1n de Intercambio Acad\u00e9mico (DAAD) de Alemania. Est\u00e1 destinada a estudiantes de ingenier\u00eda y tiene por finalidad realizar una pasant\u00eda acad\u00e9mica y profesional en Alemania. La duraci\u00f3n es de un a\u00f1o.<\/p>\n<p style=\"padding-left: 30px;\"><strong><a href=\"https:\/\/www.daad-argentina.org\/es\/estudiar-en-alemania\/\" target=\"_blank\" rel=\"noopener noreferrer\">http:\/\/www.daad-argentina.org\/es\/20609\/<\/a><\/strong><\/p>\n<p>&nbsp;<\/p>\n<h3 style=\"padding-left: 30px;\"><span style=\"color: #800000;\"><strong>Programa ESCALA Estudiantil<\/strong><\/span><\/h3>\n<p style=\"padding-left: 30px;\">Es un programa de AUGM, entendido como la construcci\u00f3n de un \u201cEspacio Acad\u00e9mico Com\u00fan Ampliado Latinoamericano\u201d <strong>ESCALA<\/strong>. El programa busca impulsar y fortalecer el proceso de construcci\u00f3n de un espacio acad\u00e9mico com\u00fan regional a trav\u00e9s de la movilidad de estudiantes. Los intercambios de estudiantes se realizar\u00e1n al nivel de carreras de grado y licenciaturas, por un semestre acad\u00e9mico. Pueden participar todos los estudiantes que pertenezcan a cualquier universidad miembro.<\/p>\n<p>\u00a0 \u00a0 \u00a0 \u00a0 <a href=\"http:\/\/grupomontevideo.org\/sitio\/escala-estudiantes-de-grado\/\" target=\"_blank\" rel=\"noopener\"><strong>http:\/\/grupomontevideo.org\/sitio\/escala-estudiantes-de-grado\/<\/strong><\/a><\/p>\n<p>&nbsp;<\/p>\n<h3 style=\"padding-left: 30px;\"><strong><span style=\"color: #800000;\">Programa de Intercambio Acad\u00e9mico Latinoamericano (PILA)<\/span><\/strong><\/h3>\n<div style=\"padding-left: 30px;\">El Consejo Interuniversitario Nacional (CIN) suscribi\u00f3 un convenio de intercambio acad\u00e9mico con la Asociaci\u00f3n Colombiana de Universidades (ASCUN) y la Asociaci\u00f3n Nacional de Universidades e Instituciones de Educaci\u00f3n Superior (ANUIES) de M\u00e9xico. La firma se llev\u00f3 a cabo en el marco del 60\u00b0 aniversario de la fundaci\u00f3n del organismo colombiano.<\/div>\n<div style=\"padding-left: 30px;\">El convenio tiene por objeto promover el intercambio de estudiantes de carreras de grado, pregrado y posgrado, as\u00ed como de acad\u00e9micos, investigadores y gestores de las universidades e instituciones de educaci\u00f3n superior asociadas, a trav\u00e9s de un programa denominado Programa de Intercambio Acad\u00e9mico Latinoamericano (PILA). El fin ser\u00e1 enriquecer la formaci\u00f3n acad\u00e9mica, profesional e integral, as\u00ed como promover la internacionalizaci\u00f3n de la educaci\u00f3n superior y fortalecer los lazos de cooperaci\u00f3n entre Colombia, M\u00e9xico y Argentina.<\/div>\n<p style=\"padding-left: 30px;\"><strong><a href=\"http:\/\/www.anuies.mx\/programas-y-proyectos\/cooperacion-academica-nacional-e-internacional\/cooperacion-academica-internacional\/programa-de-intercambio-latinoamericano-PILA\" target=\"_blank\" rel=\"noopener noreferrer\">http:\/\/www.anuies.mx\/<\/a><\/strong><\/p>\n<p>&nbsp;<\/p>\n<h3 style=\"padding-left: 30px;\"><span style=\"color: #800000;\"><strong>Programa ARgentina Francia Ingenieros TECnolog\u00eda\u2013 ARFITEC<\/strong><\/span><\/h3>\n<p style=\"padding-left: 30px;\">El programa ARFITEC se basa en la implementaci\u00f3n de proyectos de cooperaci\u00f3n entre instituciones de ense\u00f1anza superior argentinas y francesas que tengan a su cargo la formaci\u00f3n de ingenieros. El programa funciona bajo la coordinaci\u00f3n de un Comit\u00e9 mixto franco-argentino en el que se encuentran representadas las autoridades de cada uno de los dos pa\u00edses, a trav\u00e9s del Ministerio de Educaci\u00f3n y el Ministerio de Ciencia, Tecnolog\u00eda e Innovaci\u00f3n Productiva de la Rep\u00fablica Argentina, y los Ministerios franceses de Educaci\u00f3n Superior e Investigaci\u00f3n y de Asuntos Exteriores, representados por la Conferencia de Directores de las Escuelas Francesas de Ingenieros (CDEFI) y la Embajada de Francia en la Argentina respectivamente.<\/p>\n<p style=\"padding-left: 30px;\">Para mayor informaci\u00f3n consultar a la representante en la FACET:\u00a0<strong><a href=\"mailto:aingaramo@herrera.unt.edu.ar\">aingaramo@herrera.unt.edu.ar<\/a><\/strong><\/p>\n<p>&nbsp;<\/p>\n<h3 style=\"padding-left: 30px;\"><span style=\"color: #800000;\"><strong>Intercambio con la Universidad de Cleveland (CSU)<\/strong><\/span><\/h3>\n<p style=\"padding-left: 30px;\">Por un convenio vigente, la <strong>Cleveland State University<\/strong> (USA) alumnos de Ingenier\u00eda Qu\u00edmica pueden tomar cursos de grado de la carrera en el Departamento de Ingenier\u00eda Qu\u00edmica sin costos de inscripci\u00f3n.<\/p>\n<p style=\"padding-left: 30px;\">Por informaci\u00f3n consultar a <strong><a href=\"mailto:macolombo@herrera.unt.edu.ar\">macolombo@herrera.unt.edu.ar<\/a><\/strong><\/p>\n<p>&nbsp;<\/p>\n<p>Para acceder a m\u00e1s informaci\u00f3n, se sugiere consultar el sitio de <strong>Relaciones Internacionales<\/strong> de nuestra universidad:<\/p>\n<p><strong><a href=\"http:\/\/www.internacionales.unt.edu.ar\/\" target=\"_blank\" rel=\"noopener noreferrer\">http:\/\/www.internacionales.unt.edu.ar\/<\/a><\/strong><\/p>\n<p>&nbsp;<\/p>\n<p>Para los alumnos que est\u00e1n interesados en iniciarse en la investigaci\u00f3n cient\u00edfico-tecnol\u00f3gica, existen, entre otras, estas posibilidades:<\/p>\n<p>&nbsp;<\/p>\n<h3 style=\"padding-left: 30px;\"><span style=\"color: #800000;\"><strong>Becas YPF<\/strong><\/span><\/h3>\n<p style=\"padding-left: 30px;\">La Fundaci\u00f3n YPF invita a los estudiantes de la FACET a formar parte de una experiencia de estudio transformadora vinculada a la energ\u00eda y al mundo YPF, a partir de una nueva convocatoria de 200 Becas de Grado para carreras ligadas al desarrollo energ\u00e9tico y tecnol\u00f3gico del pa\u00eds.\u00a0\u00a0<span id=\"more-14076\"><\/span>La convocatoria apunta a <strong>dos perfiles<\/strong>:<\/p>\n<p style=\"padding-left: 60px;\"><strong>&#8211; estudiantes que reci\u00e9n ingresan a la carrera<\/strong><\/p>\n<p style=\"padding-left: 60px;\"><strong>&#8211; alumnos que comienzan a cursar cuarto a\u00f1o\u00a0<\/strong><\/p>\n<p style=\"padding-left: 30px;\">El Programa de Becas de Grado de la Fundaci\u00f3n YPF se destaca por brindar mentor\u00edas a cargo de profesionales de YPF .\u00a0Los postulantes se seleccionan por su desempe\u00f1o acad\u00e9mico.\u00a0La \u00faltima convocatoria cerr\u00f3 en marzo de 2018.<\/p>\n<p style=\"padding-left: 30px;\"><strong><a href=\"http:\/\/www.becas.fundacionypf.org\/\" target=\"_blank\" rel=\"noopener noreferrer\">https\/\/www.becas.fundacionypf.org<\/a><\/strong><\/p>\n<p>&nbsp;<\/p>\n<h3 style=\"padding-left: 30px;\"><span style=\"color: #800000;\"><strong>Becas CIN<\/strong><\/span><\/h3>\n<p style=\"padding-left: 30px;\">En el marco del \u201cPlan de Fortalecimiento de la Investigaci\u00f3n Cient\u00edfica, el Desarrollo Tecnol\u00f3gico y la Innovaci\u00f3n en las Universidades Nacionales\u201d (Ac. Pl. N\u00ba 676\/08 y 687\/09), el Consejo Interuniversitario Nacional (CIN) otorga <strong>Becas de Est\u00edmulo a las Vocaciones Cient\u00edficas<\/strong> (Becas EVC \u2013 CIN) para estudiantes de grado de instituciones universitarias p\u00fablicas que deseen iniciar su formaci\u00f3n en investigaci\u00f3n.<\/p>\n<p><strong>\u00a0 \u00a0 \u00a0 \u00a0 <a href=\"http:\/\/evc.cin.edu.ar\/\" target=\"_blank\" rel=\"noopener noreferrer\">http:\/\/evc.cin.edu.ar\/<\/a><\/strong><\/p>\n<p>&nbsp;<\/p>\n<h3 style=\"padding-left: 30px;\"><span style=\"color: #800000;\"><strong>Becas estudiantiles CIUNT<\/strong><\/span><\/h3>\n<p style=\"padding-left: 30px;\">El Consejo de Investigaciones de la UNT, llama anualmente a los estudiantes de nuestra casa de altos estudios a participar de convocatoria de becas para el desarrollo de un trabajo de investigaci\u00f3n bajo la gu\u00eda de un Director que se desarrollan por el t\u00e9rmino de un a\u00f1o<strong>. <\/strong><\/p>\n<p style=\"padding-left: 30px;\"><strong><a href=\"http:\/\/scait.ct.unt.edu.ar\/\" target=\"_blank\" rel=\"noopener\">http:\/\/scait.ct.unt.edu.ar\/<\/a><\/strong><\/p>\n<p>&nbsp;<\/p>\n<h3 style=\"padding-left: 30px;\"><strong><span style=\"color: #800000;\">Becas de Verano del Instituto Balseiro<\/span><span style=\"color: #800000;\">\u00a0<\/span><\/strong><\/h3>\n<p style=\"padding-left: 30px;\">El Instituto Balseiro invita a estudiantes avanzados y graduados universitarios recientes de carreras de ciencias e ingenier\u00edas a inscribirse en una nueva edici\u00f3n del Programa \u201cBecas de Verano\u201d, que tiene como objetivo capacitar cada a\u00f1o a 15 becarios en tareas de investigaci\u00f3n y desarrollo (I+D).\u00a0<span id=\"more-15638\"><\/span>Est\u00e1 dirigido a estudiantes avanzados de carreras de grado en ciencias e ingenier\u00edas, en particular Ingenier\u00eda Qu\u00edmica con al menos el 75% de la carrera aprobada al 1 de octubre, o profesionales recientemente graduados en las mismas carreras, egresados con posterioridad al 1 de febrero.<\/p>\n<p style=\"padding-left: 30px;\">Contacto:\u00a0<strong><a href=\"mailto:becasdeverano@ib.edu.ar\" target=\"_blank\" rel=\"noopener noreferrer\">becasdeverano@ib.edu.ar<\/a><\/strong><\/p>\n<p>&nbsp;<\/p>\n<p>En todos los casos se deben consultar las convocatorias vigentes.<\/p>\n<p>&nbsp;<\/p>\n","protected":false},"excerpt":{"rendered":"<p>BECAS E INTERCAMBIO Los alumnos de Ingenier\u00eda Qu\u00edmica tienen diversas posibilidades de realizar intercambio acad\u00e9mico en el exterior. Algunas de las alternativas son las siguientes: &nbsp; Programa de becas ALEARG Las becas AleArg son fruto del convenio entre el Ministerio de Educaci\u00f3n y Deportes de la Rep\u00fablica Argentina y el Servicio Alem\u00e1n de Intercambio Acad\u00e9mico (DAAD) [&hellip;]<\/p>\n","protected":false},"author":101029,"featured_media":0,"parent":200,"menu_order":8,"comment_status":"closed","ping_status":"closed","template":"templates\/template-full-notitle.php","meta":[],"_links":{"self":[{"href":"https:\/\/www.facet.unt.edu.ar\/ingenieriaquimica\/wp-json\/wp\/v2\/pages\/1022"}],"collection":[{"href":"https:\/\/www.facet.unt.edu.ar\/ingenieriaquimica\/wp-json\/wp\/v2\/pages"}],"about":[{"href":"https:\/\/www.facet.unt.edu.ar\/ingenieriaquimica\/wp-json\/wp\/v2\/types\/page"}],"author":[{"embeddable":true,"href":"https:\/\/www.facet.unt.edu.ar\/ingenieriaquimica\/wp-json\/wp\/v2\/users\/101029"}],"replies":[{"embeddable":true,"href":"https:\/\/www.facet.unt.edu.ar\/ingenieriaquimica\/wp-json\/wp\/v2\/comments?post=1022"}],"version-history":[{"count":36,"href":"https:\/\/www.facet.unt.edu.ar\/ingenieriaquimica\/wp-json\/wp\/v2\/pages\/1022\/revisions"}],"predecessor-version":[{"id":3085,"href":"https:\/\/www.facet.unt.edu.ar\/ingenieriaquimica\/wp-json\/wp\/v2\/pages\/1022\/revisions\/3085"}],"up":[{"embeddable":true,"href":"https:\/\/www.facet.unt.edu.ar\/ingenieriaquimica\/wp-json\/wp\/v2\/pages\/200"}],"wp:attachment":[{"href":"https:\/\/www.facet.unt.edu.ar\/ingenieriaquimica\/wp-json\/wp\/v2\/media?parent=1022"}],"curies":[{"name":"wp","href":"https:\/\/api.w.org\/{rel}","templated":true}]}}