{"id":1282,"date":"2018-09-10T12:13:10","date_gmt":"2018-09-10T15:13:10","guid":{"rendered":"https:\/\/www.facet.unt.edu.ar\/ingenieriaquimica\/?page_id=1282"},"modified":"2018-10-26T10:31:00","modified_gmt":"2018-10-26T13:31:00","slug":"actividades-reservadas","status":"publish","type":"page","link":"https:\/\/www.facet.unt.edu.ar\/ingenieriaquimica\/plan-de-estudios\/actividades-reservadas\/","title":{"rendered":"Perfil y A. Reservadas"},"content":{"rendered":"<h2><\/h2>\n<h2 style=\"text-align: center;\"><span style=\"color: #800000;\"><strong>PERFIL\u00a0 Y\u00a0 ACTIVIDADES RESERVADAS<\/strong><\/span><\/h2>\n<p>&nbsp;<\/p>\n<h3><span style=\"color: #800000;\"><strong>Perfil de formaci\u00f3n<\/strong><\/span><\/h3>\n<p>El profesional que se forma posee:<\/p>\n<ul>\n<li>manejo s\u00f3lido de las herramientas de la Ingenier\u00eda Qu\u00edmica, de modo que pueda aplicarlas en los diversos campos del ejercicio profesional: t\u00e9cnico, tecnol\u00f3gico o cient\u00edfico.<\/li>\n<li>capacidad de estudio aut\u00f3nomo, esp\u00edritu cr\u00edtico y creatividad, para abordar los problemas concretos de la profesi\u00f3n a partir de una formaci\u00f3n general.<\/li>\n<\/ul>\n<p>&nbsp;<\/p>\n<h3><span style=\"color: #800000;\"><strong>Actividades Reservadas<\/strong><\/span><\/h3>\n<p>Las <strong>actividades profesionales reservadas<\/strong> al t\u00edtulo de <strong>Ingeniero Qu\u00edmico<\/strong> establecidas por\u00a0<span style=\"color: #000000;\"><b>Anexo XIII<\/b><\/span>\u00a0(IF-2018-06550228-APN-SECPU#ME) que modifica\u00a0la <strong>Res. 1232\/01 \u2013 Anexo V-13<\/strong> son:<\/p>\n<ol>\n<li>Dise\u00f1ar, calcular y proyectar productos, procesos, sistemas, instalaciones, y\u00a0elementos complementarios correspondientes a la modificaci\u00f3n f\u00edsica, energ\u00e9tica,\u00a0fisicoqu\u00edmica, qu\u00edmica o biotecnol\u00f3gica de la materia; e instalaciones de control y de transformaci\u00f3n de emisiones energ\u00e9ticas, efluentes l\u00edquidos, residuos s\u00f3lidos y\u00a0emisiones gaseosas.<\/li>\n<li>Proyectar, dirigir y controlar la construcci\u00f3n, operaci\u00f3n y mantenimiento de lo\u00a0anteriormente mencionado.<\/li>\n<li>Certificar el funcionamiento y\/o condici\u00f3n de uso o estado de lo mencionado\u00a0anteriormente.<\/li>\n<li>Proyectar y dirigir lo referido a la higiene, seguridad y control de impacto\u00a0ambiental en lo concerniente a su actividad profesional.<\/li>\n<\/ol>\n<p>&nbsp;<\/p>\n<p>&nbsp;<\/p>\n<p>&nbsp;<\/p>\n","protected":false},"excerpt":{"rendered":"<p>PERFIL\u00a0 Y\u00a0 ACTIVIDADES RESERVADAS &nbsp; Perfil de formaci\u00f3n El profesional que se forma posee: manejo s\u00f3lido de las herramientas de la Ingenier\u00eda Qu\u00edmica, de modo que pueda aplicarlas en los diversos campos del ejercicio profesional: t\u00e9cnico, tecnol\u00f3gico o cient\u00edfico. capacidad de estudio aut\u00f3nomo, esp\u00edritu cr\u00edtico y creatividad, para abordar los problemas concretos de la profesi\u00f3n a [&hellip;]<\/p>\n","protected":false},"author":101029,"featured_media":0,"parent":155,"menu_order":8,"comment_status":"closed","ping_status":"closed","template":"templates\/template-full.php","meta":[],"_links":{"self":[{"href":"https:\/\/www.facet.unt.edu.ar\/ingenieriaquimica\/wp-json\/wp\/v2\/pages\/1282"}],"collection":[{"href":"https:\/\/www.facet.unt.edu.ar\/ingenieriaquimica\/wp-json\/wp\/v2\/pages"}],"about":[{"href":"https:\/\/www.facet.unt.edu.ar\/ingenieriaquimica\/wp-json\/wp\/v2\/types\/page"}],"author":[{"embeddable":true,"href":"https:\/\/www.facet.unt.edu.ar\/ingenieriaquimica\/wp-json\/wp\/v2\/users\/101029"}],"replies":[{"embeddable":true,"href":"https:\/\/www.facet.unt.edu.ar\/ingenieriaquimica\/wp-json\/wp\/v2\/comments?post=1282"}],"version-history":[{"count":8,"href":"https:\/\/www.facet.unt.edu.ar\/ingenieriaquimica\/wp-json\/wp\/v2\/pages\/1282\/revisions"}],"predecessor-version":[{"id":1506,"href":"https:\/\/www.facet.unt.edu.ar\/ingenieriaquimica\/wp-json\/wp\/v2\/pages\/1282\/revisions\/1506"}],"up":[{"embeddable":true,"href":"https:\/\/www.facet.unt.edu.ar\/ingenieriaquimica\/wp-json\/wp\/v2\/pages\/155"}],"wp:attachment":[{"href":"https:\/\/www.facet.unt.edu.ar\/ingenieriaquimica\/wp-json\/wp\/v2\/media?parent=1282"}],"curies":[{"name":"wp","href":"https:\/\/api.w.org\/{rel}","templated":true}]}}