{"id":130,"date":"2017-03-17T15:30:16","date_gmt":"2017-03-17T18:30:16","guid":{"rendered":"https:\/\/www.facet.unt.edu.ar\/ingenieriaquimica\/pagina-de-inicio\/"},"modified":"2026-03-09T09:32:00","modified_gmt":"2026-03-09T12:32:00","slug":"pagina-de-inicio","status":"publish","type":"page","link":"https:\/\/www.facet.unt.edu.ar\/ingenieriaquimica\/","title":{"rendered":"P\u00e1gina de inicio"},"content":{"rendered":"<p>&nbsp;<\/p>\n<h1 style=\"text-align: center;\"><strong>SITIO OFICIAL DE LA <span style=\"color: #800000;\">CARRERA DE INGENIER\u00cdA QU\u00cdMICA<\/span> &#8211; UNT<\/strong><\/h1>\n<h2><\/h2>\n<p>&nbsp;<\/p>\n<h2 style=\"text-align: center;\"><strong>Para comunicarte con nosotros, <span style=\"color: #800000;\"><a style=\"color: #800000;\" href=\"https:\/\/www.facet.unt.edu.ar\/ingenieriaquimica\/contacto\/\">\u00c9STOS<\/a><\/span> son nuestros canales<\/strong><\/h2>\n<h2 style=\"text-align: center;\"><strong>Informaci\u00f3n sobre el ingreso y la inscripci\u00f3n se encuentra <a href=\"https:\/\/www.facet.unt.edu.ar\/ingreso\/\" target=\"_blank\" rel=\"noopener\"><span style=\"color: #800000;\">AQU\u00cd<\/span><\/a><\/strong><\/h2>\n<h2 style=\"text-align: center;\"><strong>Si ingresaste a la carrera este a\u00f1o consulta el <a href=\"https:\/\/www.facet.unt.edu.ar\/inicio-universitario\/\" target=\"_blank\" rel=\"noopener\">MICROSITIO DE PRIMER A\u00d1O<\/a><\/strong><\/h2>\n<h2 style=\"text-align: center;\"><strong>Para conocer m\u00e1s sobre la Ingenier\u00eda Qu\u00edmica, <span style=\"color: #800000;\"><a style=\"color: #800000;\" href=\"https:\/\/www.facet.unt.edu.ar\/ingenieriaquimica\/servicios\/la-ingenieria-quimica\/\" target=\"_blank\" rel=\"noopener noreferrer\">AQU\u00cd<\/a><\/span> encuentra m\u00e1s informaci\u00f3n<\/strong><\/h2>\n<h2 style=\"text-align: center;\"><strong>Sobre los trabajos de un Ingeniero Qu\u00edmico este\u00a0<span style=\"color: #800000;\"><a style=\"color: #800000;\" href=\"https:\/\/youtu.be\/9EheU-MD1yQ\" target=\"_blank\" rel=\"noopener noreferrer\">VIDEO<\/a><\/span>\u00a0 puede ser de utilidad<\/strong><\/h2>\n<h2><\/h2>\n<p>&nbsp;<\/p>\n<p>El 25 de Mayo de 1914 se fundaba la Universidad Nacional de Tucum\u00e1n y ya en <strong>1919<\/strong> egres\u00f3 el primer <b>Ingeniero Qu\u00edmico<\/b>\u00a0de esta universidad, y del pa\u00eds. Desde entonces, la Facultad de Ciencias Exactas y Tecnolog\u00eda otorg\u00f3 el t\u00edtulo de Ingeniero Qu\u00edmico a cientos de sus alumnos.<\/p>\n<p><a href=\"https:\/\/www.facet.unt.edu.ar\/ingenieriaquimica\/wp-content\/uploads\/sites\/50\/2017\/03\/Piso_1.jpg\"><img decoding=\"async\" loading=\"lazy\" class=\"alignleft wp-image-87 \" src=\"https:\/\/www.facet.unt.edu.ar\/ingenieriaquimica\/wp-content\/uploads\/sites\/50\/2017\/03\/Piso_1-300x225.jpg\" alt=\"\" width=\"490\" height=\"367\" srcset=\"https:\/\/www.facet.unt.edu.ar\/ingenieriaquimica\/wp-content\/uploads\/sites\/50\/2017\/03\/Piso_1-300x225.jpg 300w, https:\/\/www.facet.unt.edu.ar\/ingenieriaquimica\/wp-content\/uploads\/sites\/50\/2017\/03\/Piso_1-768x576.jpg 768w, https:\/\/www.facet.unt.edu.ar\/ingenieriaquimica\/wp-content\/uploads\/sites\/50\/2017\/03\/Piso_1.jpg 960w\" sizes=\"(max-width: 490px) 100vw, 490px\" \/><\/a><\/p>\n<p>Desde el A\u00f1o 1972 imparte la formaci\u00f3n espec\u00edfica en el Block 4\u00a0 y en el Ala Norte (Planta Piloto) del Campus Roberto Herrera de la Universidad Nacional de Tucum\u00e1n.<\/p>\n<p>Para la formaci\u00f3n espec\u00edfica de los futuros ingenieros, contamos con alrededor de 1500 metros cuadrados de laboratorios de diversas especialidades y una planta de escala piloto que nos permite asegurar una adecuada formaci\u00f3n experimental.<\/p>\n<p>La <b>carrera est\u00e1 acreditada<\/b> por la <span class=\"st\">Comisi\u00f3n Nacional de Evaluaci\u00f3n y Acreditaci\u00f3n Universitaria (<\/span>Resoluciones CONEAU749\/04, CONEAU059\/2009<span class=\"st\"> y CONEAU157\/2014) y otorga un\u00a0<strong>t\u00edtulo con\u00a0validez nacional\u00a0<\/strong>(<strong><a href=\"https:\/\/www.facet.unt.edu.ar\/ingenieriaquimica\/wp-content\/uploads\/sites\/50\/2017\/03\/RM-Reconocimiento-IQuimica-265-12-2.pdf\" target=\"_blank\" rel=\"noopener noreferrer\">Res. ME 265-2012<\/a><\/strong> y <strong><a href=\"https:\/\/www.facet.unt.edu.ar\/ingenieriaquimica\/wp-content\/uploads\/sites\/50\/2017\/03\/RES-389-17-ING-QU%C3%8DMICO-Validez-Nacional.pdf\" target=\"_blank\" rel=\"noopener noreferrer\">Res. ME 389-2017<\/a><\/strong>).<\/span><\/p>\n<p>&nbsp;<\/p>\n<p><a href=\"https:\/\/www.facet.unt.edu.ar\/ingenieriaquimica\/wp-content\/uploads\/sites\/50\/2017\/03\/PPiloto.jpg\"><img decoding=\"async\" loading=\"lazy\" class=\"wp-image-152 alignright\" src=\"https:\/\/www.facet.unt.edu.ar\/ingenieriaquimica\/wp-content\/uploads\/sites\/50\/2017\/03\/PPiloto-300x225.jpg\" alt=\"\" width=\"466\" height=\"349\" srcset=\"https:\/\/www.facet.unt.edu.ar\/ingenieriaquimica\/wp-content\/uploads\/sites\/50\/2017\/03\/PPiloto-300x225.jpg 300w, https:\/\/www.facet.unt.edu.ar\/ingenieriaquimica\/wp-content\/uploads\/sites\/50\/2017\/03\/PPiloto-768x576.jpg 768w, https:\/\/www.facet.unt.edu.ar\/ingenieriaquimica\/wp-content\/uploads\/sites\/50\/2017\/03\/PPiloto.jpg 960w\" sizes=\"(max-width: 466px) 100vw, 466px\" \/><\/a><\/p>\n<p>&nbsp;<\/p>\n<p class=\"grey\">Un Claustro de m\u00e1s de sesenta docentes, con una rica y diversificada formaci\u00f3n, imparte ense\u00f1anza a unos cuatrocientos alumnos que se han decidido por esta carrera, Contin\u00faa as\u00ed una historia que se inici\u00f3 1914 con los primeros alumnos de Ingenier\u00eda Qu\u00edmica, constituyendo una de las carreras de la especialidad m\u00e1s antiguas del pa\u00eds.<\/p>\n<p class=\"grey\">Si quiere obtener m\u00e1s informaci\u00f3n sobre nosotros, puede recurrir a la Secretar\u00eda del <b>Departamento de Ingenier\u00eda de Procesos y Gesti\u00f3n Industrial<\/b>, en el primer piso del Block 4 del Campus Roberto Herrera, sito en Av. Independencia 1800 de la ciudad de San\u00a0 Miguel de Tucum\u00e1n.\u00a0All\u00ed se encontrar\u00e1 la oficina de Direcci\u00f3n de Carrera.<\/p>\n<p class=\"grey\">Puede comunicarse con nosostros a trav\u00e9s del correo electr\u00f3nico <a href=\"mailto:acquimica@herrera.unt.edu.ar\"><strong>acquimica@herrera.unt.edu.ar<\/strong><\/a>.<\/p>\n<p style=\"text-align: center;\"><a href=\"https:\/\/www.facet.unt.edu.ar\/ingenieriaquimica\/contacto\/\" target=\"_blank\" rel=\"noopener noreferrer\"><span style=\"color: #800000;\"><strong>AQU\u00cd<\/strong><\/span><\/a> tendr\u00e1 acceso a nuestros canales de comunicaci\u00f3n.<\/p>\n<p>&nbsp;<\/p>\n","protected":false},"excerpt":{"rendered":"<p>&nbsp; SITIO OFICIAL DE LA CARRERA DE INGENIER\u00cdA QU\u00cdMICA &#8211; UNT &nbsp; Para comunicarte con nosotros, \u00c9STOS son nuestros canales Informaci\u00f3n sobre el ingreso y la inscripci\u00f3n se encuentra AQU\u00cd Si ingresaste a la carrera este a\u00f1o consulta el MICROSITIO DE PRIMER A\u00d1O Para conocer m\u00e1s sobre la Ingenier\u00eda Qu\u00edmica, AQU\u00cd encuentra m\u00e1s informaci\u00f3n Sobre los [&hellip;]<\/p>\n","protected":false},"author":101029,"featured_media":673,"parent":0,"menu_order":0,"comment_status":"closed","ping_status":"closed","template":"home-panels.php","meta":[],"_links":{"self":[{"href":"https:\/\/www.facet.unt.edu.ar\/ingenieriaquimica\/wp-json\/wp\/v2\/pages\/130"}],"collection":[{"href":"https:\/\/www.facet.unt.edu.ar\/ingenieriaquimica\/wp-json\/wp\/v2\/pages"}],"about":[{"href":"https:\/\/www.facet.unt.edu.ar\/ingenieriaquimica\/wp-json\/wp\/v2\/types\/page"}],"author":[{"embeddable":true,"href":"https:\/\/www.facet.unt.edu.ar\/ingenieriaquimica\/wp-json\/wp\/v2\/users\/101029"}],"replies":[{"embeddable":true,"href":"https:\/\/www.facet.unt.edu.ar\/ingenieriaquimica\/wp-json\/wp\/v2\/comments?post=130"}],"version-history":[{"count":83,"href":"https:\/\/www.facet.unt.edu.ar\/ingenieriaquimica\/wp-json\/wp\/v2\/pages\/130\/revisions"}],"predecessor-version":[{"id":4689,"href":"https:\/\/www.facet.unt.edu.ar\/ingenieriaquimica\/wp-json\/wp\/v2\/pages\/130\/revisions\/4689"}],"wp:featuredmedia":[{"embeddable":true,"href":"https:\/\/www.facet.unt.edu.ar\/ingenieriaquimica\/wp-json\/wp\/v2\/media\/673"}],"wp:attachment":[{"href":"https:\/\/www.facet.unt.edu.ar\/ingenieriaquimica\/wp-json\/wp\/v2\/media?parent=130"}],"curies":[{"name":"wp","href":"https:\/\/api.w.org\/{rel}","templated":true}]}}