{"id":155,"date":"2017-03-17T16:31:45","date_gmt":"2017-03-17T19:31:45","guid":{"rendered":"https:\/\/www.facet.unt.edu.ar\/ingenieriaquimica\/?page_id=155"},"modified":"2024-04-25T14:44:39","modified_gmt":"2024-04-25T17:44:39","slug":"plan-de-estudios","status":"publish","type":"page","link":"https:\/\/www.facet.unt.edu.ar\/ingenieriaquimica\/plan-de-estudios\/","title":{"rendered":"Plan de Estudios"},"content":{"rendered":"<h2 style=\"text-align: center;\"><strong><span style=\"color: #800000;\">LA CARRERA DE INGENIER\u00cdA QU\u00cdMICA EN LA UNT<\/span><\/strong><\/h2>\n<p class=\"style17\">El Plan de Estudios vigente es el denominado <strong><a href=\"https:\/\/www.facet.unt.edu.ar\/ingenieriaquimica\/wp-content\/uploads\/sites\/50\/2017\/03\/Plan-1993-Modificacion-2004.pdf\" target=\"_blank\" rel=\"noopener noreferrer\">Plan 1993 &#8211; Modificaci\u00f3n 2004<\/a><\/strong>\u00a0aprobado por Res HCS 0304-2004\u00a0\u00a0L<span lang=\"ES\">a <\/span>Comisi\u00f3n Nacional de Evaluaci\u00f3n y Acreditaci\u00f3n Universitaria CONEAU <b>acredit\u00f3<\/b> la carrera por seis a\u00f1os por <strong><a href=\"https:\/\/www.facet.unt.edu.ar\/ingenieriaquimica\/wp-content\/uploads\/sites\/50\/2017\/03\/Res-Acreditacion-157-14.pdf\" target=\"_blank\" rel=\"noopener noreferrer\">Resoluci\u00f3n 157\/14<\/a><\/strong><span lang=\"ES\">.\u00a0Por Resoluci\u00f3n Ministerial N\u00b0 265\/11, el <b>t\u00edtulo de Ingeniero Qu\u00edmico<\/b> que otorga la Universidad Nacional de Tucum\u00e1n cuenta con <b>reconocimiento en todo el pa\u00eds (<a href=\"https:\/\/www.facet.unt.edu.ar\/ingenieriaquimica\/wp-content\/uploads\/sites\/50\/2017\/03\/RM-Reconocimiento-IQuimica-265-12.pdf\" target=\"_blank\" rel=\"noopener noreferrer\">Res. ME 265-2011<\/a>\u00a0y\u00a0<\/b><a href=\"https:\/\/www.facet.unt.edu.ar\/ingenieriaquimica\/wp-content\/uploads\/sites\/50\/2017\/03\/RES-389-17-ING-QU%C3%8DMICO-Validez-Nacional.pdf\" target=\"_blank\" rel=\"noopener noreferrer\"><strong>Res. ME 389-2017)<\/strong><\/a><\/span><\/p>\n<p class=\"style17\">El Plan tiene las siguientes caracter\u00edsticas:<\/p>\n<ul>\n<li><b>R\u00c9GIMEN:<\/b> <span lang=\"ES-TRAD\">Cuatrimestral<\/span><\/li>\n<li><b>DURACI\u00d3N TOTAL: <\/b><span lang=\"ES-TRAD\">5 a\u00f1os\u00a0\u00a0 (en 10 cuatrimestres).<\/span><\/li>\n<li><b>CARGA HORARIA:<\/b> <span lang=\"ES-TRAD\">4536 hs<\/span><\/li>\n<li><b>MATERIAS TOTALES: <\/b>40<\/li>\n<li><b>MATERIAS OPTATIVAS:<\/b> 2<\/li>\n<li><b>EXIGENCIAS ADICIONALES:<\/b> 3<\/li>\n<\/ul>\n<p><a href=\"https:\/\/www.facet.unt.edu.ar\/ingenieriaquimica\/wp-content\/uploads\/sites\/50\/2017\/04\/A\u00f1o_1.png\"><img decoding=\"async\" loading=\"lazy\" class=\"wp-image-659 aligncenter\" src=\"https:\/\/www.facet.unt.edu.ar\/ingenieriaquimica\/wp-content\/uploads\/sites\/50\/2017\/04\/A\u00f1o_1-300x268.png\" alt=\"\" width=\"481\" height=\"430\" srcset=\"https:\/\/www.facet.unt.edu.ar\/ingenieriaquimica\/wp-content\/uploads\/sites\/50\/2017\/04\/A\u00f1o_1-300x268.png 300w, https:\/\/www.facet.unt.edu.ar\/ingenieriaquimica\/wp-content\/uploads\/sites\/50\/2017\/04\/A\u00f1o_1.png 480w\" sizes=\"(max-width: 481px) 100vw, 481px\" \/><\/a><\/p>\n<p><a href=\"https:\/\/www.facet.unt.edu.ar\/ingenieriaquimica\/wp-content\/uploads\/sites\/50\/2017\/04\/A\u00f1o_2.png\"><img decoding=\"async\" loading=\"lazy\" class=\"wp-image-660 aligncenter\" src=\"https:\/\/www.facet.unt.edu.ar\/ingenieriaquimica\/wp-content\/uploads\/sites\/50\/2017\/04\/A\u00f1o_2-300x221.png\" alt=\"\" width=\"484\" height=\"357\" srcset=\"https:\/\/www.facet.unt.edu.ar\/ingenieriaquimica\/wp-content\/uploads\/sites\/50\/2017\/04\/A\u00f1o_2-300x221.png 300w, https:\/\/www.facet.unt.edu.ar\/ingenieriaquimica\/wp-content\/uploads\/sites\/50\/2017\/04\/A\u00f1o_2.png 480w\" sizes=\"(max-width: 484px) 100vw, 484px\" \/><\/a><\/p>\n<p><a href=\"https:\/\/www.facet.unt.edu.ar\/ingenieriaquimica\/wp-content\/uploads\/sites\/50\/2017\/04\/A\u00f1o_3.png\"><img decoding=\"async\" loading=\"lazy\" class=\"wp-image-661 aligncenter\" src=\"https:\/\/www.facet.unt.edu.ar\/ingenieriaquimica\/wp-content\/uploads\/sites\/50\/2017\/04\/A\u00f1o_3-300x244.png\" alt=\"\" width=\"484\" height=\"394\" srcset=\"https:\/\/www.facet.unt.edu.ar\/ingenieriaquimica\/wp-content\/uploads\/sites\/50\/2017\/04\/A\u00f1o_3-300x244.png 300w, https:\/\/www.facet.unt.edu.ar\/ingenieriaquimica\/wp-content\/uploads\/sites\/50\/2017\/04\/A\u00f1o_3.png 480w\" sizes=\"(max-width: 484px) 100vw, 484px\" \/><\/a><\/p>\n<p><a href=\"https:\/\/www.facet.unt.edu.ar\/ingenieriaquimica\/wp-content\/uploads\/sites\/50\/2017\/04\/A\u00f1o_4.png\"><img decoding=\"async\" loading=\"lazy\" class=\"wp-image-662 aligncenter\" src=\"https:\/\/www.facet.unt.edu.ar\/ingenieriaquimica\/wp-content\/uploads\/sites\/50\/2017\/04\/A\u00f1o_4-300x245.png\" alt=\"\" width=\"482\" height=\"394\" srcset=\"https:\/\/www.facet.unt.edu.ar\/ingenieriaquimica\/wp-content\/uploads\/sites\/50\/2017\/04\/A\u00f1o_4-300x245.png 300w, https:\/\/www.facet.unt.edu.ar\/ingenieriaquimica\/wp-content\/uploads\/sites\/50\/2017\/04\/A\u00f1o_4.png 480w\" sizes=\"(max-width: 482px) 100vw, 482px\" \/><\/a><\/p>\n<p><a href=\"https:\/\/www.facet.unt.edu.ar\/ingenieriaquimica\/wp-content\/uploads\/sites\/50\/2019\/07\/A\u00f1o_5_n.png\"><img decoding=\"async\" loading=\"lazy\" class=\" wp-image-2185 aligncenter\" src=\"https:\/\/www.facet.unt.edu.ar\/ingenieriaquimica\/wp-content\/uploads\/sites\/50\/2019\/07\/A\u00f1o_5_n-300x270.png\" alt=\"\" width=\"485\" height=\"436\" srcset=\"https:\/\/www.facet.unt.edu.ar\/ingenieriaquimica\/wp-content\/uploads\/sites\/50\/2019\/07\/A\u00f1o_5_n-300x270.png 300w, https:\/\/www.facet.unt.edu.ar\/ingenieriaquimica\/wp-content\/uploads\/sites\/50\/2019\/07\/A\u00f1o_5_n.png 655w\" sizes=\"(max-width: 485px) 100vw, 485px\" \/><\/a><\/p>\n<p>&nbsp;<\/p>\n<p><a href=\"https:\/\/www.facet.unt.edu.ar\/ingenieriaquimica\/wp-content\/uploads\/sites\/50\/2017\/04\/Ex_Ad.png\"><img decoding=\"async\" loading=\"lazy\" class=\"wp-image-664 aligncenter\" src=\"https:\/\/www.facet.unt.edu.ar\/ingenieriaquimica\/wp-content\/uploads\/sites\/50\/2017\/04\/Ex_Ad-300x99.png\" alt=\"\" width=\"486\" height=\"160\" srcset=\"https:\/\/www.facet.unt.edu.ar\/ingenieriaquimica\/wp-content\/uploads\/sites\/50\/2017\/04\/Ex_Ad-300x99.png 300w, https:\/\/www.facet.unt.edu.ar\/ingenieriaquimica\/wp-content\/uploads\/sites\/50\/2017\/04\/Ex_Ad.png 484w\" sizes=\"(max-width: 486px) 100vw, 486px\" \/><\/a><\/p>\n<p style=\"text-align: center;\"><strong><a href=\"https:\/\/www.facet.unt.edu.ar\/ingenieriaquimica\/wp-content\/uploads\/sites\/50\/2024\/04\/P1993-M2004-Objetivos-Contenidos-Minimos.pdf\" target=\"_blank\" rel=\"noopener\">Objetivos y Contenidos m\u00ednimos de las actividades curriculares<\/a><\/strong><\/p>\n","protected":false},"excerpt":{"rendered":"<p>LA CARRERA DE INGENIER\u00cdA QU\u00cdMICA EN LA UNT El Plan de Estudios vigente es el denominado Plan 1993 &#8211; Modificaci\u00f3n 2004\u00a0aprobado por Res HCS 0304-2004\u00a0\u00a0La Comisi\u00f3n Nacional de Evaluaci\u00f3n y Acreditaci\u00f3n Universitaria CONEAU acredit\u00f3 la carrera por seis a\u00f1os por Resoluci\u00f3n 157\/14.\u00a0Por Resoluci\u00f3n Ministerial N\u00b0 265\/11, el t\u00edtulo de Ingeniero Qu\u00edmico que otorga la Universidad Nacional [&hellip;]<\/p>\n","protected":false},"author":101029,"featured_media":0,"parent":0,"menu_order":1,"comment_status":"closed","ping_status":"closed","template":"templates\/template-full.php","meta":[],"_links":{"self":[{"href":"https:\/\/www.facet.unt.edu.ar\/ingenieriaquimica\/wp-json\/wp\/v2\/pages\/155"}],"collection":[{"href":"https:\/\/www.facet.unt.edu.ar\/ingenieriaquimica\/wp-json\/wp\/v2\/pages"}],"about":[{"href":"https:\/\/www.facet.unt.edu.ar\/ingenieriaquimica\/wp-json\/wp\/v2\/types\/page"}],"author":[{"embeddable":true,"href":"https:\/\/www.facet.unt.edu.ar\/ingenieriaquimica\/wp-json\/wp\/v2\/users\/101029"}],"replies":[{"embeddable":true,"href":"https:\/\/www.facet.unt.edu.ar\/ingenieriaquimica\/wp-json\/wp\/v2\/comments?post=155"}],"version-history":[{"count":42,"href":"https:\/\/www.facet.unt.edu.ar\/ingenieriaquimica\/wp-json\/wp\/v2\/pages\/155\/revisions"}],"predecessor-version":[{"id":4349,"href":"https:\/\/www.facet.unt.edu.ar\/ingenieriaquimica\/wp-json\/wp\/v2\/pages\/155\/revisions\/4349"}],"wp:attachment":[{"href":"https:\/\/www.facet.unt.edu.ar\/ingenieriaquimica\/wp-json\/wp\/v2\/media?parent=155"}],"curies":[{"name":"wp","href":"https:\/\/api.w.org\/{rel}","templated":true}]}}