{"id":177,"date":"2017-03-17T17:16:15","date_gmt":"2017-03-17T20:16:15","guid":{"rendered":"https:\/\/www.facet.unt.edu.ar\/ingenieriaquimica\/?page_id=177"},"modified":"2020-02-03T11:08:33","modified_gmt":"2020-02-03T14:08:33","slug":"contenidos-minimos","status":"publish","type":"page","link":"https:\/\/www.facet.unt.edu.ar\/ingenieriaquimica\/plan-de-estudios\/contenidos-minimos\/","title":{"rendered":"1\u00b0 A\u00f1o"},"content":{"rendered":"<h2 style=\"text-align: center;\"><strong><span style=\"color: #800000;\">PRIMER \u00a0A\u00d1O<\/span><\/strong><\/h2>\n<h3 style=\"text-align: left;\"><em><span style=\"color: #800000;\"><strong>M\u00d3DULO I<\/strong><\/span><\/em><\/h3>\n<p><strong>C\u00c1LCULO I:<\/strong> Recta Real. Desigualdades. Relaciones y funciones. Sucesiones de n\u00fameros reales. L\u00edmite. Teoremas. Continuidad. Derivaci\u00f3n. Recta tangente. Teoremas del valor medio del C\u00e1lculo Diferencial. Consecuencias. Aplicaciones. Valores extremos: relativos y absolutos. Optimizaci\u00f3n. Regla de L&#8217;Hopital.<\/p>\n<p><b>\u00c1LGEBRA Y GEOMETR\u00cdA\u00a0ANAL\u00cdTICA:<\/b> Vectores en R<sup>n<\/sup>. Aplicaciones de vectores a la Geometr\u00eda. Recta. Plano. C\u00f3nicas: ecuaciones can\u00f3nicas. Superficies y l\u00edneas. N\u00fameros complejos. Forma bin\u00f3mica. Forma polar y exponencial<\/p>\n<p><b>F\u00cdSICA<\/b><strong>\u00a0I:<\/strong> Magnitudes y cantidades f\u00edsicas. Mediciones. Unidades. Din\u00e1mica de la part\u00edcula. Leyes de Newton. Movimiento rectil\u00edneo y en el plano. Sistema de referencia no inercial. Impulso lineal-trabajo. Energ\u00eda cin\u00e9tica, potencia y mec\u00e1nica. Teoremas de conservaci\u00f3n. Movimiento de un sistema de part\u00edculas. Colisiones. Din\u00e1mica del cuerpo r\u00edgido libre y vinculado. Trabajo y energ\u00eda. Impulso angular. Est\u00e1tica del cuerpo r\u00edgido. Gravitaci\u00f3n.<\/p>\n<p><b>SISTEMAS DE REPRESENTACI\u00d3N:<\/b> Introducci\u00f3n. Normalizaci\u00f3n. Elementos de geometr\u00eda descriptiva. Representaci\u00f3n gr\u00e1fica de objetos. Distintas herramientas de representaci\u00f3n.<\/p>\n<p>&nbsp;<\/p>\n<h3 style=\"text-align: left;\"><em><span style=\"color: #800000;\"><strong>M\u00d3DULO II<\/strong><\/span><\/em><\/h3>\n<p><strong>C\u00c1LCULO II:<\/strong> Antiderivadas. T\u00e9cnicas de integraci\u00f3n. Integrales definidas. Integral de Riemann. Teoremas fundamentales del C\u00e1lculo. Aplicaciones de la integral definida. Integrales impropias. Aproximaci\u00f3n: polinomios de Taylor. Series num\u00e9ricas de t\u00e9rminos positivos y alternadas. Criterios de convergencia. Series de potencias.<\/p>\n<p><b>ELEMENTOS DE \u00c1LGEBRA LINEAL:<\/b> Matrices. Operaciones. Matriz transpuesta. Rango. Matrices Inversibles. Sistemas de ecuaciones lineales. Espacios vectoriales. Transformaciones lineales. Determinantes. Polinomios. Teorema del resto. Ra\u00edces m\u00faltiples. Valores y vectores propios de una matriz. Polinomio caracter\u00edstico. Diagonalizaci\u00f3n.<\/p>\n<p><b>F\u00cdSICA<\/b><strong>\u00a0II:<\/strong> Nociones de elasticidad. Hidrost\u00e1tica e hidrodin\u00e1mica. Oscilaciones arm\u00f3nicas, amortiguadas y forzadas. Resonancia. Energ\u00eda. Ondas mec\u00e1nicas. Principio de superposici\u00f3n. Interferencia. Ondas estacionarias. Energ\u00eda e intensidad. Ondas sonoras. efecto Doppler. Temperatura y calor. Efecto del calor sobre los cuerpos. Principios de la Termodin\u00e1mica.<\/p>\n<p><strong>FUNDAMENTOS DE QU\u00cdMICA GENERAL:<\/strong> Principios de la Qu\u00edmica: materia, propiedades. Leyes fundamentales de la Qu\u00edmica. Estructura at\u00f3mica, sistema peri\u00f3dico y uniones qu\u00edmicas. Estructura de la tabla peri\u00f3dica. Estado gaseoso y fen\u00f3menos cr\u00edticos. Estado l\u00edquido. Estado s\u00f3lido. Soluciones: componentes; solubilidad; propiedades coligativas. Termodin\u00e1mica qu\u00edmica. Cin\u00e9tica Qu\u00edmica. Velocidad de reacci\u00f3n. Factores que afectan la cin\u00e9tica de una reacci\u00f3n. Equilibrio i\u00f3nico. Autoionizaci\u00f3n del agua. pH. Electroqu\u00edmica. Reacciones de \u00f3xido-reducci\u00f3n. Electr\u00f3lisis. Conductividad el\u00e9ctrica. Celdas galv\u00e1nicas.<\/p>\n<p><b>INFORM\u00c1TICA<\/b><strong>:<\/strong> Introducci\u00f3n sobre conceptos inform\u00e1ticos: 1) terminolog\u00eda inform\u00e1tica; 2) Datos e informaci\u00f3n. Almacenamiento y procesamiento. Estructuras de un sistema de computaci\u00f3n. Sistemas de informaci\u00f3n: conceptos generales de software de aplicaci\u00f3n. Fases en la resoluci\u00f3n de problemas: 1) t\u00e9cnicas de descomposici\u00f3n.; 2) algoritmos y dise\u00f1os- Lenguajes de programaci\u00f3n: conceptos generales de lenguajes de alto nivel. Nociones generales de redes e Internet.<\/p>\n<p>&nbsp;<\/p>\n<h3><strong><span style=\"color: #800000;\">PROGRAMAS ANAL\u00cdTICOS<\/span><\/strong><\/h3>\n<p>Puede consultar los programas anal\u00edticos correspondientes al ciclo lectivo actual haciendo click <a href=\"https:\/\/www.facet.unt.edu.ar\/ingenieriaquimica\/plan-de-estudios\/programas-de-asignaturas\/\"><strong>AQU\u00cd<\/strong><\/a>.<\/p>\n<p>&nbsp;<\/p>\n<p>&nbsp;<\/p>\n","protected":false},"excerpt":{"rendered":"<p>PRIMER \u00a0A\u00d1O M\u00d3DULO I C\u00c1LCULO I: Recta Real. Desigualdades. Relaciones y funciones. Sucesiones de n\u00fameros reales. L\u00edmite. Teoremas. Continuidad. Derivaci\u00f3n. Recta tangente. Teoremas del valor medio del C\u00e1lculo Diferencial. Consecuencias. Aplicaciones. Valores extremos: relativos y absolutos. Optimizaci\u00f3n. Regla de L&#8217;Hopital. \u00c1LGEBRA Y GEOMETR\u00cdA\u00a0ANAL\u00cdTICA: Vectores en Rn. Aplicaciones de vectores a la Geometr\u00eda. Recta. Plano. C\u00f3nicas: ecuaciones [&hellip;]<\/p>\n","protected":false},"author":101029,"featured_media":0,"parent":155,"menu_order":1,"comment_status":"closed","ping_status":"closed","template":"templates\/template-full.php","meta":[],"_links":{"self":[{"href":"https:\/\/www.facet.unt.edu.ar\/ingenieriaquimica\/wp-json\/wp\/v2\/pages\/177"}],"collection":[{"href":"https:\/\/www.facet.unt.edu.ar\/ingenieriaquimica\/wp-json\/wp\/v2\/pages"}],"about":[{"href":"https:\/\/www.facet.unt.edu.ar\/ingenieriaquimica\/wp-json\/wp\/v2\/types\/page"}],"author":[{"embeddable":true,"href":"https:\/\/www.facet.unt.edu.ar\/ingenieriaquimica\/wp-json\/wp\/v2\/users\/101029"}],"replies":[{"embeddable":true,"href":"https:\/\/www.facet.unt.edu.ar\/ingenieriaquimica\/wp-json\/wp\/v2\/comments?post=177"}],"version-history":[{"count":11,"href":"https:\/\/www.facet.unt.edu.ar\/ingenieriaquimica\/wp-json\/wp\/v2\/pages\/177\/revisions"}],"predecessor-version":[{"id":2355,"href":"https:\/\/www.facet.unt.edu.ar\/ingenieriaquimica\/wp-json\/wp\/v2\/pages\/177\/revisions\/2355"}],"up":[{"embeddable":true,"href":"https:\/\/www.facet.unt.edu.ar\/ingenieriaquimica\/wp-json\/wp\/v2\/pages\/155"}],"wp:attachment":[{"href":"https:\/\/www.facet.unt.edu.ar\/ingenieriaquimica\/wp-json\/wp\/v2\/media?parent=177"}],"curies":[{"name":"wp","href":"https:\/\/api.w.org\/{rel}","templated":true}]}}