{"id":186,"date":"2017-03-19T19:12:23","date_gmt":"2017-03-19T22:12:23","guid":{"rendered":"https:\/\/www.facet.unt.edu.ar\/ingenieriaquimica\/?page_id=186"},"modified":"2020-02-03T11:09:48","modified_gmt":"2020-02-03T14:09:48","slug":"2-ano","status":"publish","type":"page","link":"https:\/\/www.facet.unt.edu.ar\/ingenieriaquimica\/plan-de-estudios\/2-ano\/","title":{"rendered":"2\u00b0 A\u00f1o"},"content":{"rendered":"<h2 style=\"text-align: center;\"><strong><span style=\"color: #800000;\">SEGUNDO \u00a0A\u00d1O<\/span><\/strong><\/h2>\n<h3 style=\"text-align: left;\"><em><span style=\"color: #800000;\"><strong>M\u00d3DULO III<\/strong><\/span><\/em><\/h3>\n<p><strong>C\u00c1LCULO III:<\/strong> Continuidad y diferenciabilidad de funciones reales de varias variables. Continuidad y diferenciabilidad de campos vectoriales. Extremos relativos. Integrales m\u00faltiples. Integrales curvil\u00edneas de funciones reales y de campos vectoriales. Integrales de superficie de funciones reales y de campos vectoriales.<\/p>\n<p><b>F\u00cdSICA<\/b><strong>\u00a0III:<\/strong> Electrost\u00e1tica. Carga el\u00e9ctrica. Ley de Coulomb. Campo el\u00e9ctrico. Potencial y diferencia de potencial el\u00e9ctrico. Energ\u00eda el\u00e9ctrica. Capacidad. Corriente el\u00e9ctrica. Resistencia. Ley de Ohm.\u00a0\u00a0 Campo magn\u00e9tico. Efectos magn\u00e9ticos de corrientes. Ley de Biot &#8211; Savart. Ley de Ampere. Flujo magn\u00e9tico. Inducci\u00f3n electromagn\u00e9tica. Ley de Faraday. Fem y fuente de fem. Inductancia. Circuitos el\u00e9ctricos de continua y alterna. Leyes de Kirchoff. Electromagnetismo. Leyes de Maxwell. Ondas electromagn\u00e9ticas. Energ\u00eda. Intensidad. Leyes de propagaci\u00f3n. Reflexi\u00f3n. Refracci\u00f3n. Superposici\u00f3n de ondas. Interferencia. Difracci\u00f3n. Polarizaci\u00f3n. Optica geom\u00e9trica. Espejos y Lentes. Construcci\u00f3n de im\u00e1genes. Sistemas \u00f3pticos. Fuentes luminosas. Efectos ambientales de las radiaciones no ionizantes.<\/p>\n<p><b>QU\u00cdMICA GENERAL E INORG\u00c1NICA:<\/b> Equilibrio de fases.\u00a0 Sistemas s\u00f3lido l\u00edquido y vapor. Equilibrios\u00a0 i\u00f3nicos. Dispersiones. Coloides. Macromol\u00e9culas. Estado s\u00f3lido. Sistemas cristalinos. Energ\u00eda reticular. Iones complejos. Metales. Enlace met\u00e1lico. Procesos metal\u00fargicos. Corrosi\u00f3n. Estudio anal\u00edtico de los grupos de la tabla peri\u00f3dica. Transformaciones nucleares. Energ\u00eda de uni\u00f3n nuclear. Desintegraci\u00f3n natural y artificial. Fisi\u00f3n y fusi\u00f3n nuclear.<\/p>\n<p>&nbsp;<\/p>\n<h3><em><span style=\"color: #800000;\"><strong>M\u00d3DULO IV<\/strong><\/span><\/em><\/h3>\n<p><strong>C\u00c1LCULO IV:<\/strong> Ecuaciones diferenciales ordinarias. Ecuaciones diferenciales ordinarias de primer orden. Ecuaciones diferenciales lineales con coeficientes constantes. Sistemas de ecuaciones diferenciales lineales. Sucesiones y series. M\u00e9todos num\u00e9ricos. Ecuaciones diferenciales parciales<\/p>\n<p><strong>QU\u00cdMICA ANAL\u00cdTICA I:<\/strong> Conceptos de qu\u00edmica anal\u00edtica general. An\u00e1lisis qu\u00edmicos cuali y cuantitativos. M\u00e9todos de an\u00e1lisis.<\/p>\n<p><strong>QU\u00cdMICA ORG\u00c1NICA I:<\/strong> Estructura electr\u00f3nica y enlaces. Relaci\u00f3n entre estructura y reactividad. Mecanismos de\u00a0 reacci\u00f3n. Hidrocarburos. Derivados halogenados. Alcoholes.\u00a0Fenoles. \u00c9teres. Aldeh\u00eddos. Cetonas. \u00c1cidos carbox\u00edlicos. Derivados de \u00e1cidos. Aminas.<\/p>\n<p><b>PROBABILIDAD Y ESTAD\u00cdSTICA:<\/b> Estad\u00edstica descriptiva. Concepto de probabilidad. Modelos de distribuci\u00f3n de probabilidad. Confiabilidad. Variables aleatorias con nombres propios. Distribuci\u00f3n de funciones de variables aleatorias. Estimaci\u00f3n del Modelo. El m\u00e9todo de m\u00ednimos cuadrados. Control de calidad. Test de hip\u00f3tesis. Dise\u00f1o de experimentos.<\/p>\n<p>&nbsp;<\/p>\n<h3><strong><span style=\"color: #800000;\">PROGRAMAS ANAL\u00cdTICOS<\/span><\/strong><\/h3>\n<p>Puede consultar los programas anal\u00edticos correspondientes al ciclo lectivo actual haciendo click <a href=\"https:\/\/www.facet.unt.edu.ar\/ingenieriaquimica\/plan-de-estudios\/programas-de-asignaturas\/\"><strong>AQU\u00cd<\/strong><\/a>.<\/p>\n<p>&nbsp;<\/p>\n<p>&nbsp;<\/p>\n","protected":false},"excerpt":{"rendered":"<p>SEGUNDO \u00a0A\u00d1O M\u00d3DULO III C\u00c1LCULO III: Continuidad y diferenciabilidad de funciones reales de varias variables. Continuidad y diferenciabilidad de campos vectoriales. Extremos relativos. Integrales m\u00faltiples. Integrales curvil\u00edneas de funciones reales y de campos vectoriales. Integrales de superficie de funciones reales y de campos vectoriales. F\u00cdSICA\u00a0III: Electrost\u00e1tica. Carga el\u00e9ctrica. Ley de Coulomb. Campo el\u00e9ctrico. Potencial y diferencia [&hellip;]<\/p>\n","protected":false},"author":101029,"featured_media":0,"parent":155,"menu_order":2,"comment_status":"closed","ping_status":"closed","template":"templates\/template-full.php","meta":[],"_links":{"self":[{"href":"https:\/\/www.facet.unt.edu.ar\/ingenieriaquimica\/wp-json\/wp\/v2\/pages\/186"}],"collection":[{"href":"https:\/\/www.facet.unt.edu.ar\/ingenieriaquimica\/wp-json\/wp\/v2\/pages"}],"about":[{"href":"https:\/\/www.facet.unt.edu.ar\/ingenieriaquimica\/wp-json\/wp\/v2\/types\/page"}],"author":[{"embeddable":true,"href":"https:\/\/www.facet.unt.edu.ar\/ingenieriaquimica\/wp-json\/wp\/v2\/users\/101029"}],"replies":[{"embeddable":true,"href":"https:\/\/www.facet.unt.edu.ar\/ingenieriaquimica\/wp-json\/wp\/v2\/comments?post=186"}],"version-history":[{"count":7,"href":"https:\/\/www.facet.unt.edu.ar\/ingenieriaquimica\/wp-json\/wp\/v2\/pages\/186\/revisions"}],"predecessor-version":[{"id":2356,"href":"https:\/\/www.facet.unt.edu.ar\/ingenieriaquimica\/wp-json\/wp\/v2\/pages\/186\/revisions\/2356"}],"up":[{"embeddable":true,"href":"https:\/\/www.facet.unt.edu.ar\/ingenieriaquimica\/wp-json\/wp\/v2\/pages\/155"}],"wp:attachment":[{"href":"https:\/\/www.facet.unt.edu.ar\/ingenieriaquimica\/wp-json\/wp\/v2\/media?parent=186"}],"curies":[{"name":"wp","href":"https:\/\/api.w.org\/{rel}","templated":true}]}}