{"id":192,"date":"2017-03-19T19:15:31","date_gmt":"2017-03-19T22:15:31","guid":{"rendered":"https:\/\/www.facet.unt.edu.ar\/ingenieriaquimica\/?page_id=192"},"modified":"2020-02-03T11:11:47","modified_gmt":"2020-02-03T14:11:47","slug":"5-ano","status":"publish","type":"page","link":"https:\/\/www.facet.unt.edu.ar\/ingenieriaquimica\/plan-de-estudios\/5-ano\/","title":{"rendered":"5\u00b0 A\u00f1o"},"content":{"rendered":"<h2 style=\"text-align: center;\"><strong><span style=\"color: #800000;\">QUINTO A\u00d1O<\/span><\/strong><\/h2>\n<h3><strong><span style=\"color: #800000;\"><em>M\u00d3DULO IX<\/em><\/span><\/strong><\/h3>\n<p><strong>OPERACIONES UNITARIAS III:<\/strong> Operaciones de transferencia de materia en contacto continuo: destilaci\u00f3n, extracci\u00f3n, absorci\u00f3n, adsorci\u00f3n. Operaciones de transferencia simult\u00e1nea de calor y materia: humidificaci\u00f3n, secado, cristalizaci\u00f3n. Dise\u00f1o.<\/p>\n<p><strong>CONTROL DE PROCESOS:<\/strong> Comportamiento transitorio de los procesos. Sistemas en lazo cerrado, an\u00e1lisis en el campo temporal y con Respuesta en Frecuencia. Estabilidad. Generalidades de transmisores y v\u00e1lvulas. Controladores: sintonizaci\u00f3n y criterios de conducta. Incertidumbre. Sistemas m\u00e1s elaborados: cascada, avanacci\u00f3n, relaci\u00f3n, selectivo. An\u00e1lisis\u00a0 y s\u00edntesis de sistemas simples.<\/p>\n<p><strong>FORMULACI\u00d3N Y EVALUACI\u00d3N DE PROYECTOS:<\/strong> Actividades del proyecto. Costo del dinero a trav\u00e9s del tiempo. M\u00e9todos de actualizaci\u00f3n y rentabilidad. Determinaci\u00f3n de la inversi\u00f3n. Balance. Resumen de ingresos. Fuente y\u00a0 uso de fondos. Costo de manufactura. Localizaci\u00f3n y tama\u00f1o de planta. Construcciones industriales. Layout. An\u00e1lisis financiero. Punto de equilibrio. Par\u00e1metros de desarrollo. Prefactibilidad y eficiencia. Clasificaci\u00f3n de los proyectos. Estrategia en la toma de decisiones. Sensibilidad y riesgo. Teor\u00eda de juegos. \u00c1rbol de decisiones. Simulaci\u00f3n: aplicaci\u00f3n de t\u00e9cnicas de Montecarlo. Evaluaci\u00f3n de proyectos en instituciones internacionales.<\/p>\n<p><strong>OPTATIVA I.\u00a0<\/strong>Se elige de un grupo de materias que se ofrecen anualmente.<\/p>\n<p>&nbsp;<\/p>\n<h3><span style=\"color: #800000;\"><em><strong>M\u00d3DULO X<\/strong><\/em><\/span><\/h3>\n<p><strong>DISE\u00d1O Y OPTIMIZACI\u00d3N DE PROCESOS:<\/strong> Procedimientos de s\u00edntesis de procesos. Descomposici\u00f3n de procesos en subconjuntos de problemas\u00a0 m\u00e1s simples. Orden de precedencia en el dise\u00f1o (selecci\u00f3n y determinaci\u00f3n de materias primas, caminos de reacci\u00f3n, de corrientes de entrada y salida, reciclos y purgas del proceso). Selecci\u00f3n de unidades de proceso. Uso de reglas heur\u00edsticas para definir la estructura y el valor de las variables de dise\u00f1o. S\u00edntesis de subsistemas: unidades de separaci\u00f3n y redes de intercambio cal\u00f3rico. Identificaci\u00f3n de las variables de dise\u00f1o importantes y de interacciones entre unidades de proceso. Optimizaci\u00f3n de procesos: formulaci\u00f3n y resoluci\u00f3n.<\/p>\n<p><strong>TECNOLOG\u00cdA DE LOS PROCESOS INDUSTRIALES EN ESCALA PILOTO:<\/strong> Funciones y experiencias de Planta Piloto. Servicio de agua para industrias. Servicio de aire. Servicio de vac\u00edo. Distribuci\u00f3n de fluidos en planta. Fundamentos de corrosi\u00f3n y anticorrosi\u00f3n. Materiales de equipos. Cambio de escala. Diagrama de flujo. Obtenci\u00f3n de datos. Ingenier\u00eda B\u00e1sica. Ingenier\u00eda de Detalle.<\/p>\n<p><strong>INGENIER\u00cdA AMBIENTAL\u00a0 E HIGIENE Y SEGURIDAD\u00a0 DEL TRABAJO: <\/strong>Conceptos de ecolog\u00eda. Efectos originados por la actividad industrial y otras acciones antr\u00f3picas. Contaminaci\u00f3n de los recursos naturales y medidas de correcci\u00f3n. Evaluaci\u00f3n de impacto ambiental. Ingenier\u00eda de dise\u00f1o medioambiental. Leyes y normas sobre condiciones ambientales. Introducci\u00f3n a las condiciones y medio ambiente de trabajo. Factores de riesgos. Ruido. Carga t\u00e9rmica. Radiaciones. Principios de ergonom\u00eda. Iluminaci\u00f3n. Part\u00edculas. Gases y vapores. Elementos de protecci\u00f3n. Prevenci\u00f3n a riesgos el\u00e9ctricos e incendios. Aplicaci\u00f3n t\u00e9cnica de leyes y normas en relaci\u00f3n a la higiene y seguridad en el trabajo.<\/p>\n<p><strong>OPTATIVA II.\u00a0<\/strong>Se elige de un grupo de materias que se ofrecen anualmente.<\/p>\n<p>&nbsp;<\/p>\n<h3><strong><span style=\"color: #800000;\">PROGRAMAS ANAL\u00cdTICOS<\/span><\/strong><\/h3>\n<p>Puede consultar los programas anal\u00edticos correspondientes al ciclo lectivo actual haciendo click <a href=\"https:\/\/www.facet.unt.edu.ar\/ingenieriaquimica\/plan-de-estudios\/programas-de-asignaturas\/\"><strong>AQU\u00cd<\/strong><\/a>.<\/p>\n<p>&nbsp;<\/p>\n<p>&nbsp;<\/p>\n","protected":false},"excerpt":{"rendered":"<p>QUINTO A\u00d1O M\u00d3DULO IX OPERACIONES UNITARIAS III: Operaciones de transferencia de materia en contacto continuo: destilaci\u00f3n, extracci\u00f3n, absorci\u00f3n, adsorci\u00f3n. Operaciones de transferencia simult\u00e1nea de calor y materia: humidificaci\u00f3n, secado, cristalizaci\u00f3n. Dise\u00f1o. CONTROL DE PROCESOS: Comportamiento transitorio de los procesos. Sistemas en lazo cerrado, an\u00e1lisis en el campo temporal y con Respuesta en Frecuencia. Estabilidad. Generalidades de [&hellip;]<\/p>\n","protected":false},"author":101029,"featured_media":0,"parent":155,"menu_order":5,"comment_status":"closed","ping_status":"closed","template":"templates\/template-full.php","meta":[],"_links":{"self":[{"href":"https:\/\/www.facet.unt.edu.ar\/ingenieriaquimica\/wp-json\/wp\/v2\/pages\/192"}],"collection":[{"href":"https:\/\/www.facet.unt.edu.ar\/ingenieriaquimica\/wp-json\/wp\/v2\/pages"}],"about":[{"href":"https:\/\/www.facet.unt.edu.ar\/ingenieriaquimica\/wp-json\/wp\/v2\/types\/page"}],"author":[{"embeddable":true,"href":"https:\/\/www.facet.unt.edu.ar\/ingenieriaquimica\/wp-json\/wp\/v2\/users\/101029"}],"replies":[{"embeddable":true,"href":"https:\/\/www.facet.unt.edu.ar\/ingenieriaquimica\/wp-json\/wp\/v2\/comments?post=192"}],"version-history":[{"count":8,"href":"https:\/\/www.facet.unt.edu.ar\/ingenieriaquimica\/wp-json\/wp\/v2\/pages\/192\/revisions"}],"predecessor-version":[{"id":2046,"href":"https:\/\/www.facet.unt.edu.ar\/ingenieriaquimica\/wp-json\/wp\/v2\/pages\/192\/revisions\/2046"}],"up":[{"embeddable":true,"href":"https:\/\/www.facet.unt.edu.ar\/ingenieriaquimica\/wp-json\/wp\/v2\/pages\/155"}],"wp:attachment":[{"href":"https:\/\/www.facet.unt.edu.ar\/ingenieriaquimica\/wp-json\/wp\/v2\/media?parent=192"}],"curies":[{"name":"wp","href":"https:\/\/api.w.org\/{rel}","templated":true}]}}