{"id":198,"date":"2017-03-19T19:38:49","date_gmt":"2017-03-19T22:38:49","guid":{"rendered":"https:\/\/www.facet.unt.edu.ar\/ingenieriaquimica\/?page_id=198"},"modified":"2022-02-04T12:06:41","modified_gmt":"2022-02-04T15:06:41","slug":"exigencias-adicionales","status":"publish","type":"page","link":"https:\/\/www.facet.unt.edu.ar\/ingenieriaquimica\/plan-de-estudios\/exigencias-adicionales\/","title":{"rendered":"Exigencias Adicionales"},"content":{"rendered":"<h2 style=\"text-align: center;\"><span style=\"color: #800000;\"><strong>EXIGENCIAS ADICIONALES<\/strong><\/span><\/h2>\n<p><strong>SUFICIENCIA DE IDIOMA<\/strong><\/p>\n<p>Antes de iniciar el IV a\u00f1o se deber\u00e1 superar una prueba de suficiencia del idioma Ingl\u00e9s a nivel de traducci\u00f3n de textos T\u00e9cnicos. El r\u00e9gimen de aprobaci\u00f3n se establece por Resoluci\u00f3n \u00a0de Facultad (puede consultar \u00a0en <strong><a href=\"https:\/\/www.facet.unt.edu.ar\/ingenieriaquimica\/normativa\/\">Normativa<\/a><\/strong>)<\/p>\n<p>&nbsp;<\/p>\n<p><strong>PR\u00c1CTICAS DE F\u00c1BRICA<\/strong><\/p>\n<p>A partir del Cuarto A\u00f1o el alumno deber\u00e1 realizar una Pr\u00e1ctica en un establecimiento Fabril, hasta cubrir un m\u00ednimo de 200 horas. El objetivo es que el estudiante tome contacto con el medio industrial.<\/p>\n<p>Para detalles del r\u00e9gimen, Plan de Trabajo y normas de presentaci\u00f3n de informes, consultar la p\u00e1gina de <strong><a href=\"https:\/\/www.facet.unt.edu.ar\/ingenieriaquimica\/organizacion\/practicas-de-fabrica\/\">Pr\u00e1cticas de F\u00e1brica<\/a><\/strong>.<\/p>\n<p>&nbsp;<\/p>\n<p><strong>TRABAJO FINAL<\/strong><\/p>\n<p>A partir del 5to a\u00f1o (M\u00f3dulo IX)\u00a0 el alumno deber\u00e1 realizar su Trabajo Final que es un trabajo de graduaci\u00f3n. Tiene como objetivo integrar los conocimientos obtenidos a lo largo de la carrera.<\/p>\n<p>El formulario de Plan de Trabajo y las normas para redactar el Trabajo Final las puede encontrar en la p\u00e1gina de <a href=\"https:\/\/www.facet.unt.edu.ar\/ingenieriaquimica\/organizacion\/trabajo-final\/\"><strong>Trabajo Final<\/strong><\/a>.<\/p>\n<p>Los Trabajos Finales desarrollados por alumnos que pueden ser consultados en la\u00a0<a href=\"https:\/\/catalogo.bibliotecafacet.com.ar\/cgi-bin\/koha\/opac-search.pl?limit=mc-itype%2Cphr%3APF&amp;sort_by=relevance\" target=\"_blank\" rel=\"noopener noreferrer\"><strong>Biblioteca de la Facultad<\/strong><\/a>.<\/p>\n<p>&nbsp;<\/p>\n<p>&nbsp;<\/p>\n","protected":false},"excerpt":{"rendered":"<p>EXIGENCIAS ADICIONALES SUFICIENCIA DE IDIOMA Antes de iniciar el IV a\u00f1o se deber\u00e1 superar una prueba de suficiencia del idioma Ingl\u00e9s a nivel de traducci\u00f3n de textos T\u00e9cnicos. El r\u00e9gimen de aprobaci\u00f3n se establece por Resoluci\u00f3n \u00a0de Facultad (puede consultar \u00a0en Normativa) &nbsp; PR\u00c1CTICAS DE F\u00c1BRICA A partir del Cuarto A\u00f1o el alumno deber\u00e1 realizar una [&hellip;]<\/p>\n","protected":false},"author":101029,"featured_media":0,"parent":155,"menu_order":7,"comment_status":"closed","ping_status":"closed","template":"templates\/template-full.php","meta":[],"_links":{"self":[{"href":"https:\/\/www.facet.unt.edu.ar\/ingenieriaquimica\/wp-json\/wp\/v2\/pages\/198"}],"collection":[{"href":"https:\/\/www.facet.unt.edu.ar\/ingenieriaquimica\/wp-json\/wp\/v2\/pages"}],"about":[{"href":"https:\/\/www.facet.unt.edu.ar\/ingenieriaquimica\/wp-json\/wp\/v2\/types\/page"}],"author":[{"embeddable":true,"href":"https:\/\/www.facet.unt.edu.ar\/ingenieriaquimica\/wp-json\/wp\/v2\/users\/101029"}],"replies":[{"embeddable":true,"href":"https:\/\/www.facet.unt.edu.ar\/ingenieriaquimica\/wp-json\/wp\/v2\/comments?post=198"}],"version-history":[{"count":8,"href":"https:\/\/www.facet.unt.edu.ar\/ingenieriaquimica\/wp-json\/wp\/v2\/pages\/198\/revisions"}],"predecessor-version":[{"id":2857,"href":"https:\/\/www.facet.unt.edu.ar\/ingenieriaquimica\/wp-json\/wp\/v2\/pages\/198\/revisions\/2857"}],"up":[{"embeddable":true,"href":"https:\/\/www.facet.unt.edu.ar\/ingenieriaquimica\/wp-json\/wp\/v2\/pages\/155"}],"wp:attachment":[{"href":"https:\/\/www.facet.unt.edu.ar\/ingenieriaquimica\/wp-json\/wp\/v2\/media?parent=198"}],"curies":[{"name":"wp","href":"https:\/\/api.w.org\/{rel}","templated":true}]}}