{"id":200,"date":"2017-03-19T19:40:11","date_gmt":"2017-03-19T22:40:11","guid":{"rendered":"https:\/\/www.facet.unt.edu.ar\/ingenieriaquimica\/?page_id=200"},"modified":"2023-08-01T16:54:17","modified_gmt":"2023-08-01T19:54:17","slug":"organizacion","status":"publish","type":"page","link":"https:\/\/www.facet.unt.edu.ar\/ingenieriaquimica\/organizacion\/","title":{"rendered":"Organizaci\u00f3n"},"content":{"rendered":"<h2 style=\"text-align: center;\"><strong><span style=\"color: #800000;\">ORGANIZACI\u00d3N DE LA CARRERA<\/span><\/strong><\/h2>\n<p style=\"text-align: center;\"><a href=\"https:\/\/www.facet.unt.edu.ar\/ingenieriaquimica\/organizacion\/direccion\/\"><strong>Direcci\u00f3n Acad\u00e9mica<\/strong><\/a><\/p>\n<p style=\"text-align: center;\"><a href=\"https:\/\/www.facet.unt.edu.ar\/ingenieriaquimica\/organizacion\/responsables\/\"><strong>Responsables de Actividades Curriculares<\/strong><\/a><\/p>\n<p style=\"text-align: center;\"><a href=\"https:\/\/www.facet.unt.edu.ar\/ingenieriaquimica\/organizacion\/horarios\/\"><strong>Horarios del cuatrimestre<\/strong><\/a><\/p>\n<p style=\"text-align: center;\"><a href=\"https:\/\/www.facet.unt.edu.ar\/ingenieriaquimica\/organizacion\/materias-optativas\/\"><strong>Materias Optativas<\/strong><\/a><\/p>\n<p style=\"text-align: center;\"><a href=\"https:\/\/www.facet.unt.edu.ar\/ingenieriaquimica\/organizacion\/practicas-de-fabrica\/\"><strong>Pr\u00e1cticas de F\u00e1brica<\/strong><\/a><\/p>\n<p style=\"text-align: center;\"><a href=\"https:\/\/www.facet.unt.edu.ar\/ingenieriaquimica\/organizacion\/trabajo-final\/\"><strong>Trabajo Final<\/strong><\/a><\/p>\n<p style=\"text-align: center;\"><a href=\"https:\/\/www.facet.unt.edu.ar\/ingenieriaquimica\/organizacion\/calendario-academico\/\"><strong>Calendario acad\u00e9mico vigente<\/strong><\/a><\/p>\n<p style=\"text-align: center;\"><strong>Becas e intercambio<\/strong><\/p>\n<p>&nbsp;<\/p>\n","protected":false},"excerpt":{"rendered":"<p>ORGANIZACI\u00d3N DE LA CARRERA Direcci\u00f3n Acad\u00e9mica Responsables de Actividades Curriculares Horarios del cuatrimestre Materias Optativas Pr\u00e1cticas de F\u00e1brica Trabajo Final Calendario acad\u00e9mico vigente Becas e intercambio &nbsp;<\/p>\n","protected":false},"author":101029,"featured_media":0,"parent":0,"menu_order":2,"comment_status":"closed","ping_status":"closed","template":"templates\/template-full.php","meta":[],"_links":{"self":[{"href":"https:\/\/www.facet.unt.edu.ar\/ingenieriaquimica\/wp-json\/wp\/v2\/pages\/200"}],"collection":[{"href":"https:\/\/www.facet.unt.edu.ar\/ingenieriaquimica\/wp-json\/wp\/v2\/pages"}],"about":[{"href":"https:\/\/www.facet.unt.edu.ar\/ingenieriaquimica\/wp-json\/wp\/v2\/types\/page"}],"author":[{"embeddable":true,"href":"https:\/\/www.facet.unt.edu.ar\/ingenieriaquimica\/wp-json\/wp\/v2\/users\/101029"}],"replies":[{"embeddable":true,"href":"https:\/\/www.facet.unt.edu.ar\/ingenieriaquimica\/wp-json\/wp\/v2\/comments?post=200"}],"version-history":[{"count":19,"href":"https:\/\/www.facet.unt.edu.ar\/ingenieriaquimica\/wp-json\/wp\/v2\/pages\/200\/revisions"}],"predecessor-version":[{"id":3612,"href":"https:\/\/www.facet.unt.edu.ar\/ingenieriaquimica\/wp-json\/wp\/v2\/pages\/200\/revisions\/3612"}],"wp:attachment":[{"href":"https:\/\/www.facet.unt.edu.ar\/ingenieriaquimica\/wp-json\/wp\/v2\/media?parent=200"}],"curies":[{"name":"wp","href":"https:\/\/api.w.org\/{rel}","templated":true}]}}