{"id":202,"date":"2017-03-19T19:41:17","date_gmt":"2017-03-19T22:41:17","guid":{"rendered":"https:\/\/www.facet.unt.edu.ar\/ingenieriaquimica\/?page_id=202"},"modified":"2025-09-18T12:40:55","modified_gmt":"2025-09-18T15:40:55","slug":"responsables","status":"publish","type":"page","link":"https:\/\/www.facet.unt.edu.ar\/ingenieriaquimica\/organizacion\/responsables\/","title":{"rendered":"Responsables"},"content":{"rendered":"<h2 style=\"text-align: center;\"><strong><span style=\"color: #800000;\">RESPONSABLES DE ASIGNATURAS<\/span><\/strong><\/h2>\n<p>&nbsp;<\/p>\n<h3><em><span style=\"color: #800000;\"><strong>M\u00d3DULO I<\/strong><\/span><\/em><\/h3>\n<p>C\u00c1LCULO I: <strong>Mg. Lic. Mar\u00eda Eugenia Roig<\/strong><br \/>\n\u00c1LGEBRA Y GEOMETR\u00cdA ANAL\u00cdTICA: <strong>Prof. Cecilia Larr\u00e1n<\/strong><br \/>\nF\u00cdSICA I:<strong> Dr. Gustavo Mansilla<\/strong><br \/>\nSISTEMAS DE REPRESENTACI\u00d3N: <strong>Agr. Luis Alberto <\/strong><strong>Herrera<\/strong><\/p>\n<p>&nbsp;<\/p>\n<h3><em><span style=\"color: #800000;\"><strong>M\u00d3DULO II<\/strong><\/span><\/em><\/h3>\n<p>C\u00c1LCULO II: <strong>Mg. Lic. Mar\u00eda Eugenia Roig<\/strong><br \/>\nELEMENTOS DE \u00c1LGEBRA LINEAL: <strong>Mg.\u00a0Ana Cecilia Larr\u00e1n<\/strong><br \/>\nF\u00cdSICA II: <strong>Dr. Gustavo Mansilla<\/strong><br \/>\nFUNDAMENTOS DE QU\u00cdMICA GENERAL:<strong> Dra.\u00a0Adriana Patricia del Milagro Chaile<\/strong><br \/>\nINFORM\u00c1TICA: <strong>Ing. Dante Aquilino Fern\u00e1ndez<\/strong><\/p>\n<p>&nbsp;<\/p>\n<h3><em><span style=\"color: #800000;\"><strong>M\u00d3DULO III<\/strong><\/span><\/em><\/h3>\n<p>C\u00c1LCULO III: <strong>Mg. Silvina G\u00f3mez<\/strong><br \/>\nF\u00cdSICA III: <strong>Dr. Nicol\u00e1s Nieva<\/strong><br \/>\nQU\u00cdMICA GENERAL E INORG\u00c1NICA: <strong>Dra.\u00a0Adriana Patricia del Milagro Chaile<\/strong><\/p>\n<p>&nbsp;<\/p>\n<h3><em><strong><span style=\"color: #800000;\">M\u00d3DULO IV<\/span><\/strong><\/em><\/h3>\n<p>C\u00c1LCULO IV: <strong>Dr. Silvina Real<\/strong><br \/>\nQU\u00cdMICA ANAL\u00cdTICA I: <strong>Dr. Alejandro Ra\u00fal \u00c1lvarez<\/strong><br \/>\nQU\u00cdMICA ORG\u00c1NICA I: <strong>Dra. Mar\u00eda Laura Tereschuk<\/strong><br \/>\nPROBABILIDAD Y ESTAD\u00cdSTICA: <strong>Dra. Ana Mar\u00eda Sfer<\/strong><\/p>\n<p>&nbsp;<\/p>\n<h3><em><span style=\"color: #800000;\"><strong>M\u00d3DULO V<\/strong><\/span><\/em><\/h3>\n<p>TERMODIN\u00c1MICA DE PROCESOS: <strong>Dra. Paula Araujo<\/strong><br \/>\nINTRODUCCI\u00d3N A LA INGENIER\u00cdA QU\u00cdMICA: <strong>Dr. Jonathan Wheeler<\/strong><br \/>\nQU\u00cdMICA ANAL\u00cdTICA II: <strong>Dr. Alejandro Ra\u00fal \u00c1lvarez<\/strong><br \/>\nQU\u00cdMICA ORG\u00c1NICA II: <strong>Dra. Mar\u00eda Laura Tereschuk<\/strong><\/p>\n<p><strong>\u00a0<\/strong><\/p>\n<h3><em><span style=\"color: #800000;\"><strong>M\u00d3DULO VI<\/strong><\/span><\/em><\/h3>\n<p>F\u00cdSICO-QU\u00cdMICA: <strong>Dra. Norma Lis Robles<\/strong><br \/>\nBALANCES DE MATERIA Y ENERG\u00cdA: <strong>Dr. Jonathan Wheeler<\/strong><br \/>\nFEN\u00d3MENOS DE TRANSPORTE: <strong>Ing. \u00c1lvaro Javier Bravo<\/strong><br \/>\nELECTROTECNIA Y M\u00c1QUINAS EL\u00c9CTRICAS: <strong>Ing. Aldo\u00a0Leopoldo\u00a0Campos<\/strong><\/p>\n<p>&nbsp;<\/p>\n<h3><em><span style=\"color: #800000;\"><strong>M\u00d3DULO VII<\/strong><\/span><\/em><\/h3>\n<p>MICROBIOLOG\u00cdA GENERAL E INDUSTRIAL: <strong>Dra. Maria Alejandra Martinez Wernly<\/strong><br \/>\nAN\u00c1LISIS Y DISE\u00d1O DE REACTORES I: <strong>Ing. Teresa del Valle \u00danzaga<\/strong><br \/>\nOPERACIONES UNITARIAS I: <strong>Dra.\u00a0Amalia Carolina Saracho Bottero<\/strong><br \/>\nECONOM\u00cdA Y ORGANIZACI\u00d3N INDUSTRIAL: <strong>Ing. Nancy Alves<\/strong><\/p>\n<p>&nbsp;<\/p>\n<h3><em><span style=\"color: #800000;\"><strong>M\u00d3DULO VIII<\/strong><\/span><\/em><\/h3>\n<p>OPERACIONES UNITARIAS II: <strong>Dr. Fernando Daniel Mele<\/strong><br \/>\nAN\u00c1LISIS Y DISE\u00d1O DE REACTORES II: <strong>Ing. Teresa del Valle \u00danzaga<\/strong><br \/>\nINGENIER\u00cdA LEGAL: <b>Dr. Juan Jos\u00e9 Martorell<\/b><br \/>\nMEC\u00c1NICA APLICADA: <strong>Ing. Juan Carlos Santana S\u00e1nchez<\/strong><\/p>\n<p>&nbsp;<\/p>\n<h3><em><span style=\"color: #800000;\"><strong>M\u00d3DULO IX<\/strong><\/span><\/em><\/h3>\n<p>OPERACIONES UNITARIAS III: <strong>Dr. Fernando Daniel Mele<\/strong><br \/>\nCONTROL DE PROCESOS: <strong>Dr. Mario Rodolfo Cesca<\/strong><br \/>\nFORMULACI\u00d3N Y EVALUACI\u00d3N DE PROYECTOS: <strong>Dr. Humberto Heluane<\/strong><\/p>\n<p>&nbsp;<\/p>\n<h3><em><span style=\"color: #800000;\"><strong>M\u00d3DULO X<\/strong><\/span><\/em><\/h3>\n<p>DISE\u00d1O Y OPTIMIZACI\u00d3N DE PROCESOS: <strong>Dr. Fernando Daniel Mele<\/strong><br \/>\nTECNOLOG\u00cdA DE LOS PROC. IND. EN ESCALA PILOTO: \u00a0<strong>Ing. H\u00e9ctor Ariel Viera<\/strong><br \/>\nINGENIER\u00cdA AMBIENTAL\u00a0 E HIGIENE Y SEGURIDAD\u00a0 DEL TRABAJO: <strong>Dr. Ricardo Ren\u00e9 Ferrari<\/strong><\/p>\n<p>&nbsp;<\/p>\n<h3><em><span style=\"color: #800000;\"><strong>OPTATIVAS<\/strong><\/span><\/em><\/h3>\n<p>ADMINISTRACI\u00d3N DE PROYECTOS: <strong>\u00a0Ing.\u00a0Walter Weyersall\u00a0<\/strong><br \/>\nDISE\u00d1O DE PROCESOS PARA CONSERVACI\u00d3N DE LA ENERG\u00cdA: <strong>Ing. Teresa del Valle \u00danzaga<\/strong><br \/>\nQU\u00cdMICA DE LOS ALIMENTOS: <strong>Dra. Mar\u00eda Laura Tereschuk<\/strong><br \/>\nINSTRUMENTACI\u00d3N INDUSTRIAL DE PROCESOS: <strong>Dr. Mario R. Cesca<\/strong><br \/>\nGESTI\u00d3N DE LA CALIDAD: <strong>Ing. Mar\u00eda Ber\u00f3nica Apud<\/strong><br \/>\nSIMULACI\u00d3N DE PROCESOS: <strong>Dr. Fernando Daniel Mele<\/strong><br \/>\nEVALUACI\u00d3N DE IMPACTO AMBIENTAL: <strong>Dr. Ricardo Ferrari<\/strong><br \/>\nCONTROL DE CALIDAD EN AGROINDUSTRIAS DEL NOA: <strong>Dr. Alejandro Ra\u00fal \u00c1lvarez<\/strong><br \/>\nINDICADORES DE SUSTENTABILIDAD DE PRODUCTOS, PROCESOS Y SERVICIOS INDUSTRIALES: <strong>Dr. Lucas Mach\u00edn Ferrero<\/strong><\/p>\n<p>&nbsp;<\/p>\n<p><strong><em>Para obtener un perfil de los docentes consulte en los sitios correspondiente a los\u00a0<\/em><a href=\"http:\/\/www.facet.unt.edu.ar\/institucional\/departamentos\/\" target=\"_blank\" rel=\"noopener noreferrer\">Departamentos<\/a><em> de la Facultad. \u00a0<\/em><\/strong><\/p>\n<p>&nbsp;<\/p>\n","protected":false},"excerpt":{"rendered":"<p>RESPONSABLES DE ASIGNATURAS &nbsp; M\u00d3DULO I C\u00c1LCULO I: Mg. Lic. Mar\u00eda Eugenia Roig \u00c1LGEBRA Y GEOMETR\u00cdA ANAL\u00cdTICA: Prof. Cecilia Larr\u00e1n F\u00cdSICA I: Dr. Gustavo Mansilla SISTEMAS DE REPRESENTACI\u00d3N: Agr. Luis Alberto Herrera &nbsp; M\u00d3DULO II C\u00c1LCULO II: Mg. Lic. Mar\u00eda Eugenia Roig ELEMENTOS DE \u00c1LGEBRA LINEAL: Mg.\u00a0Ana Cecilia Larr\u00e1n F\u00cdSICA II: Dr. Gustavo Mansilla FUNDAMENTOS DE [&hellip;]<\/p>\n","protected":false},"author":101029,"featured_media":0,"parent":200,"menu_order":1,"comment_status":"closed","ping_status":"closed","template":"templates\/template-full.php","meta":[],"_links":{"self":[{"href":"https:\/\/www.facet.unt.edu.ar\/ingenieriaquimica\/wp-json\/wp\/v2\/pages\/202"}],"collection":[{"href":"https:\/\/www.facet.unt.edu.ar\/ingenieriaquimica\/wp-json\/wp\/v2\/pages"}],"about":[{"href":"https:\/\/www.facet.unt.edu.ar\/ingenieriaquimica\/wp-json\/wp\/v2\/types\/page"}],"author":[{"embeddable":true,"href":"https:\/\/www.facet.unt.edu.ar\/ingenieriaquimica\/wp-json\/wp\/v2\/users\/101029"}],"replies":[{"embeddable":true,"href":"https:\/\/www.facet.unt.edu.ar\/ingenieriaquimica\/wp-json\/wp\/v2\/comments?post=202"}],"version-history":[{"count":62,"href":"https:\/\/www.facet.unt.edu.ar\/ingenieriaquimica\/wp-json\/wp\/v2\/pages\/202\/revisions"}],"predecessor-version":[{"id":4578,"href":"https:\/\/www.facet.unt.edu.ar\/ingenieriaquimica\/wp-json\/wp\/v2\/pages\/202\/revisions\/4578"}],"up":[{"embeddable":true,"href":"https:\/\/www.facet.unt.edu.ar\/ingenieriaquimica\/wp-json\/wp\/v2\/pages\/200"}],"wp:attachment":[{"href":"https:\/\/www.facet.unt.edu.ar\/ingenieriaquimica\/wp-json\/wp\/v2\/media?parent=202"}],"curies":[{"name":"wp","href":"https:\/\/api.w.org\/{rel}","templated":true}]}}