{"id":204,"date":"2017-03-19T19:42:20","date_gmt":"2017-03-19T22:42:20","guid":{"rendered":"https:\/\/www.facet.unt.edu.ar\/ingenieriaquimica\/?page_id=204"},"modified":"2026-03-20T17:08:28","modified_gmt":"2026-03-20T20:08:28","slug":"horarios","status":"publish","type":"page","link":"https:\/\/www.facet.unt.edu.ar\/ingenieriaquimica\/organizacion\/horarios\/","title":{"rendered":"Horarios"},"content":{"rendered":"<h2 style=\"text-align: center;\"><span style=\"color: #800000;\"><strong>HORARIOS DEL PRIMER CUATRIME<span style=\"color: #800000;\">ST<\/span>RE<\/strong><\/span><\/h2>\n<h3 style=\"text-align: center;\"><em><strong><span style=\"color: #800000;\">M\u00d3DULO I<\/span><\/strong><\/em><\/h3>\n<p style=\"text-align: center;\">Por las actividades y horarios del M\u00f3dulo I consultar \u00a0el\u00a0<strong><a href=\"https:\/\/www.facet.unt.edu.ar\/inicio-universitario\/\" target=\"_blank\" rel=\"noopener\" data-saferedirecturl=\"https:\/\/www.google.com\/url?q=https:\/\/www.facet.unt.edu.ar\/inicio-universitario\/&amp;source=gmail&amp;ust=1773144702457000&amp;usg=AOvVaw3KTRF_0Tv8sy374UYl1aFJ\">micrositio de primer a\u00f1o<\/a><\/strong>,<\/p>\n<p>&nbsp;<\/p>\n<h3 style=\"text-align: center;\"><em><strong><span style=\"color: #800000;\">M\u00d3DULO III<\/span><\/strong><\/em><\/h3>\n<p><a href=\"https:\/\/www.facet.unt.edu.ar\/ingenieriaquimica\/wp-content\/uploads\/sites\/50\/2026\/03\/Modulo-03-2026.png\"><img decoding=\"async\" loading=\"lazy\" class=\"aligncenter wp-image-4680\" src=\"https:\/\/www.facet.unt.edu.ar\/ingenieriaquimica\/wp-content\/uploads\/sites\/50\/2026\/03\/Modulo-03-2026.png\" alt=\"\" width=\"600\" height=\"410\" \/><\/a><\/p>\n<p>&nbsp;<\/p>\n<h3 style=\"text-align: center;\"><em><span style=\"color: #800000;\"><strong>M\u00d3DULO V<\/strong><\/span><\/em><\/h3>\n<p><a href=\"https:\/\/www.facet.unt.edu.ar\/ingenieriaquimica\/wp-content\/uploads\/sites\/50\/2026\/03\/Modulo-05-2026.png\"><img decoding=\"async\" loading=\"lazy\" class=\"aligncenter wp-image-4698\" src=\"https:\/\/www.facet.unt.edu.ar\/ingenieriaquimica\/wp-content\/uploads\/sites\/50\/2026\/03\/Modulo-05-2026.png\" alt=\"\" width=\"600\" height=\"409\" \/><\/a><\/p>\n<p>&nbsp;<\/p>\n<h3 style=\"text-align: center;\"><em><span style=\"color: #800000;\"><strong>M\u00d3DULO VII<\/strong><\/span><\/em><\/h3>\n<p><a href=\"https:\/\/www.facet.unt.edu.ar\/ingenieriaquimica\/wp-content\/uploads\/sites\/50\/2026\/03\/Modulo-07-2026.png\"><img decoding=\"async\" loading=\"lazy\" class=\"aligncenter wp-image-4676\" src=\"https:\/\/www.facet.unt.edu.ar\/ingenieriaquimica\/wp-content\/uploads\/sites\/50\/2026\/03\/Modulo-07-2026.png\" alt=\"\" width=\"600\" height=\"410\" \/><\/a><\/p>\n<p>&nbsp;<\/p>\n<h3 style=\"text-align: center;\"><strong><em><span style=\"color: #800000;\">M\u00d3DULO IX<\/span><\/em><\/strong><\/h3>\n<p><a href=\"https:\/\/www.facet.unt.edu.ar\/ingenieriaquimica\/wp-content\/uploads\/sites\/50\/2026\/03\/Modulo-09-2026.png\"><img decoding=\"async\" loading=\"lazy\" class=\"aligncenter wp-image-4674\" src=\"https:\/\/www.facet.unt.edu.ar\/ingenieriaquimica\/wp-content\/uploads\/sites\/50\/2026\/03\/Modulo-09-2026.png\" alt=\"\" width=\"600\" height=\"410\" \/><\/a><\/p>\n<h3 style=\"text-align: center;\"><\/h3>\n<p>&nbsp;<\/p>\n<p>&nbsp;<\/p>\n<p>&nbsp;<\/p>\n","protected":false},"excerpt":{"rendered":"<p>HORARIOS DEL PRIMER CUATRIMESTRE M\u00d3DULO I Por las actividades y horarios del M\u00f3dulo I consultar \u00a0el\u00a0micrositio de primer a\u00f1o, &nbsp; M\u00d3DULO III &nbsp; M\u00d3DULO V &nbsp; M\u00d3DULO VII &nbsp; M\u00d3DULO IX &nbsp; &nbsp; &nbsp;<\/p>\n","protected":false},"author":101029,"featured_media":0,"parent":200,"menu_order":3,"comment_status":"closed","ping_status":"closed","template":"templates\/template-full.php","meta":[],"_links":{"self":[{"href":"https:\/\/www.facet.unt.edu.ar\/ingenieriaquimica\/wp-json\/wp\/v2\/pages\/204"}],"collection":[{"href":"https:\/\/www.facet.unt.edu.ar\/ingenieriaquimica\/wp-json\/wp\/v2\/pages"}],"about":[{"href":"https:\/\/www.facet.unt.edu.ar\/ingenieriaquimica\/wp-json\/wp\/v2\/types\/page"}],"author":[{"embeddable":true,"href":"https:\/\/www.facet.unt.edu.ar\/ingenieriaquimica\/wp-json\/wp\/v2\/users\/101029"}],"replies":[{"embeddable":true,"href":"https:\/\/www.facet.unt.edu.ar\/ingenieriaquimica\/wp-json\/wp\/v2\/comments?post=204"}],"version-history":[{"count":172,"href":"https:\/\/www.facet.unt.edu.ar\/ingenieriaquimica\/wp-json\/wp\/v2\/pages\/204\/revisions"}],"predecessor-version":[{"id":4699,"href":"https:\/\/www.facet.unt.edu.ar\/ingenieriaquimica\/wp-json\/wp\/v2\/pages\/204\/revisions\/4699"}],"up":[{"embeddable":true,"href":"https:\/\/www.facet.unt.edu.ar\/ingenieriaquimica\/wp-json\/wp\/v2\/pages\/200"}],"wp:attachment":[{"href":"https:\/\/www.facet.unt.edu.ar\/ingenieriaquimica\/wp-json\/wp\/v2\/media?parent=204"}],"curies":[{"name":"wp","href":"https:\/\/api.w.org\/{rel}","templated":true}]}}