{"id":206,"date":"2017-03-19T19:44:35","date_gmt":"2017-03-19T22:44:35","guid":{"rendered":"https:\/\/www.facet.unt.edu.ar\/ingenieriaquimica\/?page_id=206"},"modified":"2025-06-05T15:01:49","modified_gmt":"2025-06-05T18:01:49","slug":"practicas-de-fabrica","status":"publish","type":"page","link":"https:\/\/www.facet.unt.edu.ar\/ingenieriaquimica\/organizacion\/practicas-de-fabrica\/","title":{"rendered":"Pr\u00e1cticas de F\u00e1brica"},"content":{"rendered":"<h2 style=\"text-align: center;\"><span style=\"color: #800000;\"><strong>PR\u00c1CTICAS DE F\u00c1BRICA<\/strong><\/span><\/h2>\n<p>A partir del Cuarto A\u00f1o el alumno deber\u00e1 realizar una Pr\u00e1ctica en un establecimiento Fabril, hasta cubrir un m\u00ednimo de 200 horas. El objetivo es que el estudiante tome contacto con el medio industrial.<\/p>\n<h3><em><span style=\"color: #800000;\"><strong>Comisi\u00f3n de Pr\u00e1cticas de F\u00e1brica<\/strong><\/span><\/em><\/h3>\n<p><strong>\u00a0 \u00a0 \u00a0 \u00a0 \u00a0<\/strong><strong>Ing. Eduardo Vera van Gelderen<\/strong><strong>\u00a0<\/strong>(<em>coordinador<\/em>)<\/p>\n<p><strong>\u00a0\u00a0\u00a0\u00a0\u00a0\u00a0\u00a0\u00a0 Dr. Alejandro Ra\u00fal \u00c1lvarez<\/strong><\/p>\n<p><strong>\u00a0 \u00a0 \u00a0 \u00a0 \u00a0<\/strong><strong>Ing. H\u00e9ctor Ariel Viera<\/strong><\/p>\n<p>&nbsp;<\/p>\n<h3><span style=\"color: #800000;\"><em><strong>Correo oficial de Pr\u00e1cticas de F\u00e1brica<\/strong><\/em><\/span><\/h3>\n<p>Todo tr\u00e1mite relativo al Pr\u00e1cticas de F\u00e1brica\u00a0 deber\u00e1 ser canalizado a trav\u00e9s del correo electr\u00f3nico: <strong><a href=\"mailto:practicasdefabrica_15qa3@herrera.unt.edu.ar\">practicasdefabrica_15qa3@herrera.unt.edu.ar<\/a><\/strong><\/p>\n<p>&nbsp;<\/p>\n<h3><span style=\"color: #800000;\"><em><strong>Normativa Espec\u00edfica<\/strong><\/em><\/span><\/h3>\n<p><strong><a href=\"https:\/\/www.facet.unt.edu.ar\/ingenieriaquimica\/wp-content\/uploads\/sites\/50\/2021\/07\/00_Reglamento-PRACTICAS-DE-FABRICA.pdf\" target=\"_blank\" rel=\"noopener noreferrer\">Reglamento de Pr\u00e1cticas de F\u00e1brica<\/a><\/strong> (Res. 0310-2021 y 0350-2021)<\/p>\n<p>&nbsp;<\/p>\n<h3><strong><span style=\"color: #800000;\"><em>Pasos a seguir<\/em><\/span><\/strong><\/h3>\n<p>Cuando decida desarrollar sus Pr\u00e1cticas de F\u00e1brica lea atentamente este <strong><a href=\"https:\/\/www.facet.unt.edu.ar\/ingenieriaquimica\/wp-content\/uploads\/sites\/50\/2021\/07\/01-INSTRUCTIVO.pdf\" target=\"_blank\" rel=\"noopener noreferrer\">INSTRUCTIVO<\/a>.<\/strong><\/p>\n<p>&nbsp;<\/p>\n<h3><strong><span style=\"color: #800000;\"><em>Gesti\u00f3n<\/em><\/span><\/strong><\/h3>\n<p><a href=\"https:\/\/www.facet.unt.edu.ar\/ingenieriaquimica\/wp-content\/uploads\/sites\/50\/2018\/10\/Nota-de-presentacion-Industrias.pdf\" target=\"_blank\" rel=\"noopener noreferrer\"><strong>Nota de presentaci\u00f3n<\/strong><\/a> (el archivo pdf contiene campos que deben ser completados antes de la impresi\u00f3n)<\/p>\n<p><strong><a href=\"https:\/\/www.facet.unt.edu.ar\/ingenieriaquimica\/wp-content\/uploads\/sites\/50\/2021\/07\/02_triptico-pps-iq-2021.pdf\" target=\"_blank\" rel=\"noopener noreferrer\">Tr\u00edptico informativo<\/a> <\/strong>(para entregar en el lugar donde relizar\u00e1 su pr\u00e1ctica)<\/p>\n<p><strong><a href=\"https:\/\/www.facet.unt.edu.ar\/ingenieriaquimica\/wp-content\/uploads\/sites\/50\/2022\/03\/04_Instructivo-para-tramitar-seguro-y-convenio.pdf\" target=\"_blank\" rel=\"noopener\">Instructivo para tramitar el seguro<\/a><\/strong><\/p>\n<p><strong><a href=\"https:\/\/www.facet.unt.edu.ar\/ingenieriaquimica\/wp-content\/uploads\/sites\/50\/2021\/07\/05_Nota-para-solicitar-Extension-de-Seguro-PPS-2.doc\">Nota para solicitar Extensi\u00f3n de Seguro<\/a><\/strong><\/p>\n<p><strong><a href=\"https:\/\/www.facet.unt.edu.ar\/ingenieriaquimica\/wp-content\/uploads\/sites\/50\/2021\/07\/06_Planilla-Plan-de-Trabajo-de-PF-2.doc\">Planilla de Plan de Trabajo<\/a> <\/strong><\/p>\n<p><strong><a href=\"https:\/\/www.facet.unt.edu.ar\/ingenieriaquimica\/wp-content\/uploads\/sites\/50\/2021\/07\/07_Convenio-Practicas-No-Rentadas-INDIVIDUAL-FaCET-2020-1.doc\">Convenio de Pr\u00e1cticas No Rentadas<\/a><\/strong><\/p>\n<p><strong><a href=\"https:\/\/www.facet.unt.edu.ar\/ingenieriaquimica\/wp-content\/uploads\/sites\/50\/2017\/03\/cartula_pf.doc\" target=\"_blank\" rel=\"noopener noreferrer\">Plantilla para la portada del Informe de Pr\u00e1cticas de F\u00e1brica<\/a><\/strong><\/p>\n<p><strong><a href=\"https:\/\/www.facet.unt.edu.ar\/ingenieriaquimica\/wp-content\/uploads\/sites\/50\/2017\/03\/NORMAS_PF.pdf\" target=\"_blank\" rel=\"noopener noreferrer\">Normas de presentaci\u00f3n del Informe de Pr\u00e1cticas de F\u00e1brica<\/a><\/strong><\/p>\n<p><strong><a href=\"https:\/\/www.facet.unt.edu.ar\/ingenieriaquimica\/wp-content\/uploads\/sites\/50\/2021\/07\/10_-Planilla-de-Evaluacion-de-Desempeno_-1.pdf\" target=\"_blank\" rel=\"noopener noreferrer\">Planilla de Evaluaci\u00f3n de Desempe\u00f1o<\/a><\/strong><\/p>\n<p><strong><a href=\"https:\/\/www.facet.unt.edu.ar\/ingenieriaquimica\/wp-content\/uploads\/sites\/50\/2021\/07\/11-Planilla-de-Autoevaluacion-del-alumno-.pdf\" target=\"_blank\" rel=\"noopener noreferrer\">Planilla de Autoevaluaci\u00f3n del alumno<\/a><\/strong><\/p>\n<p><strong><a href=\"https:\/\/www.facet.unt.edu.ar\/ingenieriaquimica\/wp-content\/uploads\/sites\/50\/2025\/05\/FORMULARIO-Constancia-200-horas-1.docx\">Formulario para constancia de cumplimiento de 200 horas<\/a><\/strong><\/p>\n<p><em>En todos los casos en los que se complete notas,\u00a0 formularios, etc., NO se aceptar\u00e1 llenado en forma manuscrita.<\/em><\/p>\n<p>&nbsp;<\/p>\n<h3><strong><span style=\"color: #800000;\"><em>Pr\u00e1cticas de F\u00e1brica en el per\u00edodo 2015-2024<\/em><\/span><\/strong><\/h3>\n<p>Puede consultar el listado completo de las Pr\u00e1cticas de Fabrica de los \u00faltimos diez a\u00f1os\u00a0 <strong><a href=\"https:\/\/www.facet.unt.edu.ar\/ingenieriaquimica\/wp-content\/uploads\/sites\/50\/2025\/06\/PRACTICAS-DE-FABRICA-2015-2024.pdf\" target=\"_blank\" rel=\"noopener\">AQU\u00cd<\/a><\/strong>.<\/p>\n<p>&nbsp;<\/p>\n","protected":false},"excerpt":{"rendered":"<p>PR\u00c1CTICAS DE F\u00c1BRICA A partir del Cuarto A\u00f1o el alumno deber\u00e1 realizar una Pr\u00e1ctica en un establecimiento Fabril, hasta cubrir un m\u00ednimo de 200 horas. El objetivo es que el estudiante tome contacto con el medio industrial. Comisi\u00f3n de Pr\u00e1cticas de F\u00e1brica \u00a0 \u00a0 \u00a0 \u00a0 \u00a0Ing. Eduardo Vera van Gelderen\u00a0(coordinador) \u00a0\u00a0\u00a0\u00a0\u00a0\u00a0\u00a0\u00a0 Dr. Alejandro Ra\u00fal \u00c1lvarez [&hellip;]<\/p>\n","protected":false},"author":101029,"featured_media":0,"parent":200,"menu_order":4,"comment_status":"closed","ping_status":"closed","template":"templates\/template-full.php","meta":[],"_links":{"self":[{"href":"https:\/\/www.facet.unt.edu.ar\/ingenieriaquimica\/wp-json\/wp\/v2\/pages\/206"}],"collection":[{"href":"https:\/\/www.facet.unt.edu.ar\/ingenieriaquimica\/wp-json\/wp\/v2\/pages"}],"about":[{"href":"https:\/\/www.facet.unt.edu.ar\/ingenieriaquimica\/wp-json\/wp\/v2\/types\/page"}],"author":[{"embeddable":true,"href":"https:\/\/www.facet.unt.edu.ar\/ingenieriaquimica\/wp-json\/wp\/v2\/users\/101029"}],"replies":[{"embeddable":true,"href":"https:\/\/www.facet.unt.edu.ar\/ingenieriaquimica\/wp-json\/wp\/v2\/comments?post=206"}],"version-history":[{"count":93,"href":"https:\/\/www.facet.unt.edu.ar\/ingenieriaquimica\/wp-json\/wp\/v2\/pages\/206\/revisions"}],"predecessor-version":[{"id":4544,"href":"https:\/\/www.facet.unt.edu.ar\/ingenieriaquimica\/wp-json\/wp\/v2\/pages\/206\/revisions\/4544"}],"up":[{"embeddable":true,"href":"https:\/\/www.facet.unt.edu.ar\/ingenieriaquimica\/wp-json\/wp\/v2\/pages\/200"}],"wp:attachment":[{"href":"https:\/\/www.facet.unt.edu.ar\/ingenieriaquimica\/wp-json\/wp\/v2\/media?parent=206"}],"curies":[{"name":"wp","href":"https:\/\/api.w.org\/{rel}","templated":true}]}}