{"id":208,"date":"2017-03-19T19:45:19","date_gmt":"2017-03-19T22:45:19","guid":{"rendered":"https:\/\/www.facet.unt.edu.ar\/ingenieriaquimica\/?page_id=208"},"modified":"2026-02-26T15:18:29","modified_gmt":"2026-02-26T18:18:29","slug":"trabajo-final","status":"publish","type":"page","link":"https:\/\/www.facet.unt.edu.ar\/ingenieriaquimica\/organizacion\/trabajo-final\/","title":{"rendered":"Trabajo Final"},"content":{"rendered":"<h2 style=\"text-align: center;\"><span style=\"color: #800000;\"><strong>TRABAJO FINAL<\/strong><\/span><\/h2>\n<p>A partir del quinto a\u00f1o (M\u00f3dulo IX), el alumno deber\u00e1 realizar su <strong>Trabajo Final<\/strong> que es un trabajo de graduaci\u00f3n. Tiene como objetivo integrar los conocimientos obtenidos a lo largo de la carrera.<\/p>\n<h3><em><span style=\"color: #800000;\"><strong>Coordinadora de la Comisi\u00f3n de Trabajo Final<\/strong><\/span><\/em><\/h3>\n<p><b>Ing. Mar\u00eda del Milagro MIRANDA<\/b><\/p>\n<p>&nbsp;<\/p>\n<h3><em><span style=\"color: #800000;\"><strong>Miembros de la Comisi\u00f3n de Trabajo Final<\/strong><\/span><\/em><\/h3>\n<p>Dr. Alejandro Ra\u00fal \u00c1LVAREZ<br \/>\nIng. Mar\u00eda Ber\u00f3nica APUD<br \/>\nDr. Mario Rodolfo CESCA<br \/>\nDr. Ricardo Ren\u00e9 FERRARI<br \/>\nDr Lucas MACHIN FERRERO<br \/>\nDr. Humberto HELUANE<br \/>\nDr. Fernando Daniel MELE<br \/>\nMg. Andrea NISHIHARA HUN<br \/>\nDra. Amalia Carolina SARACHO BOTERO<br \/>\nDra. Mar\u00eda Laura TERESCHUK<br \/>\nIng. Teresa del Valle \u00daNZAGA<br \/>\nDr Daniel Horacio VALDE\u00d3N<br \/>\nIng. Eduardo VERA VAN GELDEREN<br \/>\nIng. H\u00e9ctor Ariel VIERA<\/p>\n<p>&nbsp;<\/p>\n<h3><em><span style=\"color: #800000;\"><strong>Correo oficial de Trabajo Final<\/strong><\/span><\/em><\/h3>\n<p><strong>Todo tr\u00e1mite<\/strong> relativo al Trabajo Final deber\u00e1 ser canalizado a trav\u00e9s del correo electr\u00f3nico: <strong><a href=\"mailto:trabajofinaliq_15qa4@herrera.unt.edu.ar\">trabajofinaliq_15qa4@herrera.unt.edu.ar<\/a><\/strong><\/p>\n<p>&nbsp;<\/p>\n<h3><em><span style=\"color: #800000;\"><strong>Normativa Espec\u00edfica<\/strong><\/span><\/em><\/h3>\n<p><a href=\"https:\/\/www.facet.unt.edu.ar\/ingenieriaquimica\/wp-content\/uploads\/sites\/50\/2017\/03\/Reglamento-Trabajo-Final-IQca-2016-Res.-1620-2016.pdf\" target=\"_blank\" rel=\"noopener noreferrer\"><strong>Reglamento de Trabajo Fina<\/strong>l<\/a> (Res. 1620-2016)<\/p>\n<p><strong><a href=\"https:\/\/www.facet.unt.edu.ar\/ingenieriaquimica\/wp-content\/uploads\/sites\/50\/2022\/10\/TF-07-Recomendaciones-para-tutores-de-Trabajo-Final_2022.pdf\" target=\"_blank\" rel=\"noopener\">Recomendaciones para tutores de Trabajos Finales<\/a><\/strong><\/p>\n<p><strong><a href=\"https:\/\/www.facet.unt.edu.ar\/ingenieriaquimica\/wp-content\/uploads\/sites\/50\/2025\/05\/INSTRUCTIVO-DE-PASOS-A-SEGUIR-TF-2025.pdf\" target=\"_blank\" rel=\"noopener\">Pasos a seguir para la realizaci\u00f3n del Trabajo Final<\/a><\/strong><\/p>\n<p><strong><a href=\"https:\/\/www.facet.unt.edu.ar\/ingenieriaquimica\/wp-content\/uploads\/sites\/50\/2025\/05\/PRESENTACION-DEL-PLAN-DE-TRABAJO-FINAL.docx\">Plantilla 1 \u2013 Presentaci\u00f3n del Plan de Trabajo Final<\/a><\/strong><\/p>\n<p><strong><a href=\"https:\/\/www.facet.unt.edu.ar\/ingenieriaquimica\/wp-content\/uploads\/sites\/50\/2025\/05\/LISTA-DE-CHEQUEO-PLAN-DE-TRABAJO-FINAL.pdf\" target=\"_blank\" rel=\"noopener\">Plantilla 2 &#8211; Lista de chequeo &#8211; Plan de Trabajo Final<\/a><\/strong><\/p>\n<p><strong><a href=\"https:\/\/www.facet.unt.edu.ar\/ingenieriaquimica\/wp-content\/uploads\/sites\/50\/2022\/10\/TF_06-Normas-de-presentacion-de-TFinales_2022.pdf\" target=\"_blank\" rel=\"noopener\">Normas de redacci\u00f3n de Trabajos Finales<\/a><\/strong><\/p>\n<p><strong><a href=\"https:\/\/www.facet.unt.edu.ar\/ingenieriaquimica\/wp-content\/uploads\/sites\/50\/2025\/05\/PRESENTACION-DEL-BORRADOR-DE-TRABAJO-FINAL.docx\" target=\"_blank\" rel=\"noopener\">Plantilla 3 &#8211; Presentaci\u00f3n del borrador de Trabajo Final<\/a><\/strong><\/p>\n<p><strong><a href=\"https:\/\/www.facet.unt.edu.ar\/ingenieriaquimica\/wp-content\/uploads\/sites\/50\/2025\/05\/LISTA-DE-CHEQUEO-BORRADOR-DE-TRABAJO-FINAL.pdf\" target=\"_blank\" rel=\"noopener\">Plantilla 4 &#8211; Lista de chequeo &#8211; Borrador de Trabajo Final<\/a><\/strong><\/p>\n<p><strong><a href=\"https:\/\/www.facet.unt.edu.ar\/ingenieriaquimica\/wp-content\/uploads\/sites\/50\/2025\/05\/PORTADA-DE-TRABAJO-FINAL-Y-PRIMERA-HOJA-1.docx\" target=\"_blank\" rel=\"noopener\">Plantilla 5 &#8211; Portada y primera hoja de Trabajos Finales<\/a><\/strong><\/p>\n<p>&nbsp;<\/p>\n<h3><span style=\"color: #800000;\"><strong><em>Reuni\u00f3n de la Comisi\u00f3n de Trabajo Final<\/em><\/strong><\/span><\/h3>\n<p>Las reuniones de la <strong><em>Comisi\u00f3n de Trabajo Final <\/em><\/strong>del Primer Cuatrimestre del a\u00f1o 2026 son las siguientes:<\/p>\n<p><a href=\"https:\/\/www.facet.unt.edu.ar\/ingenieriaquimica\/wp-content\/uploads\/sites\/50\/2026\/02\/crono.png\"><img decoding=\"async\" loading=\"lazy\" class=\"size-full wp-image-4672 aligncenter\" src=\"https:\/\/www.facet.unt.edu.ar\/ingenieriaquimica\/wp-content\/uploads\/sites\/50\/2026\/02\/crono.png\" alt=\"\" width=\"826\" height=\"720\" \/><\/a><\/p>\n<p>Para la entrega de la documentaci\u00f3n <strong>consultar siempre<\/strong> a la Coordinadora a trav\u00e9s del correo electr\u00f3nico oficial\u00a0 <strong><a href=\"mailto:trabajofinaliq_15qa4@herrera.unt.edu.ar\">trabajofinaliq_15qa4@herrera.unt.edu.ar<\/a><\/strong><\/p>\n<p>&nbsp;<\/p>\n<h3><em><span style=\"color: #800000;\"><strong>Tr\u00e1mites para la expedici\u00f3n del t\u00edtulo<\/strong><\/span><\/em><\/h3>\n<p>El tr\u00e1mite de expedici\u00f3n del T\u00edtulo y del Certificado Anal\u00edtico de los Alumnos que completaron el 100% de su carrera se puede realizar en nuestra Facultad, v\u00eda web, en el siguiente link:<strong><a href=\"http:\/\/stitulos.unt.edu.ar\/\" target=\"_blank\" rel=\"noopener\"> http:\/\/stitulos.unt.edu.ar\/<\/a><\/strong><\/p>\n<p>Previamente los alumnos deben actualizar sus datos en el SIU-Guaran\u00ed.<\/p>\n<p>Ante cualquier problema, consulta y\/o sugerencia, escriba a: <a href=\"mailto:egresadosfacet@herrera.unt.edu.ar\"><strong>egresadosfacet@herrera.unt.edu.ar<\/strong><\/a><\/p>\n<p>Los <strong>certificados de\u00a0 libre deuda<\/strong> de la biblioteca se tramitan tambi\u00e9n por correo electr\u00f3nico: <strong><a href=\"mailto:biblcet@herrera.unt.edu.ar\">biblcet@herrera.unt.edu.ar<\/a>. <\/strong>Se pueden gestionar los <strong>\u201clibre deuda\u201d<\/strong> de las Bibliotecas de la UNT de manera Online.<\/p>\n<p>Se encuentra habilitado el link:\u00a0<strong><a href=\"http:\/\/w4.unt.edu.ar\/ldBib\/\" target=\"_blank\" rel=\"noopener noreferrer\" data-saferedirecturl=\"https:\/\/www.google.com\/url?q=http:\/\/w4.unt.edu.ar\/ldBib\/&amp;source=gmail&amp;ust=1599218282099000&amp;usg=AFQjCNHJQemKQvohd8wng5ct3WzsgZDumA\">http:\/\/w4.unt.edu.ar\/ldBib\/<\/a><\/strong>\u00a0para la tramitaci\u00f3n de\u00a0<em>\u201clibre deuda\u201d<\/em>\u00a0de las\u00a0<strong>Bibliotecas de la UNT<\/strong>.<\/p>\n<p>&nbsp;<\/p>\n<h3><span style=\"color: #800000;\"><strong><em>Trabajos Finales realizados desde 2006<\/em><\/strong><\/span><\/h3>\n<p>Los Trabajos Finales realizados por los alumnos de la carrera desde 2006 seg\u00fan los mecanismos previstos en las Resoluciones\u00a0 0131-2005, 0890-2012 y 1620-2016,\u00a0 pueden ser consultados en su versi\u00f3n electr\u00f3nica en la <a href=\"https:\/\/bibliotecafacet.com.ar\/\" target=\"_blank\" rel=\"noopener noreferrer\"><strong>Biblioteca de la Facultad de Ciencias Exactas y Tecnolog\u00eda<\/strong><\/a>. Una lista completa se puede ver\u00a0<a href=\"https:\/\/www.facet.unt.edu.ar\/ingenieriaquimica\/wp-content\/uploads\/sites\/50\/2025\/05\/Repositorio-Digital-Trabajos-Finales-IQ-1.pdf\" target=\"_blank\" rel=\"noopener\"><strong>AQU\u00cd<\/strong><\/a>.<\/p>\n<p>&nbsp;<\/p>\n","protected":false},"excerpt":{"rendered":"<p>TRABAJO FINAL A partir del quinto a\u00f1o (M\u00f3dulo IX), el alumno deber\u00e1 realizar su Trabajo Final que es un trabajo de graduaci\u00f3n. Tiene como objetivo integrar los conocimientos obtenidos a lo largo de la carrera. Coordinadora de la Comisi\u00f3n de Trabajo Final Ing. Mar\u00eda del Milagro MIRANDA &nbsp; Miembros de la Comisi\u00f3n de Trabajo Final Dr. [&hellip;]<\/p>\n","protected":false},"author":101029,"featured_media":0,"parent":200,"menu_order":5,"comment_status":"closed","ping_status":"closed","template":"templates\/template-full.php","meta":[],"_links":{"self":[{"href":"https:\/\/www.facet.unt.edu.ar\/ingenieriaquimica\/wp-json\/wp\/v2\/pages\/208"}],"collection":[{"href":"https:\/\/www.facet.unt.edu.ar\/ingenieriaquimica\/wp-json\/wp\/v2\/pages"}],"about":[{"href":"https:\/\/www.facet.unt.edu.ar\/ingenieriaquimica\/wp-json\/wp\/v2\/types\/page"}],"author":[{"embeddable":true,"href":"https:\/\/www.facet.unt.edu.ar\/ingenieriaquimica\/wp-json\/wp\/v2\/users\/101029"}],"replies":[{"embeddable":true,"href":"https:\/\/www.facet.unt.edu.ar\/ingenieriaquimica\/wp-json\/wp\/v2\/comments?post=208"}],"version-history":[{"count":163,"href":"https:\/\/www.facet.unt.edu.ar\/ingenieriaquimica\/wp-json\/wp\/v2\/pages\/208\/revisions"}],"predecessor-version":[{"id":4673,"href":"https:\/\/www.facet.unt.edu.ar\/ingenieriaquimica\/wp-json\/wp\/v2\/pages\/208\/revisions\/4673"}],"up":[{"embeddable":true,"href":"https:\/\/www.facet.unt.edu.ar\/ingenieriaquimica\/wp-json\/wp\/v2\/pages\/200"}],"wp:attachment":[{"href":"https:\/\/www.facet.unt.edu.ar\/ingenieriaquimica\/wp-json\/wp\/v2\/media?parent=208"}],"curies":[{"name":"wp","href":"https:\/\/api.w.org\/{rel}","templated":true}]}}