{"id":210,"date":"2017-03-19T19:49:58","date_gmt":"2017-03-19T22:49:58","guid":{"rendered":"https:\/\/www.facet.unt.edu.ar\/ingenieriaquimica\/?page_id=210"},"modified":"2025-09-11T10:06:30","modified_gmt":"2025-09-11T13:06:30","slug":"correlativas","status":"publish","type":"page","link":"https:\/\/www.facet.unt.edu.ar\/ingenieriaquimica\/plan-de-estudios\/correlativas\/","title":{"rendered":"Correlativas"},"content":{"rendered":"<h2 style=\"text-align: center;\"><span style=\"color: #800000;\"><strong>R\u00c9<span style=\"color: #800000;\">GIME<\/span>N DE CORRELATIVIDAD<\/strong><\/span><\/h2>\n<p>El r\u00e9gimen queda establecido por la resoluci\u00f3n ministerial y\u00a0 las resoluciones de la FACET \u00a0<strong><a href=\"https:\/\/www.facet.unt.edu.ar\/ingenieriaquimica\/wp-content\/uploads\/sites\/50\/2017\/03\/Res-1185-2012-Optativas.pdf\" target=\"_blank\" rel=\"noopener noreferrer\">1185-2012<\/a><\/strong>, <strong><a href=\"https:\/\/www.facet.unt.edu.ar\/ingenieriaquimica\/wp-content\/uploads\/sites\/50\/2017\/03\/Res-0682-2013-mod-corr-orden.pdf\" target=\"_blank\" rel=\"noopener noreferrer\">0682-2013,<\/a><\/strong>\u00a0<strong><a href=\"https:\/\/www.facet.unt.edu.ar\/ingenieriaquimica\/wp-content\/uploads\/sites\/50\/2017\/03\/Res-1204-2016-correlativas-de-contenido.pdf\" target=\"_blank\" rel=\"noopener noreferrer\">1204-2016,<\/a> <a href=\"https:\/\/www.facet.unt.edu.ar\/ingenieriaquimica\/wp-content\/uploads\/sites\/50\/2022\/02\/Res_1620-2016-T-Final.pdf\" target=\"_blank\" rel=\"noopener noreferrer\">1620-2016<\/a>, <a href=\"https:\/\/www.facet.unt.edu.ar\/ingenieriaquimica\/wp-content\/uploads\/sites\/50\/2022\/02\/Res_1764-2019-Fisica-III.pdf\" target=\"_blank\" rel=\"noopener noreferrer\">1764-2019<\/a>, <a href=\"https:\/\/www.facet.unt.edu.ar\/ingenieriaquimica\/wp-content\/uploads\/sites\/50\/2022\/02\/Res_0310-2021-PFabrica.pdf\" target=\"_blank\" rel=\"noopener noreferrer\">0310-2021<\/a> <\/strong>(y su modificatoria <strong><a href=\"https:\/\/www.facet.unt.edu.ar\/ingenieriaquimica\/wp-content\/uploads\/sites\/50\/2022\/02\/Res_0350-2021-PFabrica-correccion.pdf\" target=\"_blank\" rel=\"noopener noreferrer\">0350-2021<\/a><\/strong>), <strong><a href=\"https:\/\/www.facet.unt.edu.ar\/ingenieriaquimica\/wp-content\/uploads\/sites\/50\/2022\/02\/Res_0589-2021-Informatica.pdf\" target=\"_blank\" rel=\"noopener noreferrer\">0589-2021,<\/a><\/strong>\u00a0<a href=\"https:\/\/www.facet.unt.edu.ar\/wp-content\/uploads\/2024\/07\/Reglamento_Funcionamiento_Academico_y_Plan_Transicion_Res_5758-2024-1.pdf\" target=\"_blank\" rel=\"noopener\"><strong>RES-FACET-DDAC-5758\/2024 <\/strong><\/a>y <strong><a href=\"https:\/\/www.facet.unt.edu.ar\/ingenieriaquimica\/wp-content\/uploads\/sites\/50\/2025\/09\/7_13-08-2025_Resolucion_RES_FACET__DDAC_11392_2025.pdf\" target=\"_blank\" rel=\"noopener\">RES-FACET-DDAC-11392\/2025<\/a>.<\/strong><\/p>\n<p>&nbsp;<\/p>\n<h4 style=\"text-align: center;\"><strong><span style=\"color: #800000;\">PRIMER A\u00d1O<\/span><\/strong><\/h4>\n<h4 style=\"text-align: center;\"><a href=\"https:\/\/www.facet.unt.edu.ar\/ingenieriaquimica\/wp-content\/uploads\/sites\/50\/2022\/03\/Correlativas-1er-ano.png\"><img decoding=\"async\" loading=\"lazy\" class=\"aligncenter wp-image-2946\" src=\"https:\/\/www.facet.unt.edu.ar\/ingenieriaquimica\/wp-content\/uploads\/sites\/50\/2022\/03\/Correlativas-1er-ano.png\" alt=\"\" width=\"900\" height=\"255\" \/><\/a><\/h4>\n<p>&nbsp;<\/p>\n<h4 style=\"text-align: center;\"><strong><span style=\"color: #800000;\">SEGUNDO A\u00d1O<\/span><\/strong><\/h4>\n<p><a href=\"https:\/\/www.facet.unt.edu.ar\/ingenieriaquimica\/wp-content\/uploads\/sites\/50\/2022\/03\/Correlativas-2do-ano-1.png\"><img decoding=\"async\" loading=\"lazy\" class=\"aligncenter wp-image-2964\" src=\"https:\/\/www.facet.unt.edu.ar\/ingenieriaquimica\/wp-content\/uploads\/sites\/50\/2022\/03\/Correlativas-2do-ano-1.png\" alt=\"\" width=\"900\" height=\"414\" \/><\/a><\/p>\n<h4 style=\"text-align: center;\"><\/h4>\n<p>&nbsp;<\/p>\n<h4 style=\"text-align: center;\"><span style=\"color: #800000;\"><strong>TER<span style=\"color: #800000;\">CER<\/span> A\u00d1O<\/strong><\/span><\/h4>\n<p><a href=\"https:\/\/www.facet.unt.edu.ar\/ingenieriaquimica\/wp-content\/uploads\/sites\/50\/2025\/09\/Correlativas-3er-ano-2.png\"><img decoding=\"async\" loading=\"lazy\" class=\"size-full wp-image-4571 aligncenter\" src=\"https:\/\/www.facet.unt.edu.ar\/ingenieriaquimica\/wp-content\/uploads\/sites\/50\/2025\/09\/Correlativas-3er-ano-2.png\" alt=\"\" width=\"873\" height=\"401\" \/><\/a><\/p>\n<p>&nbsp;<\/p>\n<h4 style=\"text-align: center;\"><strong><span style=\"color: #800000;\">CUARTO A\u00d1O<\/span><\/strong><\/h4>\n<p><a href=\"https:\/\/www.facet.unt.edu.ar\/ingenieriaquimica\/wp-content\/uploads\/sites\/50\/2022\/03\/Correlativas-4to-ano-1.png\"><img decoding=\"async\" loading=\"lazy\" class=\"aligncenter wp-image-2966\" src=\"https:\/\/www.facet.unt.edu.ar\/ingenieriaquimica\/wp-content\/uploads\/sites\/50\/2022\/03\/Correlativas-4to-ano-1.png\" alt=\"\" width=\"900\" height=\"435\" \/><\/a><\/p>\n<p>&nbsp;<\/p>\n<h4 style=\"text-align: center;\"><strong><span style=\"color: #800000;\">QUINTO A\u00d1O<\/span><\/strong><\/h4>\n<p><a href=\"https:\/\/www.facet.unt.edu.ar\/ingenieriaquimica\/wp-content\/uploads\/sites\/50\/2022\/03\/Correlativas-5to-ano-1.png\"><img decoding=\"async\" loading=\"lazy\" class=\"aligncenter wp-image-2968\" src=\"https:\/\/www.facet.unt.edu.ar\/ingenieriaquimica\/wp-content\/uploads\/sites\/50\/2022\/03\/Correlativas-5to-ano-1.png\" alt=\"\" width=\"900\" height=\"306\" \/><\/a><\/p>\n<p>&nbsp;<\/p>\n<h4 style=\"text-align: center;\"><strong><span style=\"color: #800000;\">EXIGENCIAS ADICIONALES<\/span><\/strong><\/h4>\n<p><a href=\"https:\/\/www.facet.unt.edu.ar\/ingenieriaquimica\/wp-content\/uploads\/sites\/50\/2022\/03\/Correlativas-Exigencias-Adicionales.png\"><img decoding=\"async\" loading=\"lazy\" class=\"aligncenter wp-image-2960\" src=\"https:\/\/www.facet.unt.edu.ar\/ingenieriaquimica\/wp-content\/uploads\/sites\/50\/2022\/03\/Correlativas-Exigencias-Adicionales.png\" alt=\"\" width=\"900\" height=\"173\" \/><\/a><\/p>\n<p>&nbsp;<\/p>\n","protected":false},"excerpt":{"rendered":"<p>R\u00c9GIMEN DE CORRELATIVIDAD El r\u00e9gimen queda establecido por la resoluci\u00f3n ministerial y\u00a0 las resoluciones de la FACET \u00a01185-2012, 0682-2013,\u00a01204-2016, 1620-2016, 1764-2019, 0310-2021 (y su modificatoria 0350-2021), 0589-2021,\u00a0RES-FACET-DDAC-5758\/2024 y RES-FACET-DDAC-11392\/2025. &nbsp; PRIMER A\u00d1O &nbsp; SEGUNDO A\u00d1O &nbsp; TERCER A\u00d1O &nbsp; CUARTO A\u00d1O &nbsp; QUINTO A\u00d1O &nbsp; EXIGENCIAS ADICIONALES &nbsp;<\/p>\n","protected":false},"author":101029,"featured_media":0,"parent":155,"menu_order":5,"comment_status":"closed","ping_status":"closed","template":"templates\/template-full.php","meta":[],"_links":{"self":[{"href":"https:\/\/www.facet.unt.edu.ar\/ingenieriaquimica\/wp-json\/wp\/v2\/pages\/210"}],"collection":[{"href":"https:\/\/www.facet.unt.edu.ar\/ingenieriaquimica\/wp-json\/wp\/v2\/pages"}],"about":[{"href":"https:\/\/www.facet.unt.edu.ar\/ingenieriaquimica\/wp-json\/wp\/v2\/types\/page"}],"author":[{"embeddable":true,"href":"https:\/\/www.facet.unt.edu.ar\/ingenieriaquimica\/wp-json\/wp\/v2\/users\/101029"}],"replies":[{"embeddable":true,"href":"https:\/\/www.facet.unt.edu.ar\/ingenieriaquimica\/wp-json\/wp\/v2\/comments?post=210"}],"version-history":[{"count":41,"href":"https:\/\/www.facet.unt.edu.ar\/ingenieriaquimica\/wp-json\/wp\/v2\/pages\/210\/revisions"}],"predecessor-version":[{"id":4576,"href":"https:\/\/www.facet.unt.edu.ar\/ingenieriaquimica\/wp-json\/wp\/v2\/pages\/210\/revisions\/4576"}],"up":[{"embeddable":true,"href":"https:\/\/www.facet.unt.edu.ar\/ingenieriaquimica\/wp-json\/wp\/v2\/pages\/155"}],"wp:attachment":[{"href":"https:\/\/www.facet.unt.edu.ar\/ingenieriaquimica\/wp-json\/wp\/v2\/media?parent=210"}],"curies":[{"name":"wp","href":"https:\/\/api.w.org\/{rel}","templated":true}]}}