{"id":212,"date":"2017-03-19T19:51:41","date_gmt":"2017-03-19T22:51:41","guid":{"rendered":"https:\/\/www.facet.unt.edu.ar\/ingenieriaquimica\/?page_id=212"},"modified":"2025-03-10T10:52:36","modified_gmt":"2025-03-10T13:52:36","slug":"normativa","status":"publish","type":"page","link":"https:\/\/www.facet.unt.edu.ar\/ingenieriaquimica\/normativa\/","title":{"rendered":"Normativa"},"content":{"rendered":"<h2 style=\"text-align: center;\"><span style=\"color: #800000;\"><strong>NORMATIVA<\/strong><\/span><\/h2>\n<h3><span style=\"color: #800000;\"><em><strong>NORMATIVA NACIONAL<\/strong><\/em><\/span><\/h3>\n<p><strong><a href=\"https:\/\/www.facet.unt.edu.ar\/ingenieriaquimica\/wp-content\/uploads\/sites\/50\/2018\/10\/Ley-24521-de-Educacion-Superior.pdf\" target=\"_blank\" rel=\"noopener noreferrer\">Ley de Educaci\u00f3n Superior<\/a><\/strong> (Ley N\u00ba 24521 \u2013 1995)<\/p>\n<p><strong><a href=\"https:\/\/www.facet.unt.edu.ar\/ingenieriaquimica\/wp-content\/uploads\/sites\/50\/2017\/03\/estatuto_UNT.pdf\" target=\"_blank\" rel=\"noopener noreferrer\">Estatuto de la Universidad Nacional de Tucum\u00e1n<\/a><\/strong>\u00a0(1995)<\/p>\n<p><strong><a href=\"https:\/\/www.facet.unt.edu.ar\/ingenieriaquimica\/wp-content\/uploads\/sites\/50\/2017\/03\/RES-389-17-ING-QU\u00cdMICO-Validez-Nacional.pdf\" target=\"_blank\" rel=\"noopener noreferrer\">Reconocimiento nacional y alcances del t\u00edtulo de Ingeniero Qu\u00edmico<\/a> <\/strong>(<a href=\"https:\/\/www.facet.unt.edu.ar\/ingenieriaquimica\/wp-content\/uploads\/sites\/50\/2017\/03\/RM-Reconocimiento-IQuimica-265-12-2.pdf\" target=\"_blank\" rel=\"noopener noreferrer\">Res. ME 265-2012<\/a> y <a href=\"https:\/\/www.facet.unt.edu.ar\/ingenieriaquimica\/wp-content\/uploads\/sites\/50\/2017\/03\/RES-389-17-ING-QU\u00cdMICO-Validez-Nacional.pdf\" target=\"_blank\" rel=\"noopener noreferrer\">Res. ME 389-2017<\/a>)<\/p>\n<p><strong><a href=\"https:\/\/www.facet.unt.edu.ar\/ingenieriaquimica\/wp-content\/uploads\/sites\/50\/2017\/03\/Res157-14.pdf\" target=\"_blank\" rel=\"noopener noreferrer\">Acreditaci\u00f3n de la carrera<\/a><\/strong> (Res. CONEAU 157-2014)<\/p>\n<p>&nbsp;<\/p>\n<h3><span style=\"color: #800000;\"><em><strong>NORMATIVA DE FACULTAD<\/strong><\/em><\/span><\/h3>\n<p><strong><a href=\"https:\/\/www.facet.unt.edu.ar\/ingenieriaquimica\/wp-content\/uploads\/sites\/50\/2017\/03\/Funcionamiento_estructura_facet.pdf\" target=\"_blank\" rel=\"noopener noreferrer\">Reglamento de Funcionamiento de la Facultad de Ciencias Exactas y Tecnolog\u00eda<\/a><\/strong> (Res. 1362-1999 y 0394-2000)<\/p>\n<p><a href=\"https:\/\/www.facet.unt.edu.ar\/wp-content\/uploads\/2024\/07\/Reglamento_Funcionamiento_Academico_y_Plan_Transicion_Res_5758-2024-1.pdf\" target=\"_blank\" rel=\"noopener\"><strong>R\u00e9gimen de la Actividad Docente de Grado de la Facultad de Ciencias Exactas y Tecnolog\u00eda<\/strong><\/a> (Res. 5758-2024)<\/p>\n<p><strong><a href=\"https:\/\/www.facet.unt.edu.ar\/ingenieriaquimica\/wp-content\/uploads\/sites\/50\/2024\/08\/Reglamento-deEvaluaciones-Parciales-y-Recuperaciones_10679-2024.pdf\" target=\"_blank\" rel=\"noopener\">Reglamento de Evaluaciones Parciales y Recuperaciones para las Carreras de Pregrado y Grado de la Facultad de Ciencias Exactas y Tecnolog\u00eda<\/a> <\/strong>(Res. 10679-2024)<\/p>\n<p><strong><a href=\"https:\/\/www.facet.unt.edu.ar\/ingenieriaquimica\/wp-content\/uploads\/sites\/50\/2024\/10\/RES-FACET-DDAC-8342-2024-1.pdf\" target=\"_blank\" rel=\"noopener\">Reglamento para el Sistema de Encuestas<\/a><\/strong> (Res. 8342-2024)<\/p>\n<p><a href=\"https:\/\/www.facet.unt.edu.ar\/ingenieriaquimica\/wp-content\/uploads\/sites\/50\/2024\/09\/RES-FACET-DDAC-4346-2024-REGLAMENTACION-ESTUDIANTIL-LABORAL.pdf\" target=\"_blank\" rel=\"noopener\"><strong>Reglamento estudiantil de excepciones<\/strong><\/a> (Res. 4346-2024)<\/p>\n<p><strong><a href=\"https:\/\/www.facet.unt.edu.ar\/ingenieriaquimica\/wp-content\/uploads\/sites\/50\/2017\/03\/Res_0477-2008-Fuera-de-termino.pdf\" target=\"_blank\" rel=\"noopener noreferrer\">R\u00e9gimen de Inscripci\u00f3n Tard\u00eda o Fuera de T\u00e9rmino<\/a><\/strong> (Res. 0477-2008)<\/p>\n<p><strong><a href=\"https:\/\/www.facet.unt.edu.ar\/ingenieriaquimica\/wp-content\/uploads\/sites\/50\/2017\/03\/Res_1230-2013-Ext.-Reg.-alumnos-interc.-1.pdf\" target=\"_blank\" rel=\"noopener noreferrer\">R\u00e9gimen de Extensi\u00f3n de Regularidad &#8211; Alumnos de intercambio<\/a><\/strong> (Res. 1230-2013)<\/p>\n<p><strong><a href=\"https:\/\/www.facet.unt.edu.ar\/ingenieriaquimica\/wp-content\/uploads\/sites\/50\/2017\/03\/Res_0932-2011-Funcionamiento-de-la-FACET-mod-1.pdf\" target=\"_blank\" rel=\"noopener noreferrer\">Reglamento de Funcionamiento de la Facultad de Ciencias Exactas y Tecnolog\u00eda &#8211; Modificaci\u00f3n<\/a><\/strong> (Res. 0932-2011)<\/p>\n<p><strong><a href=\"https:\/\/www.facet.unt.edu.ar\/ingenieriaquimica\/wp-content\/uploads\/sites\/50\/2017\/03\/FACET-CD-1326-2012-Seg-de-Egresados.pdf\" target=\"_blank\" rel=\"noopener noreferrer\">Reglamento de Seguimiento de egresados<\/a><\/strong> (Res. 1326-2012)<\/p>\n<p><strong><a href=\"https:\/\/www.facet.unt.edu.ar\/ingenieriaquimica\/wp-content\/uploads\/sites\/50\/2017\/03\/Res-459-2011-1297-2012-HyS.pdf\" target=\"_blank\" rel=\"noopener noreferrer\">H&amp;S &#8211; Capacitaci\u00f3n y Prevenci\u00f3n<\/a><\/strong> (Res. 0459-2011 &#8211; Res. 1297-2012)<\/p>\n<p><strong><a href=\"https:\/\/www.facet.unt.edu.ar\/ingenieriaquimica\/wp-content\/uploads\/sites\/50\/2017\/03\/Res_1533-2012-FunFACET-mod-2.pdf\" target=\"_blank\" rel=\"noopener noreferrer\">Reglamento de Funcionamiento de la FACET &#8211; Ampliaci\u00f3n funciones Comisi\u00f3n Acad\u00e9mica<\/a><\/strong> (Res. 1533-2012)<\/p>\n<p><strong><a href=\"https:\/\/www.facet.unt.edu.ar\/ingenieriaquimica\/wp-content\/uploads\/sites\/50\/2017\/03\/Res_FACET_0413-2013-Equiparacion-idiomas.pdf\" target=\"_blank\" rel=\"noopener noreferrer\">Equiparaci\u00f3n autom\u00e1tica de Suficiencia de Idioma<\/a><\/strong> (Res. 0413-2013)<\/p>\n<p><a href=\"https:\/\/www.facet.unt.edu.ar\/ingenieriaquimica\/wp-content\/uploads\/sites\/50\/2018\/06\/Res_0705-2016-Egresados-en-CA.pdf\" target=\"_blank\" rel=\"noopener noreferrer\"><strong>Reglamento de Funcionamiento de la FACET &#8211; Egresados en la Comisi\u00f3n Acad\u00e9mica<\/strong><\/a> (Res. 0705-2016)<\/p>\n<p><strong><a href=\"https:\/\/www.facet.unt.edu.ar\/ingenieriaquimica\/wp-content\/uploads\/sites\/50\/2019\/02\/ANEXO-Res_1730-2018.pdf\" target=\"_blank\" rel=\"noopener noreferrer\">Tratamiento de excepciones al Reglamento de Alumnos<\/a><\/strong> (Res. 1730-2018)<\/p>\n<p><strong><a href=\"https:\/\/www.facet.unt.edu.ar\/ingenieriaquimica\/wp-content\/uploads\/sites\/50\/2019\/10\/Res_1150_19-procedimiento-de-equiparacion.pdf\" target=\"_blank\" rel=\"noopener noreferrer\">Procedimiento para asentar trayectos formativos aprobados en el marco del SNRA<\/a><\/strong> (Res. 1150-2019)<\/p>\n<p><strong><a href=\"https:\/\/www.facet.unt.edu.ar\/ingenieriaquimica\/wp-content\/uploads\/sites\/50\/2023\/11\/Res-2117-2019.pdf\">Procedimiento de Equivalencia para Actividades Curriculares de Alumnos de Intercambio<\/a><\/strong> (Res. 2117-2019)<\/p>\n<p><a href=\"https:\/\/www.facet.unt.edu.ar\/sbe\/wp-content\/uploads\/sites\/77\/2024\/08\/RES-FACET-DDAC-4346-2024-REGLAMENTACION-ESTUDIANTIL-LABORAL.pdf\" target=\"_blank\" rel=\"noopener\"><strong>Reglamentaci\u00f3n Estudiantil Laboral <\/strong><\/a>(RES-FACET-DDAC- N\u00ba 4346\/2024)<\/p>\n<p>&nbsp;<\/p>\n<h3><em><strong><span style=\"color: #800000;\">NORMATIVA DE CARRERA<\/span><\/strong><\/em><\/h3>\n<p><strong><a href=\"https:\/\/www.facet.unt.edu.ar\/ingenieriaquimica\/wp-content\/uploads\/sites\/50\/2017\/03\/Plan-1993-Modificacion-2004-1.pdf\" target=\"_blank\" rel=\"noopener noreferrer\">Plan de Estudios 1993 \u2013 Modificaci\u00f3n 2004<\/a><\/strong> (Res. HCS 0304-2004)<\/p>\n<p><strong><a href=\"https:\/\/www.facet.unt.edu.ar\/ingenieriaquimica\/wp-content\/uploads\/sites\/50\/2017\/03\/RES-389-17-ING-QU\u00cdMICO-Validez-Nacional.pdf\" target=\"_blank\" rel=\"noopener noreferrer\">Validez nacional y alcances de t\u00edtulo<\/a><\/strong> (Res. ME 389-2017)<\/p>\n<p><strong><a href=\"https:\/\/www.facet.unt.edu.ar\/ingenieriaquimica\/wp-content\/uploads\/sites\/50\/2017\/03\/Res-1204-2016-correlativas-de-contenido.pdf\" target=\"_blank\" rel=\"noopener noreferrer\">Correlativas de Contenido<\/a><\/strong> (Res. 1204-2016 &#8211; <a href=\"https:\/\/www.facet.unt.edu.ar\/ingenieriaquimica\/wp-content\/uploads\/sites\/50\/2022\/02\/Res_1764-2019-Fisica-III.pdf\" target=\"_blank\" rel=\"noopener noreferrer\">Res, 1764-2019<\/a> &#8211; <a href=\"https:\/\/www.facet.unt.edu.ar\/ingenieriaquimica\/wp-content\/uploads\/sites\/50\/2021\/10\/Res_0589_21-cambio-correlativas-informatica-1.pdf\" target=\"_blank\" rel=\"noopener noreferrer\">Res. 0589-2021<\/a>)<\/p>\n<p><strong><a href=\"https:\/\/www.facet.unt.edu.ar\/ingenieriaquimica\/wp-content\/uploads\/sites\/50\/2022\/02\/Res_0682-2013-Correlarivas-de-orden.pdf\" target=\"_blank\" rel=\"noopener noreferrer\">Correlativas de Orden<\/a><\/strong> (Res. 0682-2013)<\/p>\n<p><strong><a href=\"https:\/\/www.facet.unt.edu.ar\/ingenieriaquimica\/wp-content\/uploads\/sites\/50\/2017\/03\/Res_1428-2007-Reg-Suf-Idioma.pdf\" target=\"_blank\" rel=\"noopener noreferrer\">Reglamento de Suficiencia Idioma<\/a><\/strong> (Res 1428-2007)<\/p>\n<p><strong><a href=\"https:\/\/www.facet.unt.edu.ar\/ingenieriaquimica\/wp-content\/uploads\/sites\/50\/2021\/07\/00_Reglamento-PRACTICAS-DE-FABRICA.pdf\" target=\"_blank\" rel=\"noopener noreferrer\">Reglamento de Pr\u00e1cticas de F\u00e1brica<\/a><\/strong> (Res. 0310-2021 y 350-2021)<\/p>\n<p><strong><a href=\"https:\/\/www.facet.unt.edu.ar\/ingenieriaquimica\/wp-content\/uploads\/sites\/50\/2017\/03\/Reglamento-Trabajo-Final-IQca-2016-Res.-1620-2016-1.pdf\" target=\"_blank\" rel=\"noopener noreferrer\">Reglamento de Trabajo Final<\/a><\/strong> (Res. 1620-2016)<\/p>\n<p><strong><a href=\"https:\/\/www.facet.unt.edu.ar\/ingenieriaquimica\/wp-content\/uploads\/sites\/50\/2017\/03\/FACET-CD-1185-12-Optativas.pdf\" target=\"_blank\" rel=\"noopener noreferrer\">Materias Optativas<\/a><\/strong> (Res. 1185-2012 &#8211; <a href=\"https:\/\/www.facet.unt.edu.ar\/ingenieriaquimica\/wp-content\/uploads\/sites\/50\/2022\/02\/Res_0222-2021-Opt-Adm-de-Proy.pdf\" target=\"_blank\" rel=\"noopener noreferrer\">Res. 0222-2021<\/a> &#8211; <a href=\"https:\/\/www.facet.unt.edu.ar\/ingenieriaquimica\/wp-content\/uploads\/sites\/50\/2022\/02\/Res_0280_2021-Opt-RRHH.pdf\" target=\"_blank\" rel=\"noopener noreferrer\">Res. 0280-2021<\/a>)<\/p>\n<p><strong><a href=\"https:\/\/www.facet.unt.edu.ar\/ingenieriaquimica\/wp-content\/uploads\/sites\/50\/2017\/03\/Res_1225-12-Tutorias.pdf\" target=\"_blank\" rel=\"noopener noreferrer\">Reglamento de Tutor\u00edas de la carrera<\/a><\/strong> (Res. 1225-2012)<\/p>\n<p>&nbsp;<\/p>\n<p>&nbsp;<\/p>\n","protected":false},"excerpt":{"rendered":"<p>NORMATIVA NORMATIVA NACIONAL Ley de Educaci\u00f3n Superior (Ley N\u00ba 24521 \u2013 1995) Estatuto de la Universidad Nacional de Tucum\u00e1n\u00a0(1995) Reconocimiento nacional y alcances del t\u00edtulo de Ingeniero Qu\u00edmico (Res. ME 265-2012 y Res. ME 389-2017) Acreditaci\u00f3n de la carrera (Res. CONEAU 157-2014) &nbsp; NORMATIVA DE FACULTAD Reglamento de Funcionamiento de la Facultad de Ciencias Exactas y [&hellip;]<\/p>\n","protected":false},"author":101029,"featured_media":0,"parent":0,"menu_order":3,"comment_status":"closed","ping_status":"closed","template":"templates\/template-full.php","meta":[],"_links":{"self":[{"href":"https:\/\/www.facet.unt.edu.ar\/ingenieriaquimica\/wp-json\/wp\/v2\/pages\/212"}],"collection":[{"href":"https:\/\/www.facet.unt.edu.ar\/ingenieriaquimica\/wp-json\/wp\/v2\/pages"}],"about":[{"href":"https:\/\/www.facet.unt.edu.ar\/ingenieriaquimica\/wp-json\/wp\/v2\/types\/page"}],"author":[{"embeddable":true,"href":"https:\/\/www.facet.unt.edu.ar\/ingenieriaquimica\/wp-json\/wp\/v2\/users\/101029"}],"replies":[{"embeddable":true,"href":"https:\/\/www.facet.unt.edu.ar\/ingenieriaquimica\/wp-json\/wp\/v2\/comments?post=212"}],"version-history":[{"count":47,"href":"https:\/\/www.facet.unt.edu.ar\/ingenieriaquimica\/wp-json\/wp\/v2\/pages\/212\/revisions"}],"predecessor-version":[{"id":4447,"href":"https:\/\/www.facet.unt.edu.ar\/ingenieriaquimica\/wp-json\/wp\/v2\/pages\/212\/revisions\/4447"}],"wp:attachment":[{"href":"https:\/\/www.facet.unt.edu.ar\/ingenieriaquimica\/wp-json\/wp\/v2\/media?parent=212"}],"curies":[{"name":"wp","href":"https:\/\/api.w.org\/{rel}","templated":true}]}}