{"id":214,"date":"2017-03-19T19:52:39","date_gmt":"2017-03-19T22:52:39","guid":{"rendered":"https:\/\/www.facet.unt.edu.ar\/ingenieriaquimica\/?page_id=214"},"modified":"2023-08-31T15:14:45","modified_gmt":"2023-08-31T18:14:45","slug":"servicios","status":"publish","type":"page","link":"https:\/\/www.facet.unt.edu.ar\/ingenieriaquimica\/servicios\/","title":{"rendered":"Servicios"},"content":{"rendered":"<h2 style=\"text-align: center;\"><span style=\"color: #800000;\"><strong>SERVICIOS<\/strong><\/span><\/h2>\n<p style=\"text-align: center;\"><strong><a href=\"https:\/\/www.facet.unt.edu.ar\/ingenieriaquimica\/servicios\/sitios-de-materias\/\">Sitios de materias<\/a><\/strong><\/p>\n<p style=\"text-align: center;\"><a href=\"https:\/\/guarani.unt.edu.ar\/autogestion\/\" target=\"_blank\" rel=\"noopener noreferrer\"><strong>Acceso a SIU GUARANI<\/strong><\/a><\/p>\n<p style=\"text-align: center;\"><strong><a href=\"https:\/\/www.facet.unt.edu.ar\/ingenieriaquimica\/servicios\/plantillas\/\">Plantillas<\/a><\/strong> (formularios de uso frecuente)<\/p>\n<p style=\"text-align: center;\"><strong><a href=\"https:\/\/www.facet.unt.edu.ar\/ingenieriaquimica\/servicios\/enlaces-de-interes\/\">Enlaces de inter\u00e9s<\/a><\/strong><\/p>\n<p style=\"text-align: center;\"><a href=\"https:\/\/www.facet.unt.edu.ar\/ingenieriaquimica\/servicios\/la-ingenieria-quimica\/\"><strong>Acerca de la Ingenier\u00eda Qu\u00edmica<\/strong><\/a><\/p>\n<p>&nbsp;<\/p>\n","protected":false},"excerpt":{"rendered":"<p>SERVICIOS Sitios de materias Acceso a SIU GUARANI Plantillas (formularios de uso frecuente) Enlaces de inter\u00e9s Acerca de la Ingenier\u00eda Qu\u00edmica &nbsp;<\/p>\n","protected":false},"author":101029,"featured_media":0,"parent":0,"menu_order":4,"comment_status":"closed","ping_status":"closed","template":"templates\/template-full.php","meta":[],"_links":{"self":[{"href":"https:\/\/www.facet.unt.edu.ar\/ingenieriaquimica\/wp-json\/wp\/v2\/pages\/214"}],"collection":[{"href":"https:\/\/www.facet.unt.edu.ar\/ingenieriaquimica\/wp-json\/wp\/v2\/pages"}],"about":[{"href":"https:\/\/www.facet.unt.edu.ar\/ingenieriaquimica\/wp-json\/wp\/v2\/types\/page"}],"author":[{"embeddable":true,"href":"https:\/\/www.facet.unt.edu.ar\/ingenieriaquimica\/wp-json\/wp\/v2\/users\/101029"}],"replies":[{"embeddable":true,"href":"https:\/\/www.facet.unt.edu.ar\/ingenieriaquimica\/wp-json\/wp\/v2\/comments?post=214"}],"version-history":[{"count":15,"href":"https:\/\/www.facet.unt.edu.ar\/ingenieriaquimica\/wp-json\/wp\/v2\/pages\/214\/revisions"}],"predecessor-version":[{"id":3643,"href":"https:\/\/www.facet.unt.edu.ar\/ingenieriaquimica\/wp-json\/wp\/v2\/pages\/214\/revisions\/3643"}],"wp:attachment":[{"href":"https:\/\/www.facet.unt.edu.ar\/ingenieriaquimica\/wp-json\/wp\/v2\/media?parent=214"}],"curies":[{"name":"wp","href":"https:\/\/api.w.org\/{rel}","templated":true}]}}