{"id":2140,"date":"2019-05-16T12:58:38","date_gmt":"2019-05-16T15:58:38","guid":{"rendered":"https:\/\/www.facet.unt.edu.ar\/ingenieriaquimica\/?page_id=2140"},"modified":"2022-03-08T07:26:08","modified_gmt":"2022-03-08T10:26:08","slug":"acceso-a-siu-guarani","status":"publish","type":"page","link":"https:\/\/www.facet.unt.edu.ar\/ingenieriaquimica\/servicios\/acceso-a-siu-guarani\/","title":{"rendered":"SIU GUARAN\u00cd 3"},"content":{"rendered":"<h2 style=\"text-align: center;\"><span style=\"color: #800000;\"><strong>ACCESO A SIU GUARAN\u00cd 3<\/strong><\/span><\/h2>\n<p>Para acceder al m\u00f3dulo de gesti\u00f3n acad\u00e9mica <strong>SIU-Guaran\u00ed 3\u00a0<\/strong>hacer click:<\/p>\n<p style=\"text-align: center;\"><a href=\"https:\/\/guarani.unt.edu.ar\/autogestion\/\" target=\"_blank\" rel=\"noopener noreferrer\"><img decoding=\"async\" loading=\"lazy\" class=\"aligncenter\" src=\"https:\/\/guarani.unt.edu.ar\/autogestion\/_comp\/siu\/img\/logo-transparente.png\" alt=\"\" width=\"254\" height=\"55\" \/><\/a><\/p>\n<p><strong>SIU Guaran\u00ed<\/strong> forma parte de la suite de sistemas inform\u00e1ticos que se desarrollan desde 1996 y son utilizados en la gesti\u00f3n de distintas \u00e1reas de las instituciones que componen el Sistema Universitario Nacional Argentino y otros organismos de gobierno.<\/p>\n<p>El objetivo de <strong>SIU-Guaran\u00ed<\/strong> es la administraci\u00f3n de las tareas acad\u00e9micas en forma \u00f3ptima y segura, con la finalidad de obtener informaci\u00f3n consistente para los niveles operativos y directivos.\u00a0El\u00a0 sistema\u00a0 registra y administra todas las actividades acad\u00e9micas, desde que los alumnos ingresan como aspirantes hasta que obtienen el diploma.<\/p>\n<p>Se puede descargar la <strong>App<\/strong> de SIU Guaran\u00ed 3 para realizar las gestiones desde dispositivos m\u00f3viles.<\/p>\n<p>&nbsp;<\/p>\n<p>&nbsp;<\/p>\n","protected":false},"excerpt":{"rendered":"<p>ACCESO A SIU GUARAN\u00cd 3 Para acceder al m\u00f3dulo de gesti\u00f3n acad\u00e9mica SIU-Guaran\u00ed 3\u00a0hacer click: SIU Guaran\u00ed forma parte de la suite de sistemas inform\u00e1ticos que se desarrollan desde 1996 y son utilizados en la gesti\u00f3n de distintas \u00e1reas de las instituciones que componen el Sistema Universitario Nacional Argentino y otros organismos de gobierno. El objetivo [&hellip;]<\/p>\n","protected":false},"author":101029,"featured_media":0,"parent":214,"menu_order":1,"comment_status":"closed","ping_status":"closed","template":"templates\/template-full.php","meta":[],"_links":{"self":[{"href":"https:\/\/www.facet.unt.edu.ar\/ingenieriaquimica\/wp-json\/wp\/v2\/pages\/2140"}],"collection":[{"href":"https:\/\/www.facet.unt.edu.ar\/ingenieriaquimica\/wp-json\/wp\/v2\/pages"}],"about":[{"href":"https:\/\/www.facet.unt.edu.ar\/ingenieriaquimica\/wp-json\/wp\/v2\/types\/page"}],"author":[{"embeddable":true,"href":"https:\/\/www.facet.unt.edu.ar\/ingenieriaquimica\/wp-json\/wp\/v2\/users\/101029"}],"replies":[{"embeddable":true,"href":"https:\/\/www.facet.unt.edu.ar\/ingenieriaquimica\/wp-json\/wp\/v2\/comments?post=2140"}],"version-history":[{"count":8,"href":"https:\/\/www.facet.unt.edu.ar\/ingenieriaquimica\/wp-json\/wp\/v2\/pages\/2140\/revisions"}],"predecessor-version":[{"id":2153,"href":"https:\/\/www.facet.unt.edu.ar\/ingenieriaquimica\/wp-json\/wp\/v2\/pages\/2140\/revisions\/2153"}],"up":[{"embeddable":true,"href":"https:\/\/www.facet.unt.edu.ar\/ingenieriaquimica\/wp-json\/wp\/v2\/pages\/214"}],"wp:attachment":[{"href":"https:\/\/www.facet.unt.edu.ar\/ingenieriaquimica\/wp-json\/wp\/v2\/media?parent=2140"}],"curies":[{"name":"wp","href":"https:\/\/api.w.org\/{rel}","templated":true}]}}