{"id":224,"date":"2017-03-19T19:55:53","date_gmt":"2017-03-19T22:55:53","guid":{"rendered":"https:\/\/www.facet.unt.edu.ar\/ingenieriaquimica\/?page_id=224"},"modified":"2022-08-12T13:03:48","modified_gmt":"2022-08-12T16:03:48","slug":"plantillas","status":"publish","type":"page","link":"https:\/\/www.facet.unt.edu.ar\/ingenieriaquimica\/servicios\/plantillas\/","title":{"rendered":"Plantillas"},"content":{"rendered":"<h2 style=\"text-align: center;\"><span style=\"color: #800000;\"><strong>PLANTILLAS<\/strong><\/span><\/h2>\n<p>Aqu\u00ed dispone de algunos formularios para tr\u00e1mites corrientes:<\/p>\n<p style=\"padding-left: 40px;\"><strong><a href=\"https:\/\/www.facet.unt.edu.ar\/ingenieriaquimica\/wp-content\/uploads\/sites\/50\/2017\/03\/contancia-de-rendicion-de-examen.pdf\" target=\"_blank\" rel=\"noopener noreferrer\">Constancia de examen rendido<\/a><\/strong><\/p>\n<p style=\"padding-left: 40px;\"><strong><a href=\"https:\/\/www.facet.unt.edu.ar\/sbe\/wp-content\/uploads\/sites\/77\/2022\/07\/Cursado-Simultaneo-Cambio-de-Carrera.pdf\" target=\"_blank\" rel=\"noopener\">Nota Cursado Simult\u00e1neo y Cambio de Carrera<\/a><\/strong><\/p>\n<p style=\"padding-left: 40px;\"><strong><a href=\"https:\/\/www.facet.unt.edu.ar\/sbe\/wp-content\/uploads\/sites\/77\/2022\/07\/Inscripcion-fuera-de-ternimo.pdf\" target=\"_blank\" rel=\"noopener\">Nota Inscripci\u00f3n fuera de t\u00e9rmino<\/a><\/strong><\/p>\n<p style=\"padding-left: 40px;\"><strong><a href=\"https:\/\/www.facet.unt.edu.ar\/sbe\/wp-content\/uploads\/sites\/77\/2022\/07\/Extension-de-Regularidad.pdf\" target=\"_blank\" rel=\"noopener\">Nota Extensi\u00f3n de Regularidad<\/a><\/strong><\/p>\n<p style=\"padding-left: 40px;\"><strong><a href=\"https:\/\/www.facet.unt.edu.ar\/sbe\/wp-content\/uploads\/sites\/77\/2022\/07\/Excepcion-de-Correlativas.pdf\">Nota Excepci\u00f3n de Correlativas<\/a><\/strong><\/p>\n<p style=\"padding-left: 40px;\"><strong><a href=\"https:\/\/www.facet.unt.edu.ar\/sbe\/wp-content\/uploads\/sites\/77\/2022\/07\/Modelo-de-nota-Rev-07.pdf\" target=\"_blank\" rel=\"noopener\">Notas Generales (equiparaci\u00f3n de materias, etc.)<\/a><\/strong><\/p>\n<p>&nbsp;<\/p>\n","protected":false},"excerpt":{"rendered":"<p>PLANTILLAS Aqu\u00ed dispone de algunos formularios para tr\u00e1mites corrientes: Constancia de examen rendido Nota Cursado Simult\u00e1neo y Cambio de Carrera Nota Inscripci\u00f3n fuera de t\u00e9rmino Nota Extensi\u00f3n de Regularidad Nota Excepci\u00f3n de Correlativas Notas Generales (equiparaci\u00f3n de materias, etc.) &nbsp;<\/p>\n","protected":false},"author":101029,"featured_media":0,"parent":214,"menu_order":3,"comment_status":"closed","ping_status":"closed","template":"templates\/template-full.php","meta":[],"_links":{"self":[{"href":"https:\/\/www.facet.unt.edu.ar\/ingenieriaquimica\/wp-json\/wp\/v2\/pages\/224"}],"collection":[{"href":"https:\/\/www.facet.unt.edu.ar\/ingenieriaquimica\/wp-json\/wp\/v2\/pages"}],"about":[{"href":"https:\/\/www.facet.unt.edu.ar\/ingenieriaquimica\/wp-json\/wp\/v2\/types\/page"}],"author":[{"embeddable":true,"href":"https:\/\/www.facet.unt.edu.ar\/ingenieriaquimica\/wp-json\/wp\/v2\/users\/101029"}],"replies":[{"embeddable":true,"href":"https:\/\/www.facet.unt.edu.ar\/ingenieriaquimica\/wp-json\/wp\/v2\/comments?post=224"}],"version-history":[{"count":13,"href":"https:\/\/www.facet.unt.edu.ar\/ingenieriaquimica\/wp-json\/wp\/v2\/pages\/224\/revisions"}],"predecessor-version":[{"id":3025,"href":"https:\/\/www.facet.unt.edu.ar\/ingenieriaquimica\/wp-json\/wp\/v2\/pages\/224\/revisions\/3025"}],"up":[{"embeddable":true,"href":"https:\/\/www.facet.unt.edu.ar\/ingenieriaquimica\/wp-json\/wp\/v2\/pages\/214"}],"wp:attachment":[{"href":"https:\/\/www.facet.unt.edu.ar\/ingenieriaquimica\/wp-json\/wp\/v2\/media?parent=224"}],"curies":[{"name":"wp","href":"https:\/\/api.w.org\/{rel}","templated":true}]}}