{"id":226,"date":"2017-03-19T19:56:42","date_gmt":"2017-03-19T22:56:42","guid":{"rendered":"https:\/\/www.facet.unt.edu.ar\/ingenieriaquimica\/?page_id=226"},"modified":"2026-03-09T09:25:54","modified_gmt":"2026-03-09T12:25:54","slug":"novedades","status":"publish","type":"page","link":"https:\/\/www.facet.unt.edu.ar\/ingenieriaquimica\/novedades\/","title":{"rendered":"Novedades"},"content":{"rendered":"<h2 style=\"text-align: center;\"><span style=\"color: #800000;\"><strong>NOVEDADES<\/strong><\/span><\/h2>\n<p>Si est\u00e1 interesado en el ingreso a nuestra carrera, tienes informaci\u00f3n en:<\/p>\n<p><strong>\u00a0 \u00a0 \u00a0 \u00a0 \u00a0 <a href=\"https:\/\/www.facet.unt.edu.ar\/ingreso\/\" target=\"_blank\" rel=\"noopener\">\u00c1rea Ingreso de la FACET<\/a><\/strong><\/p>\n<p>Si has ingresado en este a\u00f1o. puedes consultar:<\/p>\n<p><strong>\u00a0 \u00a0 \u00a0 \u00a0 \u00a0 <a href=\"https:\/\/www.facet.unt.edu.ar\/inicio-universitario\/\" target=\"_blank\" rel=\"noopener\">Micrositio de primer a\u00f1o<\/a><\/strong><\/p>\n<p><strong>\u00a0 \u00a0 \u00a0 \u00a0 \u00a0\u00a0<a href=\"https:\/\/www.facet.unt.edu.ar\/\" target=\"_blank\" rel=\"noopener\">FACET Oficial<\/a><\/strong><\/p>\n<p>Si eres alumno de la carrera, te puedes enterar de las <strong>novedades<\/strong>\u00a0y\u00a0 <strong>eventos <\/strong>en:<\/p>\n<p><strong>\u00a0 \u00a0 \u00a0 \u00a0 \u00a0 <\/strong><a href=\"https:\/\/www.instagram.com\/sbe.facet\/\" target=\"_blank\" rel=\"noopener\"><strong>Secretar\u00eda de Bienestar Estudiantil\u00a0<\/strong><\/a><\/p>\n<p><strong>\u00a0 \u00a0 \u00a0 \u00a0 \u00a0 <\/strong><a href=\"https:\/\/www.instagram.com\/tutoriafacet\/\" target=\"_blank\" rel=\"noopener\"><strong>Tutor\u00eda estudiantil FACET<\/strong><\/a><\/p>\n<p><b>\u00a0 \u00a0 \u00a0 \u00a0 \u00a0 <\/b><a href=\"https:\/\/www.instagram.com\/ateiq.unt\/\" target=\"_blank\" rel=\"noopener\"><b>Asociaci\u00f3n Tucumana de Estudiantes de Ingenier\u00eda Qu\u00edmica (ATEIQ)<\/b><\/a><\/p>\n<h3 style=\"text-align: left;\"><\/h3>\n<h3><\/h3>\n<h3 style=\"text-align: center;\"><\/h3>\n<h3><\/h3>\n<p>&nbsp;<\/p>\n<p>&nbsp;<\/p>\n","protected":false},"excerpt":{"rendered":"<p>NOVEDADES Si est\u00e1 interesado en el ingreso a nuestra carrera, tienes informaci\u00f3n en: \u00a0 \u00a0 \u00a0 \u00a0 \u00a0 \u00c1rea Ingreso de la FACET Si has ingresado en este a\u00f1o. puedes consultar: \u00a0 \u00a0 \u00a0 \u00a0 \u00a0 Micrositio de primer a\u00f1o \u00a0 \u00a0 \u00a0 \u00a0 \u00a0\u00a0FACET Oficial Si eres alumno de la carrera, te puedes enterar de [&hellip;]<\/p>\n","protected":false},"author":101029,"featured_media":0,"parent":0,"menu_order":5,"comment_status":"closed","ping_status":"closed","template":"templates\/template-full.php","meta":[],"_links":{"self":[{"href":"https:\/\/www.facet.unt.edu.ar\/ingenieriaquimica\/wp-json\/wp\/v2\/pages\/226"}],"collection":[{"href":"https:\/\/www.facet.unt.edu.ar\/ingenieriaquimica\/wp-json\/wp\/v2\/pages"}],"about":[{"href":"https:\/\/www.facet.unt.edu.ar\/ingenieriaquimica\/wp-json\/wp\/v2\/types\/page"}],"author":[{"embeddable":true,"href":"https:\/\/www.facet.unt.edu.ar\/ingenieriaquimica\/wp-json\/wp\/v2\/users\/101029"}],"replies":[{"embeddable":true,"href":"https:\/\/www.facet.unt.edu.ar\/ingenieriaquimica\/wp-json\/wp\/v2\/comments?post=226"}],"version-history":[{"count":46,"href":"https:\/\/www.facet.unt.edu.ar\/ingenieriaquimica\/wp-json\/wp\/v2\/pages\/226\/revisions"}],"predecessor-version":[{"id":4685,"href":"https:\/\/www.facet.unt.edu.ar\/ingenieriaquimica\/wp-json\/wp\/v2\/pages\/226\/revisions\/4685"}],"wp:attachment":[{"href":"https:\/\/www.facet.unt.edu.ar\/ingenieriaquimica\/wp-json\/wp\/v2\/media?parent=226"}],"curies":[{"name":"wp","href":"https:\/\/api.w.org\/{rel}","templated":true}]}}